{"id":56316,"date":"2026-03-02T05:43:51","date_gmt":"2026-03-02T04:43:51","guid":{"rendered":"https:\/\/boehme-kunststoff.de\/unternehmen\/"},"modified":"2026-04-03T09:25:48","modified_gmt":"2026-04-03T07:25:48","slug":"company","status":"publish","type":"page","link":"https:\/\/boehme-kunststoff.de\/en\/company\/","title":{"rendered":"company"},"content":{"rendered":"<p>[et_pb_section fb_built=&#8221;1&#8243; module_class=&#8221;main_secondary_section padding_top_bottom&#8221; _builder_version=&#8221;4.27.6&#8243; _module_preset=&#8221;default&#8221; global_colors_info=&#8221;{}&#8221;][et_pb_row _builder_version=&#8221;4.27.6&#8243; _module_preset=&#8221;default&#8221; background_image=&#8221;https:\/\/boehme-kunststoff.de\/wp-content\/uploads\/2026\/03\/slider5.webp&#8221; background_position=&#8221;top_center&#8221; global_colors_info=&#8221;{}&#8221;][et_pb_column type=&#8221;4_4&#8243; _builder_version=&#8221;4.27.6&#8243; _module_preset=&#8221;default&#8221; global_colors_info=&#8221;{}&#8221;][\/et_pb_column][\/et_pb_row][\/et_pb_section][et_pb_section fb_built=&#8221;1&#8243; module_class=&#8221;padding_bottom&#8221; _builder_version=&#8221;4.27.6&#8243; _module_preset=&#8221;default&#8221; global_colors_info=&#8221;{}&#8221;][et_pb_row module_class=&#8221;bg_white margin_bottom&#8221; _builder_version=&#8221;4.27.6&#8243; _module_preset=&#8221;default&#8221; global_colors_info=&#8221;{}&#8221;][et_pb_column type=&#8221;4_4&#8243; _builder_version=&#8221;4.27.6&#8243; _module_preset=&#8221;default&#8221; global_colors_info=&#8221;{}&#8221;][et_pb_heading title=&#8221;The company \u2013 B\u00f6hme Kunststofftechnik GmbH &#038; Co. KG&#8221; module_class=&#8221;common_htags mb10&#8243; _builder_version=&#8221;4.27.6&#8243; _module_preset=&#8221;default&#8221; global_colors_info=&#8221;{}&#8221;][\/et_pb_heading][et_pb_heading title=&#8221;Established by Hans-Louis B\u00f6hme in 1980&#8243; module_class=&#8221;common_htags mb10&#8243; _builder_version=&#8221;4.27.6&#8243; _module_preset=&#8221;default&#8221; title_level=&#8221;h2&#8243; global_colors_info=&#8221;{}&#8221;][\/et_pb_heading][et_pb_text module_class=&#8221;fonts_20&#8243; _builder_version=&#8221;4.27.6&#8243; _module_preset=&#8221;default&#8221; global_colors_info=&#8221;{}&#8221;]<\/p>\n<p>The company, at the time called B\u00f6hme-IndustrieTechnik, was established by Hans-Louis B\u00f6hme in 1980 as a commercial agency for fluor plastics. Three years later the company B\u00f6hme-Kunststofftechnik GmbH &#038; Co. KG started the distribution of it\u2019s own fluor plastic products such as PTFE (Teflon\u00ae) release sheets and PTFE coated glass fabrics. In 1989 the management invested in new office space and production area and moved to Schwarzenbek.<\/p>\n<p>[\/et_pb_text][et_pb_heading title=&#8221;Certified Quality&#8221; module_class=&#8221;common_htags mb10&#8243; _builder_version=&#8221;4.27.6&#8243; _module_preset=&#8221;default&#8221; title_level=&#8221;h2&#8243; global_colors_info=&#8221;{}&#8221;][\/et_pb_heading][et_pb_text module_class=&#8221;fonts_20&#8243; _builder_version=&#8221;4.27.6&#8243; _module_preset=&#8221;default&#8221; global_colors_info=&#8221;{}&#8221;]<\/p>\n<p>B\u00f6hme-Kunststofftechnik offers PTFE glass fabrics and Teflon welding foils in certified quality. At the beginning of 2017, the company was again certified with DIN ISO 9001:2015 and is therefore well positioned for the future. B\u00f6hme Kunststofftechnik offers you a large selection of certified fluoroplastic products. These include Teflon welding foils, PTFE conveyor belts, PTFE glass fabrics and many more. The company\u2019s qualified and experienced specialists will be happy to produce individual solutions that are adapted to your production systems and manufacturing processes. B\u00f6hme-Kunststofftechnik guarantees you the best quality with a certified standard.<\/p>\n<p>[\/et_pb_text][et_pb_blurb title=&#8221;Owner-Managed with 20 employees&#8221; image=&#8221;https:\/\/boehme-kunststoff.de\/wp-content\/uploads\/2026\/03\/inhaber-2048&#215;1546-1-88f0271e.webp&#8221; icon_placement=&#8221;left&#8221; module_class=&#8221;zerti_blurb &#8221; _builder_version=&#8221;4.27.6&#8243; _module_preset=&#8221;default&#8221; header_level=&#8221;h2&#8243; global_colors_info=&#8221;{}&#8221;]<\/p>\n<p>The owner-managed company is managed by Hans-Louis B\u00f6hme and his son Philippe-Louis B\u00f6hme. 20 employees are currently working at the company headquarters in B\u00fcchen (as of 03\/2020).<\/p>\n<div class=\"btns\">\n       <a href=\"https:\/\/boehme-kunststoff.de\/en\/products\/\" class=\"button\">Products<\/a><br \/>\n      <a href=\"https:\/\/boehme-kunststoff.de\/en\/company\/\" class=\"button\">Company<\/a><br \/>\n     <a href=\"https:\/\/boehme-kunststoff.de\/en\/contact\/\" class=\"button\">Contact<\/a>\n<\/div>\n<p>[\/et_pb_blurb][\/et_pb_column][\/et_pb_row][et_pb_row column_structure=&#8221;1_2,1_2&#8243; make_equal=&#8221;on&#8221; module_class=&#8221;pt0 pb0 two_col_row&#8221; _builder_version=&#8221;4.27.6&#8243; _module_preset=&#8221;default&#8221; global_colors_info=&#8221;{}&#8221;][et_pb_column type=&#8221;1_2&#8243; module_class=&#8221;bg_white&#8221; _builder_version=&#8221;4.27.6&#8243; _module_preset=&#8221;default&#8221; global_colors_info=&#8221;{}&#8221;][et_pb_heading title=&#8221;Worldwide sales of products&#8221; module_class=&#8221;common_htags mb10&#8243; _builder_version=&#8221;4.27.6&#8243; _module_preset=&#8221;default&#8221; title_level=&#8221;h2&#8243; global_colors_info=&#8221;{}&#8221;][\/et_pb_heading][et_pb_text module_class=&#8221;fonts_20&#8243; _builder_version=&#8221;4.27.6&#8243; _module_preset=&#8221;default&#8221; global_colors_info=&#8221;{}&#8221;]<\/p>\n<p>In the 1990s, products and product processes were continuously developed by the company and export to other European countries and later worldwide expanded. The company now sells its products worldwide.<\/p>\n<p>[\/et_pb_text][\/et_pb_column][et_pb_column type=&#8221;1_2&#8243; module_class=&#8221;bg_white&#8221; _builder_version=&#8221;4.27.6&#8243; _module_preset=&#8221;default&#8221; global_colors_info=&#8221;{}&#8221;][et_pb_heading title=&#8221;Headquarter in B\u00fcchen \u2013 northern germany&#8221; module_class=&#8221;common_htags mb10&#8243; _builder_version=&#8221;4.27.6&#8243; _module_preset=&#8221;default&#8221; title_level=&#8221;h2&#8243; global_colors_info=&#8221;{}&#8221;][\/et_pb_heading][et_pb_text module_class=&#8221;fonts_20&#8243; _builder_version=&#8221;4.27.6&#8243; _module_preset=&#8221;default&#8221; global_colors_info=&#8221;{}&#8221;]<\/p>\n<p>In autumn 2019, the company headquarters were moved to a larger, more modern building in the \u201cAm Hesterkamp\u201d industrial park in B\u00fcchen. The company now has almost 1,000 square meters of production and almost 600 square meters of office space available.<\/p>\n<p>[\/et_pb_text][\/et_pb_column][\/et_pb_row][\/et_pb_section][et_pb_section fb_built=&#8221;1&#8243; module_class=&#8221;padding_bottom&#8221; _builder_version=&#8221;4.27.6&#8243; _module_preset=&#8221;default&#8221; locked=&#8221;off&#8221; global_colors_info=&#8221;{}&#8221;][et_pb_row column_structure=&#8221;1_2,1_2&#8243; make_equal=&#8221;on&#8221; module_class=&#8221;bg_white kontaktie_sec_row&#8221; _builder_version=&#8221;4.27.6&#8243; _module_preset=&#8221;default&#8221; global_colors_info=&#8221;{}&#8221;][et_pb_column type=&#8221;1_2&#8243; _builder_version=&#8221;4.27.6&#8243; _module_preset=&#8221;default&#8221; global_colors_info=&#8221;{}&#8221;][et_pb_heading title=&#8221;Contact us!&#8221; module_class=&#8221;common_htags mb10&#8243; _builder_version=&#8221;4.27.6&#8243; _module_preset=&#8221;default&#8221; title_level=&#8221;h3&#8243; global_colors_info=&#8221;{}&#8221;][\/et_pb_heading][et_pb_text module_class=&#8221;fonts_20&#8243; _builder_version=&#8221;4.27.6&#8243; _module_preset=&#8221;default&#8221; global_colors_info=&#8221;{}&#8221;]<\/p>\n<p>Do you have any questions about our products, individual designs, our quality assurance or would you like advice?<\/p>\n<p>[\/et_pb_text][et_pb_blurb title=&#8221;Philippe-Louis B\u00f6hme&#8221; url=&#8221;\/kontakt\/&#8221; image=&#8221;https:\/\/boehme-kunststoff.de\/wp-content\/uploads\/2026\/03\/oaqdlhgeramm8r42e3-1.png&#8221; icon_placement=&#8221;left&#8221; module_class=&#8221;kontaktie_blurb kontakti_icon&#8221; _builder_version=&#8221;4.27.6&#8243; _module_preset=&#8221;default&#8221; header_level=&#8221;h3&#8243; global_colors_info=&#8221;{}&#8221;][\/et_pb_blurb][\/et_pb_column][et_pb_column type=&#8221;1_2&#8243; _builder_version=&#8221;4.27.6&#8243; _module_preset=&#8221;default&#8221; global_colors_info=&#8221;{}&#8221;][et_pb_blurb title=&#8221;04151 \/ 88 00 -0&#8243; url=&#8221;tel:0415188000&#8243; image=&#8221;https:\/\/boehme-kunststoff.de\/wp-content\/uploads\/2026\/03\/vhyxiyhxr1gmm8qt0bg-1.png&#8221; icon_placement=&#8221;left&#8221; module_class=&#8221;kontaktie_blurb mb20&#8243; _builder_version=&#8221;4.27.6&#8243; _module_preset=&#8221;default&#8221; header_level=&#8221;h3&#8243; global_colors_info=&#8221;{}&#8221;][\/et_pb_blurb][et_pb_blurb title=&#8221;p.boehme@boehme-kunststoff.de&#8221; url=&#8221;mailto:p.boehme@boehme-kunststoff.de&#8221; image=&#8221;https:\/\/boehme-kunststoff.de\/wp-content\/uploads\/2026\/03\/Vector.png&#8221; icon_placement=&#8221;left&#8221; module_class=&#8221;kontaktie_blurb &#8221; _builder_version=&#8221;4.27.6&#8243; _module_preset=&#8221;default&#8221; header_level=&#8221;h3&#8243; global_colors_info=&#8221;{}&#8221;][\/et_pb_blurb][\/et_pb_column][\/et_pb_row][\/et_pb_section]<\/p>\n","protected":false},"excerpt":{"rendered":"<p>The company, at the time called B\u00f6hme-IndustrieTechnik, was established by Hans-Louis B\u00f6hme in 1980 as a commercial agency for fluor plastics. Three years later the company B\u00f6hme-Kunststofftechnik GmbH &#038; Co. KG started the distribution of it\u2019s own fluor plastic products such as PTFE (Teflon\u00ae) release sheets and PTFE coated glass fabrics. In 1989 the management [&hellip;]<\/p>\n","protected":false},"author":3,"featured_media":0,"parent":0,"menu_order":0,"comment_status":"closed","ping_status":"closed","template":"","meta":{"_et_pb_use_builder":"on","_et_pb_old_content":"","_et_gb_content_width":"","footnotes":""},"class_list":["post-56316","page","type-page","status-publish","hentry"],"yoast_head":"<!-- This site is optimized with the Yoast SEO plugin v27.4 - https:\/\/yoast.com\/product\/yoast-seo-wordpress\/ -->\n<title>The company \u2013 B\u00f6hme Kunststofftechnik GmbH &amp; Co. KG<\/title>\n<meta name=\"description\" content=\"The company, at the time called B\u00f6hme-IndustrieTechnik, was established by Hans-Louis B\u00f6hme in 1980 as a commercial agency for fluor plastics.\" \/>\n<meta name=\"robots\" content=\"index, follow, max-snippet:-1, max-image-preview:large, max-video-preview:-1\" \/>\n<link rel=\"canonical\" href=\"https:\/\/boehme-kunststoff.de\/en\/company\/\" \/>\n<meta property=\"og:locale\" content=\"en_US\" \/>\n<meta property=\"og:type\" content=\"article\" \/>\n<meta property=\"og:title\" content=\"The company \u2013 B\u00f6hme Kunststofftechnik GmbH &amp; Co. KG\" \/>\n<meta property=\"og:description\" content=\"The company, at the time called B\u00f6hme-IndustrieTechnik, was established by Hans-Louis B\u00f6hme in 1980 as a commercial agency for fluor plastics.\" \/>\n<meta property=\"og:url\" content=\"https:\/\/boehme-kunststoff.de\/en\/company\/\" \/>\n<meta property=\"og:site_name\" content=\"Transportb\u00e4nder vom Hersteller\" \/>\n<meta property=\"article:modified_time\" content=\"2026-04-03T07:25:48+00:00\" \/>\n<meta name=\"twitter:card\" content=\"summary_large_image\" \/>\n<meta name=\"twitter:label1\" content=\"Est. reading time\" \/>\n\t<meta name=\"twitter:data1\" content=\"3 minutes\" \/>\n<script type=\"application\/ld+json\" class=\"yoast-schema-graph\">{\"@context\":\"https:\\\/\\\/schema.org\",\"@graph\":[{\"@type\":\"WebPage\",\"@id\":\"https:\\\/\\\/boehme-kunststoff.de\\\/en\\\/company\\\/\",\"url\":\"https:\\\/\\\/boehme-kunststoff.de\\\/en\\\/company\\\/\",\"name\":\"The company \u2013 B\u00f6hme Kunststofftechnik GmbH & Co. KG\",\"isPartOf\":{\"@id\":\"https:\\\/\\\/boehme-kunststoff.de\\\/en\\\/#website\"},\"datePublished\":\"2026-03-02T04:43:51+00:00\",\"dateModified\":\"2026-04-03T07:25:48+00:00\",\"description\":\"The company, at the time called B\u00f6hme-IndustrieTechnik, was established by Hans-Louis B\u00f6hme in 1980 as a commercial agency for fluor plastics.\",\"breadcrumb\":{\"@id\":\"https:\\\/\\\/boehme-kunststoff.de\\\/en\\\/company\\\/#breadcrumb\"},\"inLanguage\":\"en-US\",\"potentialAction\":[{\"@type\":\"ReadAction\",\"target\":[\"https:\\\/\\\/boehme-kunststoff.de\\\/en\\\/company\\\/\"]}]},{\"@type\":\"BreadcrumbList\",\"@id\":\"https:\\\/\\\/boehme-kunststoff.de\\\/en\\\/company\\\/#breadcrumb\",\"itemListElement\":[{\"@type\":\"ListItem\",\"position\":1,\"name\":\"Startseite\",\"item\":\"https:\\\/\\\/boehme-kunststoff.de\\\/en\\\/\"},{\"@type\":\"ListItem\",\"position\":2,\"name\":\"company\"}]},{\"@type\":\"WebSite\",\"@id\":\"https:\\\/\\\/boehme-kunststoff.de\\\/en\\\/#website\",\"url\":\"https:\\\/\\\/boehme-kunststoff.de\\\/en\\\/\",\"name\":\"Transportb\u00e4nder vom Hersteller\",\"description\":\"Transportb\u00e4nder vom Hersteller\",\"potentialAction\":[{\"@type\":\"SearchAction\",\"target\":{\"@type\":\"EntryPoint\",\"urlTemplate\":\"https:\\\/\\\/boehme-kunststoff.de\\\/en\\\/?s={search_term_string}\"},\"query-input\":{\"@type\":\"PropertyValueSpecification\",\"valueRequired\":true,\"valueName\":\"search_term_string\"}}],\"inLanguage\":\"en-US\"}]}<\/script>\n<!-- \/ Yoast SEO plugin. -->","yoast_head_json":{"title":"The company \u2013 B\u00f6hme Kunststofftechnik GmbH & Co. KG","description":"The company, at the time called B\u00f6hme-IndustrieTechnik, was established by Hans-Louis B\u00f6hme in 1980 as a commercial agency for fluor plastics.","robots":{"index":"index","follow":"follow","max-snippet":"max-snippet:-1","max-image-preview":"max-image-preview:large","max-video-preview":"max-video-preview:-1"},"canonical":"https:\/\/boehme-kunststoff.de\/en\/company\/","og_locale":"en_US","og_type":"article","og_title":"The company \u2013 B\u00f6hme Kunststofftechnik GmbH & Co. KG","og_description":"The company, at the time called B\u00f6hme-IndustrieTechnik, was established by Hans-Louis B\u00f6hme in 1980 as a commercial agency for fluor plastics.","og_url":"https:\/\/boehme-kunststoff.de\/en\/company\/","og_site_name":"Transportb\u00e4nder vom Hersteller","article_modified_time":"2026-04-03T07:25:48+00:00","twitter_card":"summary_large_image","twitter_misc":{"Est. reading time":"3 minutes"},"schema":{"@context":"https:\/\/schema.org","@graph":[{"@type":"WebPage","@id":"https:\/\/boehme-kunststoff.de\/en\/company\/","url":"https:\/\/boehme-kunststoff.de\/en\/company\/","name":"The company \u2013 B\u00f6hme Kunststofftechnik GmbH & Co. KG","isPartOf":{"@id":"https:\/\/boehme-kunststoff.de\/en\/#website"},"datePublished":"2026-03-02T04:43:51+00:00","dateModified":"2026-04-03T07:25:48+00:00","description":"The company, at the time called B\u00f6hme-IndustrieTechnik, was established by Hans-Louis B\u00f6hme in 1980 as a commercial agency for fluor plastics.","breadcrumb":{"@id":"https:\/\/boehme-kunststoff.de\/en\/company\/#breadcrumb"},"inLanguage":"en-US","potentialAction":[{"@type":"ReadAction","target":["https:\/\/boehme-kunststoff.de\/en\/company\/"]}]},{"@type":"BreadcrumbList","@id":"https:\/\/boehme-kunststoff.de\/en\/company\/#breadcrumb","itemListElement":[{"@type":"ListItem","position":1,"name":"Startseite","item":"https:\/\/boehme-kunststoff.de\/en\/"},{"@type":"ListItem","position":2,"name":"company"}]},{"@type":"WebSite","@id":"https:\/\/boehme-kunststoff.de\/en\/#website","url":"https:\/\/boehme-kunststoff.de\/en\/","name":"Transportb\u00e4nder vom Hersteller","description":"Transportb\u00e4nder vom Hersteller","potentialAction":[{"@type":"SearchAction","target":{"@type":"EntryPoint","urlTemplate":"https:\/\/boehme-kunststoff.de\/en\/?s={search_term_string}"},"query-input":{"@type":"PropertyValueSpecification","valueRequired":true,"valueName":"search_term_string"}}],"inLanguage":"en-US"}]}},"_links":{"self":[{"href":"https:\/\/boehme-kunststoff.de\/en\/wp-json\/wp\/v2\/pages\/56316","targetHints":{"allow":["GET"]}}],"collection":[{"href":"https:\/\/boehme-kunststoff.de\/en\/wp-json\/wp\/v2\/pages"}],"about":[{"href":"https:\/\/boehme-kunststoff.de\/en\/wp-json\/wp\/v2\/types\/page"}],"author":[{"embeddable":true,"href":"https:\/\/boehme-kunststoff.de\/en\/wp-json\/wp\/v2\/users\/3"}],"replies":[{"embeddable":true,"href":"https:\/\/boehme-kunststoff.de\/en\/wp-json\/wp\/v2\/comments?post=56316"}],"version-history":[{"count":11,"href":"https:\/\/boehme-kunststoff.de\/en\/wp-json\/wp\/v2\/pages\/56316\/revisions"}],"predecessor-version":[{"id":57780,"href":"https:\/\/boehme-kunststoff.de\/en\/wp-json\/wp\/v2\/pages\/56316\/revisions\/57780"}],"wp:attachment":[{"href":"https:\/\/boehme-kunststoff.de\/en\/wp-json\/wp\/v2\/media?parent=56316"}],"curies":[{"name":"wp","href":"https:\/\/api.w.org\/{rel}","templated":true}]}}