{"id":56756,"date":"2026-03-02T06:10:29","date_gmt":"2026-03-02T05:10:29","guid":{"rendered":"https:\/\/boehme-kunststoff.de\/products\/boehme-raclette-schweissfolien-reiniger\/"},"modified":"2026-04-10T15:13:51","modified_gmt":"2026-04-10T13:13:51","slug":"boehme-raclette","status":"publish","type":"page","link":"https:\/\/boehme-kunststoff.de\/en\/products\/boehme-raclette\/","title":{"rendered":"B\u00f6hme Raclette\u00ae"},"content":{"rendered":"<p>[et_pb_section fb_built=&#8221;1&#8243; module_class=&#8221;main_secondary_section padding_top_bottom&#8221; _builder_version=&#8221;4.27.6&#8243; _module_preset=&#8221;default&#8221; locked=&#8221;off&#8221; global_colors_info=&#8221;{}&#8221;][et_pb_row _builder_version=&#8221;4.27.6&#8243; _module_preset=&#8221;default&#8221; background_image=&#8221;https:\/\/boehme-kunststoff.de\/wp-content\/uploads\/2026\/03\/teaser_raclette-5208597d-1.webp&#8221; background_position=&#8221;bottom_center&#8221; custom_padding=&#8221;209px|||||&#8221; global_colors_info=&#8221;{}&#8221;][et_pb_column type=&#8221;4_4&#8243; _builder_version=&#8221;4.27.6&#8243; _module_preset=&#8221;default&#8221; global_colors_info=&#8221;{}&#8221;][\/et_pb_column][\/et_pb_row][\/et_pb_section][et_pb_section fb_built=&#8221;1&#8243; module_class=&#8221;padding_bottom&#8221; _builder_version=&#8221;4.27.6&#8243; _module_preset=&#8221;default&#8221; locked=&#8221;off&#8221; global_colors_info=&#8221;{}&#8221;][et_pb_row module_class=&#8221;bg_white&#8221; _builder_version=&#8221;4.27.6&#8243; _module_preset=&#8221;default&#8221; global_colors_info=&#8221;{}&#8221;][et_pb_column type=&#8221;4_4&#8243; _builder_version=&#8221;4.27.6&#8243; _module_preset=&#8221;default&#8221; global_colors_info=&#8221;{}&#8221;][et_pb_heading title=&#8221;B\u00f6hme Raclette\u00ae \u2013 The cleaning tool f\u00fcr PTFE release sheets&#8221; module_class=&#8221;common_htags mb10&#8243; _builder_version=&#8221;4.27.6&#8243; _module_preset=&#8221;default&#8221; global_colors_info=&#8221;{}&#8221;][\/et_pb_heading][et_pb_text module_class=&#8221;fonts_20 mb20&#8243; _builder_version=&#8221;4.27.6&#8243; _module_preset=&#8221;default&#8221; global_colors_info=&#8221;{}&#8221;]<\/p>\n<p>In the welding process of PVC-profiles typically over time deposits begin to form on the release sheets. With the B\u00d6HME-RACLETTE\u00ae even tough scalings can easily be removed. If regularly used the durability of the release sheets can be significantly prolonged. The B\u00d6HME-RACLETTE\u00ae is available in lenths of 30 cm or 50 cm.<\/p>\n<p>[\/et_pb_text][et_pb_code _builder_version=&#8221;4.27.6&#8243; _module_preset=&#8221;default&#8221; global_colors_info=&#8221;{}&#8221;]<\/p>\n<div class=\"pdf_btns\"><!-- [et_pb_line_break_holder] --><\/p>\n<div class=\"toggle_btn\"><a href=\"https:\/\/boehme-kunststoff.de\/en\/order-ptfe-release-sheets-or-boehme-raclette\/\">Order B\u00f6hme Raclette\u00ae     <\/a><\/div>\n<p><!-- [et_pb_line_break_holder] --><\/p>\n<div class=\"toggle_btn\" ><a href=\"https:\/\/boehme-kunststoff.de\/en\/products\/ptfe-release-sheets\/\">Product information PTFE-Release-sheets<\/a><\/div>\n<p><!-- [et_pb_line_break_holder] --><\/div>\n<p>[\/et_pb_code][\/et_pb_column][\/et_pb_row][\/et_pb_section][et_pb_section fb_built=&#8221;1&#8243; module_class=&#8221;padding_bottom&#8221; _builder_version=&#8221;4.27.6&#8243; _module_preset=&#8221;default&#8221; locked=&#8221;off&#8221; global_colors_info=&#8221;{}&#8221;][et_pb_row column_structure=&#8221;1_3,2_3&#8243; use_custom_gutter=&#8221;on&#8221; gutter_width=&#8221;1&#8243; make_equal=&#8221;on&#8221; module_class=&#8221;pt0 pb0 common_col_spacing_row&#8221; _builder_version=&#8221;4.27.6&#8243; _module_preset=&#8221;default&#8221; global_colors_info=&#8221;{}&#8221;][et_pb_column type=&#8221;1_3&#8243; module_class=&#8221;bg_white img_col&#8221; _builder_version=&#8221;4.27.6&#8243; _module_preset=&#8221;default&#8221; global_colors_info=&#8221;{}&#8221;][et_pb_image src=&#8221;https:\/\/boehme-kunststoff.de\/wp-content\/uploads\/2026\/03\/raclette-content-409&#215;400-1-e97fdbda.webp&#8221; _builder_version=&#8221;4.27.6&#8243; _module_preset=&#8221;default&#8221; hover_enabled=&#8221;0&#8243; global_colors_info=&#8221;{}&#8221; alt=&#8221;Easy application&#8221; sticky_enabled=&#8221;0&#8243;][\/et_pb_image][\/et_pb_column][et_pb_column type=&#8221;2_3&#8243; module_class=&#8221;bg_white&#8221; _builder_version=&#8221;4.27.6&#8243; _module_preset=&#8221;default&#8221; background_enable_image=&#8221;off&#8221; background_position=&#8221;bottom_left&#8221; global_colors_info=&#8221;{}&#8221;][et_pb_heading title=&#8221;Easy application&#8221; module_class=&#8221;common_htags mb10&#8243; _builder_version=&#8221;4.27.6&#8243; _module_preset=&#8221;default&#8221; title_level=&#8221;h2&#8243; global_colors_info=&#8221;{}&#8221;][\/et_pb_heading][et_pb_code module_class=&#8221;custom_listStyle mb30 blue_text&#8221; _builder_version=&#8221;4.27.6&#8243; _module_preset=&#8221;default&#8221; locked=&#8221;off&#8221; global_colors_info=&#8221;{}&#8221;]<\/p>\n<ul><!-- [et_pb_line_break_holder] -->  <\/p>\n<li>\n<h3>using the sharp-edged side will remove deposits from PTFE welding sheets<\/h3>\n<\/li>\n<p><!-- [et_pb_line_break_holder] -->  <\/p>\n<li>\n<h3>soft removal of deposits with the tissue side<\/h3>\n<\/li>\n<p><!-- [et_pb_line_break_holder] --><\/ul>\n<p>[\/et_pb_code][et_pb_heading title=&#8221;Easy to reorder&#8221; module_class=&#8221;common_htags mb20&#8243; _builder_version=&#8221;4.27.6&#8243; _module_preset=&#8221;default&#8221; title_level=&#8221;h2&#8243; global_colors_info=&#8221;{}&#8221;][\/et_pb_heading][et_pb_code module_class=&#8221;custom_listStyle blue_text&#8221; _builder_version=&#8221;4.27.6&#8243; _module_preset=&#8221;default&#8221; locked=&#8221;off&#8221; global_colors_info=&#8221;{}&#8221;]<\/p>\n<ul><!-- [et_pb_line_break_holder] -->  <\/p>\n<li>\n<h3>B\u00f6hme Raclette\u00ae in lengths of 30 cm or 50 cm<\/h3>\n<\/li>\n<p><!-- [et_pb_line_break_holder] -->  <\/p>\n<li>\n<h3>Jeans sleeves<\/h3>\n<\/li>\n<p><!-- [et_pb_line_break_holder] --><\/ul>\n<p>[\/et_pb_code][\/et_pb_column][\/et_pb_row][\/et_pb_section][et_pb_section fb_built=&#8221;1&#8243; module_class=&#8221;padding_bottom&#8221; _builder_version=&#8221;4.27.6&#8243; _module_preset=&#8221;default&#8221; locked=&#8221;off&#8221; global_colors_info=&#8221;{}&#8221;][et_pb_row column_structure=&#8221;1_2,1_2&#8243; make_equal=&#8221;on&#8221; module_class=&#8221;bg_white kontaktie_sec_row&#8221; _builder_version=&#8221;4.27.6&#8243; _module_preset=&#8221;default&#8221; global_colors_info=&#8221;{}&#8221;][et_pb_column type=&#8221;1_2&#8243; _builder_version=&#8221;4.27.6&#8243; _module_preset=&#8221;default&#8221; global_colors_info=&#8221;{}&#8221;][et_pb_heading title=&#8221;Contact us!&#8221; module_class=&#8221;common_htags mb10&#8243; _builder_version=&#8221;4.27.6&#8243; _module_preset=&#8221;default&#8221; title_level=&#8221;h3&#8243; global_colors_info=&#8221;{}&#8221;][\/et_pb_heading][et_pb_text module_class=&#8221;fonts_20&#8243; _builder_version=&#8221;4.27.6&#8243; _module_preset=&#8221;default&#8221; global_colors_info=&#8221;{}&#8221;]<\/p>\n<p>Do you have any questions about our products, individual designs, our quality assurance or would you like advice?<\/p>\n<p>[\/et_pb_text][et_pb_blurb title=&#8221;Anne-Katarina Meincke&#8221; url=&#8221;\/kontakt\/&#8221; image=&#8221;https:\/\/boehme-kunststoff.de\/wp-content\/uploads\/2026\/03\/oaqdlhgeramm8r42e3-1.png&#8221; icon_placement=&#8221;left&#8221; module_class=&#8221;kontaktie_blurb kontakti_icon&#8221; _builder_version=&#8221;4.27.6&#8243; _module_preset=&#8221;default&#8221; header_level=&#8221;h3&#8243; global_colors_info=&#8221;{}&#8221;][\/et_pb_blurb][\/et_pb_column][et_pb_column type=&#8221;1_2&#8243; _builder_version=&#8221;4.27.6&#8243; _module_preset=&#8221;default&#8221; global_colors_info=&#8221;{}&#8221;][et_pb_blurb title=&#8221;04151 \/ 88 00 -16&#8243; url=&#8221;tel:04151880016&#8243; image=&#8221;https:\/\/boehme-kunststoff.de\/wp-content\/uploads\/2026\/03\/vhyxiyhxr1gmm8qt0bg-1.png&#8221; icon_placement=&#8221;left&#8221; module_class=&#8221;kontaktie_blurb mb20&#8243; _builder_version=&#8221;4.27.6&#8243; _module_preset=&#8221;default&#8221; header_level=&#8221;h3&#8243; global_colors_info=&#8221;{}&#8221;][\/et_pb_blurb][et_pb_blurb title=&#8221;meincke@boehme-kunststoff.de&#8221; url=&#8221;mailto:meincke@boehme-kunststoff.de&#8221; image=&#8221;https:\/\/boehme-kunststoff.de\/wp-content\/uploads\/2026\/03\/Vector.png&#8221; icon_placement=&#8221;left&#8221; module_class=&#8221;kontaktie_blurb &#8221; _builder_version=&#8221;4.27.6&#8243; _module_preset=&#8221;default&#8221; header_level=&#8221;h3&#8243; global_colors_info=&#8221;{}&#8221;][\/et_pb_blurb][\/et_pb_column][\/et_pb_row][\/et_pb_section]<\/p>\n","protected":false},"excerpt":{"rendered":"<p>In the welding process of PVC-profiles typically over time deposits begin to form on the release sheets. With the B\u00d6HME-RACLETTE\u00ae even tough scalings can easily be removed. If regularly used the durability of the release sheets can be significantly prolonged. The B\u00d6HME-RACLETTE\u00ae is available in lenths of 30 cm or 50 cm.Do you have any [&hellip;]<\/p>\n","protected":false},"author":3,"featured_media":0,"parent":56416,"menu_order":0,"comment_status":"closed","ping_status":"closed","template":"","meta":{"_et_pb_use_builder":"on","_et_pb_old_content":"","_et_gb_content_width":"","footnotes":""},"class_list":["post-56756","page","type-page","status-publish","hentry"],"yoast_head":"<!-- This site is optimized with the Yoast SEO plugin v27.3 - https:\/\/yoast.com\/product\/yoast-seo-wordpress\/ -->\n<title>B\u00f6hme-Raclette - B\u00f6hme Kunststofftechnik<\/title>\n<meta name=\"description\" content=\"B\u00d6HME-RACLETTE\u00ae - THE CLEANING TOOL FOR PTFE RELEASE SHEETS In the welding process of PVC-profiles typically over time deposits begin to form on the release she\" \/>\n<meta name=\"robots\" content=\"index, follow, max-snippet:-1, max-image-preview:large, max-video-preview:-1\" \/>\n<link rel=\"canonical\" href=\"https:\/\/boehme-kunststoff.de\/en\/products\/boehme-raclette\/\" \/>\n<meta property=\"og:locale\" content=\"en_US\" \/>\n<meta property=\"og:type\" content=\"article\" \/>\n<meta property=\"og:title\" content=\"B\u00f6hme-Raclette - B\u00f6hme Kunststofftechnik\" \/>\n<meta property=\"og:description\" content=\"B\u00d6HME-RACLETTE\u00ae - THE CLEANING TOOL FOR PTFE RELEASE SHEETS In the welding process of PVC-profiles typically over time deposits begin to form on the release she\" \/>\n<meta property=\"og:url\" content=\"https:\/\/boehme-kunststoff.de\/en\/products\/boehme-raclette\/\" \/>\n<meta property=\"og:site_name\" content=\"Transportb\u00e4nder vom Hersteller\" \/>\n<meta property=\"article:modified_time\" content=\"2026-04-10T13:13:51+00:00\" \/>\n<meta name=\"twitter:card\" content=\"summary_large_image\" \/>\n<meta name=\"twitter:label1\" content=\"Est. reading time\" \/>\n\t<meta name=\"twitter:data1\" content=\"2 minutes\" \/>\n<script type=\"application\/ld+json\" class=\"yoast-schema-graph\">{\"@context\":\"https:\\\/\\\/schema.org\",\"@graph\":[{\"@type\":\"WebPage\",\"@id\":\"https:\\\/\\\/boehme-kunststoff.de\\\/en\\\/products\\\/boehme-raclette\\\/\",\"url\":\"https:\\\/\\\/boehme-kunststoff.de\\\/en\\\/products\\\/boehme-raclette\\\/\",\"name\":\"B\u00f6hme-Raclette - B\u00f6hme Kunststofftechnik\",\"isPartOf\":{\"@id\":\"https:\\\/\\\/boehme-kunststoff.de\\\/en\\\/#website\"},\"datePublished\":\"2026-03-02T05:10:29+00:00\",\"dateModified\":\"2026-04-10T13:13:51+00:00\",\"description\":\"B\u00d6HME-RACLETTE\u00ae - THE CLEANING TOOL FOR PTFE RELEASE SHEETS In the welding process of PVC-profiles typically over time deposits begin to form on the release she\",\"breadcrumb\":{\"@id\":\"https:\\\/\\\/boehme-kunststoff.de\\\/en\\\/products\\\/boehme-raclette\\\/#breadcrumb\"},\"inLanguage\":\"en-US\",\"potentialAction\":[{\"@type\":\"ReadAction\",\"target\":[\"https:\\\/\\\/boehme-kunststoff.de\\\/en\\\/products\\\/boehme-raclette\\\/\"]}]},{\"@type\":\"BreadcrumbList\",\"@id\":\"https:\\\/\\\/boehme-kunststoff.de\\\/en\\\/products\\\/boehme-raclette\\\/#breadcrumb\",\"itemListElement\":[{\"@type\":\"ListItem\",\"position\":1,\"name\":\"Startseite\",\"item\":\"https:\\\/\\\/boehme-kunststoff.de\\\/en\\\/\"},{\"@type\":\"ListItem\",\"position\":2,\"name\":\"Products\",\"item\":\"https:\\\/\\\/boehme-kunststoff.de\\\/en\\\/products\\\/\"},{\"@type\":\"ListItem\",\"position\":3,\"name\":\"B\u00f6hme Raclette\u00ae\"}]},{\"@type\":\"WebSite\",\"@id\":\"https:\\\/\\\/boehme-kunststoff.de\\\/en\\\/#website\",\"url\":\"https:\\\/\\\/boehme-kunststoff.de\\\/en\\\/\",\"name\":\"Transportb\u00e4nder vom Hersteller\",\"description\":\"Transportb\u00e4nder vom Hersteller\",\"potentialAction\":[{\"@type\":\"SearchAction\",\"target\":{\"@type\":\"EntryPoint\",\"urlTemplate\":\"https:\\\/\\\/boehme-kunststoff.de\\\/en\\\/?s={search_term_string}\"},\"query-input\":{\"@type\":\"PropertyValueSpecification\",\"valueRequired\":true,\"valueName\":\"search_term_string\"}}],\"inLanguage\":\"en-US\"}]}<\/script>\n<!-- \/ Yoast SEO plugin. -->","yoast_head_json":{"title":"B\u00f6hme-Raclette - B\u00f6hme Kunststofftechnik","description":"B\u00d6HME-RACLETTE\u00ae - THE CLEANING TOOL FOR PTFE RELEASE SHEETS In the welding process of PVC-profiles typically over time deposits begin to form on the release she","robots":{"index":"index","follow":"follow","max-snippet":"max-snippet:-1","max-image-preview":"max-image-preview:large","max-video-preview":"max-video-preview:-1"},"canonical":"https:\/\/boehme-kunststoff.de\/en\/products\/boehme-raclette\/","og_locale":"en_US","og_type":"article","og_title":"B\u00f6hme-Raclette - B\u00f6hme Kunststofftechnik","og_description":"B\u00d6HME-RACLETTE\u00ae - THE CLEANING TOOL FOR PTFE RELEASE SHEETS In the welding process of PVC-profiles typically over time deposits begin to form on the release she","og_url":"https:\/\/boehme-kunststoff.de\/en\/products\/boehme-raclette\/","og_site_name":"Transportb\u00e4nder vom Hersteller","article_modified_time":"2026-04-10T13:13:51+00:00","twitter_card":"summary_large_image","twitter_misc":{"Est. reading time":"2 minutes"},"schema":{"@context":"https:\/\/schema.org","@graph":[{"@type":"WebPage","@id":"https:\/\/boehme-kunststoff.de\/en\/products\/boehme-raclette\/","url":"https:\/\/boehme-kunststoff.de\/en\/products\/boehme-raclette\/","name":"B\u00f6hme-Raclette - B\u00f6hme Kunststofftechnik","isPartOf":{"@id":"https:\/\/boehme-kunststoff.de\/en\/#website"},"datePublished":"2026-03-02T05:10:29+00:00","dateModified":"2026-04-10T13:13:51+00:00","description":"B\u00d6HME-RACLETTE\u00ae - THE CLEANING TOOL FOR PTFE RELEASE SHEETS In the welding process of PVC-profiles typically over time deposits begin to form on the release she","breadcrumb":{"@id":"https:\/\/boehme-kunststoff.de\/en\/products\/boehme-raclette\/#breadcrumb"},"inLanguage":"en-US","potentialAction":[{"@type":"ReadAction","target":["https:\/\/boehme-kunststoff.de\/en\/products\/boehme-raclette\/"]}]},{"@type":"BreadcrumbList","@id":"https:\/\/boehme-kunststoff.de\/en\/products\/boehme-raclette\/#breadcrumb","itemListElement":[{"@type":"ListItem","position":1,"name":"Startseite","item":"https:\/\/boehme-kunststoff.de\/en\/"},{"@type":"ListItem","position":2,"name":"Products","item":"https:\/\/boehme-kunststoff.de\/en\/products\/"},{"@type":"ListItem","position":3,"name":"B\u00f6hme Raclette\u00ae"}]},{"@type":"WebSite","@id":"https:\/\/boehme-kunststoff.de\/en\/#website","url":"https:\/\/boehme-kunststoff.de\/en\/","name":"Transportb\u00e4nder vom Hersteller","description":"Transportb\u00e4nder vom Hersteller","potentialAction":[{"@type":"SearchAction","target":{"@type":"EntryPoint","urlTemplate":"https:\/\/boehme-kunststoff.de\/en\/?s={search_term_string}"},"query-input":{"@type":"PropertyValueSpecification","valueRequired":true,"valueName":"search_term_string"}}],"inLanguage":"en-US"}]}},"_links":{"self":[{"href":"https:\/\/boehme-kunststoff.de\/en\/wp-json\/wp\/v2\/pages\/56756","targetHints":{"allow":["GET"]}}],"collection":[{"href":"https:\/\/boehme-kunststoff.de\/en\/wp-json\/wp\/v2\/pages"}],"about":[{"href":"https:\/\/boehme-kunststoff.de\/en\/wp-json\/wp\/v2\/types\/page"}],"author":[{"embeddable":true,"href":"https:\/\/boehme-kunststoff.de\/en\/wp-json\/wp\/v2\/users\/3"}],"replies":[{"embeddable":true,"href":"https:\/\/boehme-kunststoff.de\/en\/wp-json\/wp\/v2\/comments?post=56756"}],"version-history":[{"count":14,"href":"https:\/\/boehme-kunststoff.de\/en\/wp-json\/wp\/v2\/pages\/56756\/revisions"}],"predecessor-version":[{"id":57929,"href":"https:\/\/boehme-kunststoff.de\/en\/wp-json\/wp\/v2\/pages\/56756\/revisions\/57929"}],"up":[{"embeddable":true,"href":"https:\/\/boehme-kunststoff.de\/en\/wp-json\/wp\/v2\/pages\/56416"}],"wp:attachment":[{"href":"https:\/\/boehme-kunststoff.de\/en\/wp-json\/wp\/v2\/media?parent=56756"}],"curies":[{"name":"wp","href":"https:\/\/api.w.org\/{rel}","templated":true}]}}