{"id":56972,"date":"2019-07-23T21:11:49","date_gmt":"2019-07-23T19:11:49","guid":{"rendered":"https:\/\/boehme-kunststoff.de\/impressum\/"},"modified":"2026-04-03T09:27:15","modified_gmt":"2026-04-03T07:27:15","slug":"imprint","status":"publish","type":"page","link":"https:\/\/boehme-kunststoff.de\/en\/imprint\/","title":{"rendered":"Imprint"},"content":{"rendered":"<p>[et_pb_section fb_built=&#8221;1&#8243; _builder_version=&#8221;4.27.6&#8243; global_colors_info=&#8221;{}&#8221;][et_pb_row module_class=&#8221;pt0 pb0&#8243; _builder_version=&#8221;4.27.6&#8243; global_colors_info=&#8221;{}&#8221;][et_pb_column type=&#8221;4_4&#8243; _builder_version=&#8221;4.16&#8243; custom_padding=&#8221;|||&#8221; global_colors_info=&#8221;{}&#8221; custom_padding__hover=&#8221;|||&#8221;][et_pb_heading title=&#8221;Impressum        &#8221; module_class=&#8221;main_heading&#8221; _builder_version=&#8221;4.27.6&#8243; _module_preset=&#8221;default&#8221; global_colors_info=&#8221;{}&#8221;][\/et_pb_heading][\/et_pb_column][\/et_pb_row][et_pb_row module_class=&#8221;pt30 pb0&#8243; _builder_version=&#8221;4.27.6&#8243; global_colors_info=&#8221;{}&#8221;][et_pb_column type=&#8221;4_4&#8243; _builder_version=&#8221;4.16&#8243; custom_padding=&#8221;|||&#8221; global_colors_info=&#8221;{}&#8221; custom_padding__hover=&#8221;|||&#8221;][et_pb_text module_class=&#8221;fonts_20 mb20&#8243; _builder_version=&#8221;4.27.6&#8243; _module_preset=&#8221;default&#8221; global_colors_info=&#8221;{}&#8221;]<\/p>\n<p><strong>Responsible for content: <\/strong>Philippe-Louis B\u00f6hme<\/p>\n<p>[\/et_pb_text][et_pb_text module_class=&#8221;fonts_20 mb20&#8243; _builder_version=&#8221;4.27.6&#8243; _module_preset=&#8221;default&#8221; global_colors_info=&#8221;{}&#8221;]<\/p>\n<p><strong>B\u00f6hme-Kunststofftechnik GmbH &#038; Co. KG<\/strong><br \/>\nAm Hesterkamp 4<br \/>\n21514 B\u00fcchen \/ Deutschland<\/p>\n<p>[\/et_pb_text][et_pb_text module_class=&#8221;fonts_20 mb20&#8243; _builder_version=&#8221;4.27.6&#8243; _module_preset=&#8221;default&#8221; global_colors_info=&#8221;{}&#8221;]<\/p>\n<p><strong>Telephon:<\/strong> +49 (0) 4151- 88 00-0<br \/>\n<strong>Fax:<\/strong> +49 (0) 4151- 88 00-75<br \/>\n<strong>e-mail:<\/strong> info@boehme-kunststoff.de<\/p>\n<p>[\/et_pb_text][et_pb_text module_class=&#8221;fonts_20 mb20&#8243; _builder_version=&#8221;4.27.6&#8243; _module_preset=&#8221;default&#8221; global_colors_info=&#8221;{}&#8221;]<\/p>\n<p><strong>Managing Director:<\/strong> Hans-Louis B\u00f6hme, Philippe-Louis B\u00f6hme<\/p>\n<p>[\/et_pb_text][et_pb_text module_class=&#8221;fonts_20 mb20&#8243; _builder_version=&#8221;4.27.6&#8243; _module_preset=&#8221;default&#8221; global_colors_info=&#8221;{}&#8221;]<\/p>\n<p><strong>Location:<\/strong> B\u00fcchen<br \/>\nAmtsgericht L\u00fcbeck, HRA 0245<br \/>\nV.A.T.-Ident-No. DE 135 334 302<\/p>\n<p>[\/et_pb_text][et_pb_text module_class=&#8221;fonts_20 mb20&#8243; _builder_version=&#8221;4.27.6&#8243; _module_preset=&#8221;default&#8221; global_colors_info=&#8221;{}&#8221;]<\/p>\n<p>B\u00f6hme-Kunststofftechnik GmbH &#038; Co. KG is represented by the personally liable partner:<\/p>\n<p>[\/et_pb_text][et_pb_text module_class=&#8221;fonts_20 mb20&#8243; _builder_version=&#8221;4.27.6&#8243; _module_preset=&#8221;default&#8221; global_colors_info=&#8221;{}&#8221;]<\/p>\n<p><strong>B\u00f6hme-Kunststofftechnik Verwaltungs GmbH<\/strong><br \/>\nAm Hesterkamp 4<br \/>\n21514 B\u00fcchen \/ Deutschland<\/p>\n<p>[\/et_pb_text][et_pb_text module_class=&#8221;fonts_20 mb20&#8243; _builder_version=&#8221;4.27.6&#8243; _module_preset=&#8221;default&#8221; global_colors_info=&#8221;{}&#8221;]<\/p>\n<p><strong>Telephon:<\/strong> +49 (0) 4151- 88 00-0<br \/>\n<strong>Fax:<\/strong> +49 (0) 4151- 88 00-75<br \/>\n<strong>e-mail:<\/strong> info@boehme-kunststoff.de<\/p>\n<p>[\/et_pb_text][et_pb_text module_class=&#8221;fonts_20 mb20&#8243; _builder_version=&#8221;4.27.6&#8243; _module_preset=&#8221;default&#8221; global_colors_info=&#8221;{}&#8221;]<\/p>\n<p><strong>Managing Director:<\/strong> Hans-Louis B\u00f6hme, Philippe-Louis B\u00f6hme<\/p>\n<p>[\/et_pb_text][et_pb_text module_class=&#8221;fonts_20 mb20&#8243; _builder_version=&#8221;4.27.6&#8243; _module_preset=&#8221;default&#8221; global_colors_info=&#8221;{}&#8221;]<\/p>\n<p>Amtsgericht L\u00fcbeck, HRB 0195<br \/>\n<strong>Location:<\/strong> B\u00fcchen<\/p>\n<p>[\/et_pb_text][\/et_pb_column][\/et_pb_row][et_pb_row module_class=&#8221;pt20 pb0&#8243; _builder_version=&#8221;4.27.6&#8243; global_colors_info=&#8221;{}&#8221;][et_pb_column type=&#8221;4_4&#8243; _builder_version=&#8221;4.16&#8243; custom_padding=&#8221;|||&#8221; global_colors_info=&#8221;{}&#8221; custom_padding__hover=&#8221;|||&#8221;][et_pb_heading title=&#8221;Dispute resolution&#8221; module_class=&#8221;common_htags mb20&#8243; _builder_version=&#8221;4.27.6&#8243; _module_preset=&#8221;default&#8221; title_level=&#8221;h3&#8243; global_colors_info=&#8221;{}&#8221;][\/et_pb_heading][et_pb_text module_class=&#8221;fonts_20 mb20&#8243; _builder_version=&#8221;4.27.6&#8243; _module_preset=&#8221;default&#8221; global_colors_info=&#8221;{}&#8221;]<\/p>\n<p>Online dispute resolution pursuant to Art. 14 para. 1 ODR-VO: The European Commission provides a platform for online dispute resolution (OS), which you can find at http:\/\/ec.europa.eu\/consumers\/odr.<\/p>\n<p>We do not participate in dispute resolution proceedings before a consumer arbitration board.<\/p>\n<p>[\/et_pb_text][\/et_pb_column][\/et_pb_row][et_pb_row module_class=&#8221;pt20 pb0&#8243; _builder_version=&#8221;4.27.6&#8243; global_colors_info=&#8221;{}&#8221;][et_pb_column type=&#8221;4_4&#8243; _builder_version=&#8221;4.16&#8243; custom_padding=&#8221;|||&#8221; global_colors_info=&#8221;{}&#8221; custom_padding__hover=&#8221;|||&#8221;][et_pb_heading title=&#8221;Copyright&#8221; module_class=&#8221;common_htags mb20&#8243; _builder_version=&#8221;4.27.6&#8243; _module_preset=&#8221;default&#8221; title_level=&#8221;h3&#8243; global_colors_info=&#8221;{}&#8221;][\/et_pb_heading][et_pb_text module_class=&#8221;fonts_20 mb20&#8243; _builder_version=&#8221;4.27.6&#8243; _module_preset=&#8221;default&#8221; global_colors_info=&#8221;{}&#8221;]<\/p>\n<p>The content and works created by the site operators on these pages are subject to German copyright law. Reproduction, editing, distribution and any kind of utilisation outside the limits of copyright law require the written consent of the respective author or creator. Downloads and copies of this site are only permitted for private, non-commercial use. Insofar as the content on this site was not created by the operator, the copyrights of third parties are respected. In particular, third-party content is labelled as such. Should you nevertheless become aware of a copyright infringement, please inform us accordingly. If we become aware of any infringements, we will remove such content immediately.<\/p>\n<p>[\/et_pb_text][\/et_pb_column][\/et_pb_row][et_pb_row module_class=&#8221;pt20 pb0&#8243; _builder_version=&#8221;4.27.6&#8243; global_colors_info=&#8221;{}&#8221;][et_pb_column type=&#8221;4_4&#8243; _builder_version=&#8221;4.16&#8243; custom_padding=&#8221;|||&#8221; global_colors_info=&#8221;{}&#8221; custom_padding__hover=&#8221;|||&#8221;][et_pb_heading title=&#8221;Design &#038; realisation&#8221; module_class=&#8221;common_htags mb20&#8243; _builder_version=&#8221;4.27.6&#8243; _module_preset=&#8221;default&#8221; title_level=&#8221;h3&#8243; global_colors_info=&#8221;{}&#8221;][\/et_pb_heading][et_pb_text module_class=&#8221;fonts_20 mb20&#8243; _builder_version=&#8221;4.27.6&#8243; _module_preset=&#8221;default&#8221; global_colors_info=&#8221;{}&#8221;]<\/p>\n<p>Berendsohn AG | <a href=\"https:\/\/www.berendsohn.de\/\">www.berendsohn.de<\/a><\/p>\n<p>[\/et_pb_text][\/et_pb_column][\/et_pb_row][\/et_pb_section]<\/p>\n","protected":false},"excerpt":{"rendered":"<p>Responsible for content: Philippe-Louis B\u00f6hmeB\u00f6hme-Kunststofftechnik GmbH &#038; Co. KG Am Hesterkamp 4 21514 B\u00fcchen \/ DeutschlandTelephon: +49 (0) 4151- 88 00-0 Fax: +49 (0) 4151- 88 00-75 e-mail: info@boehme-kunststoff.deManaging Director: Hans-Louis B\u00f6hme, Philippe-Louis B\u00f6hmeLocation: B\u00fcchen Amtsgericht L\u00fcbeck, HRA 0245 V.A.T.-Ident-No. DE 135 334 302B\u00f6hme-Kunststofftechnik GmbH &#038; Co. KG is represented by the personally liable partner:B\u00f6hme-Kunststofftechnik [&hellip;]<\/p>\n","protected":false},"author":3,"featured_media":0,"parent":0,"menu_order":0,"comment_status":"closed","ping_status":"closed","template":"","meta":{"_et_pb_use_builder":"on","_et_pb_old_content":"","_et_gb_content_width":"","footnotes":""},"class_list":["post-56972","page","type-page","status-publish","hentry"],"yoast_head":"<!-- This site is optimized with the Yoast SEO plugin v27.4 - https:\/\/yoast.com\/product\/yoast-seo-wordpress\/ -->\n<title>Imprint - B\u00f6hme Kunststofftechnik<\/title>\n<meta name=\"description\" content=\"Responsible for content: Philippe-Louis B\u00f6hme | B\u00f6hme-Kunststofftechnik GmbH &amp; Co. KGAm Hesterkamp 421514 B\u00fcchen \/ Deutschland\" \/>\n<meta name=\"robots\" content=\"index, follow, max-snippet:-1, max-image-preview:large, max-video-preview:-1\" \/>\n<link rel=\"canonical\" href=\"https:\/\/boehme-kunststoff.de\/en\/imprint\/\" \/>\n<meta property=\"og:locale\" content=\"en_US\" \/>\n<meta property=\"og:type\" content=\"article\" \/>\n<meta property=\"og:title\" content=\"Imprint - B\u00f6hme Kunststofftechnik\" \/>\n<meta property=\"og:description\" content=\"Responsible for content: Philippe-Louis B\u00f6hme | B\u00f6hme-Kunststofftechnik GmbH &amp; Co. KGAm Hesterkamp 421514 B\u00fcchen \/ Deutschland\" \/>\n<meta property=\"og:url\" content=\"https:\/\/boehme-kunststoff.de\/en\/imprint\/\" \/>\n<meta property=\"og:site_name\" content=\"Transportb\u00e4nder vom Hersteller\" \/>\n<meta property=\"article:modified_time\" content=\"2026-04-03T07:27:15+00:00\" \/>\n<meta name=\"twitter:card\" content=\"summary_large_image\" \/>\n<meta name=\"twitter:label1\" content=\"Est. reading time\" \/>\n\t<meta name=\"twitter:data1\" content=\"2 minutes\" \/>\n<script type=\"application\/ld+json\" class=\"yoast-schema-graph\">{\"@context\":\"https:\\\/\\\/schema.org\",\"@graph\":[{\"@type\":\"WebPage\",\"@id\":\"https:\\\/\\\/boehme-kunststoff.de\\\/en\\\/imprint\\\/\",\"url\":\"https:\\\/\\\/boehme-kunststoff.de\\\/en\\\/imprint\\\/\",\"name\":\"Imprint - B\u00f6hme Kunststofftechnik\",\"isPartOf\":{\"@id\":\"https:\\\/\\\/boehme-kunststoff.de\\\/en\\\/#website\"},\"datePublished\":\"2019-07-23T19:11:49+00:00\",\"dateModified\":\"2026-04-03T07:27:15+00:00\",\"description\":\"Responsible for content: Philippe-Louis B\u00f6hme | B\u00f6hme-Kunststofftechnik GmbH & Co. KGAm Hesterkamp 421514 B\u00fcchen \\\/ Deutschland\",\"breadcrumb\":{\"@id\":\"https:\\\/\\\/boehme-kunststoff.de\\\/en\\\/imprint\\\/#breadcrumb\"},\"inLanguage\":\"en-US\",\"potentialAction\":[{\"@type\":\"ReadAction\",\"target\":[\"https:\\\/\\\/boehme-kunststoff.de\\\/en\\\/imprint\\\/\"]}]},{\"@type\":\"BreadcrumbList\",\"@id\":\"https:\\\/\\\/boehme-kunststoff.de\\\/en\\\/imprint\\\/#breadcrumb\",\"itemListElement\":[{\"@type\":\"ListItem\",\"position\":1,\"name\":\"Startseite\",\"item\":\"https:\\\/\\\/boehme-kunststoff.de\\\/en\\\/\"},{\"@type\":\"ListItem\",\"position\":2,\"name\":\"Imprint\"}]},{\"@type\":\"WebSite\",\"@id\":\"https:\\\/\\\/boehme-kunststoff.de\\\/en\\\/#website\",\"url\":\"https:\\\/\\\/boehme-kunststoff.de\\\/en\\\/\",\"name\":\"Transportb\u00e4nder vom Hersteller\",\"description\":\"Transportb\u00e4nder vom Hersteller\",\"potentialAction\":[{\"@type\":\"SearchAction\",\"target\":{\"@type\":\"EntryPoint\",\"urlTemplate\":\"https:\\\/\\\/boehme-kunststoff.de\\\/en\\\/?s={search_term_string}\"},\"query-input\":{\"@type\":\"PropertyValueSpecification\",\"valueRequired\":true,\"valueName\":\"search_term_string\"}}],\"inLanguage\":\"en-US\"}]}<\/script>\n<!-- \/ Yoast SEO plugin. -->","yoast_head_json":{"title":"Imprint - B\u00f6hme Kunststofftechnik","description":"Responsible for content: Philippe-Louis B\u00f6hme | B\u00f6hme-Kunststofftechnik GmbH & Co. KGAm Hesterkamp 421514 B\u00fcchen \/ Deutschland","robots":{"index":"index","follow":"follow","max-snippet":"max-snippet:-1","max-image-preview":"max-image-preview:large","max-video-preview":"max-video-preview:-1"},"canonical":"https:\/\/boehme-kunststoff.de\/en\/imprint\/","og_locale":"en_US","og_type":"article","og_title":"Imprint - B\u00f6hme Kunststofftechnik","og_description":"Responsible for content: Philippe-Louis B\u00f6hme | B\u00f6hme-Kunststofftechnik GmbH & Co. KGAm Hesterkamp 421514 B\u00fcchen \/ Deutschland","og_url":"https:\/\/boehme-kunststoff.de\/en\/imprint\/","og_site_name":"Transportb\u00e4nder vom Hersteller","article_modified_time":"2026-04-03T07:27:15+00:00","twitter_card":"summary_large_image","twitter_misc":{"Est. reading time":"2 minutes"},"schema":{"@context":"https:\/\/schema.org","@graph":[{"@type":"WebPage","@id":"https:\/\/boehme-kunststoff.de\/en\/imprint\/","url":"https:\/\/boehme-kunststoff.de\/en\/imprint\/","name":"Imprint - B\u00f6hme Kunststofftechnik","isPartOf":{"@id":"https:\/\/boehme-kunststoff.de\/en\/#website"},"datePublished":"2019-07-23T19:11:49+00:00","dateModified":"2026-04-03T07:27:15+00:00","description":"Responsible for content: Philippe-Louis B\u00f6hme | B\u00f6hme-Kunststofftechnik GmbH & Co. KGAm Hesterkamp 421514 B\u00fcchen \/ Deutschland","breadcrumb":{"@id":"https:\/\/boehme-kunststoff.de\/en\/imprint\/#breadcrumb"},"inLanguage":"en-US","potentialAction":[{"@type":"ReadAction","target":["https:\/\/boehme-kunststoff.de\/en\/imprint\/"]}]},{"@type":"BreadcrumbList","@id":"https:\/\/boehme-kunststoff.de\/en\/imprint\/#breadcrumb","itemListElement":[{"@type":"ListItem","position":1,"name":"Startseite","item":"https:\/\/boehme-kunststoff.de\/en\/"},{"@type":"ListItem","position":2,"name":"Imprint"}]},{"@type":"WebSite","@id":"https:\/\/boehme-kunststoff.de\/en\/#website","url":"https:\/\/boehme-kunststoff.de\/en\/","name":"Transportb\u00e4nder vom Hersteller","description":"Transportb\u00e4nder vom Hersteller","potentialAction":[{"@type":"SearchAction","target":{"@type":"EntryPoint","urlTemplate":"https:\/\/boehme-kunststoff.de\/en\/?s={search_term_string}"},"query-input":{"@type":"PropertyValueSpecification","valueRequired":true,"valueName":"search_term_string"}}],"inLanguage":"en-US"}]}},"_links":{"self":[{"href":"https:\/\/boehme-kunststoff.de\/en\/wp-json\/wp\/v2\/pages\/56972","targetHints":{"allow":["GET"]}}],"collection":[{"href":"https:\/\/boehme-kunststoff.de\/en\/wp-json\/wp\/v2\/pages"}],"about":[{"href":"https:\/\/boehme-kunststoff.de\/en\/wp-json\/wp\/v2\/types\/page"}],"author":[{"embeddable":true,"href":"https:\/\/boehme-kunststoff.de\/en\/wp-json\/wp\/v2\/users\/3"}],"replies":[{"embeddable":true,"href":"https:\/\/boehme-kunststoff.de\/en\/wp-json\/wp\/v2\/comments?post=56972"}],"version-history":[{"count":4,"href":"https:\/\/boehme-kunststoff.de\/en\/wp-json\/wp\/v2\/pages\/56972\/revisions"}],"predecessor-version":[{"id":57335,"href":"https:\/\/boehme-kunststoff.de\/en\/wp-json\/wp\/v2\/pages\/56972\/revisions\/57335"}],"wp:attachment":[{"href":"https:\/\/boehme-kunststoff.de\/en\/wp-json\/wp\/v2\/media?parent=56972"}],"curies":[{"name":"wp","href":"https:\/\/api.w.org\/{rel}","templated":true}]}}