{"id":56507,"date":"2026-03-02T06:13:24","date_gmt":"2026-03-02T05:13:24","guid":{"rendered":"https:\/\/boehme-kunststoff.de\/produits\/reine-ptfe-folie\/"},"modified":"2026-03-30T07:26:33","modified_gmt":"2026-03-30T05:26:33","slug":"feuilles-ptfe-virginales","status":"publish","type":"page","link":"https:\/\/boehme-kunststoff.de\/fr\/produits\/feuilles-ptfe-virginales\/","title":{"rendered":"Feuilles PTFE virginales"},"content":{"rendered":"<p>[et_pb_section fb_built=\u00a0\u00bb1&Prime; module_class=\u00a0\u00bbmain_secondary_section padding_top_bottom\u00a0\u00bb _builder_version=\u00a0\u00bb4.27.6&Prime; _module_preset=\u00a0\u00bbdefault\u00a0\u00bb locked=\u00a0\u00bboff\u00a0\u00bb global_colors_info=\u00a0\u00bb{}\u00a0\u00bb][et_pb_row _builder_version=\u00a0\u00bb4.27.6&Prime; _module_preset=\u00a0\u00bbdefault\u00a0\u00bb background_image=\u00a0\u00bbhttps:\/\/boehme-kunststoff.de\/wp-content\/uploads\/2026\/03\/teaser_reine_ptfef-4ceb5834-1.webp\u00a0\u00bb custom_padding=\u00a0\u00bb209px|||||\u00a0\u00bb global_colors_info=\u00a0\u00bb{}\u00a0\u00bb][et_pb_column type=\u00a0\u00bb4_4&Prime; _builder_version=\u00a0\u00bb4.27.6&Prime; _module_preset=\u00a0\u00bbdefault\u00a0\u00bb global_colors_info=\u00a0\u00bb{}\u00a0\u00bb][\/et_pb_column][\/et_pb_row][\/et_pb_section][et_pb_section fb_built=\u00a0\u00bb1&Prime; module_class=\u00a0\u00bbpadding_bottom\u00a0\u00bb _builder_version=\u00a0\u00bb4.27.6&Prime; _module_preset=\u00a0\u00bbdefault\u00a0\u00bb locked=\u00a0\u00bboff\u00a0\u00bb global_colors_info=\u00a0\u00bb{}\u00a0\u00bb][et_pb_row module_class=\u00a0\u00bbrounded_top \u00a0\u00bb _builder_version=\u00a0\u00bb4.27.6&Prime; _module_preset=\u00a0\u00bbdefault\u00a0\u00bb global_colors_info=\u00a0\u00bb{}\u00a0\u00bb][et_pb_column type=\u00a0\u00bb4_4&Prime; _builder_version=\u00a0\u00bb4.27.6&Prime; _module_preset=\u00a0\u00bbdefault\u00a0\u00bb global_colors_info=\u00a0\u00bb{}\u00a0\u00bb][et_pb_heading title=\u00a0\u00bbFeuilles PTFE virginales\u00a0\u00bb module_class=\u00a0\u00bbcommon_htags mb10&Prime; _builder_version=\u00a0\u00bb4.27.6&Prime; _module_preset=\u00a0\u00bbdefault\u00a0\u00bb global_colors_info=\u00a0\u00bb{}\u00a0\u00bb][\/et_pb_heading][et_pb_heading title=\u00a0\u00bbFilms purs ptfe pour diverses applications\u00a0\u00bb module_class=\u00a0\u00bbcommon_htags mb10 uppercase\u00a0\u00bb _builder_version=\u00a0\u00bb4.27.6&Prime; _module_preset=\u00a0\u00bbdefault\u00a0\u00bb title_level=\u00a0\u00bbh2&Prime; global_colors_info=\u00a0\u00bb{}\u00a0\u00bb][\/et_pb_heading][\/et_pb_column][\/et_pb_row][et_pb_row use_custom_gutter=\u00a0\u00bbon\u00a0\u00bb gutter_width=\u00a0\u00bb3&Prime; module_class=\u00a0\u00bbrounded_bottom \u00a0\u00bb _builder_version=\u00a0\u00bb4.27.6&Prime; _module_preset=\u00a0\u00bbdefault\u00a0\u00bb global_colors_info=\u00a0\u00bb{}\u00a0\u00bb][et_pb_column type=\u00a0\u00bb4_4&Prime; _builder_version=\u00a0\u00bb4.27.6&Prime; _module_preset=\u00a0\u00bbdefault\u00a0\u00bb global_colors_info=\u00a0\u00bb{}\u00a0\u00bb][et_pb_text module_class=\u00a0\u00bbfonts_20&Prime; _builder_version=\u00a0\u00bb4.27.6&Prime; _module_preset=\u00a0\u00bbdefault\u00a0\u00bb global_colors_info=\u00a0\u00bb{}\u00a0\u00bb]<\/p>\n<p>Nous proposons des films purs PTFE (virginal) pel\u00e9s de diff\u00e9rentes conceptions pour des applications polyvalentes. Le film de PTFE pur a des propri\u00e9t\u00e9s sp\u00e9ciales qui en font un excellent mat\u00e9riel pour les applications industrielles chimiques, alimentaires, m\u00e9dicales et autres. Par exemple, un film pur PTFE pr\u00e9sente la r\u00e9sistance chimique la plus \u00e9lev\u00e9e et pratiquement pas de pores, ainsi qu\u2019une r\u00e9sistance \u00e0 haute temp\u00e9rature et une bonne r\u00e9sistance di\u00e9lectrique. Le film poss\u00e8de d\u2019excellentes propri\u00e9t\u00e9s de glissement et anti-adh\u00e9sif de sorte que, par exemple, les adh\u00e9sifs, les r\u00e9sines ou la salet\u00e9 n\u2019adh\u00e8rent pas \u00e0 celui-ci. Le film est utilis\u00e9, par exemple, dans la production de joints chimiques, de rev\u00eatements de conteneurs, de condensateurs et de bobines. Le film pur PTFE est disponible en version non adh\u00e9sive et auto-adh\u00e9sive pour un montage simple \u00e0 l\u2019emplacement souhait\u00e9. Nous proposons \u00e9galement un film pur PTFE grav\u00e9 sur une seule face. Donc le film de PTFE est pr\u00e9par\u00e9 pour la liaison avec des collants. Nous serons heureux de vous conseiller sur le film le mieux adapt\u00e9 \u00e0 vos besoins.<\/p>\n<p>[\/et_pb_text][\/et_pb_column][\/et_pb_row][\/et_pb_section][et_pb_section fb_built=\u00a0\u00bb1&Prime; module_class=\u00a0\u00bbpadding_bottom\u00a0\u00bb _builder_version=\u00a0\u00bb4.27.6&Prime; _module_preset=\u00a0\u00bbdefault\u00a0\u00bb locked=\u00a0\u00bboff\u00a0\u00bb global_colors_info=\u00a0\u00bb{}\u00a0\u00bb][et_pb_row column_structure=\u00a0\u00bb2_3,1_3&Prime; use_custom_gutter=\u00a0\u00bbon\u00a0\u00bb gutter_width=\u00a0\u00bb1&Prime; make_equal=\u00a0\u00bbon\u00a0\u00bb module_class=\u00a0\u00bbpt0 pb0 common_col_spacing_row auswahl_row\u00a0\u00bb _builder_version=\u00a0\u00bb4.27.6&Prime; _module_preset=\u00a0\u00bbdefault\u00a0\u00bb global_colors_info=\u00a0\u00bb{}\u00a0\u00bb][et_pb_column type=\u00a0\u00bb2_3&Prime; module_class=\u00a0\u00bbbg_white\u00a0\u00bb _builder_version=\u00a0\u00bb4.27.6&Prime; _module_preset=\u00a0\u00bbdefault\u00a0\u00bb global_colors_info=\u00a0\u00bb{}\u00a0\u00bb][et_pb_heading title=\u00a0\u00bbNotre promesse de qualit\u00e9: Film PTFE de haute qualit\u00e9\u00a0\u00bb module_class=\u00a0\u00bbcommon_htags mb10&Prime; _builder_version=\u00a0\u00bb4.27.6&Prime; _module_preset=\u00a0\u00bbdefault\u00a0\u00bb title_level=\u00a0\u00bbh3&Prime; global_colors_info=\u00a0\u00bb{}\u00a0\u00bb][\/et_pb_heading][et_pb_text module_class=\u00a0\u00bbfonts_20&Prime; _builder_version=\u00a0\u00bb4.27.6&Prime; _module_preset=\u00a0\u00bbdefault\u00a0\u00bb global_colors_info=\u00a0\u00bb{}\u00a0\u00bb]<\/p>\n<p>La satisfaction du client est au centre de notre r\u00e9flexion et de notre action. C\u2019est pourquoi nous d\u00e9veloppons et produisons uniquement des produits de haute qualit\u00e9 dont nous sommes convaincus. Des employ\u00e9s motiv\u00e9s et form\u00e9s s\u2019engagent \u00e0 vous fournir un savoir-faire \u00e9tendu, des ann\u00e9es d\u2019exp\u00e9rience et une technologie de pointe. Ensemble, nous cr\u00e9ons des produits qui optimisent votre travail et le rendent \u00e9conomique. Nos propres normes de qualit\u00e9 sont document\u00e9es par la certification selon DIN EN ISO 9001:2015, le contr\u00f4le qualit\u00e9 et la gestion de la qualit\u00e9.<\/p>\n<p>Veuillez nous contacter pour toute question concernant le film PTFE. Nous sommes heureux de vous aider!<\/p>\n<p>[\/et_pb_text][\/et_pb_column][et_pb_column type=\u00a0\u00bb1_3&Prime; module_class=\u00a0\u00bbimg_col\u00a0\u00bb _builder_version=\u00a0\u00bb4.27.6&Prime; _module_preset=\u00a0\u00bbdefault\u00a0\u00bb background_image=\u00a0\u00bbhttps:\/\/boehme-kunststoff.de\/wp-content\/uploads\/2026\/03\/reine-ptfe-folie-content-e1706099513510-36655a97.webp\u00a0\u00bb background_position=\u00a0\u00bbbottom_left\u00a0\u00bb global_colors_info=\u00a0\u00bb{}\u00a0\u00bb][et_pb_text _builder_version=\u00a0\u00bb4.27.6&Prime; _module_preset=\u00a0\u00bbdefault\u00a0\u00bb global_colors_info=\u00a0\u00bb{}\u00a0\u00bb][\/et_pb_text][\/et_pb_column][\/et_pb_row][\/et_pb_section][et_pb_section fb_built=\u00a0\u00bb1&Prime; specialty=\u00a0\u00bbon\u00a0\u00bb module_class_1=\u00a0\u00bbcustomTab_section_Col_left leistungen_right_col pb0 pt0&Prime; module_class_2=\u00a0\u00bbcustomTab_section_Col_right \u00a0\u00bb module_class=\u00a0\u00bbcustomTab_section customTab_section_first padding_bottom \u00a0\u00bb _builder_version=\u00a0\u00bb4.27.6&Prime; _module_preset=\u00a0\u00bbdefault\u00a0\u00bb locked=\u00a0\u00bboff\u00a0\u00bb global_colors_info=\u00a0\u00bb{}\u00a0\u00bb][et_pb_column type=\u00a0\u00bb1_4&Prime; _builder_version=\u00a0\u00bb4.16&Prime; custom_padding=\u00a0\u00bb|||\u00a0\u00bb global_colors_info=\u00a0\u00bb{}\u00a0\u00bb custom_padding__hover=\u00a0\u00bb|||\u00a0\u00bb][et_pb_code module_class=\u00a0\u00bbcommonTabsList commonTabs_first\u00a0\u00bb _builder_version=\u00a0\u00bb4.27.6&Prime; _module_preset=\u00a0\u00bbdefault\u00a0\u00bb global_colors_info=\u00a0\u00bb{}\u00a0\u00bb]<\/p>\n<ul><!-- [et_pb_line_break_holder] -->  <\/p>\n<li id=\"lst_one\" class=\"activeTabs\">Non adh\u00e9sifs<\/li>\n<p><!-- [et_pb_line_break_holder] -->  <\/p>\n<li id=\"lst_two\">Grav\u00e9s d\u2019un cote<\/li>\n<p><!-- [et_pb_line_break_holder] -->  <\/p>\n<li id=\"lst_three\">Auto-adh\u00e9sifs<\/li>\n<p><!-- [et_pb_line_break_holder] --><\/ul>\n<p>[\/et_pb_code][\/et_pb_column][et_pb_column type=\u00a0\u00bb3_4&Prime; specialty_columns=\u00a0\u00bb3&Prime; _builder_version=\u00a0\u00bb4.16&Prime; custom_padding=\u00a0\u00bb|||\u00a0\u00bb global_colors_info=\u00a0\u00bb{}\u00a0\u00bb custom_padding__hover=\u00a0\u00bb|||\u00a0\u00bb][et_pb_row_inner module_id=\u00a0\u00bblst_one_row\u00a0\u00bb module_class=\u00a0\u00bbcommonTabs_right_row activeTabs_row pt0 pb0&Prime; _builder_version=\u00a0\u00bb4.27.6&Prime; _module_preset=\u00a0\u00bbdefault\u00a0\u00bb global_colors_info=\u00a0\u00bb{}\u00a0\u00bb][et_pb_column_inner saved_specialty_column_type=\u00a0\u00bb2_3&Prime; _builder_version=\u00a0\u00bb4.27.6&Prime; _module_preset=\u00a0\u00bbdefault\u00a0\u00bb global_colors_info=\u00a0\u00bb{}\u00a0\u00bb][et_pb_text module_class=\u00a0\u00bbfonts_20&Prime; _builder_version=\u00a0\u00bb4.27.6&Prime; _module_preset=\u00a0\u00bbdefault\u00a0\u00bb global_colors_info=\u00a0\u00bb{}\u00a0\u00bb]<\/p>\n<p><span>Type 6000<\/span><br \/>\n\u00c9paisseur: 0,025 mm | PTFE: 100% | Poids: 55 g\/m\u00b2 | Largeurs standard: 600\/1200 mm<\/p>\n<p><span>Type 6100<\/span><br \/>\n\u00c9paisseur: 0,05 mm | PTFE: 100% | Poids: 110 g\/m\u00b2 | Largeurs standard: 600\/1200 mm<\/p>\n<p><span>Type 6500<\/span><br \/>\n\u00c9paisseur: 0,1 mm | PTFE: 100% | Poids: 220 g\/m\u00b2 | Largeurs standard: 600\/1200 mm<\/p>\n<p><span>Type 6600<\/span><br \/>\n\u00c9paisseur: 0,15 mm | PTFE: 100% | Poids: 330 g\/m\u00b2 | Largeurs standard: 600\/1200 mm<\/p>\n<p><span>Type 6650<\/span><br \/>\n\u00c9paisseur: 0,2 mm | PTFE: 100% | Poids: 440 g\/m\u00b2 | Largeurs standard: 600\/1200 mm<\/p>\n<p><span>Type 6750<\/span><br \/>\n\u00c9paisseur: 0,25 mm | PTFE: 100% | Poids: 550 g\/m\u00b2 | Largeurs standard: 600\/1200 mm<\/p>\n<p><span>Type 6900<\/span><br \/>\n\u00c9paisseur: 0,5 mm | PTFE: 100% | Poids: 1100 g\/m\u00b2 | Largeurs standard: 600\/1200 mm<\/p>\n<p><span>Type 6950<\/span><br \/>\n\u00c9paisseur: 0,8 mm | PTFE: 100% | Poids: 1100 g\/m\u00b2 | Largeurs standard: 600\/1200 mm<\/p>\n<p><span>Type 6800<\/span><br \/>\n\u00c9paisseur: 1,0 mm | PTFE: 100% | Poids: 2200 g\/m\u00b2 | Largeurs standard: 600\/1200 mm<\/p>\n<p><span>Type 6400<\/span><br \/>\n\u00c9paisseur: 1,5 mm | PTFE: 100% | Poids: 3300 g\/m\u00b2 | Largeurs standard: 600\/1200 mm<\/p>\n<p><span>Type 6400<\/span><br \/>\n\u00c9paisseur: 2,0 mm | PTFE: 100% | Poids: 4400 g\/m\u00b2 | Largeurs standard: 600\/1200 mm<\/p>\n<p>[\/et_pb_text][\/et_pb_column_inner][\/et_pb_row_inner][et_pb_row_inner module_id=\u00a0\u00bblst_two_row\u00a0\u00bb module_class=\u00a0\u00bbcommonTabs_right_row pt0 pb0&Prime; _builder_version=\u00a0\u00bb4.27.6&Prime; _module_preset=\u00a0\u00bbdefault\u00a0\u00bb global_colors_info=\u00a0\u00bb{}\u00a0\u00bb][et_pb_column_inner saved_specialty_column_type=\u00a0\u00bb2_3&Prime; _builder_version=\u00a0\u00bb4.27.6&Prime; _module_preset=\u00a0\u00bbdefault\u00a0\u00bb global_colors_info=\u00a0\u00bb{}\u00a0\u00bb][et_pb_text module_class=\u00a0\u00bbfonts_20&Prime; _builder_version=\u00a0\u00bb4.27.6&Prime; _module_preset=\u00a0\u00bbdefault\u00a0\u00bb global_colors_info=\u00a0\u00bb{}\u00a0\u00bb]<\/p>\n<p><span>Type 6230<\/span><br \/>\n\u00c9paisseur: 0,08 mm | PTFE: 100% | Poids: 176 g\/m\u00b2 | Largeurs standard: 600\/1200 mm | Grav\u00e9e d\u2019un c\u00f4t\u00e9, pr\u00e9par\u00e9e \u00e0 l\u2019adh\u00e9sif<\/p>\n<p><span>Type 6330<\/span><br \/>\n\u00c9paisseur: 0,13 mm | PTFE: 100% | Poids: 286 g\/m\u00b2 | Largeurs standard: 600\/1200 mm | Grav\u00e9e d\u2019un c\u00f4t\u00e9, pr\u00e9par\u00e9e \u00e0 l\u2019adh\u00e9sif<\/p>\n<p><span>Type 6730<\/span><br \/>\n\u00c9paisseur: 0,25 mm | PTFE: 100% | Poids: 550 g\/m\u00b2 | Largeurs standard: 600\/1200 mm | Grav\u00e9e d\u2019un c\u00f4t\u00e9, pr\u00e9par\u00e9e \u00e0 l\u2019adh\u00e9sif<\/p>\n<p><span>Type 6930<\/span><br \/>\n\u00c9paisseur: 0,5 mm | PTFE: 100% | Poids: 1100 g\/m\u00b2 | Largeurs standard: 600\/1200 mm | Grav\u00e9e d\u2019un c\u00f4t\u00e9, pr\u00e9par\u00e9e \u00e0 l\u2019adh\u00e9sif<\/p>\n<p><span>Type 6935<\/span><br \/>\n\u00c9paisseur: 0,8 mm | PTFE: 100% | Poids: 1760 g\/m\u00b2 | Largeurs standard: 600\/1200 mm | Grav\u00e9e d\u2019un c\u00f4t\u00e9, pr\u00e9par\u00e9e \u00e0 l\u2019adh\u00e9sif<\/p>\n<p><span>Type 6830<\/span><br \/>\n\u00c9paisseur: 1,0 mm | PTFE: 100% | Poids: 2200 g\/m\u00b2 | Largeurs standard: 600\/1200 mm | Grav\u00e9e d\u2019un c\u00f4t\u00e9, pr\u00e9par\u00e9e \u00e0 l\u2019adh\u00e9sif<\/p>\n<p>[\/et_pb_text][\/et_pb_column_inner][\/et_pb_row_inner][et_pb_row_inner module_id=\u00a0\u00bblst_three_row\u00a0\u00bb module_class=\u00a0\u00bbcommonTabs_right_row pt0 pb0&Prime; _builder_version=\u00a0\u00bb4.27.6&Prime; _module_preset=\u00a0\u00bbdefault\u00a0\u00bb global_colors_info=\u00a0\u00bb{}\u00a0\u00bb][et_pb_column_inner saved_specialty_column_type=\u00a0\u00bb2_3&Prime; _builder_version=\u00a0\u00bb4.27.6&Prime; _module_preset=\u00a0\u00bbdefault\u00a0\u00bb global_colors_info=\u00a0\u00bb{}\u00a0\u00bb][et_pb_text module_class=\u00a0\u00bbfonts_20&Prime; _builder_version=\u00a0\u00bb4.27.6&Prime; _module_preset=\u00a0\u00bbdefault\u00a0\u00bb global_colors_info=\u00a0\u00bb{}\u00a0\u00bb]<\/p>\n<p><span>Type 7240<\/span><br \/>\n\u00c9paisseur: 0,08 mm | PTFE: 100% | Poids: 176 g\/m\u00b2 | Largeurs standard: 1000 mm | Adh\u00e9sif silicone avec liner<\/p>\n<p><span>Type 7251<\/span><br \/>\n\u00c9paisseur: 0,08 mm | PTFE: 100% | Poids: 176 g\/m\u00b2 | Largeurs standard: 1000 mm | Adh\u00e9sif silicone avec liner<\/p>\n<p><span>Type 7390<\/span><br \/>\n\u00c9paisseur: 0,13 mm | PTFE: 100% | Poids: 286 g\/m\u00b2 | Largeurs standard: 1000 mm | Adh\u00e9sif silicone avec liner<\/p>\n<p><span>Type 7395<\/span><br \/>\nDicke: 0,13 mm | PTFE: 100% | Poids: 286 g\/m\u00b2 | Largeurs standard: 1000 mm | Adh\u00e9sif acryl avec liner<\/p>\n<p><span>Type 7900<\/span><br \/>\n\u00c9paisseur: 0,5 mm | PTFE: 100% | Poids: 1100 g\/m\u00b2 | Largeurs standard: 1000 mm | Adh\u00e9sif silicone avec liner<\/p>\n<p><span>Type 7750<\/span><br \/>\n\u00c9paisseur: 0,25 mm | PTFE: 100% | Poids: 550 g\/m\u00b2 | Largeurs standard: 1000 mm | Adh\u00e9sif silicone avec liner<\/p>\n<p>[\/et_pb_text][\/et_pb_column_inner][\/et_pb_row_inner][\/et_pb_column][\/et_pb_section][et_pb_section fb_built=\u00a0\u00bb1&Prime; module_class=\u00a0\u00bbpadding_bottom\u00a0\u00bb _builder_version=\u00a0\u00bb4.27.6&Prime; _module_preset=\u00a0\u00bbdefault\u00a0\u00bb locked=\u00a0\u00bboff\u00a0\u00bb global_colors_info=\u00a0\u00bb{}\u00a0\u00bb][et_pb_row column_structure=\u00a0\u00bb1_2,1_2&Prime; make_equal=\u00a0\u00bbon\u00a0\u00bb module_class=\u00a0\u00bbbg_white kontaktie_sec_row\u00a0\u00bb _builder_version=\u00a0\u00bb4.27.6&Prime; _module_preset=\u00a0\u00bbdefault\u00a0\u00bb global_colors_info=\u00a0\u00bb{}\u00a0\u00bb][et_pb_column type=\u00a0\u00bb1_2&Prime; _builder_version=\u00a0\u00bb4.27.6&Prime; _module_preset=\u00a0\u00bbdefault\u00a0\u00bb global_colors_info=\u00a0\u00bb{}\u00a0\u00bb][et_pb_heading title=\u00a0\u00bbKontaktieren Sie uns!\u00a0\u00bb module_class=\u00a0\u00bbcommon_htags mb10&Prime; _builder_version=\u00a0\u00bb4.27.6&Prime; _module_preset=\u00a0\u00bbdefault\u00a0\u00bb title_level=\u00a0\u00bbh3&Prime; global_colors_info=\u00a0\u00bb{}\u00a0\u00bb][\/et_pb_heading][et_pb_text module_class=\u00a0\u00bbfonts_20&Prime; _builder_version=\u00a0\u00bb4.27.6&Prime; _module_preset=\u00a0\u00bbdefault\u00a0\u00bb global_colors_info=\u00a0\u00bb{}\u00a0\u00bb]<\/p>\n<p>Haben Sie Fragen zu unseren PTFE-Folien?<br \/>\nIhr Ansprechpartner f\u00fcr dieses Produkt:<\/p>\n<p>[\/et_pb_text][et_pb_blurb title=\u00a0\u00bbAnne-Katarina Meincke\u00a0\u00bb url=\u00a0\u00bb\/kontakt\/\u00a0\u00bb image=\u00a0\u00bbhttps:\/\/boehme-kunststoff.de\/wp-content\/uploads\/2026\/03\/oaqdlhgeramm8r42e3-1.png\u00a0\u00bb icon_placement=\u00a0\u00bbleft\u00a0\u00bb module_class=\u00a0\u00bbkontaktie_blurb kontakti_icon\u00a0\u00bb _builder_version=\u00a0\u00bb4.27.6&Prime; _module_preset=\u00a0\u00bbdefault\u00a0\u00bb hover_enabled=\u00a0\u00bb0&Prime; global_colors_info=\u00a0\u00bb{}\u00a0\u00bb header_level=\u00a0\u00bbh3&Prime; sticky_enabled=\u00a0\u00bb0&Prime;][\/et_pb_blurb][\/et_pb_column][et_pb_column type=\u00a0\u00bb1_2&Prime; _builder_version=\u00a0\u00bb4.27.6&Prime; _module_preset=\u00a0\u00bbdefault\u00a0\u00bb global_colors_info=\u00a0\u00bb{}\u00a0\u00bb][et_pb_blurb title=\u00a0\u00bb04151 \/ 88 00 -16&Prime; url=\u00a0\u00bbtel:04151880016&Prime; image=\u00a0\u00bbhttps:\/\/boehme-kunststoff.de\/wp-content\/uploads\/2026\/03\/vhyxiyhxr1gmm8qt0bg-1.png\u00a0\u00bb icon_placement=\u00a0\u00bbleft\u00a0\u00bb module_class=\u00a0\u00bbkontaktie_blurb mb20&Prime; _builder_version=\u00a0\u00bb4.27.6&Prime; _module_preset=\u00a0\u00bbdefault\u00a0\u00bb hover_enabled=\u00a0\u00bb0&Prime; global_colors_info=\u00a0\u00bb{}\u00a0\u00bb header_level=\u00a0\u00bbh3&Prime; sticky_enabled=\u00a0\u00bb0&Prime;][\/et_pb_blurb][et_pb_blurb title=\u00a0\u00bbmeincke@boehme-kunststoff.de\u00a0\u00bb url=\u00a0\u00bbmailto:meincke@boehme-kunststoff.de\u00a0\u00bb image=\u00a0\u00bbhttps:\/\/boehme-kunststoff.de\/wp-content\/uploads\/2026\/03\/Vector.png\u00a0\u00bb icon_placement=\u00a0\u00bbleft\u00a0\u00bb module_class=\u00a0\u00bbkontaktie_blurb \u00a0\u00bb _builder_version=\u00a0\u00bb4.27.6&Prime; _module_preset=\u00a0\u00bbdefault\u00a0\u00bb hover_enabled=\u00a0\u00bb0&Prime; global_colors_info=\u00a0\u00bb{}\u00a0\u00bb header_level=\u00a0\u00bbh3&Prime; sticky_enabled=\u00a0\u00bb0&Prime;][\/et_pb_blurb][\/et_pb_column][\/et_pb_row][\/et_pb_section]<\/p>\n","protected":false},"excerpt":{"rendered":"<p>Nous proposons des films purs PTFE (virginal) pel\u00e9s de diff\u00e9rentes conceptions pour des applications polyvalentes. Le film de PTFE pur a des propri\u00e9t\u00e9s sp\u00e9ciales qui en font un excellent mat\u00e9riel pour les applications industrielles chimiques, alimentaires, m\u00e9dicales et autres. Par exemple, un film pur PTFE pr\u00e9sente la r\u00e9sistance chimique la plus \u00e9lev\u00e9e et pratiquement pas [&hellip;]<\/p>\n","protected":false},"author":3,"featured_media":0,"parent":56417,"menu_order":0,"comment_status":"closed","ping_status":"closed","template":"","meta":{"_et_pb_use_builder":"on","_et_pb_old_content":"","_et_gb_content_width":"","footnotes":""},"class_list":["post-56507","page","type-page","status-publish","hentry"],"yoast_head":"<!-- This site is optimized with the Yoast SEO plugin v27.4 - https:\/\/yoast.com\/product\/yoast-seo-wordpress\/ -->\n<title>Feuilles PTFE virginales - B\u00f6hme Kunststofftechnik<\/title>\n<meta name=\"description\" content=\"FEUILLES PTFE VIRGINALES\" \/>\n<meta name=\"robots\" content=\"index, follow, max-snippet:-1, max-image-preview:large, max-video-preview:-1\" \/>\n<link rel=\"canonical\" href=\"https:\/\/boehme-kunststoff.de\/fr\/produits\/feuilles-ptfe-virginales\/\" \/>\n<meta property=\"og:locale\" content=\"fr_FR\" \/>\n<meta property=\"og:type\" content=\"article\" \/>\n<meta property=\"og:title\" content=\"Feuilles PTFE virginales - B\u00f6hme Kunststofftechnik\" \/>\n<meta property=\"og:description\" content=\"FEUILLES PTFE VIRGINALES\" \/>\n<meta property=\"og:url\" content=\"https:\/\/boehme-kunststoff.de\/fr\/produits\/feuilles-ptfe-virginales\/\" \/>\n<meta property=\"og:site_name\" content=\"Transportb\u00e4nder vom Hersteller\" \/>\n<meta property=\"article:modified_time\" content=\"2026-03-30T05:26:33+00:00\" \/>\n<meta name=\"twitter:card\" content=\"summary_large_image\" \/>\n<meta name=\"twitter:label1\" content=\"Dur\u00e9e de lecture estim\u00e9e\" \/>\n\t<meta name=\"twitter:data1\" content=\"5 minutes\" \/>\n<script type=\"application\/ld+json\" class=\"yoast-schema-graph\">{\"@context\":\"https:\\\/\\\/schema.org\",\"@graph\":[{\"@type\":\"WebPage\",\"@id\":\"https:\\\/\\\/boehme-kunststoff.de\\\/fr\\\/produits\\\/feuilles-ptfe-virginales\\\/\",\"url\":\"https:\\\/\\\/boehme-kunststoff.de\\\/fr\\\/produits\\\/feuilles-ptfe-virginales\\\/\",\"name\":\"Feuilles PTFE virginales - B\u00f6hme Kunststofftechnik\",\"isPartOf\":{\"@id\":\"https:\\\/\\\/boehme-kunststoff.de\\\/fr\\\/#website\"},\"datePublished\":\"2026-03-02T05:13:24+00:00\",\"dateModified\":\"2026-03-30T05:26:33+00:00\",\"description\":\"FEUILLES PTFE VIRGINALES\",\"breadcrumb\":{\"@id\":\"https:\\\/\\\/boehme-kunststoff.de\\\/fr\\\/produits\\\/feuilles-ptfe-virginales\\\/#breadcrumb\"},\"inLanguage\":\"fr-FR\",\"potentialAction\":[{\"@type\":\"ReadAction\",\"target\":[\"https:\\\/\\\/boehme-kunststoff.de\\\/fr\\\/produits\\\/feuilles-ptfe-virginales\\\/\"]}]},{\"@type\":\"BreadcrumbList\",\"@id\":\"https:\\\/\\\/boehme-kunststoff.de\\\/fr\\\/produits\\\/feuilles-ptfe-virginales\\\/#breadcrumb\",\"itemListElement\":[{\"@type\":\"ListItem\",\"position\":1,\"name\":\"Startseite\",\"item\":\"https:\\\/\\\/boehme-kunststoff.de\\\/fr\\\/\"},{\"@type\":\"ListItem\",\"position\":2,\"name\":\"Produits\",\"item\":\"https:\\\/\\\/boehme-kunststoff.de\\\/fr\\\/produits\\\/\"},{\"@type\":\"ListItem\",\"position\":3,\"name\":\"Feuilles PTFE virginales\"}]},{\"@type\":\"WebSite\",\"@id\":\"https:\\\/\\\/boehme-kunststoff.de\\\/fr\\\/#website\",\"url\":\"https:\\\/\\\/boehme-kunststoff.de\\\/fr\\\/\",\"name\":\"Transportb\u00e4nder vom Hersteller\",\"description\":\"Transportb\u00e4nder vom Hersteller\",\"potentialAction\":[{\"@type\":\"SearchAction\",\"target\":{\"@type\":\"EntryPoint\",\"urlTemplate\":\"https:\\\/\\\/boehme-kunststoff.de\\\/fr\\\/?s={search_term_string}\"},\"query-input\":{\"@type\":\"PropertyValueSpecification\",\"valueRequired\":true,\"valueName\":\"search_term_string\"}}],\"inLanguage\":\"fr-FR\"}]}<\/script>\n<!-- \/ Yoast SEO plugin. -->","yoast_head_json":{"title":"Feuilles PTFE virginales - B\u00f6hme Kunststofftechnik","description":"FEUILLES PTFE VIRGINALES","robots":{"index":"index","follow":"follow","max-snippet":"max-snippet:-1","max-image-preview":"max-image-preview:large","max-video-preview":"max-video-preview:-1"},"canonical":"https:\/\/boehme-kunststoff.de\/fr\/produits\/feuilles-ptfe-virginales\/","og_locale":"fr_FR","og_type":"article","og_title":"Feuilles PTFE virginales - B\u00f6hme Kunststofftechnik","og_description":"FEUILLES PTFE VIRGINALES","og_url":"https:\/\/boehme-kunststoff.de\/fr\/produits\/feuilles-ptfe-virginales\/","og_site_name":"Transportb\u00e4nder vom Hersteller","article_modified_time":"2026-03-30T05:26:33+00:00","twitter_card":"summary_large_image","twitter_misc":{"Dur\u00e9e de lecture estim\u00e9e":"5 minutes"},"schema":{"@context":"https:\/\/schema.org","@graph":[{"@type":"WebPage","@id":"https:\/\/boehme-kunststoff.de\/fr\/produits\/feuilles-ptfe-virginales\/","url":"https:\/\/boehme-kunststoff.de\/fr\/produits\/feuilles-ptfe-virginales\/","name":"Feuilles PTFE virginales - B\u00f6hme Kunststofftechnik","isPartOf":{"@id":"https:\/\/boehme-kunststoff.de\/fr\/#website"},"datePublished":"2026-03-02T05:13:24+00:00","dateModified":"2026-03-30T05:26:33+00:00","description":"FEUILLES PTFE VIRGINALES","breadcrumb":{"@id":"https:\/\/boehme-kunststoff.de\/fr\/produits\/feuilles-ptfe-virginales\/#breadcrumb"},"inLanguage":"fr-FR","potentialAction":[{"@type":"ReadAction","target":["https:\/\/boehme-kunststoff.de\/fr\/produits\/feuilles-ptfe-virginales\/"]}]},{"@type":"BreadcrumbList","@id":"https:\/\/boehme-kunststoff.de\/fr\/produits\/feuilles-ptfe-virginales\/#breadcrumb","itemListElement":[{"@type":"ListItem","position":1,"name":"Startseite","item":"https:\/\/boehme-kunststoff.de\/fr\/"},{"@type":"ListItem","position":2,"name":"Produits","item":"https:\/\/boehme-kunststoff.de\/fr\/produits\/"},{"@type":"ListItem","position":3,"name":"Feuilles PTFE virginales"}]},{"@type":"WebSite","@id":"https:\/\/boehme-kunststoff.de\/fr\/#website","url":"https:\/\/boehme-kunststoff.de\/fr\/","name":"Transportb\u00e4nder vom Hersteller","description":"Transportb\u00e4nder vom Hersteller","potentialAction":[{"@type":"SearchAction","target":{"@type":"EntryPoint","urlTemplate":"https:\/\/boehme-kunststoff.de\/fr\/?s={search_term_string}"},"query-input":{"@type":"PropertyValueSpecification","valueRequired":true,"valueName":"search_term_string"}}],"inLanguage":"fr-FR"}]}},"_links":{"self":[{"href":"https:\/\/boehme-kunststoff.de\/fr\/wp-json\/wp\/v2\/pages\/56507","targetHints":{"allow":["GET"]}}],"collection":[{"href":"https:\/\/boehme-kunststoff.de\/fr\/wp-json\/wp\/v2\/pages"}],"about":[{"href":"https:\/\/boehme-kunststoff.de\/fr\/wp-json\/wp\/v2\/types\/page"}],"author":[{"embeddable":true,"href":"https:\/\/boehme-kunststoff.de\/fr\/wp-json\/wp\/v2\/users\/3"}],"replies":[{"embeddable":true,"href":"https:\/\/boehme-kunststoff.de\/fr\/wp-json\/wp\/v2\/comments?post=56507"}],"version-history":[{"count":6,"href":"https:\/\/boehme-kunststoff.de\/fr\/wp-json\/wp\/v2\/pages\/56507\/revisions"}],"predecessor-version":[{"id":57553,"href":"https:\/\/boehme-kunststoff.de\/fr\/wp-json\/wp\/v2\/pages\/56507\/revisions\/57553"}],"up":[{"embeddable":true,"href":"https:\/\/boehme-kunststoff.de\/fr\/wp-json\/wp\/v2\/pages\/56417"}],"wp:attachment":[{"href":"https:\/\/boehme-kunststoff.de\/fr\/wp-json\/wp\/v2\/media?parent=56507"}],"curies":[{"name":"wp","href":"https:\/\/api.w.org\/{rel}","templated":true}]}}