{"id":56535,"date":"2026-03-02T06:15:08","date_gmt":"2026-03-02T05:15:08","guid":{"rendered":"https:\/\/boehme-kunststoff.de\/produits\/ptfe-schweissfolien\/"},"modified":"2026-03-30T07:34:41","modified_gmt":"2026-03-30T05:34:41","slug":"feuilles-ptfe-en-differentes-qualites","status":"publish","type":"page","link":"https:\/\/boehme-kunststoff.de\/fr\/produits\/feuilles-ptfe-en-differentes-qualites\/","title":{"rendered":"Feuilles PTFE en diff\u00e9rentes qualit\u00e9s"},"content":{"rendered":"<p>[et_pb_section fb_built=\u00a0\u00bb1&Prime; module_class=\u00a0\u00bbmain_secondary_section padding_top_bottom\u00a0\u00bb _builder_version=\u00a0\u00bb4.27.6&Prime; _module_preset=\u00a0\u00bbdefault\u00a0\u00bb locked=\u00a0\u00bboff\u00a0\u00bb global_colors_info=\u00a0\u00bb{}\u00a0\u00bb][et_pb_row _builder_version=\u00a0\u00bb4.27.6&Prime; _module_preset=\u00a0\u00bbdefault\u00a0\u00bb background_image=\u00a0\u00bbhttps:\/\/boehme-kunststoff.de\/wp-content\/uploads\/2026\/03\/teaser_ptfe_sfo-301a9685.webp\u00a0\u00bb background_position=\u00a0\u00bbcenter_right\u00a0\u00bb custom_padding=\u00a0\u00bb209px|||||\u00a0\u00bb global_colors_info=\u00a0\u00bb{}\u00a0\u00bb][et_pb_column type=\u00a0\u00bb4_4&Prime; _builder_version=\u00a0\u00bb4.27.6&Prime; _module_preset=\u00a0\u00bbdefault\u00a0\u00bb global_colors_info=\u00a0\u00bb{}\u00a0\u00bb][\/et_pb_column][\/et_pb_row][\/et_pb_section][et_pb_section fb_built=\u00a0\u00bb1&Prime; module_class=\u00a0\u00bbpadding_bottom\u00a0\u00bb _builder_version=\u00a0\u00bb4.27.6&Prime; _module_preset=\u00a0\u00bbdefault\u00a0\u00bb locked=\u00a0\u00bboff\u00a0\u00bb global_colors_info=\u00a0\u00bb{}\u00a0\u00bb][et_pb_row module_class=\u00a0\u00bbrounded_top \u00a0\u00bb _builder_version=\u00a0\u00bb4.27.6&Prime; _module_preset=\u00a0\u00bbdefault\u00a0\u00bb global_colors_info=\u00a0\u00bb{}\u00a0\u00bb][et_pb_column type=\u00a0\u00bb4_4&Prime; _builder_version=\u00a0\u00bb4.27.6&Prime; _module_preset=\u00a0\u00bbdefault\u00a0\u00bb global_colors_info=\u00a0\u00bb{}\u00a0\u00bb][et_pb_heading title=\u00a0\u00bbFeuilles PTFE en diff\u00e9rentes qualit\u00e9s\u00a0\u00bb module_class=\u00a0\u00bbcommon_htags mb10&Prime; _builder_version=\u00a0\u00bb4.27.6&Prime; _module_preset=\u00a0\u00bbdefault\u00a0\u00bb global_colors_info=\u00a0\u00bb{}\u00a0\u00bb][\/et_pb_heading][et_pb_heading title=\u00a0\u00bbFeuilles PTFE de haute qualit\u00e9 du fabricant exp\u00e9riment\u00e9\u00a0\u00bb module_class=\u00a0\u00bbcommon_htags mb10 uppercase\u00a0\u00bb _builder_version=\u00a0\u00bb4.27.6&Prime; _module_preset=\u00a0\u00bbdefault\u00a0\u00bb title_level=\u00a0\u00bbh2&Prime; global_colors_info=\u00a0\u00bb{}\u00a0\u00bb][\/et_pb_heading][\/et_pb_column][\/et_pb_row][et_pb_row column_structure=\u00a0\u00bb2_3,1_3&Prime; use_custom_gutter=\u00a0\u00bbon\u00a0\u00bb gutter_width=\u00a0\u00bb3&Prime; module_class=\u00a0\u00bbrounded_bottom \u00a0\u00bb _builder_version=\u00a0\u00bb4.27.6&Prime; _module_preset=\u00a0\u00bbdefault\u00a0\u00bb global_colors_info=\u00a0\u00bb{}\u00a0\u00bb][et_pb_column type=\u00a0\u00bb2_3&Prime; _builder_version=\u00a0\u00bb4.27.6&Prime; _module_preset=\u00a0\u00bbdefault\u00a0\u00bb global_colors_info=\u00a0\u00bb{}\u00a0\u00bb][et_pb_text module_class=\u00a0\u00bbfonts_20&Prime; _builder_version=\u00a0\u00bb4.27.6&Prime; _module_preset=\u00a0\u00bbdefault\u00a0\u00bb global_colors_info=\u00a0\u00bb{}\u00a0\u00bb]<\/p>\n<p>Lors du soudage de profil\u00e9s en PVC, une feuille de soudure en PTFE vous offre un support id\u00e9al. Gr\u00e2ce \u00e0 ses propri\u00e9t\u00e9s anti-adh\u00e9sives et \u00e0 sa r\u00e9sistance thermique \u00e9lev\u00e9e jusqu\u2019\u00e0 plus de 260\u00b0C, le film PTFE emp\u00eache le PVC fondu de se coller pendant le processus d\u2019ajustement et de chauffage.<\/p>\n<p>Nous vous proposons les films de soudage pratiques dans quatre excellentes qualit\u00e9s avec de diff\u00e9rents mod\u00e8les, comme par exemple des feuilles pr\u00e9-decoup\u00e9es, cousues, des manchons ou des pochettes; aussi des mod\u00e8les autoadh\u00e9sifs unilat\u00e9raux.<\/p>\n<p>Nous produisons des feuilles pr\u00eates \u00e0 l\u2019emploi pour toutes les soudeuses et fabriquons \u00e9galement des feuilles dans des dimensions compl\u00e8tement individuelles (par exemple pour le soudage des traverses).<\/p>\n<p>[\/et_pb_text][\/et_pb_column][et_pb_column type=\u00a0\u00bb1_3&Prime; _builder_version=\u00a0\u00bb4.27.6&Prime; _module_preset=\u00a0\u00bbdefault\u00a0\u00bb global_colors_info=\u00a0\u00bb{}\u00a0\u00bb][et_pb_toggle title=\u00a0\u00bbLes avantages de nos feuilles ptfe: excellents r\u00e9sultats de soudage et rentabilit\u00e9 remarquable.\u00a0\u00bb module_class=\u00a0\u00bbprodukt_toggle mb20&Prime; _builder_version=\u00a0\u00bb4.27.6&Prime; _module_preset=\u00a0\u00bbdefault\u00a0\u00bb hover_enabled=\u00a0\u00bb0&Prime; global_colors_info=\u00a0\u00bb{}\u00a0\u00bb title_level=\u00a0\u00bbh3&Prime; sticky_enabled=\u00a0\u00bb0&Prime;]<\/p>\n<p>Votre satisfaction est notre revendication! C\u2019est pourquoi nous d\u00e9veloppons et produisons uniquement des produits de qualit\u00e9 caract\u00e9ris\u00e9s par leurs avantages, leur efficacit\u00e9 et leur rentabilit\u00e9. En \u00e9troite coordination avec de nombreux services de conseil, les fabricants de profil\u00e9s et les fabricants de machines \u00e0 souder, nous d\u00e9terminons vos exigences et vos besoins et nous d\u00e9veloppons les films de soudage de haute qualit\u00e9 adapt\u00e9s \u00e0 vos besoins. Nous respectons toutes les exigences de qualit\u00e9 ainsi que les r\u00e9glements l\u00e9gaux. Nos films PTFE garantissent une haute qualit\u00e9 de vos produits gr\u00e2ce \u00e0 une r\u00e9sistance \u00e9lev\u00e9e des angles, \u00e0 de meilleurs r\u00e9sultats de soudage et \u00e0 une efficacit\u00e9 accrue gr\u00e2ce \u00e0 une longue dur\u00e9e de vie.<\/p>\n<p>Vous avez des questions ou vous souhaitez une solution compl\u00e8tement individuelle? Nous sommes heureux de vous conseiller! Contactez nous. Nous venons aussi \u00e0 vous et discutons de vos id\u00e9es et vos imaginations dans vos locaux.<\/p>\n<p>[\/et_pb_toggle][et_pb_toggle title=\u00a0\u00bbB\u00f6hme-Kunststofftechnik propose\u00a0\u00bb module_class=\u00a0\u00bbprodukt_toggle mb20 custom_listTrue\u00a0\u00bb _builder_version=\u00a0\u00bb4.27.6&Prime; _module_preset=\u00a0\u00bbdefault\u00a0\u00bb hover_enabled=\u00a0\u00bb0&Prime; global_colors_info=\u00a0\u00bb{}\u00a0\u00bb title_level=\u00a0\u00bbh3&Prime; sticky_enabled=\u00a0\u00bb0&Prime;]<\/p>\n<ul>\n<li>4 excellentes qualit\u00e9s<\/li>\n<li>Des produits performants<\/li>\n<li>Proximit\u00e9 du client<\/li>\n<li>R\u00e9seau international de clients<\/li>\n<li>Confection B\u00f6hme \u201eMade in EU \u00bb<\/li>\n<li>DIN EN ISO 9001:2015<\/li>\n<li>Comp\u00e9tence technique<\/li>\n<\/ul>\n<p>[\/et_pb_toggle][et_pb_toggle title=\u00a0\u00bbVos avantages\u00a0\u00bb module_class=\u00a0\u00bbprodukt_toggle custom_listTrue mb20&Prime; _builder_version=\u00a0\u00bb4.27.6&Prime; _module_preset=\u00a0\u00bbdefault\u00a0\u00bb hover_enabled=\u00a0\u00bb0&Prime; global_colors_info=\u00a0\u00bb{}\u00a0\u00bb title_level=\u00a0\u00bbh3&Prime; sticky_enabled=\u00a0\u00bb0&Prime;]<\/p>\n<ul>\n<li>Qualit\u00e9 optimale de vos fen\u00eatres gr\u00e2ce \u00e0 une bonne r\u00e9sistance des angles<\/li>\n<li>Excellents r\u00e9sultats de soudage<\/li>\n<li>Efficacit\u00e9 accrue gr\u00e2ce \u00e0 la longue dur\u00e9e de vie des films<\/li>\n<li>La satisfaction par des solutions individuelles<\/li>\n<li>Une coop\u00e9ration partenariale<\/li>\n<\/ul>\n<p>[\/et_pb_toggle][et_pb_toggle title=\u00a0\u00bbNettoyage\u00a0\u00bb module_class=\u00a0\u00bbprodukt_toggle mb20&Prime; _builder_version=\u00a0\u00bb4.27.6&Prime; _module_preset=\u00a0\u00bbdefault\u00a0\u00bb custom_padding=\u00a0\u00bb|2px||||\u00a0\u00bb hover_enabled=\u00a0\u00bb0&Prime; locked=\u00a0\u00bboff\u00a0\u00bb global_colors_info=\u00a0\u00bb{}\u00a0\u00bb title_level=\u00a0\u00bbh3&Prime; sticky_enabled=\u00a0\u00bb0&Prime;]<\/p>\n<p>Pour augmenter la durabilit\u00e9 de vos feuilles PTFE, nous vous proposons notre B\u00f6hme-Raclette\u00ae<\/p>\n<div class=\"toggle_btn\"><a href=\"https:\/\/boehme-kunststoff.de\/fr\/produits\/le-nettoyant-des-feuilles-ptfe\/\">Zur Produktinformation B\u00f6hme-Raclette\u00ae<\/a><\/div>\n<p>[\/et_pb_toggle][\/et_pb_column][\/et_pb_row][\/et_pb_section][et_pb_section fb_built=\u00a0\u00bb1&Prime; module_class=\u00a0\u00bbpadding_bottom\u00a0\u00bb _builder_version=\u00a0\u00bb4.27.6&Prime; _module_preset=\u00a0\u00bbdefault\u00a0\u00bb locked=\u00a0\u00bboff\u00a0\u00bb global_colors_info=\u00a0\u00bb{}\u00a0\u00bb][et_pb_row make_equal=\u00a0\u00bbon\u00a0\u00bb module_class=\u00a0\u00bbpt0 pb0&Prime; _builder_version=\u00a0\u00bb4.27.6&Prime; _module_preset=\u00a0\u00bbdefault\u00a0\u00bb global_colors_info=\u00a0\u00bb{}\u00a0\u00bb][et_pb_column type=\u00a0\u00bb4_4&Prime; module_class=\u00a0\u00bbmb0&Prime; _builder_version=\u00a0\u00bb4.27.6&Prime; _module_preset=\u00a0\u00bbdefault\u00a0\u00bb global_colors_info=\u00a0\u00bb{}\u00a0\u00bb][et_pb_heading title=\u00a0\u00bbFeuilles PTFE en diff\u00e9rentes qualit\u00e9s\u00a0\u00bb module_class=\u00a0\u00bbcommon_htags mb0 bohme_heading right_border\u00a0\u00bb _builder_version=\u00a0\u00bb4.27.6&Prime; _module_preset=\u00a0\u00bbdefault\u00a0\u00bb title_level=\u00a0\u00bbh2&Prime; global_colors_info=\u00a0\u00bb{}\u00a0\u00bb][\/et_pb_heading][\/et_pb_column][\/et_pb_row][\/et_pb_section][et_pb_section fb_built=\u00a0\u00bb1&Prime; module_class=\u00a0\u00bbpadding_bottom\u00a0\u00bb _builder_version=\u00a0\u00bb4.27.6&Prime; _module_preset=\u00a0\u00bbdefault\u00a0\u00bb global_colors_info=\u00a0\u00bb{}\u00a0\u00bb][et_pb_row module_class=\u00a0\u00bbptfe_slider pt0 pb0&Prime; _builder_version=\u00a0\u00bb4.27.6&Prime; _module_preset=\u00a0\u00bbdefault\u00a0\u00bb global_colors_info=\u00a0\u00bb{}\u00a0\u00bb][et_pb_column type=\u00a0\u00bb4_4&Prime; module_class=\u00a0\u00bbvideo_carsol_block\u00a0\u00bb _builder_version=\u00a0\u00bb4.27.6&Prime; _module_preset=\u00a0\u00bbdefault\u00a0\u00bb global_colors_info=\u00a0\u00bb{}\u00a0\u00bb][et_pb_blurb title=\u00a0\u00bbStandard Marron\u00a0\u00bb image=\u00a0\u00bbhttps:\/\/boehme-kunststoff.de\/wp-content\/uploads\/2026\/03\/slide2.png\u00a0\u00bb module_class=\u00a0\u00bbptfe_blurb\u00a0\u00bb _builder_version=\u00a0\u00bb4.27.6&Prime; _module_preset=\u00a0\u00bbdefault\u00a0\u00bb hover_enabled=\u00a0\u00bb0&Prime; global_colors_info=\u00a0\u00bb{}\u00a0\u00bb header_level=\u00a0\u00bbh3&Prime; sticky_enabled=\u00a0\u00bb0&Prime;]<\/p>\n<ul>\n<li>Tissu standard<\/li>\n<li>\u00c9paisseurs d\u2019environ 0,13 mm, 0,15 mm et 0,25 mm<\/li>\n<li>Teneur en PTFE suivant l\u2019\u00e9paisseur &lt; 65%<\/li>\n<li>R\u00e9sistance \u00e0 la temp\u00e9rature jusqu\u2019\u00e0 +260\u00b0C<\/li>\n<\/ul>\n<p>[\/et_pb_blurb][et_pb_blurb title=\u00a0\u00bbPremium Marron\u00a0\u00bb image=\u00a0\u00bbhttps:\/\/boehme-kunststoff.de\/wp-content\/uploads\/2026\/03\/slide1.png\u00a0\u00bb module_class=\u00a0\u00bbptfe_blurb\u00a0\u00bb _builder_version=\u00a0\u00bb4.27.6&Prime; _module_preset=\u00a0\u00bbdefault\u00a0\u00bb hover_enabled=\u00a0\u00bb0&Prime; global_colors_info=\u00a0\u00bb{}\u00a0\u00bb header_level=\u00a0\u00bbh3&Prime; sticky_enabled=\u00a0\u00bb0&Prime;]<\/p>\n<ul>\n<li>tissu sp\u00e9cial<\/li>\n<li>\u00c9paisseur d\u2019environ. 0,15 mm<\/li>\n<li>Teneur en PTFE suivant l\u2019\u00e9paisseur &gt; 65%<\/li>\n<li>R\u00e9sistance \u00e0 la temp\u00e9rature jusqu\u2019\u00e0 +260\u00b0C<\/li>\n<\/ul>\n<p>[\/et_pb_blurb][et_pb_blurb title=\u00a0\u00bbB\u00f6hme-Expert 2.0\u00ae\u00a0\u00bb image=\u00a0\u00bbhttps:\/\/boehme-kunststoff.de\/wp-content\/uploads\/2026\/03\/slide3.png\u00a0\u00bb module_class=\u00a0\u00bbptfe_blurb\u00a0\u00bb _builder_version=\u00a0\u00bb4.27.6&Prime; _module_preset=\u00a0\u00bbdefault\u00a0\u00bb hover_enabled=\u00a0\u00bb0&Prime; global_colors_info=\u00a0\u00bb{}\u00a0\u00bb header_level=\u00a0\u00bbh3&Prime; sticky_enabled=\u00a0\u00bb0&Prime;]<\/p>\n<ul>\n<li>Lamin\u00e9e + lamin\u00e9 en PTFE<\/li>\n<li>Epaisseur env. 0,17 mm<\/li>\n<li>Teneur en PTFE &gt;65%<\/li>\n<li>Traitement sp\u00e9cial de surface<\/li>\n<li>Dur\u00e9e de vie extr\u00eame<\/li>\n<\/ul>\n<p>[\/et_pb_blurb][et_pb_blurb title=\u00a0\u00bbB\u00f6hme-Superior 3.0\u00ae\u00a0\u00bb image=\u00a0\u00bbhttps:\/\/boehme-kunststoff.de\/wp-content\/uploads\/2026\/03\/slide4.png\u00a0\u00bb module_class=\u00a0\u00bbptfe_blurb\u00a0\u00bb _builder_version=\u00a0\u00bb4.27.6&Prime; _module_preset=\u00a0\u00bbdefault\u00a0\u00bb hover_enabled=\u00a0\u00bb0&Prime; global_colors_info=\u00a0\u00bb{}\u00a0\u00bb header_level=\u00a0\u00bbh3&Prime; sticky_enabled=\u00a0\u00bb0&Prime;]<\/p>\n<ul>\n<li>Tissu standard<\/li>\n<li>\u00c9paisseurs d\u2019environ 0,13 mm, 0,15 mm et 0,25 mm<\/li>\n<li>Teneur en PTFE suivant l\u2019\u00e9paisseur &lt; 65%<\/li>\n<li>R\u00e9sistance \u00e0 la temp\u00e9rature jusqu\u2019\u00e0 +260\u00b0C<\/li>\n<\/ul>\n<p>[\/et_pb_blurb][\/et_pb_column][\/et_pb_row][\/et_pb_section][et_pb_section fb_built=\u00a0\u00bb1&Prime; module_class=\u00a0\u00bbpadding_bottom\u00a0\u00bb _builder_version=\u00a0\u00bb4.27.6&Prime; _module_preset=\u00a0\u00bbdefault\u00a0\u00bb locked=\u00a0\u00bboff\u00a0\u00bb global_colors_info=\u00a0\u00bb{}\u00a0\u00bb][et_pb_row column_structure=\u00a0\u00bb1_2,1_2&Prime; make_equal=\u00a0\u00bbon\u00a0\u00bb module_class=\u00a0\u00bbbg_white kontaktie_sec_row\u00a0\u00bb _builder_version=\u00a0\u00bb4.27.6&Prime; _module_preset=\u00a0\u00bbdefault\u00a0\u00bb global_colors_info=\u00a0\u00bb{}\u00a0\u00bb][et_pb_column type=\u00a0\u00bb1_2&Prime; _builder_version=\u00a0\u00bb4.27.6&Prime; _module_preset=\u00a0\u00bbdefault\u00a0\u00bb global_colors_info=\u00a0\u00bb{}\u00a0\u00bb][et_pb_heading title=\u00a0\u00bbContactez-nous !\u00a0\u00bb module_class=\u00a0\u00bbcommon_htags mb10&Prime; _builder_version=\u00a0\u00bb4.27.6&Prime; _module_preset=\u00a0\u00bbdefault\u00a0\u00bb title_level=\u00a0\u00bbh3&Prime; global_colors_info=\u00a0\u00bb{}\u00a0\u00bb][\/et_pb_heading][et_pb_text module_class=\u00a0\u00bbfonts_20&Prime; _builder_version=\u00a0\u00bb4.27.6&Prime; _module_preset=\u00a0\u00bbdefault\u00a0\u00bb global_colors_info=\u00a0\u00bb{}\u00a0\u00bb]<\/p>\n<p>Vous avez des questions sur nos produits, sur des r\u00e9alisations individuelles, sur notre assurance qualit\u00e9 ou vous souhaitez obtenir des conseils ?<\/p>\n<p>[\/et_pb_text][et_pb_blurb title=\u00a0\u00bbAnne-Katarina Meincke\u00a0\u00bb url=\u00a0\u00bb\/kontakt\/\u00a0\u00bb image=\u00a0\u00bbhttps:\/\/boehme-kunststoff.de\/wp-content\/uploads\/2026\/03\/oaqdlhgeramm8r42e3-1.png\u00a0\u00bb icon_placement=\u00a0\u00bbleft\u00a0\u00bb module_class=\u00a0\u00bbkontaktie_blurb kontakti_icon\u00a0\u00bb _builder_version=\u00a0\u00bb4.27.6&Prime; _module_preset=\u00a0\u00bbdefault\u00a0\u00bb hover_enabled=\u00a0\u00bb0&Prime; global_colors_info=\u00a0\u00bb{}\u00a0\u00bb header_level=\u00a0\u00bbh3&Prime; sticky_enabled=\u00a0\u00bb0&Prime;][\/et_pb_blurb][\/et_pb_column][et_pb_column type=\u00a0\u00bb1_2&Prime; _builder_version=\u00a0\u00bb4.27.6&Prime; _module_preset=\u00a0\u00bbdefault\u00a0\u00bb global_colors_info=\u00a0\u00bb{}\u00a0\u00bb][et_pb_blurb title=\u00a0\u00bb04151 \/ 88 00 -16&Prime; url=\u00a0\u00bbtel:04151880016&Prime; image=\u00a0\u00bbhttps:\/\/boehme-kunststoff.de\/wp-content\/uploads\/2026\/03\/vhyxiyhxr1gmm8qt0bg-1.png\u00a0\u00bb icon_placement=\u00a0\u00bbleft\u00a0\u00bb module_class=\u00a0\u00bbkontaktie_blurb mb20&Prime; _builder_version=\u00a0\u00bb4.27.6&Prime; _module_preset=\u00a0\u00bbdefault\u00a0\u00bb hover_enabled=\u00a0\u00bb0&Prime; global_colors_info=\u00a0\u00bb{}\u00a0\u00bb header_level=\u00a0\u00bbh3&Prime; sticky_enabled=\u00a0\u00bb0&Prime;][\/et_pb_blurb][et_pb_blurb title=\u00a0\u00bbmeincke@boehme-kunststoff.de\u00a0\u00bb url=\u00a0\u00bbmailto:meincke@boehme-kunststoff.de\u00a0\u00bb image=\u00a0\u00bbhttps:\/\/boehme-kunststoff.de\/wp-content\/uploads\/2026\/03\/Vector.png\u00a0\u00bb icon_placement=\u00a0\u00bbleft\u00a0\u00bb module_class=\u00a0\u00bbkontaktie_blurb \u00a0\u00bb _builder_version=\u00a0\u00bb4.27.6&Prime; _module_preset=\u00a0\u00bbdefault\u00a0\u00bb hover_enabled=\u00a0\u00bb0&Prime; global_colors_info=\u00a0\u00bb{}\u00a0\u00bb header_level=\u00a0\u00bbh3&Prime; sticky_enabled=\u00a0\u00bb0&Prime;][\/et_pb_blurb][\/et_pb_column][\/et_pb_row][\/et_pb_section]<\/p>\n","protected":false},"excerpt":{"rendered":"<p>Lors du soudage de profil\u00e9s en PVC, une feuille de soudure en PTFE vous offre un support id\u00e9al. Gr\u00e2ce \u00e0 ses propri\u00e9t\u00e9s anti-adh\u00e9sives et \u00e0 sa r\u00e9sistance thermique \u00e9lev\u00e9e jusqu\u2019\u00e0 plus de 260\u00b0C, le film PTFE emp\u00eache le PVC fondu de se coller pendant le processus d\u2019ajustement et de chauffage. Nous vous proposons les films [&hellip;]<\/p>\n","protected":false},"author":3,"featured_media":0,"parent":56417,"menu_order":0,"comment_status":"closed","ping_status":"closed","template":"","meta":{"_et_pb_use_builder":"on","_et_pb_old_content":"","_et_gb_content_width":"","footnotes":""},"class_list":["post-56535","page","type-page","status-publish","hentry"],"yoast_head":"<!-- This site is optimized with the Yoast SEO plugin v27.3 - https:\/\/yoast.com\/product\/yoast-seo-wordpress\/ -->\n<title>Feuilles PTFE - B\u00f6hme Kunststofftechnik<\/title>\n<meta name=\"description\" content=\"FEUILLES PTFE EN DIFF\u00c9RENTES QUALIT\u00c9S\" \/>\n<meta name=\"robots\" content=\"index, follow, max-snippet:-1, max-image-preview:large, max-video-preview:-1\" \/>\n<link rel=\"canonical\" href=\"https:\/\/boehme-kunststoff.de\/fr\/produits\/feuilles-ptfe-en-differentes-qualites\/\" \/>\n<meta property=\"og:locale\" content=\"fr_FR\" \/>\n<meta property=\"og:type\" content=\"article\" \/>\n<meta property=\"og:title\" content=\"Feuilles PTFE - B\u00f6hme Kunststofftechnik\" \/>\n<meta property=\"og:description\" content=\"FEUILLES PTFE EN DIFF\u00c9RENTES QUALIT\u00c9S\" \/>\n<meta property=\"og:url\" content=\"https:\/\/boehme-kunststoff.de\/fr\/produits\/feuilles-ptfe-en-differentes-qualites\/\" \/>\n<meta property=\"og:site_name\" content=\"Transportb\u00e4nder vom Hersteller\" \/>\n<meta property=\"article:modified_time\" content=\"2026-03-30T05:34:41+00:00\" \/>\n<meta name=\"twitter:card\" content=\"summary_large_image\" \/>\n<meta name=\"twitter:label1\" content=\"Dur\u00e9e de lecture estim\u00e9e\" \/>\n\t<meta name=\"twitter:data1\" content=\"4 minutes\" \/>\n<script type=\"application\/ld+json\" class=\"yoast-schema-graph\">{\"@context\":\"https:\\\/\\\/schema.org\",\"@graph\":[{\"@type\":\"WebPage\",\"@id\":\"https:\\\/\\\/boehme-kunststoff.de\\\/fr\\\/produits\\\/feuilles-ptfe-en-differentes-qualites\\\/\",\"url\":\"https:\\\/\\\/boehme-kunststoff.de\\\/fr\\\/produits\\\/feuilles-ptfe-en-differentes-qualites\\\/\",\"name\":\"Feuilles PTFE - B\u00f6hme Kunststofftechnik\",\"isPartOf\":{\"@id\":\"https:\\\/\\\/boehme-kunststoff.de\\\/fr\\\/#website\"},\"datePublished\":\"2026-03-02T05:15:08+00:00\",\"dateModified\":\"2026-03-30T05:34:41+00:00\",\"description\":\"FEUILLES PTFE EN DIFF\u00c9RENTES QUALIT\u00c9S\",\"breadcrumb\":{\"@id\":\"https:\\\/\\\/boehme-kunststoff.de\\\/fr\\\/produits\\\/feuilles-ptfe-en-differentes-qualites\\\/#breadcrumb\"},\"inLanguage\":\"fr-FR\",\"potentialAction\":[{\"@type\":\"ReadAction\",\"target\":[\"https:\\\/\\\/boehme-kunststoff.de\\\/fr\\\/produits\\\/feuilles-ptfe-en-differentes-qualites\\\/\"]}]},{\"@type\":\"BreadcrumbList\",\"@id\":\"https:\\\/\\\/boehme-kunststoff.de\\\/fr\\\/produits\\\/feuilles-ptfe-en-differentes-qualites\\\/#breadcrumb\",\"itemListElement\":[{\"@type\":\"ListItem\",\"position\":1,\"name\":\"Startseite\",\"item\":\"https:\\\/\\\/boehme-kunststoff.de\\\/fr\\\/\"},{\"@type\":\"ListItem\",\"position\":2,\"name\":\"Produits\",\"item\":\"https:\\\/\\\/boehme-kunststoff.de\\\/fr\\\/produits\\\/\"},{\"@type\":\"ListItem\",\"position\":3,\"name\":\"Feuilles PTFE en diff\u00e9rentes qualit\u00e9s\"}]},{\"@type\":\"WebSite\",\"@id\":\"https:\\\/\\\/boehme-kunststoff.de\\\/fr\\\/#website\",\"url\":\"https:\\\/\\\/boehme-kunststoff.de\\\/fr\\\/\",\"name\":\"Transportb\u00e4nder vom Hersteller\",\"description\":\"Transportb\u00e4nder vom Hersteller\",\"potentialAction\":[{\"@type\":\"SearchAction\",\"target\":{\"@type\":\"EntryPoint\",\"urlTemplate\":\"https:\\\/\\\/boehme-kunststoff.de\\\/fr\\\/?s={search_term_string}\"},\"query-input\":{\"@type\":\"PropertyValueSpecification\",\"valueRequired\":true,\"valueName\":\"search_term_string\"}}],\"inLanguage\":\"fr-FR\"}]}<\/script>\n<!-- \/ Yoast SEO plugin. -->","yoast_head_json":{"title":"Feuilles PTFE - B\u00f6hme Kunststofftechnik","description":"FEUILLES PTFE EN DIFF\u00c9RENTES QUALIT\u00c9S","robots":{"index":"index","follow":"follow","max-snippet":"max-snippet:-1","max-image-preview":"max-image-preview:large","max-video-preview":"max-video-preview:-1"},"canonical":"https:\/\/boehme-kunststoff.de\/fr\/produits\/feuilles-ptfe-en-differentes-qualites\/","og_locale":"fr_FR","og_type":"article","og_title":"Feuilles PTFE - B\u00f6hme Kunststofftechnik","og_description":"FEUILLES PTFE EN DIFF\u00c9RENTES QUALIT\u00c9S","og_url":"https:\/\/boehme-kunststoff.de\/fr\/produits\/feuilles-ptfe-en-differentes-qualites\/","og_site_name":"Transportb\u00e4nder vom Hersteller","article_modified_time":"2026-03-30T05:34:41+00:00","twitter_card":"summary_large_image","twitter_misc":{"Dur\u00e9e de lecture estim\u00e9e":"4 minutes"},"schema":{"@context":"https:\/\/schema.org","@graph":[{"@type":"WebPage","@id":"https:\/\/boehme-kunststoff.de\/fr\/produits\/feuilles-ptfe-en-differentes-qualites\/","url":"https:\/\/boehme-kunststoff.de\/fr\/produits\/feuilles-ptfe-en-differentes-qualites\/","name":"Feuilles PTFE - B\u00f6hme Kunststofftechnik","isPartOf":{"@id":"https:\/\/boehme-kunststoff.de\/fr\/#website"},"datePublished":"2026-03-02T05:15:08+00:00","dateModified":"2026-03-30T05:34:41+00:00","description":"FEUILLES PTFE EN DIFF\u00c9RENTES QUALIT\u00c9S","breadcrumb":{"@id":"https:\/\/boehme-kunststoff.de\/fr\/produits\/feuilles-ptfe-en-differentes-qualites\/#breadcrumb"},"inLanguage":"fr-FR","potentialAction":[{"@type":"ReadAction","target":["https:\/\/boehme-kunststoff.de\/fr\/produits\/feuilles-ptfe-en-differentes-qualites\/"]}]},{"@type":"BreadcrumbList","@id":"https:\/\/boehme-kunststoff.de\/fr\/produits\/feuilles-ptfe-en-differentes-qualites\/#breadcrumb","itemListElement":[{"@type":"ListItem","position":1,"name":"Startseite","item":"https:\/\/boehme-kunststoff.de\/fr\/"},{"@type":"ListItem","position":2,"name":"Produits","item":"https:\/\/boehme-kunststoff.de\/fr\/produits\/"},{"@type":"ListItem","position":3,"name":"Feuilles PTFE en diff\u00e9rentes qualit\u00e9s"}]},{"@type":"WebSite","@id":"https:\/\/boehme-kunststoff.de\/fr\/#website","url":"https:\/\/boehme-kunststoff.de\/fr\/","name":"Transportb\u00e4nder vom Hersteller","description":"Transportb\u00e4nder vom Hersteller","potentialAction":[{"@type":"SearchAction","target":{"@type":"EntryPoint","urlTemplate":"https:\/\/boehme-kunststoff.de\/fr\/?s={search_term_string}"},"query-input":{"@type":"PropertyValueSpecification","valueRequired":true,"valueName":"search_term_string"}}],"inLanguage":"fr-FR"}]}},"_links":{"self":[{"href":"https:\/\/boehme-kunststoff.de\/fr\/wp-json\/wp\/v2\/pages\/56535","targetHints":{"allow":["GET"]}}],"collection":[{"href":"https:\/\/boehme-kunststoff.de\/fr\/wp-json\/wp\/v2\/pages"}],"about":[{"href":"https:\/\/boehme-kunststoff.de\/fr\/wp-json\/wp\/v2\/types\/page"}],"author":[{"embeddable":true,"href":"https:\/\/boehme-kunststoff.de\/fr\/wp-json\/wp\/v2\/users\/3"}],"replies":[{"embeddable":true,"href":"https:\/\/boehme-kunststoff.de\/fr\/wp-json\/wp\/v2\/comments?post=56535"}],"version-history":[{"count":7,"href":"https:\/\/boehme-kunststoff.de\/fr\/wp-json\/wp\/v2\/pages\/56535\/revisions"}],"predecessor-version":[{"id":57563,"href":"https:\/\/boehme-kunststoff.de\/fr\/wp-json\/wp\/v2\/pages\/56535\/revisions\/57563"}],"up":[{"embeddable":true,"href":"https:\/\/boehme-kunststoff.de\/fr\/wp-json\/wp\/v2\/pages\/56417"}],"wp:attachment":[{"href":"https:\/\/boehme-kunststoff.de\/fr\/wp-json\/wp\/v2\/media?parent=56535"}],"curies":[{"name":"wp","href":"https:\/\/api.w.org\/{rel}","templated":true}]}}