{"id":56638,"date":"2026-03-02T06:11:06","date_gmt":"2026-03-02T05:11:06","guid":{"rendered":"https:\/\/boehme-kunststoff.de\/produits\/dauerbackfolie-mit-antihaftbeschichtung\/"},"modified":"2026-03-30T08:03:01","modified_gmt":"2026-03-30T06:03:01","slug":"feuilles-de-cuisson-a-usage-permanent","status":"publish","type":"page","link":"https:\/\/boehme-kunststoff.de\/fr\/produits\/feuilles-de-cuisson-a-usage-permanent\/","title":{"rendered":"Feuilles de cuisson \u00e0 usage permanent"},"content":{"rendered":"<p>[et_pb_section fb_built=\u00a0\u00bb1&Prime; module_class=\u00a0\u00bbmain_secondary_section padding_top_bottom\u00a0\u00bb _builder_version=\u00a0\u00bb4.27.6&Prime; _module_preset=\u00a0\u00bbdefault\u00a0\u00bb locked=\u00a0\u00bboff\u00a0\u00bb global_colors_info=\u00a0\u00bb{}\u00a0\u00bb][et_pb_row _builder_version=\u00a0\u00bb4.27.6&Prime; _module_preset=\u00a0\u00bbdefault\u00a0\u00bb background_image=\u00a0\u00bbhttps:\/\/boehme-kunststoff.de\/wp-content\/uploads\/2026\/03\/teaser_dauerbackfolie-537319d1.webp\u00a0\u00bb background_position=\u00a0\u00bbbottom_center\u00a0\u00bb custom_padding=\u00a0\u00bb209px|||||\u00a0\u00bb global_colors_info=\u00a0\u00bb{}\u00a0\u00bb][et_pb_column type=\u00a0\u00bb4_4&Prime; _builder_version=\u00a0\u00bb4.27.6&Prime; _module_preset=\u00a0\u00bbdefault\u00a0\u00bb global_colors_info=\u00a0\u00bb{}\u00a0\u00bb][\/et_pb_column][\/et_pb_row][\/et_pb_section][et_pb_section fb_built=\u00a0\u00bb1&Prime; module_class=\u00a0\u00bbpadding_bottom\u00a0\u00bb _builder_version=\u00a0\u00bb4.27.6&Prime; _module_preset=\u00a0\u00bbdefault\u00a0\u00bb locked=\u00a0\u00bboff\u00a0\u00bb global_colors_info=\u00a0\u00bb{}\u00a0\u00bb][et_pb_row column_structure=\u00a0\u00bb2_3,1_3&Prime; make_equal=\u00a0\u00bbon\u00a0\u00bb module_class=\u00a0\u00bbbg_white\u00a0\u00bb _builder_version=\u00a0\u00bb4.27.6&Prime; _module_preset=\u00a0\u00bbdefault\u00a0\u00bb global_colors_info=\u00a0\u00bb{}\u00a0\u00bb][et_pb_column type=\u00a0\u00bb2_3&Prime; module_class=\u00a0\u00bbmb0&Prime; _builder_version=\u00a0\u00bb4.27.6&Prime; _module_preset=\u00a0\u00bbdefault\u00a0\u00bb global_colors_info=\u00a0\u00bb{}\u00a0\u00bb][et_pb_heading title=\u00a0\u00bbFeuilles de cuisson \u00e0 usage permanent\u00a0\u00bb module_class=\u00a0\u00bbcommon_htags mb10&Prime; _builder_version=\u00a0\u00bb4.27.6&Prime; _module_preset=\u00a0\u00bbdefault\u00a0\u00bb global_colors_info=\u00a0\u00bb{}\u00a0\u00bb][\/et_pb_heading][et_pb_text module_class=\u00a0\u00bbfonts_20&Prime; _builder_version=\u00a0\u00bb4.27.6&Prime; _module_preset=\u00a0\u00bbdefault\u00a0\u00bb global_colors_info=\u00a0\u00bb{}\u00a0\u00bb]<\/p>\n<p>Les feuilles de cuisson de B\u00f6hme-Kunststofftechnik sonnt de plus en plus utiliser afin de remplacer les papiers jetables dans les m\u00e9nages et industries. Gr\u00e2ce \u00e0 un rev\u00eatement de PTFE (souvent appel\u00e9 \u201cTeflon\u00ae\u201d), elles ont d\u2019excellentes propri\u00e9t\u00e9s antiadh\u00e9sives et permettent de cuire sans graisse \u00e0 des temp\u00e9ratures allant jusqu\u2019\u00e0 260\u00b0C. Elles sont faciles \u00e0 nettoyer avec un chiffon et un peu de d\u00e9tergent, si n\u00e9cessaire, et peuvent \u00eatre r\u00e9utilis\u00e9es plusieurs fois.  Les feuilles de cuisson sont disponibles en plusieurs \u00e9paisseurs et dans presque toutes les formes et dimensions souhait\u00e9es.<\/p>\n<p>[\/et_pb_text][\/et_pb_column][et_pb_column type=\u00a0\u00bb1_3&Prime; _builder_version=\u00a0\u00bb4.27.6&Prime; _module_preset=\u00a0\u00bbdefault\u00a0\u00bb background_image=\u00a0\u00bbhttps:\/\/boehme-kunststoff.de\/wp-content\/uploads\/2026\/03\/dauerbackfolie-content-a6f05e73.webp\u00a0\u00bb background_size=\u00a0\u00bbcontain\u00a0\u00bb global_colors_info=\u00a0\u00bb{}\u00a0\u00bb][\/et_pb_column][\/et_pb_row][\/et_pb_section][et_pb_section fb_built=\u00a0\u00bb1&Prime; module_class=\u00a0\u00bbpadding_bottom\u00a0\u00bb _builder_version=\u00a0\u00bb4.27.6&Prime; _module_preset=\u00a0\u00bbdefault\u00a0\u00bb locked=\u00a0\u00bboff\u00a0\u00bb global_colors_info=\u00a0\u00bb{}\u00a0\u00bb][et_pb_row column_structure=\u00a0\u00bb2_5,3_5&Prime; use_custom_gutter=\u00a0\u00bbon\u00a0\u00bb gutter_width=\u00a0\u00bb1&Prime; make_equal=\u00a0\u00bbon\u00a0\u00bb module_class=\u00a0\u00bbpt0 pb0 verschi_row common_col_spacing_row\u00a0\u00bb _builder_version=\u00a0\u00bb4.27.6&Prime; _module_preset=\u00a0\u00bbdefault\u00a0\u00bb global_colors_info=\u00a0\u00bb{}\u00a0\u00bb][et_pb_column type=\u00a0\u00bb2_5&Prime; module_class=\u00a0\u00bbbg_white\u00a0\u00bb _builder_version=\u00a0\u00bb4.27.6&Prime; _module_preset=\u00a0\u00bbdefault\u00a0\u00bb global_colors_info=\u00a0\u00bb{}\u00a0\u00bb][et_pb_heading title=\u00a0\u00bbDiff\u00e9rents types de feuilles de cuisson permanentes\u00a0\u00bb module_class=\u00a0\u00bbcommon_htags mb10&Prime; _builder_version=\u00a0\u00bb4.27.6&Prime; _module_preset=\u00a0\u00bbdefault\u00a0\u00bb title_level=\u00a0\u00bbh2&Prime; hover_enabled=\u00a0\u00bb0&Prime; global_colors_info=\u00a0\u00bb{}\u00a0\u00bb sticky_enabled=\u00a0\u00bb0&Prime;][\/et_pb_heading][et_pb_code module_class=\u00a0\u00bbcustom_listStyle \u00a0\u00bb _builder_version=\u00a0\u00bb4.27.6&Prime; _module_preset=\u00a0\u00bbdefault\u00a0\u00bb hover_enabled=\u00a0\u00bb0&Prime; global_colors_info=\u00a0\u00bb{}\u00a0\u00bb sticky_enabled=\u00a0\u00bb0&Prime;]<\/p>\n<ul><!-- [et_pb_line_break_holder] -->  <\/p>\n<li>\n<h3>D\u00e9coupage et poin\u00e7onnage selon les sp\u00e9cifications individuelles pour vos plaques et tous les moules de four<\/h3>\n<\/li>\n<p><!-- [et_pb_line_break_holder] -->  <\/p>\n<li>\n<h3>Diff\u00e9rentes \u00e9paisseurs et couleurs<\/h3>\n<\/li>\n<p><!-- [et_pb_line_break_holder] -->  <\/p>\n<li>\n<h3>Conceptions autoadh\u00e9sives sur une face (pas de glissement, transfert de chaleur optimal<\/h3>\n<\/li>\n<p><!-- [et_pb_line_break_holder] -->  <\/p>\n<li>\n<h3>Tissu \u00e0 mailles ouvertes (meilleure circulation de la chaleur lors de l\u2019utilisation de plaques perfor\u00e9es)<\/h3>\n<\/li>\n<p><!-- [et_pb_line_break_holder] --><\/ul>\n<p>[\/et_pb_code][\/et_pb_column][et_pb_column type=\u00a0\u00bb3_5&Prime; module_class=\u00a0\u00bbbg_white\u00a0\u00bb _builder_version=\u00a0\u00bb4.27.6&Prime; _module_preset=\u00a0\u00bbdefault\u00a0\u00bb background_enable_image=\u00a0\u00bboff\u00a0\u00bb background_position=\u00a0\u00bbbottom_left\u00a0\u00bb global_colors_info=\u00a0\u00bb{}\u00a0\u00bb][et_pb_heading title=\u00a0\u00bbAvantages et caract\u00e9ristiques\u00a0\u00bb module_class=\u00a0\u00bbcommon_htags mb10&Prime; _builder_version=\u00a0\u00bb4.27.6&Prime; _module_preset=\u00a0\u00bbdefault\u00a0\u00bb title_level=\u00a0\u00bbh2&Prime; hover_enabled=\u00a0\u00bb0&Prime; locked=\u00a0\u00bboff\u00a0\u00bb global_colors_info=\u00a0\u00bb{}\u00a0\u00bb sticky_enabled=\u00a0\u00bb0&Prime;][\/et_pb_heading][et_pb_code module_class=\u00a0\u00bbcustom_listStyle \u00a0\u00bb _builder_version=\u00a0\u00bb4.27.6&Prime; _module_preset=\u00a0\u00bbdefault\u00a0\u00bb hover_enabled=\u00a0\u00bb0&Prime; locked=\u00a0\u00bboff\u00a0\u00bb global_colors_info=\u00a0\u00bb{}\u00a0\u00bb sticky_enabled=\u00a0\u00bb0&Prime;]<\/p>\n<ul><!-- [et_pb_line_break_holder] -->  <\/p>\n<li>\n<h3>lavables et r\u00e9utilisables<\/h3>\n<\/li>\n<p><!-- [et_pb_line_break_holder] -->  <\/p>\n<li>\n<h3>excellentes propri\u00e9t\u00e9s antiadh\u00e9sives<\/h3>\n<\/li>\n<p><!-- [et_pb_line_break_holder] -->  <\/p>\n<li>\n<h3>cuisson sans graisse<\/h3>\n<\/li>\n<p><!-- [et_pb_line_break_holder] -->  <\/p>\n<li>\n<h3>convient \u00e0 toutes les plaques et tous les moules de four<\/h3>\n<\/li>\n<p><!-- [et_pb_line_break_holder] -->  <\/p>\n<li>\n<h3>adapt\u00e9es aux micro-ondes<\/h3>\n<\/li>\n<p><!-- [et_pb_line_break_holder] -->  <\/p>\n<li>\n<h3>absolument inodores et sans saveur<\/h3>\n<\/li>\n<p><!-- [et_pb_line_break_holder] -->  <\/p>\n<li>\n<h3>sans bact\u00e9ries ni moisissures<\/h3>\n<\/li>\n<p><!-- [et_pb_line_break_holder] -->  <\/p>\n<li>\n<h3>faible dilatation thermique<\/h3>\n<\/li>\n<p><!-- [et_pb_line_break_holder] -->  <\/p>\n<li>\n<h3>r\u00e9sistantes \u00e0 des temp\u00e9ratures allant de -70\u00b0C \u00e0 +260\u00b0C<\/h3>\n<\/li>\n<p><!-- [et_pb_line_break_holder] --><\/ul>\n<p>[\/et_pb_code][\/et_pb_column][\/et_pb_row][\/et_pb_section][et_pb_section fb_built=\u00a0\u00bb1&Prime; module_class=\u00a0\u00bbpadding_bottom\u00a0\u00bb _builder_version=\u00a0\u00bb4.27.6&Prime; _module_preset=\u00a0\u00bbdefault\u00a0\u00bb locked=\u00a0\u00bboff\u00a0\u00bb global_colors_info=\u00a0\u00bb{}\u00a0\u00bb][et_pb_row column_structure=\u00a0\u00bb1_2,1_2&Prime; make_equal=\u00a0\u00bbon\u00a0\u00bb module_class=\u00a0\u00bbbg_white kontaktie_sec_row\u00a0\u00bb _builder_version=\u00a0\u00bb4.27.6&Prime; _module_preset=\u00a0\u00bbdefault\u00a0\u00bb global_colors_info=\u00a0\u00bb{}\u00a0\u00bb][et_pb_column type=\u00a0\u00bb1_2&Prime; _builder_version=\u00a0\u00bb4.27.6&Prime; _module_preset=\u00a0\u00bbdefault\u00a0\u00bb global_colors_info=\u00a0\u00bb{}\u00a0\u00bb][et_pb_heading title=\u00a0\u00bbContactez-nous !\u00a0\u00bb module_class=\u00a0\u00bbcommon_htags mb10&Prime; _builder_version=\u00a0\u00bb4.27.6&Prime; _module_preset=\u00a0\u00bbdefault\u00a0\u00bb title_level=\u00a0\u00bbh3&Prime; global_colors_info=\u00a0\u00bb{}\u00a0\u00bb][\/et_pb_heading][et_pb_text module_class=\u00a0\u00bbfonts_20&Prime; _builder_version=\u00a0\u00bb4.27.6&Prime; _module_preset=\u00a0\u00bbdefault\u00a0\u00bb global_colors_info=\u00a0\u00bb{}\u00a0\u00bb]<\/p>\n<p>Vous avez des questions sur nos produits, sur des r\u00e9alisations individuelles, sur notre assurance qualit\u00e9 ou vous souhaitez obtenir des conseils ?<\/p>\n<p>[\/et_pb_text][et_pb_blurb title=\u00a0\u00bbIlona Badermann\u00a0\u00bb url=\u00a0\u00bb\/kontakt\/\u00a0\u00bb image=\u00a0\u00bbhttps:\/\/boehme-kunststoff.de\/wp-content\/uploads\/2026\/03\/oaqdlhgeramm8r42e3-1.png\u00a0\u00bb icon_placement=\u00a0\u00bbleft\u00a0\u00bb module_class=\u00a0\u00bbkontaktie_blurb kontakti_icon\u00a0\u00bb _builder_version=\u00a0\u00bb4.27.6&Prime; _module_preset=\u00a0\u00bbdefault\u00a0\u00bb hover_enabled=\u00a0\u00bb0&Prime; global_colors_info=\u00a0\u00bb{}\u00a0\u00bb header_level=\u00a0\u00bbh3&Prime; sticky_enabled=\u00a0\u00bb0&Prime;][\/et_pb_blurb][\/et_pb_column][et_pb_column type=\u00a0\u00bb1_2&Prime; _builder_version=\u00a0\u00bb4.27.6&Prime; _module_preset=\u00a0\u00bbdefault\u00a0\u00bb global_colors_info=\u00a0\u00bb{}\u00a0\u00bb][et_pb_blurb title=\u00a0\u00bb04151 \/ 88 00 -16&Prime; url=\u00a0\u00bbtel:04151880016&Prime; image=\u00a0\u00bbhttps:\/\/boehme-kunststoff.de\/wp-content\/uploads\/2026\/03\/vhyxiyhxr1gmm8qt0bg-1.png\u00a0\u00bb icon_placement=\u00a0\u00bbleft\u00a0\u00bb module_class=\u00a0\u00bbkontaktie_blurb mb20&Prime; _builder_version=\u00a0\u00bb4.27.6&Prime; _module_preset=\u00a0\u00bbdefault\u00a0\u00bb hover_enabled=\u00a0\u00bb0&Prime; global_colors_info=\u00a0\u00bb{}\u00a0\u00bb header_level=\u00a0\u00bbh3&Prime; sticky_enabled=\u00a0\u00bb0&Prime;][\/et_pb_blurb][et_pb_blurb title=\u00a0\u00bbi.badermann@boehme-kunststoff.de\u00a0\u00bb url=\u00a0\u00bbmailto:i.badermann@boehme-kunststoff.de\u00a0\u00bb image=\u00a0\u00bbhttps:\/\/boehme-kunststoff.de\/wp-content\/uploads\/2026\/03\/Vector.png\u00a0\u00bb icon_placement=\u00a0\u00bbleft\u00a0\u00bb module_class=\u00a0\u00bbkontaktie_blurb \u00a0\u00bb _builder_version=\u00a0\u00bb4.27.6&Prime; _module_preset=\u00a0\u00bbdefault\u00a0\u00bb hover_enabled=\u00a0\u00bb0&Prime; global_colors_info=\u00a0\u00bb{}\u00a0\u00bb header_level=\u00a0\u00bbh3&Prime; sticky_enabled=\u00a0\u00bb0&Prime;][\/et_pb_blurb][\/et_pb_column][\/et_pb_row][\/et_pb_section]<\/p>\n","protected":false},"excerpt":{"rendered":"<p>Les feuilles de cuisson de B\u00f6hme-Kunststofftechnik sonnt de plus en plus utiliser afin de remplacer les papiers jetables dans les m\u00e9nages et industries. Gr\u00e2ce \u00e0 un rev\u00eatement de PTFE (souvent appel\u00e9 \u201cTeflon\u00ae\u201d), elles ont d\u2019excellentes propri\u00e9t\u00e9s antiadh\u00e9sives et permettent de cuire sans graisse \u00e0 des temp\u00e9ratures allant jusqu\u2019\u00e0 260\u00b0C. Elles sont faciles \u00e0 nettoyer avec [&hellip;]<\/p>\n","protected":false},"author":3,"featured_media":0,"parent":56417,"menu_order":0,"comment_status":"closed","ping_status":"closed","template":"","meta":{"_et_pb_use_builder":"on","_et_pb_old_content":"","_et_gb_content_width":"","footnotes":""},"class_list":["post-56638","page","type-page","status-publish","hentry"],"yoast_head":"<!-- This site is optimized with the Yoast SEO plugin v27.4 - https:\/\/yoast.com\/product\/yoast-seo-wordpress\/ -->\n<title>Feuilles de cuisson permanentes de B\u00f6hme - B\u00f6hme Kunststofftechnik<\/title>\n<meta name=\"description\" content=\"Feuilles de cuisson \u00e0 usage permanent\" \/>\n<meta name=\"robots\" content=\"index, follow, max-snippet:-1, max-image-preview:large, max-video-preview:-1\" \/>\n<link rel=\"canonical\" href=\"https:\/\/boehme-kunststoff.de\/fr\/produits\/feuilles-de-cuisson-a-usage-permanent\/\" \/>\n<meta property=\"og:locale\" content=\"fr_FR\" \/>\n<meta property=\"og:type\" content=\"article\" \/>\n<meta property=\"og:title\" content=\"Feuilles de cuisson permanentes de B\u00f6hme - B\u00f6hme Kunststofftechnik\" \/>\n<meta property=\"og:description\" content=\"Feuilles de cuisson \u00e0 usage permanent\" \/>\n<meta property=\"og:url\" content=\"https:\/\/boehme-kunststoff.de\/fr\/produits\/feuilles-de-cuisson-a-usage-permanent\/\" \/>\n<meta property=\"og:site_name\" content=\"Transportb\u00e4nder vom Hersteller\" \/>\n<meta property=\"article:modified_time\" content=\"2026-03-30T06:03:01+00:00\" \/>\n<meta name=\"twitter:card\" content=\"summary_large_image\" \/>\n<meta name=\"twitter:label1\" content=\"Dur\u00e9e de lecture estim\u00e9e\" \/>\n\t<meta name=\"twitter:data1\" content=\"2 minutes\" \/>\n<script type=\"application\/ld+json\" class=\"yoast-schema-graph\">{\"@context\":\"https:\\\/\\\/schema.org\",\"@graph\":[{\"@type\":\"WebPage\",\"@id\":\"https:\\\/\\\/boehme-kunststoff.de\\\/fr\\\/produits\\\/feuilles-de-cuisson-a-usage-permanent\\\/\",\"url\":\"https:\\\/\\\/boehme-kunststoff.de\\\/fr\\\/produits\\\/feuilles-de-cuisson-a-usage-permanent\\\/\",\"name\":\"Feuilles de cuisson permanentes de B\u00f6hme - B\u00f6hme Kunststofftechnik\",\"isPartOf\":{\"@id\":\"https:\\\/\\\/boehme-kunststoff.de\\\/fr\\\/#website\"},\"datePublished\":\"2026-03-02T05:11:06+00:00\",\"dateModified\":\"2026-03-30T06:03:01+00:00\",\"description\":\"Feuilles de cuisson \u00e0 usage permanent\",\"breadcrumb\":{\"@id\":\"https:\\\/\\\/boehme-kunststoff.de\\\/fr\\\/produits\\\/feuilles-de-cuisson-a-usage-permanent\\\/#breadcrumb\"},\"inLanguage\":\"fr-FR\",\"potentialAction\":[{\"@type\":\"ReadAction\",\"target\":[\"https:\\\/\\\/boehme-kunststoff.de\\\/fr\\\/produits\\\/feuilles-de-cuisson-a-usage-permanent\\\/\"]}]},{\"@type\":\"BreadcrumbList\",\"@id\":\"https:\\\/\\\/boehme-kunststoff.de\\\/fr\\\/produits\\\/feuilles-de-cuisson-a-usage-permanent\\\/#breadcrumb\",\"itemListElement\":[{\"@type\":\"ListItem\",\"position\":1,\"name\":\"Startseite\",\"item\":\"https:\\\/\\\/boehme-kunststoff.de\\\/fr\\\/\"},{\"@type\":\"ListItem\",\"position\":2,\"name\":\"Produits\",\"item\":\"https:\\\/\\\/boehme-kunststoff.de\\\/fr\\\/produits\\\/\"},{\"@type\":\"ListItem\",\"position\":3,\"name\":\"Feuilles de cuisson \u00e0 usage permanent\"}]},{\"@type\":\"WebSite\",\"@id\":\"https:\\\/\\\/boehme-kunststoff.de\\\/fr\\\/#website\",\"url\":\"https:\\\/\\\/boehme-kunststoff.de\\\/fr\\\/\",\"name\":\"Transportb\u00e4nder vom Hersteller\",\"description\":\"Transportb\u00e4nder vom Hersteller\",\"potentialAction\":[{\"@type\":\"SearchAction\",\"target\":{\"@type\":\"EntryPoint\",\"urlTemplate\":\"https:\\\/\\\/boehme-kunststoff.de\\\/fr\\\/?s={search_term_string}\"},\"query-input\":{\"@type\":\"PropertyValueSpecification\",\"valueRequired\":true,\"valueName\":\"search_term_string\"}}],\"inLanguage\":\"fr-FR\"}]}<\/script>\n<!-- \/ Yoast SEO plugin. -->","yoast_head_json":{"title":"Feuilles de cuisson permanentes de B\u00f6hme - B\u00f6hme Kunststofftechnik","description":"Feuilles de cuisson \u00e0 usage permanent","robots":{"index":"index","follow":"follow","max-snippet":"max-snippet:-1","max-image-preview":"max-image-preview:large","max-video-preview":"max-video-preview:-1"},"canonical":"https:\/\/boehme-kunststoff.de\/fr\/produits\/feuilles-de-cuisson-a-usage-permanent\/","og_locale":"fr_FR","og_type":"article","og_title":"Feuilles de cuisson permanentes de B\u00f6hme - B\u00f6hme Kunststofftechnik","og_description":"Feuilles de cuisson \u00e0 usage permanent","og_url":"https:\/\/boehme-kunststoff.de\/fr\/produits\/feuilles-de-cuisson-a-usage-permanent\/","og_site_name":"Transportb\u00e4nder vom Hersteller","article_modified_time":"2026-03-30T06:03:01+00:00","twitter_card":"summary_large_image","twitter_misc":{"Dur\u00e9e de lecture estim\u00e9e":"2 minutes"},"schema":{"@context":"https:\/\/schema.org","@graph":[{"@type":"WebPage","@id":"https:\/\/boehme-kunststoff.de\/fr\/produits\/feuilles-de-cuisson-a-usage-permanent\/","url":"https:\/\/boehme-kunststoff.de\/fr\/produits\/feuilles-de-cuisson-a-usage-permanent\/","name":"Feuilles de cuisson permanentes de B\u00f6hme - B\u00f6hme Kunststofftechnik","isPartOf":{"@id":"https:\/\/boehme-kunststoff.de\/fr\/#website"},"datePublished":"2026-03-02T05:11:06+00:00","dateModified":"2026-03-30T06:03:01+00:00","description":"Feuilles de cuisson \u00e0 usage permanent","breadcrumb":{"@id":"https:\/\/boehme-kunststoff.de\/fr\/produits\/feuilles-de-cuisson-a-usage-permanent\/#breadcrumb"},"inLanguage":"fr-FR","potentialAction":[{"@type":"ReadAction","target":["https:\/\/boehme-kunststoff.de\/fr\/produits\/feuilles-de-cuisson-a-usage-permanent\/"]}]},{"@type":"BreadcrumbList","@id":"https:\/\/boehme-kunststoff.de\/fr\/produits\/feuilles-de-cuisson-a-usage-permanent\/#breadcrumb","itemListElement":[{"@type":"ListItem","position":1,"name":"Startseite","item":"https:\/\/boehme-kunststoff.de\/fr\/"},{"@type":"ListItem","position":2,"name":"Produits","item":"https:\/\/boehme-kunststoff.de\/fr\/produits\/"},{"@type":"ListItem","position":3,"name":"Feuilles de cuisson \u00e0 usage permanent"}]},{"@type":"WebSite","@id":"https:\/\/boehme-kunststoff.de\/fr\/#website","url":"https:\/\/boehme-kunststoff.de\/fr\/","name":"Transportb\u00e4nder vom Hersteller","description":"Transportb\u00e4nder vom Hersteller","potentialAction":[{"@type":"SearchAction","target":{"@type":"EntryPoint","urlTemplate":"https:\/\/boehme-kunststoff.de\/fr\/?s={search_term_string}"},"query-input":{"@type":"PropertyValueSpecification","valueRequired":true,"valueName":"search_term_string"}}],"inLanguage":"fr-FR"}]}},"_links":{"self":[{"href":"https:\/\/boehme-kunststoff.de\/fr\/wp-json\/wp\/v2\/pages\/56638","targetHints":{"allow":["GET"]}}],"collection":[{"href":"https:\/\/boehme-kunststoff.de\/fr\/wp-json\/wp\/v2\/pages"}],"about":[{"href":"https:\/\/boehme-kunststoff.de\/fr\/wp-json\/wp\/v2\/types\/page"}],"author":[{"embeddable":true,"href":"https:\/\/boehme-kunststoff.de\/fr\/wp-json\/wp\/v2\/users\/3"}],"replies":[{"embeddable":true,"href":"https:\/\/boehme-kunststoff.de\/fr\/wp-json\/wp\/v2\/comments?post=56638"}],"version-history":[{"count":6,"href":"https:\/\/boehme-kunststoff.de\/fr\/wp-json\/wp\/v2\/pages\/56638\/revisions"}],"predecessor-version":[{"id":57600,"href":"https:\/\/boehme-kunststoff.de\/fr\/wp-json\/wp\/v2\/pages\/56638\/revisions\/57600"}],"up":[{"embeddable":true,"href":"https:\/\/boehme-kunststoff.de\/fr\/wp-json\/wp\/v2\/pages\/56417"}],"wp:attachment":[{"href":"https:\/\/boehme-kunststoff.de\/fr\/wp-json\/wp\/v2\/media?parent=56638"}],"curies":[{"name":"wp","href":"https:\/\/api.w.org\/{rel}","templated":true}]}}