{"id":56664,"date":"2026-03-02T06:08:41","date_gmt":"2026-03-02T05:08:41","guid":{"rendered":"https:\/\/boehme-kunststoff.de\/produits\/halbzeuge-aus-ptfe-compound-pctfe-ht-kunststoffen\/"},"modified":"2026-03-30T08:10:18","modified_gmt":"2026-03-30T06:10:18","slug":"produits-semi-finis-en-ptfe","status":"publish","type":"page","link":"https:\/\/boehme-kunststoff.de\/fr\/produits\/produits-semi-finis-en-ptfe\/","title":{"rendered":"Produits semi-finis en PTFE"},"content":{"rendered":"<p>[et_pb_section fb_built=\u00a0\u00bb1&Prime; module_class=\u00a0\u00bbmain_secondary_section padding_top_bottom\u00a0\u00bb _builder_version=\u00a0\u00bb4.27.6&Prime; _module_preset=\u00a0\u00bbdefault\u00a0\u00bb locked=\u00a0\u00bboff\u00a0\u00bb global_colors_info=\u00a0\u00bb{}\u00a0\u00bb][et_pb_row _builder_version=\u00a0\u00bb4.27.6&Prime; _module_preset=\u00a0\u00bbdefault\u00a0\u00bb background_image=\u00a0\u00bbhttps:\/\/boehme-kunststoff.de\/wp-content\/uploads\/2026\/03\/teaser_halbzeuge-eaf6a61a.webp\u00a0\u00bb background_position=\u00a0\u00bbtop_center\u00a0\u00bb custom_padding=\u00a0\u00bb209px|||||\u00a0\u00bb global_colors_info=\u00a0\u00bb{}\u00a0\u00bb][et_pb_column type=\u00a0\u00bb4_4&Prime; _builder_version=\u00a0\u00bb4.27.6&Prime; _module_preset=\u00a0\u00bbdefault\u00a0\u00bb global_colors_info=\u00a0\u00bb{}\u00a0\u00bb][\/et_pb_column][\/et_pb_row][\/et_pb_section][et_pb_section fb_built=\u00a0\u00bb1&Prime; module_class=\u00a0\u00bbpadding_bottom\u00a0\u00bb _builder_version=\u00a0\u00bb4.27.6&Prime; _module_preset=\u00a0\u00bbdefault\u00a0\u00bb locked=\u00a0\u00bboff\u00a0\u00bb global_colors_info=\u00a0\u00bb{}\u00a0\u00bb][et_pb_row make_equal=\u00a0\u00bbon\u00a0\u00bb module_class=\u00a0\u00bbbg_white\u00a0\u00bb _builder_version=\u00a0\u00bb4.27.6&Prime; _module_preset=\u00a0\u00bbdefault\u00a0\u00bb global_colors_info=\u00a0\u00bb{}\u00a0\u00bb][et_pb_column type=\u00a0\u00bb4_4&Prime; module_class=\u00a0\u00bbmb0&Prime; _builder_version=\u00a0\u00bb4.27.6&Prime; _module_preset=\u00a0\u00bbdefault\u00a0\u00bb global_colors_info=\u00a0\u00bb{}\u00a0\u00bb][et_pb_heading title=\u00a0\u00bbProduits semi-finis en PTFE\u00a0\u00bb module_class=\u00a0\u00bbcommon_htags mb10&Prime; _builder_version=\u00a0\u00bb4.27.6&Prime; _module_preset=\u00a0\u00bbdefault\u00a0\u00bb global_colors_info=\u00a0\u00bb{}\u00a0\u00bb][\/et_pb_heading][et_pb_heading title=\u00a0\u00bbles produits semi-finis en ptfe, compound, p-ctfe, ht-plastiques ainsi que la fabrication de tissu de verre en ptfe\u00a0\u00bb module_class=\u00a0\u00bbcommon_htags mb10 uppercase\u00a0\u00bb _builder_version=\u00a0\u00bb4.27.6&Prime; _module_preset=\u00a0\u00bbdefault\u00a0\u00bb title_level=\u00a0\u00bbh2&Prime; global_colors_info=\u00a0\u00bb{}\u00a0\u00bb][\/et_pb_heading][et_pb_text module_class=\u00a0\u00bbfonts_20&Prime; _builder_version=\u00a0\u00bb4.27.6&Prime; _module_preset=\u00a0\u00bbdefault\u00a0\u00bb global_colors_info=\u00a0\u00bb{}\u00a0\u00bb]<\/p>\n<p>Chez B\u00f6hme-Kunststofftechnik, vous recevez des produits semi-finis sous forme de plaques, de barres, de tubes, de films et autres, en diff\u00e9rentes \u00e9paisseurs et dimensions, pour les transformer. Nous fabriquons les produits semi-finis \u00e0 partir de divers mat\u00e9riaux tels que le PTFE, le P-CTFE, les plastiques haute temp\u00e9rature ainsi que des compos\u00e9s. Il s\u2019agit, par exemple, de barres de PTFE extrud\u00e9es et press\u00e9es, de tubes en PTFE, de plaques press\u00e9es en PTFE et de films en PTFE. Nous fabriquons \u00e9galement du tissu de verre PTFE ou un film de tissu de verre avec un rev\u00eatement PTFE. Nous nous ferons un plaisir de produire pour vous des pi\u00e8ces sur plan et des pi\u00e8ces finies selon vos sp\u00e9cifications.<\/p>\n<p>[\/et_pb_text][\/et_pb_column][\/et_pb_row][\/et_pb_section][et_pb_section fb_built=\u00a0\u00bb1&Prime; module_class=\u00a0\u00bbpadding_bottom\u00a0\u00bb _builder_version=\u00a0\u00bb4.27.6&Prime; _module_preset=\u00a0\u00bbdefault\u00a0\u00bb locked=\u00a0\u00bboff\u00a0\u00bb global_colors_info=\u00a0\u00bb{}\u00a0\u00bb][et_pb_row column_structure=\u00a0\u00bb3_5,2_5&Prime; use_custom_gutter=\u00a0\u00bbon\u00a0\u00bb gutter_width=\u00a0\u00bb1&Prime; make_equal=\u00a0\u00bbon\u00a0\u00bb module_class=\u00a0\u00bbpt0 pb0 verschi_row common_col_spacing_row\u00a0\u00bb _builder_version=\u00a0\u00bb4.27.6&Prime; _module_preset=\u00a0\u00bbdefault\u00a0\u00bb global_colors_info=\u00a0\u00bb{}\u00a0\u00bb][et_pb_column type=\u00a0\u00bb3_5&Prime; module_class=\u00a0\u00bbbg_white\u00a0\u00bb _builder_version=\u00a0\u00bb4.27.6&Prime; _module_preset=\u00a0\u00bbdefault\u00a0\u00bb global_colors_info=\u00a0\u00bb{}\u00a0\u00bb][et_pb_heading title=\u00a0\u00bbProduits semi-finis de haute qualit\u00e9 et tissu de verre PTFE\u00a0\u00bb module_class=\u00a0\u00bbcommon_htags mb10&Prime; _builder_version=\u00a0\u00bb4.27.6&Prime; _module_preset=\u00a0\u00bbdefault\u00a0\u00bb title_level=\u00a0\u00bbh2&Prime; hover_enabled=\u00a0\u00bb0&Prime; global_colors_info=\u00a0\u00bb{}\u00a0\u00bb sticky_enabled=\u00a0\u00bb0&Prime;][\/et_pb_heading][et_pb_text module_class=\u00a0\u00bbfonts_20&Prime; _builder_version=\u00a0\u00bb4.27.6&Prime; _module_preset=\u00a0\u00bbdefault\u00a0\u00bb global_colors_info=\u00a0\u00bb{}\u00a0\u00bb]<\/p>\n<p>Nos actions sont motiv\u00e9es par l\u2019exigence de haute qualit\u00e9 et la satisfaction de nos clients. Qu\u2019il s\u2019agisse de tissu de verre PTFE ou de feuille de tissu de verre avec rev\u00eatement PTFE, de produits semi-finis en plastique composite, PTFE, HT ou tout autre mat\u00e9riel. Nous fabriquons exclusivement des produits durables et \u00e9conomiques avec lesquels vous pouvez optimiser votre travail. Nos propres normes de qualit\u00e9 sont document\u00e9es par la certification selon la norme DIN EN ISO 9001:2015, y compris l\u2019assurance et la gestion de la qualit\u00e9. Des employ\u00e9s exp\u00e9riment\u00e9s et motiv\u00e9s mettent en \u0153uvre votre solution individuelle avec beaucoup de savoir-faire.<\/p>\n<p>Nous vous conseillons volontiers si vous avez des questions \u2013 n\u2019h\u00e9sitez pas \u00e0 nous contacter. Nous vous rendrons \u00e9galement visite.<\/p>\n<p>[\/et_pb_text][\/et_pb_column][et_pb_column type=\u00a0\u00bb2_5&Prime; module_class=\u00a0\u00bbbg_white\u00a0\u00bb _builder_version=\u00a0\u00bb4.27.6&Prime; _module_preset=\u00a0\u00bbdefault\u00a0\u00bb background_enable_image=\u00a0\u00bboff\u00a0\u00bb background_position=\u00a0\u00bbbottom_left\u00a0\u00bb global_colors_info=\u00a0\u00bb{}\u00a0\u00bb][et_pb_heading title=\u00a0\u00bbCaract\u00e9ristiques\u00a0\u00bb module_class=\u00a0\u00bbcommon_htags mb10&Prime; _builder_version=\u00a0\u00bb4.27.6&Prime; _module_preset=\u00a0\u00bbdefault\u00a0\u00bb title_level=\u00a0\u00bbh2&Prime; hover_enabled=\u00a0\u00bb0&Prime; locked=\u00a0\u00bboff\u00a0\u00bb global_colors_info=\u00a0\u00bb{}\u00a0\u00bb sticky_enabled=\u00a0\u00bb0&Prime;][\/et_pb_heading][et_pb_code module_class=\u00a0\u00bbcustom_listStyle \u00a0\u00bb _builder_version=\u00a0\u00bb4.27.6&Prime; _module_preset=\u00a0\u00bbdefault\u00a0\u00bb hover_enabled=\u00a0\u00bb0&Prime; locked=\u00a0\u00bboff\u00a0\u00bb global_colors_info=\u00a0\u00bb{}\u00a0\u00bb sticky_enabled=\u00a0\u00bb0&Prime;]<\/p>\n<ul><!-- [et_pb_line_break_holder] -->  <\/p>\n<li>\n<h3>tubes PTFE<\/h3>\n<\/li>\n<p><!-- [et_pb_line_break_holder] -->  <\/p>\n<li>\n<h3>c\u00e2bles isolants PTFE<\/h3>\n<\/li>\n<p><!-- [et_pb_line_break_holder] -->  <\/p>\n<li>\n<h3>fils PTFE<\/h3>\n<\/li>\n<p><!-- [et_pb_line_break_holder] -->  <\/p>\n<li>\n<h3>Plaques, barres, tuyaux PTFE<\/h3>\n<\/li>\n<p><!-- [et_pb_line_break_holder] -->  <\/p>\n<li>\n<h3>Produits PTFE selon vos sp\u00e9cifications<\/h3>\n<\/li>\n<p><!-- [et_pb_line_break_holder] -->  <\/p>\n<li>\n<h3>Produits finis r\u00e9alis\u00e9s sur mesure<\/h3>\n<\/li>\n<p><!-- [et_pb_line_break_holder] --><\/ul>\n<p>[\/et_pb_code][\/et_pb_column][\/et_pb_row][\/et_pb_section][et_pb_section fb_built=\u00a0\u00bb1&Prime; module_class=\u00a0\u00bbpadding_bottom\u00a0\u00bb _builder_version=\u00a0\u00bb4.27.6&Prime; _module_preset=\u00a0\u00bbdefault\u00a0\u00bb locked=\u00a0\u00bboff\u00a0\u00bb global_colors_info=\u00a0\u00bb{}\u00a0\u00bb][et_pb_row column_structure=\u00a0\u00bb1_2,1_2&Prime; make_equal=\u00a0\u00bbon\u00a0\u00bb module_class=\u00a0\u00bbbg_white kontaktie_sec_row\u00a0\u00bb _builder_version=\u00a0\u00bb4.27.6&Prime; _module_preset=\u00a0\u00bbdefault\u00a0\u00bb global_colors_info=\u00a0\u00bb{}\u00a0\u00bb][et_pb_column type=\u00a0\u00bb1_2&Prime; _builder_version=\u00a0\u00bb4.27.6&Prime; _module_preset=\u00a0\u00bbdefault\u00a0\u00bb global_colors_info=\u00a0\u00bb{}\u00a0\u00bb][et_pb_heading title=\u00a0\u00bbContactez-nous !\u00a0\u00bb module_class=\u00a0\u00bbcommon_htags mb10&Prime; _builder_version=\u00a0\u00bb4.27.6&Prime; _module_preset=\u00a0\u00bbdefault\u00a0\u00bb title_level=\u00a0\u00bbh3&Prime; global_colors_info=\u00a0\u00bb{}\u00a0\u00bb][\/et_pb_heading][et_pb_text module_class=\u00a0\u00bbfonts_20&Prime; _builder_version=\u00a0\u00bb4.27.6&Prime; _module_preset=\u00a0\u00bbdefault\u00a0\u00bb global_colors_info=\u00a0\u00bb{}\u00a0\u00bb]<\/p>\n<p>Vous avez des questions sur nos produits, sur des r\u00e9alisations individuelles, sur notre assurance qualit\u00e9 ou vous souhaitez obtenir des conseils ?<\/p>\n<p>[\/et_pb_text][et_pb_blurb title=\u00a0\u00bbHelmut Kroner\u00a0\u00bb url=\u00a0\u00bb\/kontakt\/\u00a0\u00bb image=\u00a0\u00bbhttps:\/\/boehme-kunststoff.de\/wp-content\/uploads\/2026\/03\/oaqdlhgeramm8r42e3-1.png\u00a0\u00bb icon_placement=\u00a0\u00bbleft\u00a0\u00bb module_class=\u00a0\u00bbkontaktie_blurb kontakti_icon\u00a0\u00bb _builder_version=\u00a0\u00bb4.27.6&Prime; _module_preset=\u00a0\u00bbdefault\u00a0\u00bb hover_enabled=\u00a0\u00bb0&Prime; global_colors_info=\u00a0\u00bb{}\u00a0\u00bb header_level=\u00a0\u00bbh3&Prime; sticky_enabled=\u00a0\u00bb0&Prime;][\/et_pb_blurb][\/et_pb_column][et_pb_column type=\u00a0\u00bb1_2&Prime; _builder_version=\u00a0\u00bb4.27.6&Prime; _module_preset=\u00a0\u00bbdefault\u00a0\u00bb global_colors_info=\u00a0\u00bb{}\u00a0\u00bb][et_pb_blurb title=\u00a0\u00bb04151 \/ 88 00 -33&Prime; url=\u00a0\u00bbtel:04151880033&Prime; image=\u00a0\u00bbhttps:\/\/boehme-kunststoff.de\/wp-content\/uploads\/2026\/03\/vhyxiyhxr1gmm8qt0bg-1.png\u00a0\u00bb icon_placement=\u00a0\u00bbleft\u00a0\u00bb module_class=\u00a0\u00bbkontaktie_blurb mb20&Prime; _builder_version=\u00a0\u00bb4.27.6&Prime; _module_preset=\u00a0\u00bbdefault\u00a0\u00bb hover_enabled=\u00a0\u00bb0&Prime; global_colors_info=\u00a0\u00bb{}\u00a0\u00bb header_level=\u00a0\u00bbh3&Prime; sticky_enabled=\u00a0\u00bb0&Prime;][\/et_pb_blurb][et_pb_blurb title=\u00a0\u00bbh.kroner@boehme-kunststoff.de\u00a0\u00bb url=\u00a0\u00bbmailto:h.kroner@boehme-kunststoff.de\u00a0\u00bb image=\u00a0\u00bbhttps:\/\/boehme-kunststoff.de\/wp-content\/uploads\/2026\/03\/Vector.png\u00a0\u00bb icon_placement=\u00a0\u00bbleft\u00a0\u00bb module_class=\u00a0\u00bbkontaktie_blurb \u00a0\u00bb _builder_version=\u00a0\u00bb4.27.6&Prime; _module_preset=\u00a0\u00bbdefault\u00a0\u00bb hover_enabled=\u00a0\u00bb0&Prime; global_colors_info=\u00a0\u00bb{}\u00a0\u00bb header_level=\u00a0\u00bbh3&Prime; sticky_enabled=\u00a0\u00bb0&Prime;][\/et_pb_blurb][\/et_pb_column][\/et_pb_row][\/et_pb_section]<\/p>\n","protected":false},"excerpt":{"rendered":"<p>Chez B\u00f6hme-Kunststofftechnik, vous recevez des produits semi-finis sous forme de plaques, de barres, de tubes, de films et autres, en diff\u00e9rentes \u00e9paisseurs et dimensions, pour les transformer. Nous fabriquons les produits semi-finis \u00e0 partir de divers mat\u00e9riaux tels que le PTFE, le P-CTFE, les plastiques haute temp\u00e9rature ainsi que des compos\u00e9s. Il s\u2019agit, par exemple, [&hellip;]<\/p>\n","protected":false},"author":3,"featured_media":0,"parent":56417,"menu_order":0,"comment_status":"closed","ping_status":"closed","template":"","meta":{"_et_pb_use_builder":"on","_et_pb_old_content":"","_et_gb_content_width":"","footnotes":""},"class_list":["post-56664","page","type-page","status-publish","hentry"],"yoast_head":"<!-- This site is optimized with the Yoast SEO plugin v27.4 - https:\/\/yoast.com\/product\/yoast-seo-wordpress\/ -->\n<title>Produits semi-finis en PTFE - B\u00f6hme Kunststofftechnik<\/title>\n<meta name=\"description\" content=\"PRODUITS SEMI-FINIS EN PTFE\" \/>\n<meta name=\"robots\" content=\"index, follow, max-snippet:-1, max-image-preview:large, max-video-preview:-1\" \/>\n<link rel=\"canonical\" href=\"https:\/\/boehme-kunststoff.de\/fr\/produits\/produits-semi-finis-en-ptfe\/\" \/>\n<meta property=\"og:locale\" content=\"fr_FR\" \/>\n<meta property=\"og:type\" content=\"article\" \/>\n<meta property=\"og:title\" content=\"Produits semi-finis en PTFE - B\u00f6hme Kunststofftechnik\" \/>\n<meta property=\"og:description\" content=\"PRODUITS SEMI-FINIS EN PTFE\" \/>\n<meta property=\"og:url\" content=\"https:\/\/boehme-kunststoff.de\/fr\/produits\/produits-semi-finis-en-ptfe\/\" \/>\n<meta property=\"og:site_name\" content=\"Transportb\u00e4nder vom Hersteller\" \/>\n<meta property=\"article:modified_time\" content=\"2026-03-30T06:10:18+00:00\" \/>\n<meta name=\"twitter:card\" content=\"summary_large_image\" \/>\n<meta name=\"twitter:label1\" content=\"Dur\u00e9e de lecture estim\u00e9e\" \/>\n\t<meta name=\"twitter:data1\" content=\"2 minutes\" \/>\n<script type=\"application\/ld+json\" class=\"yoast-schema-graph\">{\"@context\":\"https:\\\/\\\/schema.org\",\"@graph\":[{\"@type\":\"WebPage\",\"@id\":\"https:\\\/\\\/boehme-kunststoff.de\\\/fr\\\/produits\\\/produits-semi-finis-en-ptfe\\\/\",\"url\":\"https:\\\/\\\/boehme-kunststoff.de\\\/fr\\\/produits\\\/produits-semi-finis-en-ptfe\\\/\",\"name\":\"Produits semi-finis en PTFE - B\u00f6hme Kunststofftechnik\",\"isPartOf\":{\"@id\":\"https:\\\/\\\/boehme-kunststoff.de\\\/fr\\\/#website\"},\"datePublished\":\"2026-03-02T05:08:41+00:00\",\"dateModified\":\"2026-03-30T06:10:18+00:00\",\"description\":\"PRODUITS SEMI-FINIS EN PTFE\",\"breadcrumb\":{\"@id\":\"https:\\\/\\\/boehme-kunststoff.de\\\/fr\\\/produits\\\/produits-semi-finis-en-ptfe\\\/#breadcrumb\"},\"inLanguage\":\"fr-FR\",\"potentialAction\":[{\"@type\":\"ReadAction\",\"target\":[\"https:\\\/\\\/boehme-kunststoff.de\\\/fr\\\/produits\\\/produits-semi-finis-en-ptfe\\\/\"]}]},{\"@type\":\"BreadcrumbList\",\"@id\":\"https:\\\/\\\/boehme-kunststoff.de\\\/fr\\\/produits\\\/produits-semi-finis-en-ptfe\\\/#breadcrumb\",\"itemListElement\":[{\"@type\":\"ListItem\",\"position\":1,\"name\":\"Startseite\",\"item\":\"https:\\\/\\\/boehme-kunststoff.de\\\/fr\\\/\"},{\"@type\":\"ListItem\",\"position\":2,\"name\":\"Produits\",\"item\":\"https:\\\/\\\/boehme-kunststoff.de\\\/fr\\\/produits\\\/\"},{\"@type\":\"ListItem\",\"position\":3,\"name\":\"Produits semi-finis en PTFE\"}]},{\"@type\":\"WebSite\",\"@id\":\"https:\\\/\\\/boehme-kunststoff.de\\\/fr\\\/#website\",\"url\":\"https:\\\/\\\/boehme-kunststoff.de\\\/fr\\\/\",\"name\":\"Transportb\u00e4nder vom Hersteller\",\"description\":\"Transportb\u00e4nder vom Hersteller\",\"potentialAction\":[{\"@type\":\"SearchAction\",\"target\":{\"@type\":\"EntryPoint\",\"urlTemplate\":\"https:\\\/\\\/boehme-kunststoff.de\\\/fr\\\/?s={search_term_string}\"},\"query-input\":{\"@type\":\"PropertyValueSpecification\",\"valueRequired\":true,\"valueName\":\"search_term_string\"}}],\"inLanguage\":\"fr-FR\"}]}<\/script>\n<!-- \/ Yoast SEO plugin. -->","yoast_head_json":{"title":"Produits semi-finis en PTFE - B\u00f6hme Kunststofftechnik","description":"PRODUITS SEMI-FINIS EN PTFE","robots":{"index":"index","follow":"follow","max-snippet":"max-snippet:-1","max-image-preview":"max-image-preview:large","max-video-preview":"max-video-preview:-1"},"canonical":"https:\/\/boehme-kunststoff.de\/fr\/produits\/produits-semi-finis-en-ptfe\/","og_locale":"fr_FR","og_type":"article","og_title":"Produits semi-finis en PTFE - B\u00f6hme Kunststofftechnik","og_description":"PRODUITS SEMI-FINIS EN PTFE","og_url":"https:\/\/boehme-kunststoff.de\/fr\/produits\/produits-semi-finis-en-ptfe\/","og_site_name":"Transportb\u00e4nder vom Hersteller","article_modified_time":"2026-03-30T06:10:18+00:00","twitter_card":"summary_large_image","twitter_misc":{"Dur\u00e9e de lecture estim\u00e9e":"2 minutes"},"schema":{"@context":"https:\/\/schema.org","@graph":[{"@type":"WebPage","@id":"https:\/\/boehme-kunststoff.de\/fr\/produits\/produits-semi-finis-en-ptfe\/","url":"https:\/\/boehme-kunststoff.de\/fr\/produits\/produits-semi-finis-en-ptfe\/","name":"Produits semi-finis en PTFE - B\u00f6hme Kunststofftechnik","isPartOf":{"@id":"https:\/\/boehme-kunststoff.de\/fr\/#website"},"datePublished":"2026-03-02T05:08:41+00:00","dateModified":"2026-03-30T06:10:18+00:00","description":"PRODUITS SEMI-FINIS EN PTFE","breadcrumb":{"@id":"https:\/\/boehme-kunststoff.de\/fr\/produits\/produits-semi-finis-en-ptfe\/#breadcrumb"},"inLanguage":"fr-FR","potentialAction":[{"@type":"ReadAction","target":["https:\/\/boehme-kunststoff.de\/fr\/produits\/produits-semi-finis-en-ptfe\/"]}]},{"@type":"BreadcrumbList","@id":"https:\/\/boehme-kunststoff.de\/fr\/produits\/produits-semi-finis-en-ptfe\/#breadcrumb","itemListElement":[{"@type":"ListItem","position":1,"name":"Startseite","item":"https:\/\/boehme-kunststoff.de\/fr\/"},{"@type":"ListItem","position":2,"name":"Produits","item":"https:\/\/boehme-kunststoff.de\/fr\/produits\/"},{"@type":"ListItem","position":3,"name":"Produits semi-finis en PTFE"}]},{"@type":"WebSite","@id":"https:\/\/boehme-kunststoff.de\/fr\/#website","url":"https:\/\/boehme-kunststoff.de\/fr\/","name":"Transportb\u00e4nder vom Hersteller","description":"Transportb\u00e4nder vom Hersteller","potentialAction":[{"@type":"SearchAction","target":{"@type":"EntryPoint","urlTemplate":"https:\/\/boehme-kunststoff.de\/fr\/?s={search_term_string}"},"query-input":{"@type":"PropertyValueSpecification","valueRequired":true,"valueName":"search_term_string"}}],"inLanguage":"fr-FR"}]}},"_links":{"self":[{"href":"https:\/\/boehme-kunststoff.de\/fr\/wp-json\/wp\/v2\/pages\/56664","targetHints":{"allow":["GET"]}}],"collection":[{"href":"https:\/\/boehme-kunststoff.de\/fr\/wp-json\/wp\/v2\/pages"}],"about":[{"href":"https:\/\/boehme-kunststoff.de\/fr\/wp-json\/wp\/v2\/types\/page"}],"author":[{"embeddable":true,"href":"https:\/\/boehme-kunststoff.de\/fr\/wp-json\/wp\/v2\/users\/3"}],"replies":[{"embeddable":true,"href":"https:\/\/boehme-kunststoff.de\/fr\/wp-json\/wp\/v2\/comments?post=56664"}],"version-history":[{"count":6,"href":"https:\/\/boehme-kunststoff.de\/fr\/wp-json\/wp\/v2\/pages\/56664\/revisions"}],"predecessor-version":[{"id":57611,"href":"https:\/\/boehme-kunststoff.de\/fr\/wp-json\/wp\/v2\/pages\/56664\/revisions\/57611"}],"up":[{"embeddable":true,"href":"https:\/\/boehme-kunststoff.de\/fr\/wp-json\/wp\/v2\/pages\/56417"}],"wp:attachment":[{"href":"https:\/\/boehme-kunststoff.de\/fr\/wp-json\/wp\/v2\/media?parent=56664"}],"curies":[{"name":"wp","href":"https:\/\/api.w.org\/{rel}","templated":true}]}}