{"id":56757,"date":"2026-03-02T06:10:29","date_gmt":"2026-03-02T05:10:29","guid":{"rendered":"https:\/\/boehme-kunststoff.de\/produits\/boehme-raclette-schweissfolien-reiniger\/"},"modified":"2026-04-10T15:13:54","modified_gmt":"2026-04-10T13:13:54","slug":"le-nettoyant-des-feuilles-ptfe","status":"publish","type":"page","link":"https:\/\/boehme-kunststoff.de\/fr\/produits\/le-nettoyant-des-feuilles-ptfe\/","title":{"rendered":"Le nettoyant des feuilles PTFE"},"content":{"rendered":"<p>[et_pb_section fb_built=\u00a0\u00bb1&Prime; module_class=\u00a0\u00bbmain_secondary_section padding_top_bottom\u00a0\u00bb _builder_version=\u00a0\u00bb4.27.6&Prime; _module_preset=\u00a0\u00bbdefault\u00a0\u00bb locked=\u00a0\u00bboff\u00a0\u00bb global_colors_info=\u00a0\u00bb{}\u00a0\u00bb][et_pb_row _builder_version=\u00a0\u00bb4.27.6&Prime; _module_preset=\u00a0\u00bbdefault\u00a0\u00bb background_image=\u00a0\u00bbhttps:\/\/boehme-kunststoff.de\/wp-content\/uploads\/2026\/03\/teaser_raclette-5208597d-1.webp\u00a0\u00bb background_position=\u00a0\u00bbbottom_center\u00a0\u00bb custom_padding=\u00a0\u00bb209px|||||\u00a0\u00bb global_colors_info=\u00a0\u00bb{}\u00a0\u00bb][et_pb_column type=\u00a0\u00bb4_4&Prime; _builder_version=\u00a0\u00bb4.27.6&Prime; _module_preset=\u00a0\u00bbdefault\u00a0\u00bb global_colors_info=\u00a0\u00bb{}\u00a0\u00bb][\/et_pb_column][\/et_pb_row][\/et_pb_section][et_pb_section fb_built=\u00a0\u00bb1&Prime; module_class=\u00a0\u00bbpadding_bottom\u00a0\u00bb _builder_version=\u00a0\u00bb4.27.6&Prime; _module_preset=\u00a0\u00bbdefault\u00a0\u00bb locked=\u00a0\u00bboff\u00a0\u00bb global_colors_info=\u00a0\u00bb{}\u00a0\u00bb][et_pb_row module_class=\u00a0\u00bbbg_white\u00a0\u00bb _builder_version=\u00a0\u00bb4.27.6&Prime; _module_preset=\u00a0\u00bbdefault\u00a0\u00bb global_colors_info=\u00a0\u00bb{}\u00a0\u00bb][et_pb_column type=\u00a0\u00bb4_4&Prime; _builder_version=\u00a0\u00bb4.27.6&Prime; _module_preset=\u00a0\u00bbdefault\u00a0\u00bb global_colors_info=\u00a0\u00bb{}\u00a0\u00bb][et_pb_heading title=\u00a0\u00bbB\u00f6hme Raclette\u00ae \u2013 Le nettoyant des feuilles ptfe\u00a0\u00bb module_class=\u00a0\u00bbcommon_htags mb10&Prime; _builder_version=\u00a0\u00bb4.27.6&Prime; _module_preset=\u00a0\u00bbdefault\u00a0\u00bb global_colors_info=\u00a0\u00bb{}\u00a0\u00bb][\/et_pb_heading][et_pb_text module_class=\u00a0\u00bbfonts_20 mb20&Prime; _builder_version=\u00a0\u00bb4.27.6&Prime; _module_preset=\u00a0\u00bbdefault\u00a0\u00bb global_colors_info=\u00a0\u00bb{}\u00a0\u00bb]<\/p>\n<p>Lors du soudage de profil\u00e9s en PVC, des d\u00e9p\u00f4ts se forment souvent sur les feuilles de soudure au fil du temps. Avec la B\u00d6HME-RACLETTE\u00ae, m\u00eame les encro\u00fbtements les plus tenaces peuvent \u00eatre enlev\u00e9es sans probl\u00e8me. Une utilisation r\u00e9guli\u00e8re permet de prolonger consid\u00e9rablement la dur\u00e9e de vie des films de soudure. La B\u00d6HME-RACLETTE\u00ae est disponible en 30 cm et 50 cm de long.<\/p>\n<p>[\/et_pb_text][et_pb_code _builder_version=\u00a0\u00bb4.27.6&Prime; _module_preset=\u00a0\u00bbdefault\u00a0\u00bb global_colors_info=\u00a0\u00bb{}\u00a0\u00bb]<\/p>\n<div class=\"pdf_btns\"><!-- [et_pb_line_break_holder] --><\/p>\n<div class=\"toggle_btn\"><a href=\"https:\/\/boehme-kunststoff.de\/fr\/commander-des-feuilles-ptfe-ou-boehme-raclette\/\">Commande de B\u00f6hme Raclette\u00ae<\/a><\/div>\n<p><!-- [et_pb_line_break_holder] --><\/p>\n<div class=\"toggle_btn\" ><a href=\"https:\/\/boehme-kunststoff.de\/fr\/produits\/tissu-de-verre-enduit-de-ptfe\/\">Informations des tissu de verre enduit de PTFE<\/a><\/div>\n<p><!-- [et_pb_line_break_holder] --><\/div>\n<p>[\/et_pb_code][\/et_pb_column][\/et_pb_row][\/et_pb_section][et_pb_section fb_built=\u00a0\u00bb1&Prime; module_class=\u00a0\u00bbpadding_bottom\u00a0\u00bb _builder_version=\u00a0\u00bb4.27.6&Prime; _module_preset=\u00a0\u00bbdefault\u00a0\u00bb locked=\u00a0\u00bboff\u00a0\u00bb global_colors_info=\u00a0\u00bb{}\u00a0\u00bb][et_pb_row column_structure=\u00a0\u00bb1_3,2_3&Prime; use_custom_gutter=\u00a0\u00bbon\u00a0\u00bb gutter_width=\u00a0\u00bb1&Prime; make_equal=\u00a0\u00bbon\u00a0\u00bb module_class=\u00a0\u00bbpt0 pb0 common_col_spacing_row\u00a0\u00bb _builder_version=\u00a0\u00bb4.27.6&Prime; _module_preset=\u00a0\u00bbdefault\u00a0\u00bb global_colors_info=\u00a0\u00bb{}\u00a0\u00bb][et_pb_column type=\u00a0\u00bb1_3&Prime; module_class=\u00a0\u00bbbg_white img_col\u00a0\u00bb _builder_version=\u00a0\u00bb4.27.6&Prime; _module_preset=\u00a0\u00bbdefault\u00a0\u00bb global_colors_info=\u00a0\u00bb{}\u00a0\u00bb][et_pb_image src=\u00a0\u00bbhttps:\/\/boehme-kunststoff.de\/wp-content\/uploads\/2026\/03\/raclette-content-409&#215;400-1-e97fdbda.webp\u00a0\u00bb _builder_version=\u00a0\u00bb4.27.6&Prime; _module_preset=\u00a0\u00bbdefault\u00a0\u00bb hover_enabled=\u00a0\u00bb0&Prime; global_colors_info=\u00a0\u00bb{}\u00a0\u00bb alt=\u00a0\u00bbUtilisation simple\u00a0\u00bb sticky_enabled=\u00a0\u00bb0&Prime;][\/et_pb_image][\/et_pb_column][et_pb_column type=\u00a0\u00bb2_3&Prime; module_class=\u00a0\u00bbbg_white\u00a0\u00bb _builder_version=\u00a0\u00bb4.27.6&Prime; _module_preset=\u00a0\u00bbdefault\u00a0\u00bb background_enable_image=\u00a0\u00bboff\u00a0\u00bb background_position=\u00a0\u00bbbottom_left\u00a0\u00bb global_colors_info=\u00a0\u00bb{}\u00a0\u00bb][et_pb_heading title=\u00a0\u00bbUtilisation simple\u00a0\u00bb module_class=\u00a0\u00bbcommon_htags mb10&Prime; _builder_version=\u00a0\u00bb4.27.6&Prime; _module_preset=\u00a0\u00bbdefault\u00a0\u00bb title_level=\u00a0\u00bbh2&Prime; global_colors_info=\u00a0\u00bb{}\u00a0\u00bb][\/et_pb_heading][et_pb_code module_class=\u00a0\u00bbcustom_listStyle mb30 blue_text\u00a0\u00bb _builder_version=\u00a0\u00bb4.27.6&Prime; _module_preset=\u00a0\u00bbdefault\u00a0\u00bb locked=\u00a0\u00bboff\u00a0\u00bb global_colors_info=\u00a0\u00bb{}\u00a0\u00bb]<\/p>\n<ul><!-- [et_pb_line_break_holder] -->  <\/p>\n<li>\n<h3>avec le c\u00f4t\u00e9 pointu, vous enlevez les d\u00e9p\u00f4ts les plus tenaces<\/h3>\n<\/li>\n<p><!-- [et_pb_line_break_holder] -->  <\/p>\n<li>\n<h3>avec le c\u00f4t\u00e9 textile, vous enlevez les r\u00e9sidus en douceur<\/h3>\n<\/li>\n<p><!-- [et_pb_line_break_holder] -->  <\/p>\n<li>\n<h3>disponible en 30 et 50 cm de longueur<\/h3>\n<\/li>\n<p><!-- [et_pb_line_break_holder] --><\/ul>\n<p>[\/et_pb_code][et_pb_heading title=\u00a0\u00bbCommande facile\u00a0\u00bb module_class=\u00a0\u00bbcommon_htags mb20&Prime; _builder_version=\u00a0\u00bb4.27.6&Prime; _module_preset=\u00a0\u00bbdefault\u00a0\u00bb title_level=\u00a0\u00bbh2&Prime; global_colors_info=\u00a0\u00bb{}\u00a0\u00bb][\/et_pb_heading][et_pb_code module_class=\u00a0\u00bbcustom_listStyle blue_text\u00a0\u00bb _builder_version=\u00a0\u00bb4.27.6&Prime; _module_preset=\u00a0\u00bbdefault\u00a0\u00bb locked=\u00a0\u00bboff\u00a0\u00bb global_colors_info=\u00a0\u00bb{}\u00a0\u00bb]<\/p>\n<ul><!-- [et_pb_line_break_holder] -->  <\/p>\n<li>\n<h3>B\u00f6hme Raclette\u00ae en 30 cm ou 50 cm de longueur<\/h3>\n<\/li>\n<p><!-- [et_pb_line_break_holder] -->  <\/p>\n<li>\n<h3>Pochettes textiles, kit de 5 ou de 10 pi\u00e8ces<\/h3>\n<\/li>\n<p><!-- [et_pb_line_break_holder] --><\/ul>\n<p>[\/et_pb_code][\/et_pb_column][\/et_pb_row][\/et_pb_section][et_pb_section fb_built=\u00a0\u00bb1&Prime; module_class=\u00a0\u00bbpadding_bottom\u00a0\u00bb _builder_version=\u00a0\u00bb4.27.6&Prime; _module_preset=\u00a0\u00bbdefault\u00a0\u00bb locked=\u00a0\u00bboff\u00a0\u00bb global_colors_info=\u00a0\u00bb{}\u00a0\u00bb][et_pb_row column_structure=\u00a0\u00bb1_2,1_2&Prime; make_equal=\u00a0\u00bbon\u00a0\u00bb module_class=\u00a0\u00bbbg_white kontaktie_sec_row\u00a0\u00bb _builder_version=\u00a0\u00bb4.27.6&Prime; _module_preset=\u00a0\u00bbdefault\u00a0\u00bb global_colors_info=\u00a0\u00bb{}\u00a0\u00bb][et_pb_column type=\u00a0\u00bb1_2&Prime; _builder_version=\u00a0\u00bb4.27.6&Prime; _module_preset=\u00a0\u00bbdefault\u00a0\u00bb global_colors_info=\u00a0\u00bb{}\u00a0\u00bb][et_pb_heading title=\u00a0\u00bbContactez-nous !\u00a0\u00bb module_class=\u00a0\u00bbcommon_htags mb10&Prime; _builder_version=\u00a0\u00bb4.27.6&Prime; _module_preset=\u00a0\u00bbdefault\u00a0\u00bb title_level=\u00a0\u00bbh3&Prime; global_colors_info=\u00a0\u00bb{}\u00a0\u00bb][\/et_pb_heading][et_pb_text module_class=\u00a0\u00bbfonts_20&Prime; _builder_version=\u00a0\u00bb4.27.6&Prime; _module_preset=\u00a0\u00bbdefault\u00a0\u00bb global_colors_info=\u00a0\u00bb{}\u00a0\u00bb]<\/p>\n<p>Vous avez des questions sur nos produits, sur des r\u00e9alisations individuelles, sur notre assurance qualit\u00e9 ou vous souhaitez obtenir des conseils ?<\/p>\n<p>[\/et_pb_text][et_pb_blurb title=\u00a0\u00bbAnne-Katarina Meincke\u00a0\u00bb url=\u00a0\u00bb\/kontakt\/\u00a0\u00bb image=\u00a0\u00bbhttps:\/\/boehme-kunststoff.de\/wp-content\/uploads\/2026\/03\/oaqdlhgeramm8r42e3-1.png\u00a0\u00bb icon_placement=\u00a0\u00bbleft\u00a0\u00bb module_class=\u00a0\u00bbkontaktie_blurb kontakti_icon\u00a0\u00bb _builder_version=\u00a0\u00bb4.27.6&Prime; _module_preset=\u00a0\u00bbdefault\u00a0\u00bb header_level=\u00a0\u00bbh3&Prime; global_colors_info=\u00a0\u00bb{}\u00a0\u00bb][\/et_pb_blurb][\/et_pb_column][et_pb_column type=\u00a0\u00bb1_2&Prime; _builder_version=\u00a0\u00bb4.27.6&Prime; _module_preset=\u00a0\u00bbdefault\u00a0\u00bb global_colors_info=\u00a0\u00bb{}\u00a0\u00bb][et_pb_blurb title=\u00a0\u00bb04151 \/ 88 00 -16&Prime; url=\u00a0\u00bbtel:04151880042&Prime; image=\u00a0\u00bbhttps:\/\/boehme-kunststoff.de\/wp-content\/uploads\/2026\/03\/vhyxiyhxr1gmm8qt0bg-1.png\u00a0\u00bb icon_placement=\u00a0\u00bbleft\u00a0\u00bb module_class=\u00a0\u00bbkontaktie_blurb mb20&Prime; _builder_version=\u00a0\u00bb4.27.6&Prime; _module_preset=\u00a0\u00bbdefault\u00a0\u00bb header_level=\u00a0\u00bbh3&Prime; global_colors_info=\u00a0\u00bb{}\u00a0\u00bb][\/et_pb_blurb][et_pb_blurb title=\u00a0\u00bbmeincke@boehme-kunststoff.de\u00a0\u00bb url=\u00a0\u00bbmailto:meincke@boehme-kunststoff.de\u00a0\u00bb image=\u00a0\u00bbhttps:\/\/boehme-kunststoff.de\/wp-content\/uploads\/2026\/03\/Vector.png\u00a0\u00bb icon_placement=\u00a0\u00bbleft\u00a0\u00bb module_class=\u00a0\u00bbkontaktie_blurb \u00a0\u00bb _builder_version=\u00a0\u00bb4.27.6&Prime; _module_preset=\u00a0\u00bbdefault\u00a0\u00bb header_level=\u00a0\u00bbh3&Prime; global_colors_info=\u00a0\u00bb{}\u00a0\u00bb][\/et_pb_blurb][\/et_pb_column][\/et_pb_row][\/et_pb_section]<\/p>\n","protected":false},"excerpt":{"rendered":"<p>Lors du soudage de profil\u00e9s en PVC, des d\u00e9p\u00f4ts se forment souvent sur les feuilles de soudure au fil du temps. Avec la B\u00d6HME-RACLETTE\u00ae, m\u00eame les encro\u00fbtements les plus tenaces peuvent \u00eatre enlev\u00e9es sans probl\u00e8me. Une utilisation r\u00e9guli\u00e8re permet de prolonger consid\u00e9rablement la dur\u00e9e de vie des films de soudure. La B\u00d6HME-RACLETTE\u00ae est disponible en [&hellip;]<\/p>\n","protected":false},"author":3,"featured_media":0,"parent":56417,"menu_order":0,"comment_status":"closed","ping_status":"closed","template":"","meta":{"_et_pb_use_builder":"on","_et_pb_old_content":"","_et_gb_content_width":"","footnotes":""},"class_list":["post-56757","page","type-page","status-publish","hentry"],"yoast_head":"<!-- This site is optimized with the Yoast SEO plugin v27.3 - https:\/\/yoast.com\/product\/yoast-seo-wordpress\/ -->\n<title>B\u00d6HME-RACLETTE\u00ae - Le nettoyant des feuilles PTFE - B\u00f6hme Kunststofftechnik<\/title>\n<meta name=\"description\" content=\"B\u00d6HME-RACLETTE\u00ae - Le nettoyant des feuilles PTFE\" \/>\n<meta name=\"robots\" content=\"index, follow, max-snippet:-1, max-image-preview:large, max-video-preview:-1\" \/>\n<link rel=\"canonical\" href=\"https:\/\/boehme-kunststoff.de\/fr\/produits\/le-nettoyant-des-feuilles-ptfe\/\" \/>\n<meta property=\"og:locale\" content=\"fr_FR\" \/>\n<meta property=\"og:type\" content=\"article\" \/>\n<meta property=\"og:title\" content=\"B\u00d6HME-RACLETTE\u00ae - Le nettoyant des feuilles PTFE - B\u00f6hme Kunststofftechnik\" \/>\n<meta property=\"og:description\" content=\"B\u00d6HME-RACLETTE\u00ae - Le nettoyant des feuilles PTFE\" \/>\n<meta property=\"og:url\" content=\"https:\/\/boehme-kunststoff.de\/fr\/produits\/le-nettoyant-des-feuilles-ptfe\/\" \/>\n<meta property=\"og:site_name\" content=\"Transportb\u00e4nder vom Hersteller\" \/>\n<meta property=\"article:modified_time\" content=\"2026-04-10T13:13:54+00:00\" \/>\n<meta name=\"twitter:card\" content=\"summary_large_image\" \/>\n<meta name=\"twitter:label1\" content=\"Dur\u00e9e de lecture estim\u00e9e\" \/>\n\t<meta name=\"twitter:data1\" content=\"2 minutes\" \/>\n<script type=\"application\/ld+json\" class=\"yoast-schema-graph\">{\"@context\":\"https:\\\/\\\/schema.org\",\"@graph\":[{\"@type\":\"WebPage\",\"@id\":\"https:\\\/\\\/boehme-kunststoff.de\\\/fr\\\/produits\\\/le-nettoyant-des-feuilles-ptfe\\\/\",\"url\":\"https:\\\/\\\/boehme-kunststoff.de\\\/fr\\\/produits\\\/le-nettoyant-des-feuilles-ptfe\\\/\",\"name\":\"B\u00d6HME-RACLETTE\u00ae - Le nettoyant des feuilles PTFE - B\u00f6hme Kunststofftechnik\",\"isPartOf\":{\"@id\":\"https:\\\/\\\/boehme-kunststoff.de\\\/fr\\\/#website\"},\"datePublished\":\"2026-03-02T05:10:29+00:00\",\"dateModified\":\"2026-04-10T13:13:54+00:00\",\"description\":\"B\u00d6HME-RACLETTE\u00ae - Le nettoyant des feuilles PTFE\",\"breadcrumb\":{\"@id\":\"https:\\\/\\\/boehme-kunststoff.de\\\/fr\\\/produits\\\/le-nettoyant-des-feuilles-ptfe\\\/#breadcrumb\"},\"inLanguage\":\"fr-FR\",\"potentialAction\":[{\"@type\":\"ReadAction\",\"target\":[\"https:\\\/\\\/boehme-kunststoff.de\\\/fr\\\/produits\\\/le-nettoyant-des-feuilles-ptfe\\\/\"]}]},{\"@type\":\"BreadcrumbList\",\"@id\":\"https:\\\/\\\/boehme-kunststoff.de\\\/fr\\\/produits\\\/le-nettoyant-des-feuilles-ptfe\\\/#breadcrumb\",\"itemListElement\":[{\"@type\":\"ListItem\",\"position\":1,\"name\":\"Startseite\",\"item\":\"https:\\\/\\\/boehme-kunststoff.de\\\/fr\\\/\"},{\"@type\":\"ListItem\",\"position\":2,\"name\":\"Produits\",\"item\":\"https:\\\/\\\/boehme-kunststoff.de\\\/fr\\\/produits\\\/\"},{\"@type\":\"ListItem\",\"position\":3,\"name\":\"Le nettoyant des feuilles PTFE\"}]},{\"@type\":\"WebSite\",\"@id\":\"https:\\\/\\\/boehme-kunststoff.de\\\/fr\\\/#website\",\"url\":\"https:\\\/\\\/boehme-kunststoff.de\\\/fr\\\/\",\"name\":\"Transportb\u00e4nder vom Hersteller\",\"description\":\"Transportb\u00e4nder vom Hersteller\",\"potentialAction\":[{\"@type\":\"SearchAction\",\"target\":{\"@type\":\"EntryPoint\",\"urlTemplate\":\"https:\\\/\\\/boehme-kunststoff.de\\\/fr\\\/?s={search_term_string}\"},\"query-input\":{\"@type\":\"PropertyValueSpecification\",\"valueRequired\":true,\"valueName\":\"search_term_string\"}}],\"inLanguage\":\"fr-FR\"}]}<\/script>\n<!-- \/ Yoast SEO plugin. -->","yoast_head_json":{"title":"B\u00d6HME-RACLETTE\u00ae - Le nettoyant des feuilles PTFE - B\u00f6hme Kunststofftechnik","description":"B\u00d6HME-RACLETTE\u00ae - Le nettoyant des feuilles PTFE","robots":{"index":"index","follow":"follow","max-snippet":"max-snippet:-1","max-image-preview":"max-image-preview:large","max-video-preview":"max-video-preview:-1"},"canonical":"https:\/\/boehme-kunststoff.de\/fr\/produits\/le-nettoyant-des-feuilles-ptfe\/","og_locale":"fr_FR","og_type":"article","og_title":"B\u00d6HME-RACLETTE\u00ae - Le nettoyant des feuilles PTFE - B\u00f6hme Kunststofftechnik","og_description":"B\u00d6HME-RACLETTE\u00ae - Le nettoyant des feuilles PTFE","og_url":"https:\/\/boehme-kunststoff.de\/fr\/produits\/le-nettoyant-des-feuilles-ptfe\/","og_site_name":"Transportb\u00e4nder vom Hersteller","article_modified_time":"2026-04-10T13:13:54+00:00","twitter_card":"summary_large_image","twitter_misc":{"Dur\u00e9e de lecture estim\u00e9e":"2 minutes"},"schema":{"@context":"https:\/\/schema.org","@graph":[{"@type":"WebPage","@id":"https:\/\/boehme-kunststoff.de\/fr\/produits\/le-nettoyant-des-feuilles-ptfe\/","url":"https:\/\/boehme-kunststoff.de\/fr\/produits\/le-nettoyant-des-feuilles-ptfe\/","name":"B\u00d6HME-RACLETTE\u00ae - Le nettoyant des feuilles PTFE - B\u00f6hme Kunststofftechnik","isPartOf":{"@id":"https:\/\/boehme-kunststoff.de\/fr\/#website"},"datePublished":"2026-03-02T05:10:29+00:00","dateModified":"2026-04-10T13:13:54+00:00","description":"B\u00d6HME-RACLETTE\u00ae - Le nettoyant des feuilles PTFE","breadcrumb":{"@id":"https:\/\/boehme-kunststoff.de\/fr\/produits\/le-nettoyant-des-feuilles-ptfe\/#breadcrumb"},"inLanguage":"fr-FR","potentialAction":[{"@type":"ReadAction","target":["https:\/\/boehme-kunststoff.de\/fr\/produits\/le-nettoyant-des-feuilles-ptfe\/"]}]},{"@type":"BreadcrumbList","@id":"https:\/\/boehme-kunststoff.de\/fr\/produits\/le-nettoyant-des-feuilles-ptfe\/#breadcrumb","itemListElement":[{"@type":"ListItem","position":1,"name":"Startseite","item":"https:\/\/boehme-kunststoff.de\/fr\/"},{"@type":"ListItem","position":2,"name":"Produits","item":"https:\/\/boehme-kunststoff.de\/fr\/produits\/"},{"@type":"ListItem","position":3,"name":"Le nettoyant des feuilles PTFE"}]},{"@type":"WebSite","@id":"https:\/\/boehme-kunststoff.de\/fr\/#website","url":"https:\/\/boehme-kunststoff.de\/fr\/","name":"Transportb\u00e4nder vom Hersteller","description":"Transportb\u00e4nder vom Hersteller","potentialAction":[{"@type":"SearchAction","target":{"@type":"EntryPoint","urlTemplate":"https:\/\/boehme-kunststoff.de\/fr\/?s={search_term_string}"},"query-input":{"@type":"PropertyValueSpecification","valueRequired":true,"valueName":"search_term_string"}}],"inLanguage":"fr-FR"}]}},"_links":{"self":[{"href":"https:\/\/boehme-kunststoff.de\/fr\/wp-json\/wp\/v2\/pages\/56757","targetHints":{"allow":["GET"]}}],"collection":[{"href":"https:\/\/boehme-kunststoff.de\/fr\/wp-json\/wp\/v2\/pages"}],"about":[{"href":"https:\/\/boehme-kunststoff.de\/fr\/wp-json\/wp\/v2\/types\/page"}],"author":[{"embeddable":true,"href":"https:\/\/boehme-kunststoff.de\/fr\/wp-json\/wp\/v2\/users\/3"}],"replies":[{"embeddable":true,"href":"https:\/\/boehme-kunststoff.de\/fr\/wp-json\/wp\/v2\/comments?post=56757"}],"version-history":[{"count":10,"href":"https:\/\/boehme-kunststoff.de\/fr\/wp-json\/wp\/v2\/pages\/56757\/revisions"}],"predecessor-version":[{"id":57931,"href":"https:\/\/boehme-kunststoff.de\/fr\/wp-json\/wp\/v2\/pages\/56757\/revisions\/57931"}],"up":[{"embeddable":true,"href":"https:\/\/boehme-kunststoff.de\/fr\/wp-json\/wp\/v2\/pages\/56417"}],"wp:attachment":[{"href":"https:\/\/boehme-kunststoff.de\/fr\/wp-json\/wp\/v2\/media?parent=56757"}],"curies":[{"name":"wp","href":"https:\/\/api.w.org\/{rel}","templated":true}]}}