{"id":56793,"date":"2026-03-02T06:09:16","date_gmt":"2026-03-02T05:09:16","guid":{"rendered":"https:\/\/boehme-kunststoff.de\/produits\/ptfe-beschichtung-antihaftbeschichtung-korrosionsschutz\/"},"modified":"2026-03-30T08:41:59","modified_gmt":"2026-03-30T06:41:59","slug":"revetements-ptfe-antiadhesifs","status":"publish","type":"page","link":"https:\/\/boehme-kunststoff.de\/fr\/produits\/revetements-ptfe-antiadhesifs\/","title":{"rendered":"Rev\u00eatements PTFE, antiadh\u00e9sifs"},"content":{"rendered":"<p>[et_pb_section fb_built=\u00a0\u00bb1&Prime; module_class=\u00a0\u00bbmain_secondary_section padding_top_bottom\u00a0\u00bb _builder_version=\u00a0\u00bb4.27.6&Prime; _module_preset=\u00a0\u00bbdefault\u00a0\u00bb locked=\u00a0\u00bboff\u00a0\u00bb global_colors_info=\u00a0\u00bb{}\u00a0\u00bb][et_pb_row _builder_version=\u00a0\u00bb4.27.6&Prime; _module_preset=\u00a0\u00bbdefault\u00a0\u00bb background_image=\u00a0\u00bbhttps:\/\/boehme-kunststoff.de\/wp-content\/uploads\/2026\/03\/teaser_ptfe-beschichtungen-5782ed00.webp\u00a0\u00bb background_position=\u00a0\u00bbbottom_center\u00a0\u00bb custom_padding=\u00a0\u00bb209px|||||\u00a0\u00bb global_colors_info=\u00a0\u00bb{}\u00a0\u00bb][et_pb_column type=\u00a0\u00bb4_4&Prime; _builder_version=\u00a0\u00bb4.27.6&Prime; _module_preset=\u00a0\u00bbdefault\u00a0\u00bb global_colors_info=\u00a0\u00bb{}\u00a0\u00bb][\/et_pb_column][\/et_pb_row][\/et_pb_section][et_pb_section fb_built=\u00a0\u00bb1&Prime; module_class=\u00a0\u00bbpadding_bottom\u00a0\u00bb _builder_version=\u00a0\u00bb4.27.6&Prime; _module_preset=\u00a0\u00bbdefault\u00a0\u00bb locked=\u00a0\u00bboff\u00a0\u00bb global_colors_info=\u00a0\u00bb{}\u00a0\u00bb][et_pb_row column_structure=\u00a0\u00bb3_4,1_4&Prime; make_equal=\u00a0\u00bbon\u00a0\u00bb module_class=\u00a0\u00bbbg_white antih_sec_row\u00a0\u00bb _builder_version=\u00a0\u00bb4.27.6&Prime; _module_preset=\u00a0\u00bbdefault\u00a0\u00bb global_colors_info=\u00a0\u00bb{}\u00a0\u00bb][et_pb_column type=\u00a0\u00bb3_4&Prime; _builder_version=\u00a0\u00bb4.27.6&Prime; _module_preset=\u00a0\u00bbdefault\u00a0\u00bb global_colors_info=\u00a0\u00bb{}\u00a0\u00bb][et_pb_heading title=\u00a0\u00bbRev\u00eatements PTFE, antiadh\u00e9sifs\u00a0\u00bb module_class=\u00a0\u00bbcommon_htags mb10&Prime; _builder_version=\u00a0\u00bb4.27.6&Prime; _module_preset=\u00a0\u00bbdefault\u00a0\u00bb global_colors_info=\u00a0\u00bb{}\u00a0\u00bb][\/et_pb_heading][et_pb_heading title=\u00a0\u00bbrev\u00eatement antiadh\u00e9sif, protection contre la corrosion\u00a0\u00bb module_class=\u00a0\u00bbcommon_htags mb10 uppercase\u00a0\u00bb _builder_version=\u00a0\u00bb4.27.6&Prime; _module_preset=\u00a0\u00bbdefault\u00a0\u00bb title_level=\u00a0\u00bbh2&Prime; global_colors_info=\u00a0\u00bb{}\u00a0\u00bb][\/et_pb_heading][et_pb_text module_class=\u00a0\u00bbfonts_20&Prime; _builder_version=\u00a0\u00bb4.27.6&Prime; _module_preset=\u00a0\u00bbdefault\u00a0\u00bb global_colors_info=\u00a0\u00bb{}\u00a0\u00bb]<\/p>\n<p>Un rev\u00eatement en PTFE garantit une protection efficace de la surface et commence par la conception conforme au rev\u00eatement de la pi\u00e8ce \u00e0 fabriquer. Dans de nombreuses applications techniques, un rev\u00eatement de PTFE est utilis\u00e9 comme rev\u00eatement antiadh\u00e9sif et appliqu\u00e9 apr\u00e8s un traitement m\u00e9canique ou chimique. Afin d\u2019\u00e9viter d\u2019\u00e9ventuelles erreurs, nous aidons nos clients, gr\u00e2ce \u00e0 nos exp\u00e9riences et savoir-faire, dans la conception de leurs pi\u00e8ces conform\u00e9ment \u00e0 la norme DIN EN 14879-1, dans le choix du mat\u00e9riel de base \u00e0 rev\u00eatir ainsi que dans le choix du mat\u00e9riel de rev\u00eatement, en tenant compte des contraintes chimiques, physiques et m\u00e9caniques et des aspects \u00e9conomiques. Nous serons heureux de vous conseiller.<\/p>\n<p>[\/et_pb_text][\/et_pb_column][et_pb_column type=\u00a0\u00bb1_4&Prime; _builder_version=\u00a0\u00bb4.27.6&Prime; _module_preset=\u00a0\u00bbdefault\u00a0\u00bb global_colors_info=\u00a0\u00bb{}\u00a0\u00bb][et_pb_image src=\u00a0\u00bbhttps:\/\/boehme-kunststoff.de\/wp-content\/uploads\/2026\/03\/hueni-logo-1-b0d8f2b6.webp\u00a0\u00bb title_text=\u00a0\u00bbhueni-logo-1-b0d8f2b6&Prime; _builder_version=\u00a0\u00bb4.27.6&Prime; _module_preset=\u00a0\u00bbdefault\u00a0\u00bb global_colors_info=\u00a0\u00bb{}\u00a0\u00bb][\/et_pb_image][\/et_pb_column][\/et_pb_row][\/et_pb_section][et_pb_section fb_built=\u00a0\u00bb1&Prime; module_class=\u00a0\u00bbpadding_bottom\u00a0\u00bb _builder_version=\u00a0\u00bb4.27.6&Prime; _module_preset=\u00a0\u00bbdefault\u00a0\u00bb global_colors_info=\u00a0\u00bb{}\u00a0\u00bb][et_pb_row column_structure=\u00a0\u00bb1_3,1_3,1_3&Prime; module_class=\u00a0\u00bbpt0 pb0 common_3_col_margin\u00a0\u00bb _builder_version=\u00a0\u00bb4.27.6&Prime; _module_preset=\u00a0\u00bbdefault\u00a0\u00bb global_colors_info=\u00a0\u00bb{}\u00a0\u00bb][et_pb_column type=\u00a0\u00bb1_3&Prime; _builder_version=\u00a0\u00bb4.27.6&Prime; _module_preset=\u00a0\u00bbdefault\u00a0\u00bb global_colors_info=\u00a0\u00bb{}\u00a0\u00bb][et_pb_blurb title=\u00a0\u00bbMat\u00e9riaux utilis\u00e9s\u00a0\u00bb module_class=\u00a0\u00bbcustom_listTrue antih_blurb \u00a0\u00bb _builder_version=\u00a0\u00bb4.27.6&Prime; _module_preset=\u00a0\u00bbdefault\u00a0\u00bb hover_enabled=\u00a0\u00bb0&Prime; global_colors_info=\u00a0\u00bb{}\u00a0\u00bb header_level=\u00a0\u00bbh3&Prime; sticky_enabled=\u00a0\u00bb0&Prime;]<\/p>\n<ul>\n<li>E-CTFE-(HALAR\u00ae)<\/li>\n<li>ETFE<\/li>\n<li>PFA<\/li>\n<li>PFA RUBY RED\u00ae<\/li>\n<li>r\u00e9sine ph\u00e9nolique<\/li>\n<li>PROCO-EMAIL schwarz\u00ae u.a.<\/li>\n<li>r\u00e9sines \u00e9poxydes<\/li>\n<li>ChemLINE 784\u00ae <\/li>\n<li>r\u00e9sines de polyester<\/li>\n<li>PA 11(Rilsan\u00ae)<\/li>\n<li>PTFE-(Teflon\u00ae, Greblon\u00ae, Xylan\u00ae, Ilaflon\u00ae)<\/li>\n<li>FEP (Teflon\u00ae)<\/li>\n<li>PFA (Teflon\u00ae)<\/li>\n<li>MOS2<\/li>\n<li>PEEK<\/li>\n<li>Nanotechnologies<\/li>\n<\/ul>\n<p>[\/et_pb_blurb][et_pb_blurb title=\u00a0\u00bbCapacit\u00e9\u00a0\u00bb module_class=\u00a0\u00bbcustom_listTrue antih_blurb \u00a0\u00bb _builder_version=\u00a0\u00bb4.27.6&Prime; _module_preset=\u00a0\u00bbdefault\u00a0\u00bb hover_enabled=\u00a0\u00bb0&Prime; global_colors_info=\u00a0\u00bb{}\u00a0\u00bb header_level=\u00a0\u00bbh3&Prime; sticky_enabled=\u00a0\u00bb0&Prime;]<\/p>\n<ul>\n<li>10 fourneaux et fours de frittage<\/li>\n<li>temp\u00e9rature jusqu\u2019\u00e0 500\u00b0C<\/li>\n<li>Poids de la pi\u00e8ce maximale 8t<\/li>\n<li>Mesures maximales 3,10 x 3,10 x 10,00 m\n<\/li>\n<\/ul>\n<p>[\/et_pb_blurb][\/et_pb_column][et_pb_column type=\u00a0\u00bb1_3&Prime; _builder_version=\u00a0\u00bb4.27.6&Prime; _module_preset=\u00a0\u00bbdefault\u00a0\u00bb global_colors_info=\u00a0\u00bb{}\u00a0\u00bb][et_pb_blurb title=\u00a0\u00bbRev\u00eatement PTFE comme protection contre la corrosion\u00a0\u00bb module_class=\u00a0\u00bbcustom_listTrue antih_blurb \u00a0\u00bb _builder_version=\u00a0\u00bb4.27.6&Prime; _module_preset=\u00a0\u00bbdefault\u00a0\u00bb hover_enabled=\u00a0\u00bb0&Prime; locked=\u00a0\u00bboff\u00a0\u00bb global_colors_info=\u00a0\u00bb{}\u00a0\u00bb header_level=\u00a0\u00bbh3&Prime; sticky_enabled=\u00a0\u00bb0&Prime;]<\/p>\n<ul>\n<li>Rev\u00eatements en plastique fluor\u00e9<\/li>\n<li>rev\u00eatements thermodurcissables<\/li>\n<li>rev\u00eatements thermoplastiques<\/li>\n<li>rev\u00eatements en poudre<\/li>\n<\/ul>\n<p>[\/et_pb_blurb][et_pb_blurb title=\u00a0\u00bbParticularit\u00e9\u00a0\u00bb module_class=\u00a0\u00bbcustom_listTrue antih_blurb \u00a0\u00bb _builder_version=\u00a0\u00bb4.27.6&Prime; _module_preset=\u00a0\u00bbdefault\u00a0\u00bb hover_enabled=\u00a0\u00bb0&Prime; locked=\u00a0\u00bboff\u00a0\u00bb global_colors_info=\u00a0\u00bb{}\u00a0\u00bb header_level=\u00a0\u00bbh3&Prime; sticky_enabled=\u00a0\u00bb0&Prime;]<\/p>\n<ul>\n<li>En partie homologu\u00e9s FDA<\/li>\n<li>Disponibles \u00e9galement en \u00e9lastom\u00e8res<\/li>\n<li>conduction \u00e9lectrique possible<\/li>\n<\/ul>\n<p>[\/et_pb_blurb][et_pb_blurb title=\u00a0\u00bbPr\u00e9traitement\u00a0\u00bb module_class=\u00a0\u00bbcustom_listTrue antih_blurb \u00a0\u00bb _builder_version=\u00a0\u00bb4.27.6&Prime; _module_preset=\u00a0\u00bbdefault\u00a0\u00bb hover_enabled=\u00a0\u00bb0&Prime; locked=\u00a0\u00bboff\u00a0\u00bb global_colors_info=\u00a0\u00bb{}\u00a0\u00bb header_level=\u00a0\u00bbh3&Prime; sticky_enabled=\u00a0\u00bb0&Prime;]<\/p>\n<p>Grenaillage divers jusqu\u2019\u00e1 une longueur de 10 m\u00e8tres pour verroteries et corindon<\/p>\n<ul style=\"margin-top: 20px;\">\n<li>Grenaillage avec corindon selon DIN EN 12944-4<\/li>\n<li>D\u00e9capage avec pyrolyse<\/li>\n<li>D\u00e9graissement thermique<\/li>\n<li>Pr\u00e9traitement chimique<\/li>\n<\/ul>\n<p>[\/et_pb_blurb][\/et_pb_column][et_pb_column type=\u00a0\u00bb1_3&Prime; _builder_version=\u00a0\u00bb4.27.6&Prime; _module_preset=\u00a0\u00bbdefault\u00a0\u00bb global_colors_info=\u00a0\u00bb{}\u00a0\u00bb][et_pb_blurb title=\u00a0\u00bbRecouvrements anti adh\u00e9rence et rev\u00eatement glissant\u00a0\u00bb module_class=\u00a0\u00bbcustom_listTrue antih_blurb\u00a0\u00bb _builder_version=\u00a0\u00bb4.27.6&Prime; _module_preset=\u00a0\u00bbdefault\u00a0\u00bb hover_enabled=\u00a0\u00bb0&Prime; locked=\u00a0\u00bboff\u00a0\u00bb global_colors_info=\u00a0\u00bb{}\u00a0\u00bb header_level=\u00a0\u00bbh3&Prime; sticky_enabled=\u00a0\u00bb0&Prime;]<\/p>\n<ul>\n<li>Rev\u00eatement par dispersion<\/li>\n<li>poudre<\/li>\n<\/ul>\n<p>[\/et_pb_blurb][et_pb_blurb title=\u00a0\u00bbNous fabriquons pour vous\u00a0\u00bb module_class=\u00a0\u00bbcustom_listTrue antih_blurb\u00a0\u00bb _builder_version=\u00a0\u00bb4.27.6&Prime; _module_preset=\u00a0\u00bbdefault\u00a0\u00bb hover_enabled=\u00a0\u00bb0&Prime; locked=\u00a0\u00bboff\u00a0\u00bb global_colors_info=\u00a0\u00bb{}\u00a0\u00bb header_level=\u00a0\u00bbh3&Prime; sticky_enabled=\u00a0\u00bb0&Prime;]<\/p>\n<ul>\n<li>Recouvrements des \u00e9prouvettes pour des essais de constance<\/li>\n<li>\u00c9chantillons du recouvrement<\/li>\n<li>Amorce externe, couche sup\u00e9rieure<\/li>\n<li>Traitement m\u00e9canique<\/li>\n<li>Certificats d\u2019usine selon DIN EN 14879-2<\/li>\n<\/ul>\n<p>[\/et_pb_blurb][et_pb_blurb title=\u00a0\u00bbRecettes sp\u00e9cifiques possibles pour une am\u00e9lioration de la r\u00e9sistance \u00e0 l\u2019abrasion et une meilleure r\u00e9sistance \u00e0 l\u2019usure\u00a0\u00bb module_class=\u00a0\u00bbcustom_listTrue antih_blurb\u00a0\u00bb _builder_version=\u00a0\u00bb4.27.6&Prime; _module_preset=\u00a0\u00bbdefault\u00a0\u00bb hover_enabled=\u00a0\u00bb0&Prime; locked=\u00a0\u00bboff\u00a0\u00bb global_colors_info=\u00a0\u00bb{}\u00a0\u00bb header_level=\u00a0\u00bbh3&Prime; sticky_enabled=\u00a0\u00bb0&Prime;]<\/p>\n<ul>\n<li>Plasma\/c\u00e9ramique (AI203) et PTFE<\/li>\n<li>Chrome et PTFE<\/li>\n<li>Tout un art, couche par couche<\/li>\n<\/ul>\n<p>[\/et_pb_blurb][\/et_pb_column][\/et_pb_row][\/et_pb_section][et_pb_section fb_built=\u00a0\u00bb1&Prime; module_class=\u00a0\u00bbpadding_bottom \u00a0\u00bb _builder_version=\u00a0\u00bb4.27.6&Prime; _module_preset=\u00a0\u00bbdefault\u00a0\u00bb global_colors_info=\u00a0\u00bb{}\u00a0\u00bb][et_pb_row column_structure=\u00a0\u00bb1_2,1_2&Prime; use_custom_gutter=\u00a0\u00bbon\u00a0\u00bb gutter_width=\u00a0\u00bb1&Prime; make_equal=\u00a0\u00bbon\u00a0\u00bb module_class=\u00a0\u00bbblue_col_row common_col_spacing_row pt0 pb0&Prime; _builder_version=\u00a0\u00bb4.27.6&Prime; _module_preset=\u00a0\u00bbdefault\u00a0\u00bb global_colors_info=\u00a0\u00bb{}\u00a0\u00bb][et_pb_column type=\u00a0\u00bb1_2&Prime; _builder_version=\u00a0\u00bb4.27.6&Prime; _module_preset=\u00a0\u00bbdefault\u00a0\u00bb global_colors_info=\u00a0\u00bb{}\u00a0\u00bb][et_pb_blurb title=\u00a0\u00bbNous mettons \u00e0 votre disposition\u00a0\u00bb module_class=\u00a0\u00bbaub_blurb custom_listTrue  \u00a0\u00bb _builder_version=\u00a0\u00bb4.27.6&Prime; _module_preset=\u00a0\u00bbdefault\u00a0\u00bb hover_enabled=\u00a0\u00bb0&Prime; global_colors_info=\u00a0\u00bb{}\u00a0\u00bb header_level=\u00a0\u00bbh3&Prime; sticky_enabled=\u00a0\u00bb0&Prime;]<\/p>\n<ul>\n<li>Les fiches techniques pour les diff\u00e9rentes proc\u00e9dures<br \/>\n(www.hueni.de)<\/li>\n<li>Listes de la constance<\/li>\n<\/ul>\n<p>[\/et_pb_blurb][\/et_pb_column][et_pb_column type=\u00a0\u00bb1_2&Prime; _builder_version=\u00a0\u00bb4.27.6&Prime; _module_preset=\u00a0\u00bbdefault\u00a0\u00bb global_colors_info=\u00a0\u00bb{}\u00a0\u00bb][et_pb_blurb title=\u00a0\u00bbService suppl\u00e9mentaire\u00a0\u00bb module_class=\u00a0\u00bbcustom_listTrue  aub_blurb\u00a0\u00bb _builder_version=\u00a0\u00bb4.27.6&Prime; _module_preset=\u00a0\u00bbdefault\u00a0\u00bb hover_enabled=\u00a0\u00bb0&Prime; locked=\u00a0\u00bboff\u00a0\u00bb global_colors_info=\u00a0\u00bb{}\u00a0\u00bb header_level=\u00a0\u00bbh3&Prime; sticky_enabled=\u00a0\u00bb0&Prime;]<\/p>\n<ul>\n<li>Contr\u00f4le technique par le T\u00dcV ou d\u2019autres instituions<\/li>\n<li>Formations<\/li>\n<li>R\u00e9parations<\/li>\n<li>Logistique<\/li>\n<\/ul>\n<p>[\/et_pb_blurb][\/et_pb_column][\/et_pb_row][\/et_pb_section][et_pb_section fb_built=\u00a0\u00bb1&Prime; module_class=\u00a0\u00bbpadding_bottom\u00a0\u00bb _builder_version=\u00a0\u00bb4.27.6&Prime; _module_preset=\u00a0\u00bbdefault\u00a0\u00bb locked=\u00a0\u00bboff\u00a0\u00bb global_colors_info=\u00a0\u00bb{}\u00a0\u00bb][et_pb_row column_structure=\u00a0\u00bb1_2,1_2&Prime; make_equal=\u00a0\u00bbon\u00a0\u00bb module_class=\u00a0\u00bbbg_white kontaktie_sec_row\u00a0\u00bb _builder_version=\u00a0\u00bb4.27.6&Prime; _module_preset=\u00a0\u00bbdefault\u00a0\u00bb global_colors_info=\u00a0\u00bb{}\u00a0\u00bb][et_pb_column type=\u00a0\u00bb1_2&Prime; _builder_version=\u00a0\u00bb4.27.6&Prime; _module_preset=\u00a0\u00bbdefault\u00a0\u00bb global_colors_info=\u00a0\u00bb{}\u00a0\u00bb][et_pb_heading title=\u00a0\u00bbContactez-nous !\u00a0\u00bb module_class=\u00a0\u00bbcommon_htags mb10&Prime; _builder_version=\u00a0\u00bb4.27.6&Prime; _module_preset=\u00a0\u00bbdefault\u00a0\u00bb title_level=\u00a0\u00bbh3&Prime; global_colors_info=\u00a0\u00bb{}\u00a0\u00bb][\/et_pb_heading][et_pb_text module_class=\u00a0\u00bbfonts_20&Prime; _builder_version=\u00a0\u00bb4.27.6&Prime; _module_preset=\u00a0\u00bbdefault\u00a0\u00bb global_colors_info=\u00a0\u00bb{}\u00a0\u00bb]<\/p>\n<p>Vous avez des questions sur nos produits, sur des r\u00e9alisations individuelles, sur notre assurance qualit\u00e9 ou vous souhaitez obtenir des conseils ?<\/p>\n<p>[\/et_pb_text][et_pb_blurb title=\u00a0\u00bbHelmut Kroner\u00a0\u00bb url=\u00a0\u00bb\/kontakt\/\u00a0\u00bb image=\u00a0\u00bbhttps:\/\/boehme-kunststoff.de\/wp-content\/uploads\/2026\/03\/oaqdlhgeramm8r42e3-1.png\u00a0\u00bb icon_placement=\u00a0\u00bbleft\u00a0\u00bb module_class=\u00a0\u00bbkontaktie_blurb kontakti_icon\u00a0\u00bb _builder_version=\u00a0\u00bb4.27.6&Prime; _module_preset=\u00a0\u00bbdefault\u00a0\u00bb hover_enabled=\u00a0\u00bb0&Prime; global_colors_info=\u00a0\u00bb{}\u00a0\u00bb header_level=\u00a0\u00bbh3&Prime; sticky_enabled=\u00a0\u00bb0&Prime;][\/et_pb_blurb][\/et_pb_column][et_pb_column type=\u00a0\u00bb1_2&Prime; _builder_version=\u00a0\u00bb4.27.6&Prime; _module_preset=\u00a0\u00bbdefault\u00a0\u00bb global_colors_info=\u00a0\u00bb{}\u00a0\u00bb][et_pb_blurb title=\u00a0\u00bb04151 \/ 88 00 -32&Prime; url=\u00a0\u00bbtel:04151880032&Prime; image=\u00a0\u00bbhttps:\/\/boehme-kunststoff.de\/wp-content\/uploads\/2026\/03\/vhyxiyhxr1gmm8qt0bg-1.png\u00a0\u00bb icon_placement=\u00a0\u00bbleft\u00a0\u00bb module_class=\u00a0\u00bbkontaktie_blurb mb20&Prime; _builder_version=\u00a0\u00bb4.27.6&Prime; _module_preset=\u00a0\u00bbdefault\u00a0\u00bb hover_enabled=\u00a0\u00bb0&Prime; global_colors_info=\u00a0\u00bb{}\u00a0\u00bb header_level=\u00a0\u00bbh3&Prime; sticky_enabled=\u00a0\u00bb0&Prime;][\/et_pb_blurb][et_pb_blurb title=\u00a0\u00bbh.kroner@boehme-kunststoff.de\u00a0\u00bb url=\u00a0\u00bbmailto:h.kroner@boehme-kunststoff.de\u00a0\u00bb image=\u00a0\u00bbhttps:\/\/boehme-kunststoff.de\/wp-content\/uploads\/2026\/03\/Vector.png\u00a0\u00bb icon_placement=\u00a0\u00bbleft\u00a0\u00bb module_class=\u00a0\u00bbkontaktie_blurb \u00a0\u00bb _builder_version=\u00a0\u00bb4.27.6&Prime; _module_preset=\u00a0\u00bbdefault\u00a0\u00bb hover_enabled=\u00a0\u00bb0&Prime; global_colors_info=\u00a0\u00bb{}\u00a0\u00bb header_level=\u00a0\u00bbh3&Prime; sticky_enabled=\u00a0\u00bb0&Prime;][\/et_pb_blurb][\/et_pb_column][\/et_pb_row][\/et_pb_section]<\/p>\n","protected":false},"excerpt":{"rendered":"<p>Un rev\u00eatement en PTFE garantit une protection efficace de la surface et commence par la conception conforme au rev\u00eatement de la pi\u00e8ce \u00e0 fabriquer. Dans de nombreuses applications techniques, un rev\u00eatement de PTFE est utilis\u00e9 comme rev\u00eatement antiadh\u00e9sif et appliqu\u00e9 apr\u00e8s un traitement m\u00e9canique ou chimique. Afin d\u2019\u00e9viter d\u2019\u00e9ventuelles erreurs, nous aidons nos clients, gr\u00e2ce [&hellip;]<\/p>\n","protected":false},"author":3,"featured_media":0,"parent":56417,"menu_order":0,"comment_status":"closed","ping_status":"closed","template":"","meta":{"_et_pb_use_builder":"on","_et_pb_old_content":"","_et_gb_content_width":"","footnotes":""},"class_list":["post-56793","page","type-page","status-publish","hentry"],"yoast_head":"<!-- This site is optimized with the Yoast SEO plugin v27.4 - https:\/\/yoast.com\/product\/yoast-seo-wordpress\/ -->\n<title>Rev\u00eatements PTFE - B\u00f6hme Kunststofftechnik<\/title>\n<meta name=\"description\" content=\"REV\u00caTEMENTS PTFE, ANTIADH\u00c9SIFS\" \/>\n<meta name=\"robots\" content=\"index, follow, max-snippet:-1, max-image-preview:large, max-video-preview:-1\" \/>\n<link rel=\"canonical\" href=\"https:\/\/boehme-kunststoff.de\/fr\/produits\/revetements-ptfe-antiadhesifs\/\" \/>\n<meta property=\"og:locale\" content=\"fr_FR\" \/>\n<meta property=\"og:type\" content=\"article\" \/>\n<meta property=\"og:title\" content=\"Rev\u00eatements PTFE - B\u00f6hme Kunststofftechnik\" \/>\n<meta property=\"og:description\" content=\"REV\u00caTEMENTS PTFE, ANTIADH\u00c9SIFS\" \/>\n<meta property=\"og:url\" content=\"https:\/\/boehme-kunststoff.de\/fr\/produits\/revetements-ptfe-antiadhesifs\/\" \/>\n<meta property=\"og:site_name\" content=\"Transportb\u00e4nder vom Hersteller\" \/>\n<meta property=\"article:modified_time\" content=\"2026-03-30T06:41:59+00:00\" \/>\n<meta name=\"twitter:card\" content=\"summary_large_image\" \/>\n<meta name=\"twitter:label1\" content=\"Dur\u00e9e de lecture estim\u00e9e\" \/>\n\t<meta name=\"twitter:data1\" content=\"3 minutes\" \/>\n<script type=\"application\/ld+json\" class=\"yoast-schema-graph\">{\"@context\":\"https:\\\/\\\/schema.org\",\"@graph\":[{\"@type\":\"WebPage\",\"@id\":\"https:\\\/\\\/boehme-kunststoff.de\\\/fr\\\/produits\\\/revetements-ptfe-antiadhesifs\\\/\",\"url\":\"https:\\\/\\\/boehme-kunststoff.de\\\/fr\\\/produits\\\/revetements-ptfe-antiadhesifs\\\/\",\"name\":\"Rev\u00eatements PTFE - B\u00f6hme Kunststofftechnik\",\"isPartOf\":{\"@id\":\"https:\\\/\\\/boehme-kunststoff.de\\\/fr\\\/#website\"},\"datePublished\":\"2026-03-02T05:09:16+00:00\",\"dateModified\":\"2026-03-30T06:41:59+00:00\",\"description\":\"REV\u00caTEMENTS PTFE, ANTIADH\u00c9SIFS\",\"breadcrumb\":{\"@id\":\"https:\\\/\\\/boehme-kunststoff.de\\\/fr\\\/produits\\\/revetements-ptfe-antiadhesifs\\\/#breadcrumb\"},\"inLanguage\":\"fr-FR\",\"potentialAction\":[{\"@type\":\"ReadAction\",\"target\":[\"https:\\\/\\\/boehme-kunststoff.de\\\/fr\\\/produits\\\/revetements-ptfe-antiadhesifs\\\/\"]}]},{\"@type\":\"BreadcrumbList\",\"@id\":\"https:\\\/\\\/boehme-kunststoff.de\\\/fr\\\/produits\\\/revetements-ptfe-antiadhesifs\\\/#breadcrumb\",\"itemListElement\":[{\"@type\":\"ListItem\",\"position\":1,\"name\":\"Startseite\",\"item\":\"https:\\\/\\\/boehme-kunststoff.de\\\/fr\\\/\"},{\"@type\":\"ListItem\",\"position\":2,\"name\":\"Produits\",\"item\":\"https:\\\/\\\/boehme-kunststoff.de\\\/fr\\\/produits\\\/\"},{\"@type\":\"ListItem\",\"position\":3,\"name\":\"Rev\u00eatements PTFE, antiadh\u00e9sifs\"}]},{\"@type\":\"WebSite\",\"@id\":\"https:\\\/\\\/boehme-kunststoff.de\\\/fr\\\/#website\",\"url\":\"https:\\\/\\\/boehme-kunststoff.de\\\/fr\\\/\",\"name\":\"Transportb\u00e4nder vom Hersteller\",\"description\":\"Transportb\u00e4nder vom Hersteller\",\"potentialAction\":[{\"@type\":\"SearchAction\",\"target\":{\"@type\":\"EntryPoint\",\"urlTemplate\":\"https:\\\/\\\/boehme-kunststoff.de\\\/fr\\\/?s={search_term_string}\"},\"query-input\":{\"@type\":\"PropertyValueSpecification\",\"valueRequired\":true,\"valueName\":\"search_term_string\"}}],\"inLanguage\":\"fr-FR\"}]}<\/script>\n<!-- \/ Yoast SEO plugin. -->","yoast_head_json":{"title":"Rev\u00eatements PTFE - B\u00f6hme Kunststofftechnik","description":"REV\u00caTEMENTS PTFE, ANTIADH\u00c9SIFS","robots":{"index":"index","follow":"follow","max-snippet":"max-snippet:-1","max-image-preview":"max-image-preview:large","max-video-preview":"max-video-preview:-1"},"canonical":"https:\/\/boehme-kunststoff.de\/fr\/produits\/revetements-ptfe-antiadhesifs\/","og_locale":"fr_FR","og_type":"article","og_title":"Rev\u00eatements PTFE - B\u00f6hme Kunststofftechnik","og_description":"REV\u00caTEMENTS PTFE, ANTIADH\u00c9SIFS","og_url":"https:\/\/boehme-kunststoff.de\/fr\/produits\/revetements-ptfe-antiadhesifs\/","og_site_name":"Transportb\u00e4nder vom Hersteller","article_modified_time":"2026-03-30T06:41:59+00:00","twitter_card":"summary_large_image","twitter_misc":{"Dur\u00e9e de lecture estim\u00e9e":"3 minutes"},"schema":{"@context":"https:\/\/schema.org","@graph":[{"@type":"WebPage","@id":"https:\/\/boehme-kunststoff.de\/fr\/produits\/revetements-ptfe-antiadhesifs\/","url":"https:\/\/boehme-kunststoff.de\/fr\/produits\/revetements-ptfe-antiadhesifs\/","name":"Rev\u00eatements PTFE - B\u00f6hme Kunststofftechnik","isPartOf":{"@id":"https:\/\/boehme-kunststoff.de\/fr\/#website"},"datePublished":"2026-03-02T05:09:16+00:00","dateModified":"2026-03-30T06:41:59+00:00","description":"REV\u00caTEMENTS PTFE, ANTIADH\u00c9SIFS","breadcrumb":{"@id":"https:\/\/boehme-kunststoff.de\/fr\/produits\/revetements-ptfe-antiadhesifs\/#breadcrumb"},"inLanguage":"fr-FR","potentialAction":[{"@type":"ReadAction","target":["https:\/\/boehme-kunststoff.de\/fr\/produits\/revetements-ptfe-antiadhesifs\/"]}]},{"@type":"BreadcrumbList","@id":"https:\/\/boehme-kunststoff.de\/fr\/produits\/revetements-ptfe-antiadhesifs\/#breadcrumb","itemListElement":[{"@type":"ListItem","position":1,"name":"Startseite","item":"https:\/\/boehme-kunststoff.de\/fr\/"},{"@type":"ListItem","position":2,"name":"Produits","item":"https:\/\/boehme-kunststoff.de\/fr\/produits\/"},{"@type":"ListItem","position":3,"name":"Rev\u00eatements PTFE, antiadh\u00e9sifs"}]},{"@type":"WebSite","@id":"https:\/\/boehme-kunststoff.de\/fr\/#website","url":"https:\/\/boehme-kunststoff.de\/fr\/","name":"Transportb\u00e4nder vom Hersteller","description":"Transportb\u00e4nder vom Hersteller","potentialAction":[{"@type":"SearchAction","target":{"@type":"EntryPoint","urlTemplate":"https:\/\/boehme-kunststoff.de\/fr\/?s={search_term_string}"},"query-input":{"@type":"PropertyValueSpecification","valueRequired":true,"valueName":"search_term_string"}}],"inLanguage":"fr-FR"}]}},"_links":{"self":[{"href":"https:\/\/boehme-kunststoff.de\/fr\/wp-json\/wp\/v2\/pages\/56793","targetHints":{"allow":["GET"]}}],"collection":[{"href":"https:\/\/boehme-kunststoff.de\/fr\/wp-json\/wp\/v2\/pages"}],"about":[{"href":"https:\/\/boehme-kunststoff.de\/fr\/wp-json\/wp\/v2\/types\/page"}],"author":[{"embeddable":true,"href":"https:\/\/boehme-kunststoff.de\/fr\/wp-json\/wp\/v2\/users\/3"}],"replies":[{"embeddable":true,"href":"https:\/\/boehme-kunststoff.de\/fr\/wp-json\/wp\/v2\/comments?post=56793"}],"version-history":[{"count":6,"href":"https:\/\/boehme-kunststoff.de\/fr\/wp-json\/wp\/v2\/pages\/56793\/revisions"}],"predecessor-version":[{"id":57649,"href":"https:\/\/boehme-kunststoff.de\/fr\/wp-json\/wp\/v2\/pages\/56793\/revisions\/57649"}],"up":[{"embeddable":true,"href":"https:\/\/boehme-kunststoff.de\/fr\/wp-json\/wp\/v2\/pages\/56417"}],"wp:attachment":[{"href":"https:\/\/boehme-kunststoff.de\/fr\/wp-json\/wp\/v2\/media?parent=56793"}],"curies":[{"name":"wp","href":"https:\/\/api.w.org\/{rel}","templated":true}]}}