{"id":56914,"date":"2019-07-26T11:43:42","date_gmt":"2019-07-26T09:43:42","guid":{"rendered":"https:\/\/boehme-kunststoff.de\/home\/"},"modified":"2026-04-10T14:38:32","modified_gmt":"2026-04-10T12:38:32","slug":"home","status":"publish","type":"page","link":"https:\/\/boehme-kunststoff.de\/fr\/","title":{"rendered":"Accueil"},"content":{"rendered":"<p>[et_pb_section fb_built=\u00a0\u00bb1&Prime; module_class=\u00a0\u00bbhome_main_slider_section padding_top_bottom\u00a0\u00bb _builder_version=\u00a0\u00bb4.27.6&Prime; _module_preset=\u00a0\u00bbdefault\u00a0\u00bb global_colors_info=\u00a0\u00bb{}\u00a0\u00bb][et_pb_row module_class=\u00a0\u00bbpt0 pb0&Prime; _builder_version=\u00a0\u00bb4.27.6&Prime; _module_preset=\u00a0\u00bbdefault\u00a0\u00bb global_colors_info=\u00a0\u00bb{}\u00a0\u00bb][et_pb_column type=\u00a0\u00bb4_4&Prime; _builder_version=\u00a0\u00bb4.27.6&Prime; _module_preset=\u00a0\u00bbdefault\u00a0\u00bb global_colors_info=\u00a0\u00bb{}\u00a0\u00bb][et_pb_slider use_bg_overlay=\u00a0\u00bboff\u00a0\u00bb use_text_overlay=\u00a0\u00bboff\u00a0\u00bb module_class=\u00a0\u00bbhome_main_slider\u00a0\u00bb _builder_version=\u00a0\u00bb4.27.6&Prime; _module_preset=\u00a0\u00bbdefault\u00a0\u00bb global_colors_info=\u00a0\u00bb{}\u00a0\u00bb][et_pb_slide _builder_version=\u00a0\u00bb4.27.6&Prime; _module_preset=\u00a0\u00bbdefault\u00a0\u00bb background_enable_color=\u00a0\u00bboff\u00a0\u00bb background_image=\u00a0\u00bbhttps:\/\/boehme-kunststoff.de\/wp-content\/uploads\/2026\/03\/slider1.webp\u00a0\u00bb background_enable_image=\u00a0\u00bbon\u00a0\u00bb global_colors_info=\u00a0\u00bb{}\u00a0\u00bb sticky_transition=\u00a0\u00bbon\u00a0\u00bb][\/et_pb_slide][et_pb_slide _builder_version=\u00a0\u00bb4.27.6&Prime; _module_preset=\u00a0\u00bbdefault\u00a0\u00bb background_enable_color=\u00a0\u00bboff\u00a0\u00bb background_image=\u00a0\u00bbhttps:\/\/boehme-kunststoff.de\/wp-content\/uploads\/2026\/03\/slider2.webp\u00a0\u00bb background_enable_image=\u00a0\u00bbon\u00a0\u00bb global_colors_info=\u00a0\u00bb{}\u00a0\u00bb sticky_transition=\u00a0\u00bbon\u00a0\u00bb][\/et_pb_slide][et_pb_slide _builder_version=\u00a0\u00bb4.27.6&Prime; _module_preset=\u00a0\u00bbdefault\u00a0\u00bb background_enable_color=\u00a0\u00bboff\u00a0\u00bb background_image=\u00a0\u00bbhttps:\/\/boehme-kunststoff.de\/wp-content\/uploads\/2026\/03\/slider3.webp\u00a0\u00bb background_enable_image=\u00a0\u00bbon\u00a0\u00bb global_colors_info=\u00a0\u00bb{}\u00a0\u00bb sticky_transition=\u00a0\u00bbon\u00a0\u00bb][\/et_pb_slide][et_pb_slide _builder_version=\u00a0\u00bb4.27.6&Prime; _module_preset=\u00a0\u00bbdefault\u00a0\u00bb background_enable_color=\u00a0\u00bboff\u00a0\u00bb background_image=\u00a0\u00bbhttps:\/\/boehme-kunststoff.de\/wp-content\/uploads\/2026\/03\/slider4.webp\u00a0\u00bb background_enable_image=\u00a0\u00bbon\u00a0\u00bb global_colors_info=\u00a0\u00bb{}\u00a0\u00bb sticky_transition=\u00a0\u00bbon\u00a0\u00bb][\/et_pb_slide][et_pb_slide _builder_version=\u00a0\u00bb4.27.6&Prime; _module_preset=\u00a0\u00bbdefault\u00a0\u00bb background_enable_color=\u00a0\u00bboff\u00a0\u00bb background_image=\u00a0\u00bbhttps:\/\/boehme-kunststoff.de\/wp-content\/uploads\/2026\/03\/slider5.webp\u00a0\u00bb background_enable_image=\u00a0\u00bbon\u00a0\u00bb global_colors_info=\u00a0\u00bb{}\u00a0\u00bb sticky_transition=\u00a0\u00bbon\u00a0\u00bb][\/et_pb_slide][\/et_pb_slider][\/et_pb_column][\/et_pb_row][\/et_pb_section][et_pb_section fb_built=\u00a0\u00bb1&Prime; module_class=\u00a0\u00bbpadding_bottom\u00a0\u00bb _builder_version=\u00a0\u00bb4.27.6&Prime; _module_preset=\u00a0\u00bbdefault\u00a0\u00bb locked=\u00a0\u00bboff\u00a0\u00bb global_colors_info=\u00a0\u00bb{}\u00a0\u00bb][et_pb_row module_class=\u00a0\u00bbrounded_top \u00a0\u00bb _builder_version=\u00a0\u00bb4.27.6&Prime; _module_preset=\u00a0\u00bbdefault\u00a0\u00bb global_colors_info=\u00a0\u00bb{}\u00a0\u00bb][et_pb_column type=\u00a0\u00bb4_4&Prime; _builder_version=\u00a0\u00bb4.27.6&Prime; _module_preset=\u00a0\u00bbdefault\u00a0\u00bb global_colors_info=\u00a0\u00bb{}\u00a0\u00bb][et_pb_heading title=\u00a0\u00bbB\u00f6hme Kunststoff\u00adtechnik\u00a0\u00bb module_class=\u00a0\u00bbcommon_htags mb10&Prime; _builder_version=\u00a0\u00bb4.27.6&Prime; _module_preset=\u00a0\u00bbdefault\u00a0\u00bb global_colors_info=\u00a0\u00bb{}\u00a0\u00bb][\/et_pb_heading][\/et_pb_column][\/et_pb_row][et_pb_row column_structure=\u00a0\u00bb1_2,1_2&Prime; module_class=\u00a0\u00bbrounded_bottom\u00a0\u00bb _builder_version=\u00a0\u00bb4.27.6&Prime; _module_preset=\u00a0\u00bbdefault\u00a0\u00bb global_colors_info=\u00a0\u00bb{}\u00a0\u00bb][et_pb_column type=\u00a0\u00bb1_2&Prime; _builder_version=\u00a0\u00bb4.27.6&Prime; _module_preset=\u00a0\u00bbdefault\u00a0\u00bb global_colors_info=\u00a0\u00bb{}\u00a0\u00bb][et_pb_text module_class=\u00a0\u00bbfonts_20&Prime; _builder_version=\u00a0\u00bb4.27.6&Prime; _module_preset=\u00a0\u00bbdefault\u00a0\u00bb global_colors_info=\u00a0\u00bb{}\u00a0\u00bb]<\/p>\n<p>plastique fluor\u00e9, en particulier le PTFE, \u00e9galement connu sous le nom de \u201cTeflon\u00ae\u201d (WZ DuPont). Notre gamme de produits comprend entre autres des tissus de verre enduits de PTFE, des feuilles de soudure en PTFE, des bandes de transport en PTFE, des rubans PTFE ainsi que des feuilles PTFE pures, des feuilles de cuisson \u00e0 rev\u00eatement antiadh\u00e9sif et beaucoup d\u2019autres produits \u00e0 base de PTFE, PCTFE et mati\u00e8res plastiques HT.<\/p>\n<p>[\/et_pb_text][\/et_pb_column][et_pb_column type=\u00a0\u00bb1_2&Prime; _builder_version=\u00a0\u00bb4.27.6&Prime; _module_preset=\u00a0\u00bbdefault\u00a0\u00bb global_colors_info=\u00a0\u00bb{}\u00a0\u00bb][et_pb_text module_class=\u00a0\u00bbfonts_20&Prime; _builder_version=\u00a0\u00bb4.27.6&Prime; _module_preset=\u00a0\u00bbdefault\u00a0\u00bb global_colors_info=\u00a0\u00bb{}\u00a0\u00bb]<\/p>\n<p>Gr\u00e2ce \u00e0 leur r\u00e9sistance chimique absolue et \u00e0 leur r\u00e9sistance m\u00e9canique \u00e9lev\u00e9e, \u00e0 des temp\u00e9ratures comprises entre -190\u00b0 C et +250\u00b0 C, nos produits conviennent \u00e0 de nombreuses applications diff\u00e9rentes.<\/p>\n<p>Nous serons heureux de vous conseiller!<\/p>\n<p>[\/et_pb_text][et_pb_code module_class=\u00a0\u00bbhome_btns\u00a0\u00bb _builder_version=\u00a0\u00bb4.27.6&Prime; _module_preset=\u00a0\u00bbdefault\u00a0\u00bb global_colors_info=\u00a0\u00bb{}\u00a0\u00bb]<\/p>\n<div class=\"btns\"><!-- [et_pb_line_break_holder] -->       <a href=\"https:\/\/boehme-kunststoff.de\/fr\/produits\/\" class=\"button\">Produkte<\/a><!-- [et_pb_line_break_holder] -->      <a href=\"\/fr\/entreprise\/\" class=\"button\">Entreprise<\/a><!-- [et_pb_line_break_holder] -->     <a href=\"https:\/\/boehme-kunststoff.de\/fr\/produits\/\" class=\"button\">Produits<\/a><!-- [et_pb_line_break_holder] --><\/div>\n<p>[\/et_pb_code][\/et_pb_column][\/et_pb_row][\/et_pb_section][et_pb_section fb_built=\u00a0\u00bb1&Prime; module_class=\u00a0\u00bbpadding_bottom\u00a0\u00bb _builder_version=\u00a0\u00bb4.27.6&Prime; _module_preset=\u00a0\u00bbdefault\u00a0\u00bb locked=\u00a0\u00bboff\u00a0\u00bb global_colors_info=\u00a0\u00bb{}\u00a0\u00bb][et_pb_row column_structure=\u00a0\u00bb1_3,2_3&Prime; use_custom_gutter=\u00a0\u00bbon\u00a0\u00bb gutter_width=\u00a0\u00bb1&Prime; make_equal=\u00a0\u00bbon\u00a0\u00bb module_class=\u00a0\u00bbpt0 pb0  common_col_spacing_row\u00a0\u00bb _builder_version=\u00a0\u00bb4.27.6&Prime; _module_preset=\u00a0\u00bbdefault\u00a0\u00bb global_colors_info=\u00a0\u00bb{}\u00a0\u00bb][et_pb_column type=\u00a0\u00bb1_3&Prime; module_class=\u00a0\u00bbbg_white\u00a0\u00bb _builder_version=\u00a0\u00bb4.27.6&Prime; _module_preset=\u00a0\u00bbdefault\u00a0\u00bb global_colors_info=\u00a0\u00bb{}\u00a0\u00bb][et_pb_heading title=\u00a0\u00bbNotre portefeuille de produits comprend\u00a0\u00bb module_class=\u00a0\u00bbcommon_htags mb10&Prime; _builder_version=\u00a0\u00bb4.27.6&Prime; _module_preset=\u00a0\u00bbdefault\u00a0\u00bb title_level=\u00a0\u00bbh2&Prime; global_colors_info=\u00a0\u00bb{}\u00a0\u00bb][\/et_pb_heading][et_pb_text module_class=\u00a0\u00bbfonts_20&Prime; _builder_version=\u00a0\u00bb4.27.6&Prime; _module_preset=\u00a0\u00bbdefault\u00a0\u00bb global_colors_info=\u00a0\u00bb{}\u00a0\u00bb]<\/p>\n<p>Tissu de verre enduit de PTFE, Feuilles PTFE, Film PTFE pur, Feuille de cuisson, Bandes de transport, Semi-produits, Rev\u00eatements PTFE, PTFE-Zone-Tape, B\u00f6hme-Raclette\u00ae, B\u00f6hme-Synergyelements\u00ae<\/p>\n<p>[\/et_pb_text][\/et_pb_column][et_pb_column type=\u00a0\u00bb2_3&Prime; module_class=\u00a0\u00bbprodukt_slider\u00a0\u00bb _builder_version=\u00a0\u00bb4.27.6&Prime; _module_preset=\u00a0\u00bbdefault\u00a0\u00bb background_enable_image=\u00a0\u00bboff\u00a0\u00bb background_position=\u00a0\u00bbbottom_left\u00a0\u00bb global_colors_info=\u00a0\u00bb{}\u00a0\u00bb][et_pb_blurb title=\u00a0\u00bbTissu de verre enduit de PTFE\u00a0\u00bb url=\u00a0\u00bb@ET-DC@eyJkeW5hbWljIjp0cnVlLCJjb250ZW50IjoicG9zdF9saW5rX3VybF9wYWdlIiwic2V0dGluZ3MiOnsicG9zdF9pZCI6IjU0NzQxIn19@\u00a0\u00bb image=\u00a0\u00bbhttps:\/\/boehme-kunststoff.de\/wp-content\/uploads\/2026\/03\/slid1.png\u00a0\u00bb module_class=\u00a0\u00bbprod_slider_blurb\u00a0\u00bb _builder_version=\u00a0\u00bb4.27.6&Prime; _dynamic_attributes=\u00a0\u00bburl\u00a0\u00bb _module_preset=\u00a0\u00bbdefault\u00a0\u00bb header_level=\u00a0\u00bbh3&Prime; background_enable_image=\u00a0\u00bboff\u00a0\u00bb global_colors_info=\u00a0\u00bb{}\u00a0\u00bb alt=\u00a0\u00bbTissu de verre enduit de PTFE\u00a0\u00bb][\/et_pb_blurb][et_pb_blurb title=\u00a0\u00bbFeuilles PTFE\u00a0\u00bb url=\u00a0\u00bb@ET-DC@eyJkeW5hbWljIjp0cnVlLCJjb250ZW50IjoicG9zdF9saW5rX3VybF9wYWdlIiwic2V0dGluZ3MiOnsicG9zdF9pZCI6IjU0NzUxIn19@\u00a0\u00bb image=\u00a0\u00bbhttps:\/\/boehme-kunststoff.de\/wp-content\/uploads\/2026\/03\/slid10.png\u00a0\u00bb module_class=\u00a0\u00bbprod_slider_blurb\u00a0\u00bb _builder_version=\u00a0\u00bb4.27.6&Prime; _dynamic_attributes=\u00a0\u00bburl\u00a0\u00bb _module_preset=\u00a0\u00bbdefault\u00a0\u00bb header_level=\u00a0\u00bbh3&Prime; global_colors_info=\u00a0\u00bb{}\u00a0\u00bb alt=\u00a0\u00bbFeuilles PTFE\u00a0\u00bb][\/et_pb_blurb][et_pb_blurb title=\u00a0\u00bbFilm PTFE pur\u00a0\u00bb url=\u00a0\u00bb@ET-DC@eyJkeW5hbWljIjp0cnVlLCJjb250ZW50IjoicG9zdF9saW5rX3VybF9wYWdlIiwic2V0dGluZ3MiOnsicG9zdF9pZCI6IjU0NzQ4In19@\u00a0\u00bb image=\u00a0\u00bbhttps:\/\/boehme-kunststoff.de\/wp-content\/uploads\/2026\/03\/slid9.png\u00a0\u00bb module_class=\u00a0\u00bbprod_slider_blurb\u00a0\u00bb _builder_version=\u00a0\u00bb4.27.6&Prime; _dynamic_attributes=\u00a0\u00bburl\u00a0\u00bb _module_preset=\u00a0\u00bbdefault\u00a0\u00bb header_level=\u00a0\u00bbh3&Prime; global_colors_info=\u00a0\u00bb{}\u00a0\u00bb alt=\u00a0\u00bbFilm PTFE pur\u00a0\u00bb][\/et_pb_blurb][et_pb_blurb title=\u00a0\u00bbFeuille de cuisson\u00a0\u00bb url=\u00a0\u00bb@ET-DC@eyJkeW5hbWljIjp0cnVlLCJjb250ZW50IjoicG9zdF9saW5rX3VybF9wYWdlIiwic2V0dGluZ3MiOnsicG9zdF9pZCI6IjU0NzQzIn19@\u00a0\u00bb image=\u00a0\u00bbhttps:\/\/boehme-kunststoff.de\/wp-content\/uploads\/2026\/03\/slid8.png\u00a0\u00bb module_class=\u00a0\u00bbprod_slider_blurb\u00a0\u00bb _builder_version=\u00a0\u00bb4.27.6&Prime; _dynamic_attributes=\u00a0\u00bburl\u00a0\u00bb _module_preset=\u00a0\u00bbdefault\u00a0\u00bb header_level=\u00a0\u00bbh3&Prime; global_colors_info=\u00a0\u00bb{}\u00a0\u00bb alt=\u00a0\u00bbFeuille de cuisson\u00a0\u00bb][\/et_pb_blurb][et_pb_blurb title=\u00a0\u00bbBandes de transport\u00a0\u00bb url=\u00a0\u00bb@ET-DC@eyJkeW5hbWljIjp0cnVlLCJjb250ZW50IjoicG9zdF9saW5rX3VybF9wYWdlIiwic2V0dGluZ3MiOnsicG9zdF9pZCI6IjU0NzM1In19@\u00a0\u00bb image=\u00a0\u00bbhttps:\/\/boehme-kunststoff.de\/wp-content\/uploads\/2026\/03\/slid7.png\u00a0\u00bb module_class=\u00a0\u00bbprod_slider_blurb\u00a0\u00bb _builder_version=\u00a0\u00bb4.27.6&Prime; _dynamic_attributes=\u00a0\u00bburl\u00a0\u00bb _module_preset=\u00a0\u00bbdefault\u00a0\u00bb header_level=\u00a0\u00bbh3&Prime; global_colors_info=\u00a0\u00bb{}\u00a0\u00bb alt=\u00a0\u00bbBandes de transport\u00a0\u00bb][\/et_pb_blurb][et_pb_blurb title=\u00a0\u00bbSemi-produits\u00a0\u00bb url=\u00a0\u00bb@ET-DC@eyJkeW5hbWljIjp0cnVlLCJjb250ZW50IjoicG9zdF9saW5rX3VybF9wYWdlIiwic2V0dGluZ3MiOnsicG9zdF9pZCI6IjU0NzMxIn19@\u00a0\u00bb image=\u00a0\u00bbhttps:\/\/boehme-kunststoff.de\/wp-content\/uploads\/2026\/03\/slid6.png\u00a0\u00bb module_class=\u00a0\u00bbprod_slider_blurb\u00a0\u00bb _builder_version=\u00a0\u00bb4.27.6&Prime; _dynamic_attributes=\u00a0\u00bburl\u00a0\u00bb _module_preset=\u00a0\u00bbdefault\u00a0\u00bb header_level=\u00a0\u00bbh3&Prime; global_colors_info=\u00a0\u00bb{}\u00a0\u00bb alt=\u00a0\u00bbSemi-produits\u00a0\u00bb][\/et_pb_blurb][et_pb_blurb title=\u00a0\u00bbRev\u00eatements PTFE\u00a0\u00bb url=\u00a0\u00bb@ET-DC@eyJkeW5hbWljIjp0cnVlLCJjb250ZW50IjoicG9zdF9saW5rX3VybF9wYWdlIiwic2V0dGluZ3MiOnsicG9zdF9pZCI6IjU0NzMzIn19@\u00a0\u00bb image=\u00a0\u00bbhttps:\/\/boehme-kunststoff.de\/wp-content\/uploads\/2026\/03\/slid5.png\u00a0\u00bb module_class=\u00a0\u00bbprod_slider_blurb\u00a0\u00bb _builder_version=\u00a0\u00bb4.27.6&Prime; _dynamic_attributes=\u00a0\u00bburl\u00a0\u00bb _module_preset=\u00a0\u00bbdefault\u00a0\u00bb header_level=\u00a0\u00bbh3&Prime; global_colors_info=\u00a0\u00bb{}\u00a0\u00bb alt=\u00a0\u00bbRev\u00eatements PTFE\u00a0\u00bb][\/et_pb_blurb][et_pb_blurb title=\u00a0\u00bbPTFE-Zone-Tape\u00a0\u00bb url=\u00a0\u00bb@ET-DC@eyJkeW5hbWljIjp0cnVlLCJjb250ZW50IjoicG9zdF9saW5rX3VybF9wYWdlIiwic2V0dGluZ3MiOnsicG9zdF9pZCI6IjU0NzM3In19@\u00a0\u00bb image=\u00a0\u00bbhttps:\/\/boehme-kunststoff.de\/wp-content\/uploads\/2026\/03\/slid4.png\u00a0\u00bb module_class=\u00a0\u00bbprod_slider_blurb\u00a0\u00bb _builder_version=\u00a0\u00bb4.27.6&Prime; _dynamic_attributes=\u00a0\u00bburl\u00a0\u00bb _module_preset=\u00a0\u00bbdefault\u00a0\u00bb header_level=\u00a0\u00bbh3&Prime; global_colors_info=\u00a0\u00bb{}\u00a0\u00bb alt=\u00a0\u00bbPTFE-Zone-Tape\u00a0\u00bb][\/et_pb_blurb][et_pb_blurb title=\u00a0\u00bbB\u00f6hme-Raclette\u00ae\u00a0\u00bb url=\u00a0\u00bb@ET-DC@eyJkeW5hbWljIjp0cnVlLCJjb250ZW50IjoicG9zdF9saW5rX3VybF9wYWdlIiwic2V0dGluZ3MiOnsicG9zdF9pZCI6IjU0NzM5In19@\u00a0\u00bb image=\u00a0\u00bbhttps:\/\/boehme-kunststoff.de\/wp-content\/uploads\/2026\/03\/slid3.png\u00a0\u00bb module_class=\u00a0\u00bbprod_slider_blurb\u00a0\u00bb _builder_version=\u00a0\u00bb4.27.6&Prime; _dynamic_attributes=\u00a0\u00bburl\u00a0\u00bb _module_preset=\u00a0\u00bbdefault\u00a0\u00bb header_level=\u00a0\u00bbh3&Prime; global_colors_info=\u00a0\u00bb{}\u00a0\u00bb alt=\u00a0\u00bbB\u00f6hme-Raclette\u00ae\u00a0\u00bb][\/et_pb_blurb][et_pb_blurb title=\u00a0\u00bbB\u00f6hme-Synergyelements\u00ae\u00a0\u00bb url=\u00a0\u00bb@ET-DC@eyJkeW5hbWljIjp0cnVlLCJjb250ZW50IjoicG9zdF9saW5rX3VybF9wYWdlIiwic2V0dGluZ3MiOnsicG9zdF9pZCI6IjU0NzQ1In19@\u00a0\u00bb image=\u00a0\u00bbhttps:\/\/boehme-kunststoff.de\/wp-content\/uploads\/2026\/03\/slid2.png\u00a0\u00bb module_class=\u00a0\u00bbprod_slider_blurb\u00a0\u00bb _builder_version=\u00a0\u00bb4.27.6&Prime; _dynamic_attributes=\u00a0\u00bburl\u00a0\u00bb _module_preset=\u00a0\u00bbdefault\u00a0\u00bb header_level=\u00a0\u00bbh3&Prime; hover_enabled=\u00a0\u00bb0&Prime; global_colors_info=\u00a0\u00bb{}\u00a0\u00bb alt=\u00a0\u00bbB\u00f6hme-Synergyelements\u00ae\u00a0\u00bb sticky_enabled=\u00a0\u00bb0&Prime;][\/et_pb_blurb][\/et_pb_column][\/et_pb_row][\/et_pb_section][et_pb_section fb_built=\u00a0\u00bb1&Prime; module_class=\u00a0\u00bbpadding_bottom\u00a0\u00bb _builder_version=\u00a0\u00bb4.27.6&Prime; _module_preset=\u00a0\u00bbdefault\u00a0\u00bb locked=\u00a0\u00bboff\u00a0\u00bb global_colors_info=\u00a0\u00bb{}\u00a0\u00bb][et_pb_row column_structure=\u00a0\u00bb1_2,1_2&Prime; make_equal=\u00a0\u00bbon\u00a0\u00bb module_class=\u00a0\u00bbbg_white kontaktie_sec_row\u00a0\u00bb _builder_version=\u00a0\u00bb4.27.6&Prime; _module_preset=\u00a0\u00bbdefault\u00a0\u00bb global_colors_info=\u00a0\u00bb{}\u00a0\u00bb][et_pb_column type=\u00a0\u00bb1_2&Prime; _builder_version=\u00a0\u00bb4.27.6&Prime; _module_preset=\u00a0\u00bbdefault\u00a0\u00bb global_colors_info=\u00a0\u00bb{}\u00a0\u00bb][et_pb_heading title=\u00a0\u00bbContactez-nous !\u00a0\u00bb module_class=\u00a0\u00bbcommon_htags mb10&Prime; _builder_version=\u00a0\u00bb4.27.6&Prime; _module_preset=\u00a0\u00bbdefault\u00a0\u00bb title_level=\u00a0\u00bbh3&Prime; global_colors_info=\u00a0\u00bb{}\u00a0\u00bb][\/et_pb_heading][et_pb_text module_class=\u00a0\u00bbfonts_20&Prime; _builder_version=\u00a0\u00bb4.27.6&Prime; _module_preset=\u00a0\u00bbdefault\u00a0\u00bb global_colors_info=\u00a0\u00bb{}\u00a0\u00bb]<\/p>\n<p>Vous avez des questions sur nos produits, sur des r\u00e9alisations individuelles, sur notre assurance qualit\u00e9 ou vous souhaitez obtenir des conseils ?<\/p>\n<p>[\/et_pb_text][\/et_pb_column][et_pb_column type=\u00a0\u00bb1_2&Prime; _builder_version=\u00a0\u00bb4.27.6&Prime; _module_preset=\u00a0\u00bbdefault\u00a0\u00bb global_colors_info=\u00a0\u00bb{}\u00a0\u00bb][et_pb_blurb title=\u00a0\u00bb04151 \/ 88 00 -0&Prime; url=\u00a0\u00bbtel:0415188000&Prime; image=\u00a0\u00bbhttps:\/\/boehme-kunststoff.de\/wp-content\/uploads\/2026\/03\/vhyxiyhxr1gmm8qt0bg-1.png\u00a0\u00bb icon_placement=\u00a0\u00bbleft\u00a0\u00bb module_class=\u00a0\u00bbkontaktie_blurb mb20&Prime; _builder_version=\u00a0\u00bb4.27.6&Prime; _module_preset=\u00a0\u00bbdefault\u00a0\u00bb header_level=\u00a0\u00bbh3&Prime; global_colors_info=\u00a0\u00bb{}\u00a0\u00bb][\/et_pb_blurb][et_pb_blurb title=\u00a0\u00bbinfo@boehme-kunststoff.de\u00a0\u00bb url=\u00a0\u00bbmailto:info@boehme-kunststoff.de\u00a0\u00bb image=\u00a0\u00bbhttps:\/\/boehme-kunststoff.de\/wp-content\/uploads\/2026\/03\/Vector.png\u00a0\u00bb icon_placement=\u00a0\u00bbleft\u00a0\u00bb module_class=\u00a0\u00bbkontaktie_blurb mb20&Prime; _builder_version=\u00a0\u00bb4.27.6&Prime; _module_preset=\u00a0\u00bbdefault\u00a0\u00bb header_level=\u00a0\u00bbh3&Prime; global_colors_info=\u00a0\u00bb{}\u00a0\u00bb][\/et_pb_blurb][et_pb_blurb title=\u00a0\u00bbPage de contact\u00a0\u00bb url=\u00a0\u00bb@ET-DC@eyJkeW5hbWljIjp0cnVlLCJjb250ZW50IjoicG9zdF9saW5rX3VybF9wYWdlIiwic2V0dGluZ3MiOnsicG9zdF9pZCI6IjU0NTI4In19@\u00a0\u00bb image=\u00a0\u00bbhttps:\/\/boehme-kunststoff.de\/wp-content\/uploads\/2026\/03\/Vector-1.png\u00a0\u00bb icon_placement=\u00a0\u00bbleft\u00a0\u00bb module_class=\u00a0\u00bbkontaktie_blurb\u00a0\u00bb _builder_version=\u00a0\u00bb4.27.6&Prime; _dynamic_attributes=\u00a0\u00bburl\u00a0\u00bb _module_preset=\u00a0\u00bbdefault\u00a0\u00bb header_level=\u00a0\u00bbh3&Prime; global_colors_info=\u00a0\u00bb{}\u00a0\u00bb][\/et_pb_blurb][\/et_pb_column][\/et_pb_row][\/et_pb_section]<\/p>\n","protected":false},"excerpt":{"rendered":"<p>plastique fluor\u00e9, en particulier le PTFE, \u00e9galement connu sous le nom de \u201cTeflon\u00ae\u201d (WZ DuPont). Notre gamme de produits comprend entre autres des tissus de verre enduits de PTFE, des feuilles de soudure en PTFE, des bandes de transport en PTFE, des rubans PTFE ainsi que des feuilles PTFE pures, des feuilles de cuisson \u00e0 [&hellip;]<\/p>\n","protected":false},"author":3,"featured_media":0,"parent":0,"menu_order":0,"comment_status":"closed","ping_status":"closed","template":"","meta":{"_et_pb_use_builder":"on","_et_pb_old_content":"","_et_gb_content_width":"","footnotes":""},"class_list":["post-56914","page","type-page","status-publish","hentry"],"yoast_head":"<!-- This site is optimized with the Yoast SEO plugin v27.4 - https:\/\/yoast.com\/product\/yoast-seo-wordpress\/ -->\n<title>Accueil - B\u00f6hme Kunststofftechnik<\/title>\n<meta name=\"description\" content=\"B\u00f6hme-Kunststofftechnik est sp\u00e9cialis\u00e9e dans les produits en plastique fluor\u00e9, en particulier le PTFE, \u00e9galement connu sous le nom de &quot;Teflon\u00ae&quot; (WZ DuPont). Not\" \/>\n<meta name=\"robots\" content=\"index, follow, max-snippet:-1, max-image-preview:large, max-video-preview:-1\" \/>\n<link rel=\"canonical\" href=\"https:\/\/boehme-kunststoff.de\/fr\/\" \/>\n<meta property=\"og:locale\" content=\"fr_FR\" \/>\n<meta property=\"og:type\" content=\"article\" \/>\n<meta property=\"og:title\" content=\"Accueil - B\u00f6hme Kunststofftechnik\" \/>\n<meta property=\"og:description\" content=\"B\u00f6hme-Kunststofftechnik est sp\u00e9cialis\u00e9e dans les produits en plastique fluor\u00e9, en particulier le PTFE, \u00e9galement connu sous le nom de &quot;Teflon\u00ae&quot; (WZ DuPont). Not\" \/>\n<meta property=\"og:url\" content=\"https:\/\/boehme-kunststoff.de\/fr\/\" \/>\n<meta property=\"og:site_name\" content=\"Transportb\u00e4nder vom Hersteller\" \/>\n<meta property=\"article:modified_time\" content=\"2026-04-10T12:38:32+00:00\" \/>\n<meta name=\"twitter:card\" content=\"summary_large_image\" \/>\n<meta name=\"twitter:label1\" content=\"Dur\u00e9e de lecture estim\u00e9e\" \/>\n\t<meta name=\"twitter:data1\" content=\"4 minutes\" \/>\n<script type=\"application\/ld+json\" class=\"yoast-schema-graph\">{\"@context\":\"https:\\\/\\\/schema.org\",\"@graph\":[{\"@type\":\"WebPage\",\"@id\":\"https:\\\/\\\/boehme-kunststoff.de\\\/fr\\\/\",\"url\":\"https:\\\/\\\/boehme-kunststoff.de\\\/fr\\\/\",\"name\":\"Accueil - B\u00f6hme Kunststofftechnik\",\"isPartOf\":{\"@id\":\"https:\\\/\\\/boehme-kunststoff.de\\\/fr\\\/#website\"},\"datePublished\":\"2019-07-26T09:43:42+00:00\",\"dateModified\":\"2026-04-10T12:38:32+00:00\",\"description\":\"B\u00f6hme-Kunststofftechnik est sp\u00e9cialis\u00e9e dans les produits en plastique fluor\u00e9, en particulier le PTFE, \u00e9galement connu sous le nom de \\\"Teflon\u00ae\\\" (WZ DuPont). Not\",\"breadcrumb\":{\"@id\":\"https:\\\/\\\/boehme-kunststoff.de\\\/fr\\\/#breadcrumb\"},\"inLanguage\":\"fr-FR\",\"potentialAction\":[{\"@type\":\"ReadAction\",\"target\":[\"https:\\\/\\\/boehme-kunststoff.de\\\/fr\\\/\"]}]},{\"@type\":\"BreadcrumbList\",\"@id\":\"https:\\\/\\\/boehme-kunststoff.de\\\/fr\\\/#breadcrumb\",\"itemListElement\":[{\"@type\":\"ListItem\",\"position\":1,\"name\":\"Startseite\",\"item\":\"https:\\\/\\\/boehme-kunststoff.de\\\/fr\\\/\"},{\"@type\":\"ListItem\",\"position\":2,\"name\":\"Accueil\"}]},{\"@type\":\"WebSite\",\"@id\":\"https:\\\/\\\/boehme-kunststoff.de\\\/fr\\\/#website\",\"url\":\"https:\\\/\\\/boehme-kunststoff.de\\\/fr\\\/\",\"name\":\"Transportb\u00e4nder vom Hersteller\",\"description\":\"Transportb\u00e4nder vom Hersteller\",\"potentialAction\":[{\"@type\":\"SearchAction\",\"target\":{\"@type\":\"EntryPoint\",\"urlTemplate\":\"https:\\\/\\\/boehme-kunststoff.de\\\/fr\\\/?s={search_term_string}\"},\"query-input\":{\"@type\":\"PropertyValueSpecification\",\"valueRequired\":true,\"valueName\":\"search_term_string\"}}],\"inLanguage\":\"fr-FR\"}]}<\/script>\n<!-- \/ Yoast SEO plugin. -->","yoast_head_json":{"title":"Accueil - B\u00f6hme Kunststofftechnik","description":"B\u00f6hme-Kunststofftechnik est sp\u00e9cialis\u00e9e dans les produits en plastique fluor\u00e9, en particulier le PTFE, \u00e9galement connu sous le nom de \"Teflon\u00ae\" (WZ DuPont). Not","robots":{"index":"index","follow":"follow","max-snippet":"max-snippet:-1","max-image-preview":"max-image-preview:large","max-video-preview":"max-video-preview:-1"},"canonical":"https:\/\/boehme-kunststoff.de\/fr\/","og_locale":"fr_FR","og_type":"article","og_title":"Accueil - B\u00f6hme Kunststofftechnik","og_description":"B\u00f6hme-Kunststofftechnik est sp\u00e9cialis\u00e9e dans les produits en plastique fluor\u00e9, en particulier le PTFE, \u00e9galement connu sous le nom de \"Teflon\u00ae\" (WZ DuPont). Not","og_url":"https:\/\/boehme-kunststoff.de\/fr\/","og_site_name":"Transportb\u00e4nder vom Hersteller","article_modified_time":"2026-04-10T12:38:32+00:00","twitter_card":"summary_large_image","twitter_misc":{"Dur\u00e9e de lecture estim\u00e9e":"4 minutes"},"schema":{"@context":"https:\/\/schema.org","@graph":[{"@type":"WebPage","@id":"https:\/\/boehme-kunststoff.de\/fr\/","url":"https:\/\/boehme-kunststoff.de\/fr\/","name":"Accueil - B\u00f6hme Kunststofftechnik","isPartOf":{"@id":"https:\/\/boehme-kunststoff.de\/fr\/#website"},"datePublished":"2019-07-26T09:43:42+00:00","dateModified":"2026-04-10T12:38:32+00:00","description":"B\u00f6hme-Kunststofftechnik est sp\u00e9cialis\u00e9e dans les produits en plastique fluor\u00e9, en particulier le PTFE, \u00e9galement connu sous le nom de \"Teflon\u00ae\" (WZ DuPont). Not","breadcrumb":{"@id":"https:\/\/boehme-kunststoff.de\/fr\/#breadcrumb"},"inLanguage":"fr-FR","potentialAction":[{"@type":"ReadAction","target":["https:\/\/boehme-kunststoff.de\/fr\/"]}]},{"@type":"BreadcrumbList","@id":"https:\/\/boehme-kunststoff.de\/fr\/#breadcrumb","itemListElement":[{"@type":"ListItem","position":1,"name":"Startseite","item":"https:\/\/boehme-kunststoff.de\/fr\/"},{"@type":"ListItem","position":2,"name":"Accueil"}]},{"@type":"WebSite","@id":"https:\/\/boehme-kunststoff.de\/fr\/#website","url":"https:\/\/boehme-kunststoff.de\/fr\/","name":"Transportb\u00e4nder vom Hersteller","description":"Transportb\u00e4nder vom Hersteller","potentialAction":[{"@type":"SearchAction","target":{"@type":"EntryPoint","urlTemplate":"https:\/\/boehme-kunststoff.de\/fr\/?s={search_term_string}"},"query-input":{"@type":"PropertyValueSpecification","valueRequired":true,"valueName":"search_term_string"}}],"inLanguage":"fr-FR"}]}},"_links":{"self":[{"href":"https:\/\/boehme-kunststoff.de\/fr\/wp-json\/wp\/v2\/pages\/56914","targetHints":{"allow":["GET"]}}],"collection":[{"href":"https:\/\/boehme-kunststoff.de\/fr\/wp-json\/wp\/v2\/pages"}],"about":[{"href":"https:\/\/boehme-kunststoff.de\/fr\/wp-json\/wp\/v2\/types\/page"}],"author":[{"embeddable":true,"href":"https:\/\/boehme-kunststoff.de\/fr\/wp-json\/wp\/v2\/users\/3"}],"replies":[{"embeddable":true,"href":"https:\/\/boehme-kunststoff.de\/fr\/wp-json\/wp\/v2\/comments?post=56914"}],"version-history":[{"count":20,"href":"https:\/\/boehme-kunststoff.de\/fr\/wp-json\/wp\/v2\/pages\/56914\/revisions"}],"predecessor-version":[{"id":57881,"href":"https:\/\/boehme-kunststoff.de\/fr\/wp-json\/wp\/v2\/pages\/56914\/revisions\/57881"}],"wp:attachment":[{"href":"https:\/\/boehme-kunststoff.de\/fr\/wp-json\/wp\/v2\/media?parent=56914"}],"curies":[{"name":"wp","href":"https:\/\/api.w.org\/{rel}","templated":true}]}}