{"id":56508,"date":"2026-03-02T06:13:24","date_gmt":"2026-03-02T05:13:24","guid":{"rendered":"https:\/\/boehme-kunststoff.de\/produkty\/reine-ptfe-folie\/"},"modified":"2026-03-30T07:27:35","modified_gmt":"2026-03-30T05:27:35","slug":"czysty-folia-ptfe","status":"publish","type":"page","link":"https:\/\/boehme-kunststoff.de\/pl\/produkty\/czysty-folia-ptfe\/","title":{"rendered":"Czysty Folia PTFE"},"content":{"rendered":"<p>[et_pb_section fb_built=&#8221;1&#8243; module_class=&#8221;main_secondary_section padding_top_bottom&#8221; _builder_version=&#8221;4.27.6&#8243; _module_preset=&#8221;default&#8221; locked=&#8221;off&#8221; global_colors_info=&#8221;{}&#8221;][et_pb_row _builder_version=&#8221;4.27.6&#8243; _module_preset=&#8221;default&#8221; background_image=&#8221;https:\/\/boehme-kunststoff.de\/wp-content\/uploads\/2026\/03\/teaser_reine_ptfef-4ceb5834-1.webp&#8221; custom_padding=&#8221;209px|||||&#8221; global_colors_info=&#8221;{}&#8221;][et_pb_column type=&#8221;4_4&#8243; _builder_version=&#8221;4.27.6&#8243; _module_preset=&#8221;default&#8221; global_colors_info=&#8221;{}&#8221;][\/et_pb_column][\/et_pb_row][\/et_pb_section][et_pb_section fb_built=&#8221;1&#8243; module_class=&#8221;padding_bottom&#8221; _builder_version=&#8221;4.27.6&#8243; _module_preset=&#8221;default&#8221; locked=&#8221;off&#8221; global_colors_info=&#8221;{}&#8221;][et_pb_row module_class=&#8221;rounded_top &#8221; _builder_version=&#8221;4.27.6&#8243; _module_preset=&#8221;default&#8221; global_colors_info=&#8221;{}&#8221;][et_pb_column type=&#8221;4_4&#8243; _builder_version=&#8221;4.27.6&#8243; _module_preset=&#8221;default&#8221; global_colors_info=&#8221;{}&#8221;][et_pb_heading title=&#8221;Czysty folia ptfe, peeled \u2013 do wszechstronnych zastosowa\u0144&#8221; module_class=&#8221;common_htags mb10&#8243; _builder_version=&#8221;4.27.6&#8243; _module_preset=&#8221;default&#8221; global_colors_info=&#8221;{}&#8221;][\/et_pb_heading][\/et_pb_column][\/et_pb_row][et_pb_row use_custom_gutter=&#8221;on&#8221; gutter_width=&#8221;3&#8243; module_class=&#8221;rounded_bottom &#8221; _builder_version=&#8221;4.27.6&#8243; _module_preset=&#8221;default&#8221; global_colors_info=&#8221;{}&#8221;][et_pb_column type=&#8221;4_4&#8243; _builder_version=&#8221;4.27.6&#8243; _module_preset=&#8221;default&#8221; global_colors_info=&#8221;{}&#8221;][et_pb_text module_class=&#8221;fonts_20&#8243; _builder_version=&#8221;4.27.6&#8243; _module_preset=&#8221;default&#8221; global_colors_info=&#8221;{}&#8221;]<\/p>\n<p>Oferujemy dziewicz\u0105, obran\u0105 foli\u0119 PTFE w r\u00f3\u017cnych wzorach do wszechstronnych zastosowa\u0144. Folia z czystego PTFE charakteryzuje si\u0119 specjalnymi w\u0142a\u015bciwo\u015bciami, kt\u00f3re czyni\u0105 go doskona\u0142ym materia\u0142em dla przemys\u0142u chemicznego, technologii \u017cywno\u015bci, technologii medycznej i innych zastosowa\u0144 przemys\u0142owych. Czysta folia z\u0142uszczaj\u0105ca ma najwy\u017csz\u0105 odporno\u015b\u0107 chemiczn\u0105 i najwi\u0119ksz\u0105 mo\u017cliw\u0105 swobod\u0119 por\u00f3w, a tak\u017ce odporno\u015b\u0107 na wysok\u0105 temperatur\u0119 i dobr\u0105 wytrzyma\u0142o\u015b\u0107 dielektryczn\u0105. Folia ma doskona\u0142e w\u0142a\u015bciwo\u015bci \u015blizgowe i jest antyadhezyjna, dzi\u0119ki czemu na przyk\u0142ad kleje, \u017cywice lub brud nie przyklejaj\u0105 si\u0119 do niej. Folia jest stosowana, na przyk\u0142ad, do produkcji uszczelnie\u0144 chemicznych, wyk\u0142adania pojemnik\u00f3w, kondensator\u00f3w i cewek. Folia PTFE jest dost\u0119pna w wersji nieprzylepnej i samoprzylepnej dla \u0142atwiejszego mocowania w \u017c\u0105danym miejscu. Oferujemy r\u00f3wnie\u017c jednostronnie trawion\u0105 foli\u0119 peelingow\u0105 PTFE. Folia PTFE jest przygotowana do klejenia. Z przyjemno\u015bci\u0105 doradzimy, kt\u00f3ry film najlepiej odpowiada Pa\u0144stwa potrzebom.<\/p>\n<p>[\/et_pb_text][\/et_pb_column][\/et_pb_row][\/et_pb_section][et_pb_section fb_built=&#8221;1&#8243; module_class=&#8221;padding_bottom&#8221; _builder_version=&#8221;4.27.6&#8243; _module_preset=&#8221;default&#8221; locked=&#8221;off&#8221; global_colors_info=&#8221;{}&#8221;][et_pb_row column_structure=&#8221;2_3,1_3&#8243; use_custom_gutter=&#8221;on&#8221; gutter_width=&#8221;1&#8243; make_equal=&#8221;on&#8221; module_class=&#8221;pt0 pb0 common_col_spacing_row auswahl_row&#8221; _builder_version=&#8221;4.27.6&#8243; _module_preset=&#8221;default&#8221; global_colors_info=&#8221;{}&#8221;][et_pb_column type=&#8221;2_3&#8243; module_class=&#8221;bg_white&#8221; _builder_version=&#8221;4.27.6&#8243; _module_preset=&#8221;default&#8221; global_colors_info=&#8221;{}&#8221;][et_pb_heading title=&#8221;Nasza obietnica jako\u015bciowa: wysokiej jako\u015bci folia PTFE&#8221; module_class=&#8221;common_htags mb10&#8243; _builder_version=&#8221;4.27.6&#8243; _module_preset=&#8221;default&#8221; title_level=&#8221;h3&#8243; global_colors_info=&#8221;{}&#8221;][\/et_pb_heading][et_pb_text module_class=&#8221;fonts_20&#8243; _builder_version=&#8221;4.27.6&#8243; _module_preset=&#8221;default&#8221; global_colors_info=&#8221;{}&#8221;]<\/p>\n<p>Zadowolenie klienta jest w centrum naszych my\u015bli i dzia\u0142a\u0144. Dlatego opracowujemy i produkujemy wy\u0142\u0105cznie produkty wysokiej jako\u015bci, o kt\u00f3rych jeste\u015bmy przekonani. Zmotywowani i przeszkoleni pracownicy pracuj\u0105 dla Pa\u0144stwa z du\u017cym know-how, wieloletnim do\u015bwiadczeniem i najnowsz\u0105 technologi\u0105. Wsp\u00f3lnie tworzymy produkty, kt\u00f3re optymalizuj\u0105 Pa\u0144stwa prac\u0119 i sprawiaj\u0105, \u017ce jest ekonomiczna. Nasze w\u0142asne standardy jako\u015bci s\u0105 udokumentowane certyfikacj\u0105 zgodnie z DIN ISO 9001: 2008, kontrol\u0105 jako\u015bci i zarz\u0105dzaniem jako\u015bci\u0105.<\/p>\n<p>Maj\u0105 Pa\u0144stwo jakiekolwiek pytania dotycz\u0105ce folii PTFE lub naszego zrozumienia jako\u015bci lub naszych innych prosimy o kontakt z nami. skontaktuj si\u0119 z nami. Pa\u0144stwu Ci pomo\u017cemy!<\/p>\n<p>[\/et_pb_text][\/et_pb_column][et_pb_column type=&#8221;1_3&#8243; module_class=&#8221;img_col&#8221; _builder_version=&#8221;4.27.6&#8243; _module_preset=&#8221;default&#8221; background_image=&#8221;https:\/\/boehme-kunststoff.de\/wp-content\/uploads\/2026\/03\/reine-ptfe-folie-content-e1706099513510-36655a97.webp&#8221; background_position=&#8221;bottom_left&#8221; global_colors_info=&#8221;{}&#8221;][et_pb_text _builder_version=&#8221;4.27.6&#8243; _module_preset=&#8221;default&#8221; global_colors_info=&#8221;{}&#8221;][\/et_pb_text][\/et_pb_column][\/et_pb_row][\/et_pb_section][et_pb_section fb_built=&#8221;1&#8243; specialty=&#8221;on&#8221; module_class_1=&#8221;customTab_section_Col_left leistungen_right_col pb0 pt0&#8243; module_class_2=&#8221;customTab_section_Col_right &#8221; module_class=&#8221;customTab_section customTab_section_first padding_bottom &#8221; _builder_version=&#8221;4.27.6&#8243; _module_preset=&#8221;default&#8221; locked=&#8221;off&#8221; global_colors_info=&#8221;{}&#8221;][et_pb_column type=&#8221;1_4&#8243; _builder_version=&#8221;4.16&#8243; custom_padding=&#8221;|||&#8221; global_colors_info=&#8221;{}&#8221; custom_padding__hover=&#8221;|||&#8221;][et_pb_code module_class=&#8221;commonTabsList commonTabs_first&#8221; _builder_version=&#8221;4.27.6&#8243; _module_preset=&#8221;default&#8221; global_colors_info=&#8221;{}&#8221;]<\/p>\n<ul><!-- [et_pb_line_break_holder] -->  <\/p>\n<li id=\"lst_one\" class=\"activeTabs\">Bez kleju<\/li>\n<p><!-- [et_pb_line_break_holder] -->  <\/p>\n<li id=\"lst_two\">Jednostronnie trawiona<\/li>\n<p><!-- [et_pb_line_break_holder] -->  <\/p>\n<li id=\"lst_three\">Samoprzylepna<\/li>\n<p><!-- [et_pb_line_break_holder] --><\/ul>\n<p>[\/et_pb_code][\/et_pb_column][et_pb_column type=&#8221;3_4&#8243; specialty_columns=&#8221;3&#8243; _builder_version=&#8221;4.16&#8243; custom_padding=&#8221;|||&#8221; global_colors_info=&#8221;{}&#8221; custom_padding__hover=&#8221;|||&#8221;][et_pb_row_inner module_id=&#8221;lst_one_row&#8221; module_class=&#8221;commonTabs_right_row activeTabs_row pt0 pb0&#8243; _builder_version=&#8221;4.27.6&#8243; _module_preset=&#8221;default&#8221; global_colors_info=&#8221;{}&#8221;][et_pb_column_inner saved_specialty_column_type=&#8221;2_3&#8243; _builder_version=&#8221;4.27.6&#8243; _module_preset=&#8221;default&#8221; global_colors_info=&#8221;{}&#8221;][et_pb_text module_class=&#8221;fonts_20&#8243; _builder_version=&#8221;4.27.6&#8243; _module_preset=&#8221;default&#8221; global_colors_info=&#8221;{}&#8221;]<\/p>\n<p><span>Type 6000<\/span><br \/>\ngrubo\u015b\u0107: 0,025 mm | PTFE: 100% | ci\u0119\u017car: 55 g\/m\u00b2 | szeroko\u015b\u0107 standardowa: 600\/1200 mm<\/p>\n<p><span>Type 6100<\/span><br \/>\ngrubo\u015b\u0107: 0,05 mm | PTFE: 100% | ci\u0119\u017car: 110 g\/m\u00b2 | szeroko\u015b\u0107 standardowa: 600\/1200 mm<\/p>\n<p><span>Type 6500<\/span><br \/>\ngrubo\u015b\u0107: 0,1 mm | PTFE: 100% | ci\u0119\u017car: 220 g\/m\u00b2 | szeroko\u015b\u0107 standardowa: 600\/1200 mm<\/p>\n<p><span>Type 6600<\/span><br \/>\ngrubo\u015b\u0107: 0,15 mm | PTFE: 100% | ci\u0119\u017car: 330 g\/m\u00b2 | szeroko\u015b\u0107 standardowa: 600\/1200 mm<\/p>\n<p><span>Type 6650<\/span><br \/>\ngrubo\u015b\u0107: 0,2 mm | PTFE: 100% | ci\u0119\u017car: 440 g\/m\u00b2 | szeroko\u015b\u0107 standardowa: 600\/1200 mm<\/p>\n<p><span>Type 6750<\/span><br \/>\ngrubo\u015b\u0107: 0,25 mm | PTFE: 100% | ci\u0119\u017car: 550 g\/m\u00b2 | szeroko\u015b\u0107 standardowa: 600\/1200 mm<\/p>\n<p><span>Type 6900<\/span><br \/>\ngrubo\u015b\u0107: 0,5 mm | PTFE: 100% | ci\u0119\u017car: 1100 g\/m\u00b2 | szeroko\u015b\u0107 standardowa: 600\/1200 mm<\/p>\n<p><span>Type 6950<\/span><br \/>\ngrubo\u015b\u0107: 0,8 mm | PTFE: 100% | ci\u0119\u017car: 1100 g\/m\u00b2 | szeroko\u015b\u0107 standardowa: 600\/1200 mm<\/p>\n<p><span>Type 6800<\/span><br \/>\ngrubo\u015b\u0107: 1,0 mm | PTFE: 100% | ci\u0119\u017car: 2200 g\/m\u00b2 | szeroko\u015b\u0107 standardowa: 600\/1200 mm<\/p>\n<p><span>Type 6400<\/span><br \/>\ngrubo\u015b\u0107: 1,5 mm | PTFE: 100% | ci\u0119\u017car: 3300 g\/m\u00b2 | szeroko\u015b\u0107 standardowa: 600\/1200 mm<\/p>\n<p><span>Type 6300<\/span><br \/>\ngrubo\u015b\u0107: 2,0 mm | PTFE: 100% | ci\u0119\u017car: 4400 g\/m\u00b2 | szeroko\u015b\u0107 standardowa: 600\/1200 mm<\/p>\n<p>[\/et_pb_text][\/et_pb_column_inner][\/et_pb_row_inner][et_pb_row_inner module_id=&#8221;lst_two_row&#8221; module_class=&#8221;commonTabs_right_row pt0 pb0&#8243; _builder_version=&#8221;4.27.6&#8243; _module_preset=&#8221;default&#8221; global_colors_info=&#8221;{}&#8221;][et_pb_column_inner saved_specialty_column_type=&#8221;2_3&#8243; _builder_version=&#8221;4.27.6&#8243; _module_preset=&#8221;default&#8221; global_colors_info=&#8221;{}&#8221;][et_pb_text module_class=&#8221;fonts_20&#8243; _builder_version=&#8221;4.27.6&#8243; _module_preset=&#8221;default&#8221; global_colors_info=&#8221;{}&#8221;]<\/p>\n<p><span>Type 6230<\/span><br \/>\ngrubo\u015b\u0107: 0,08 mm | PTFE: 100% | ci\u0119\u017car: 176 g\/m\u00b2 | szeroko\u015b\u0107 standardowa: 600\/1200 mm | jednostronnie trawiona, przygotowana do klejenia<\/p>\n<p><span>Type 6330<\/span><br \/>\ngrubo\u015b\u0107: 0,13 mm | PTFE: 100% | ci\u0119\u017car: 286 g\/m\u00b2 | szeroko\u015b\u0107 standardowa: 600\/1200 mm | jednostronnie trawiona, przygotowana do klejenia<\/p>\n<p><span>Type 6935<\/span><br \/>\ngrubo\u015b\u0107: 0,25 mm | PTFE: 100% | ci\u0119\u017car: 550 g\/m\u00b2 | szeroko\u015b\u0107 standardowa: 600\/1200 mm | jednostronnie trawiona, przygotowana do klejenia<\/p>\n<p><span>Type 6930<\/span><br \/>\ngrubo\u015b\u0107: 0,5 mm | PTFE: 100% | ci\u0119\u017car: 1100 g\/m\u00b2 | szeroko\u015b\u0107 standardowa: 600\/1200 mm | jednostronnie trawiona, przygotowana do klejenia<\/p>\n<p><span>Type 6935<\/span><br \/>\ngrubo\u015b\u0107: 0,8 mm | PTFE: 100% | ci\u0119\u017car: 1760 g\/m\u00b2 | szeroko\u015b\u0107 standardowa: 600\/1200 mm | jednostronnie trawiona, przygotowana do klejenia<\/p>\n<p><span>Type 6830<\/span><br \/>\ngrubo\u015b\u0107: 1,0 mm | PTFE: 100% | ci\u0119\u017car: 2200 g\/m\u00b2 | szeroko\u015b\u0107 standardowa: 600\/1200 mm | jednostronnie trawiona, przygotowana do klejenia<\/p>\n<p>[\/et_pb_text][\/et_pb_column_inner][\/et_pb_row_inner][et_pb_row_inner module_id=&#8221;lst_three_row&#8221; module_class=&#8221;commonTabs_right_row pt0 pb0&#8243; _builder_version=&#8221;4.27.6&#8243; _module_preset=&#8221;default&#8221; global_colors_info=&#8221;{}&#8221;][et_pb_column_inner saved_specialty_column_type=&#8221;2_3&#8243; _builder_version=&#8221;4.27.6&#8243; _module_preset=&#8221;default&#8221; global_colors_info=&#8221;{}&#8221;][et_pb_text module_class=&#8221;fonts_20&#8243; _builder_version=&#8221;4.27.6&#8243; _module_preset=&#8221;default&#8221; global_colors_info=&#8221;{}&#8221;]<\/p>\n<p><span>Type 7240<\/span><br \/>\ngrubo\u015b\u0107: 0,08 mm | PTFE: 100% | ci\u0119\u017car: 176 g\/m\u00b2 | szeroko\u015b\u0107 standardowa: 1000 mm | klej acrylowy z pow\u0142ok\u0105 ochronn\u0105<\/p>\n<p><span>Type 7251<\/span><br \/>\ngrubo\u015b\u0107: 0,08 mm | PTFE: 100% | ci\u0119\u017car: 176 g\/m\u00b2 | szeroko\u015b\u0107 standardowa: 1000 mm | klej acrylowy z pow\u0142ok\u0105 ochronn\u0105<\/p>\n<p><span>Type 7390<\/span><br \/>\ngrubo\u015b\u0107: 0,13 mm | PTFE: 100% | ci\u0119\u017car: 286 g\/m\u00b2 | szeroko\u015b\u0107 standardowa: 1000 mm | klej acrylowy z pow\u0142ok\u0105 ochronn\u0105<\/p>\n<p><span>Type 7395<\/span><br \/>\ngrubo\u015b\u0107: 0,13 mm | PTFE: 100% | ci\u0119\u017car: 286 g\/m\u00b2 | szeroko\u015b\u0107 standardowa: 1000 mm | Acrylkleber mit Liner<\/p>\n<p><span>Type 7900<\/span><br \/>\ngrubo\u015b\u0107: 0,5 mm | PTFE: 100% | ci\u0119\u017car: 1100 g\/m\u00b2 | szeroko\u015b\u0107 standardowa: 1000 mm | klej acrylowy z pow\u0142ok\u0105 ochronn\u0105<\/p>\n<p><span>Type 7750<\/span><br \/>\ngrubo\u015b\u0107: 0,25 mm | PTFE: 100% | ci\u0119\u017car: 550 g\/m\u00b2 | szeroko\u015b\u0107 standardowa: 1000 mm | klej acrylowy z pow\u0142ok\u0105 ochronn\u0105<\/p>\n<p>[\/et_pb_text][\/et_pb_column_inner][\/et_pb_row_inner][\/et_pb_column][\/et_pb_section][et_pb_section fb_built=&#8221;1&#8243; module_class=&#8221;padding_bottom&#8221; _builder_version=&#8221;4.27.6&#8243; _module_preset=&#8221;default&#8221; locked=&#8221;off&#8221; global_colors_info=&#8221;{}&#8221;][et_pb_row column_structure=&#8221;1_2,1_2&#8243; make_equal=&#8221;on&#8221; module_class=&#8221;bg_white kontaktie_sec_row&#8221; _builder_version=&#8221;4.27.6&#8243; _module_preset=&#8221;default&#8221; global_colors_info=&#8221;{}&#8221;][et_pb_column type=&#8221;1_2&#8243; _builder_version=&#8221;4.27.6&#8243; _module_preset=&#8221;default&#8221; global_colors_info=&#8221;{}&#8221;][et_pb_heading title=&#8221;Skontaktuj si\u0119 z nami!&#8221; module_class=&#8221;common_htags mb10&#8243; _builder_version=&#8221;4.27.6&#8243; _module_preset=&#8221;default&#8221; title_level=&#8221;h3&#8243; global_colors_info=&#8221;{}&#8221;][\/et_pb_heading][et_pb_text module_class=&#8221;fonts_20&#8243; _builder_version=&#8221;4.27.6&#8243; _module_preset=&#8221;default&#8221; global_colors_info=&#8221;{}&#8221;]<\/p>\n<p>Masz pytania dotycz\u0105ce naszych produkt\u00f3w, niestandardowych projekt\u00f3w, zapewnienia jako\u015bci lub chcia\u0142by\u015b uzyska\u0107 porad\u0119?<\/p>\n<p>[\/et_pb_text][et_pb_blurb title=&#8221;Antonina Kawanka&#8221; url=&#8221;\/kontakt\/&#8221; image=&#8221;https:\/\/boehme-kunststoff.de\/wp-content\/uploads\/2026\/03\/oaqdlhgeramm8r42e3-1.png&#8221; icon_placement=&#8221;left&#8221; module_class=&#8221;kontaktie_blurb kontakti_icon&#8221; _builder_version=&#8221;4.27.6&#8243; _module_preset=&#8221;default&#8221; hover_enabled=&#8221;0&#8243; global_colors_info=&#8221;{}&#8221; header_level=&#8221;h3&#8243; sticky_enabled=&#8221;0&#8243;][\/et_pb_blurb][\/et_pb_column][et_pb_column type=&#8221;1_2&#8243; _builder_version=&#8221;4.27.6&#8243; _module_preset=&#8221;default&#8221; global_colors_info=&#8221;{}&#8221;][et_pb_blurb title=&#8221;04151 \/ 88 00 -24&#8243; url=&#8221;tel:04151880024&#8243; image=&#8221;https:\/\/boehme-kunststoff.de\/wp-content\/uploads\/2026\/03\/vhyxiyhxr1gmm8qt0bg-1.png&#8221; icon_placement=&#8221;left&#8221; module_class=&#8221;kontaktie_blurb mb20&#8243; _builder_version=&#8221;4.27.6&#8243; _module_preset=&#8221;default&#8221; hover_enabled=&#8221;0&#8243; global_colors_info=&#8221;{}&#8221; header_level=&#8221;h3&#8243; sticky_enabled=&#8221;0&#8243;][\/et_pb_blurb][et_pb_blurb title=&#8221;A.Kawanka@boehme-kunststoff.de&#8221; url=&#8221;mailto:A.Kawanka@boehme-kunststoff.de&#8221; image=&#8221;https:\/\/boehme-kunststoff.de\/wp-content\/uploads\/2026\/03\/Vector.png&#8221; icon_placement=&#8221;left&#8221; module_class=&#8221;kontaktie_blurb &#8221; _builder_version=&#8221;4.27.6&#8243; _module_preset=&#8221;default&#8221; hover_enabled=&#8221;0&#8243; global_colors_info=&#8221;{}&#8221; header_level=&#8221;h3&#8243; sticky_enabled=&#8221;0&#8243;][\/et_pb_blurb][\/et_pb_column][\/et_pb_row][\/et_pb_section]<\/p>\n","protected":false},"excerpt":{"rendered":"<p>Oferujemy dziewicz\u0105, obran\u0105 foli\u0119 PTFE w r\u00f3\u017cnych wzorach do wszechstronnych zastosowa\u0144. Folia z czystego PTFE charakteryzuje si\u0119 specjalnymi w\u0142a\u015bciwo\u015bciami, kt\u00f3re czyni\u0105 go doskona\u0142ym materia\u0142em dla przemys\u0142u chemicznego, technologii \u017cywno\u015bci, technologii medycznej i innych zastosowa\u0144 przemys\u0142owych. Czysta folia z\u0142uszczaj\u0105ca ma najwy\u017csz\u0105 odporno\u015b\u0107 chemiczn\u0105 i najwi\u0119ksz\u0105 mo\u017cliw\u0105 swobod\u0119 por\u00f3w, a tak\u017ce odporno\u015b\u0107 na wysok\u0105 temperatur\u0119 i dobr\u0105 [&hellip;]<\/p>\n","protected":false},"author":3,"featured_media":0,"parent":56418,"menu_order":0,"comment_status":"closed","ping_status":"closed","template":"","meta":{"_et_pb_use_builder":"on","_et_pb_old_content":"","_et_gb_content_width":"","footnotes":""},"class_list":["post-56508","page","type-page","status-publish","hentry"],"yoast_head":"<!-- This site is optimized with the Yoast SEO plugin v27.3 - https:\/\/yoast.com\/product\/yoast-seo-wordpress\/ -->\n<title>PTFE-Folia - B\u00f6hme Kunststofftechnik<\/title>\n<meta name=\"description\" content=\"CZYSTY FOLIA PTFE, PEELED - DO WSZECHSTRONNYCH ZASTOSOWA\u0143\" \/>\n<meta name=\"robots\" content=\"index, follow, max-snippet:-1, max-image-preview:large, max-video-preview:-1\" \/>\n<link rel=\"canonical\" href=\"https:\/\/boehme-kunststoff.de\/pl\/produkty\/czysty-folia-ptfe\/\" \/>\n<meta property=\"og:locale\" content=\"pl_PL\" \/>\n<meta property=\"og:type\" content=\"article\" \/>\n<meta property=\"og:title\" content=\"PTFE-Folia - B\u00f6hme Kunststofftechnik\" \/>\n<meta property=\"og:description\" content=\"CZYSTY FOLIA PTFE, PEELED - DO WSZECHSTRONNYCH ZASTOSOWA\u0143\" \/>\n<meta property=\"og:url\" content=\"https:\/\/boehme-kunststoff.de\/pl\/produkty\/czysty-folia-ptfe\/\" \/>\n<meta property=\"og:site_name\" content=\"Transportb\u00e4nder vom Hersteller\" \/>\n<meta property=\"article:modified_time\" content=\"2026-03-30T05:27:35+00:00\" \/>\n<meta name=\"twitter:card\" content=\"summary_large_image\" \/>\n<meta name=\"twitter:label1\" content=\"Szacowany czas czytania\" \/>\n\t<meta name=\"twitter:data1\" content=\"4 minuty\" \/>\n<script type=\"application\/ld+json\" class=\"yoast-schema-graph\">{\"@context\":\"https:\\\/\\\/schema.org\",\"@graph\":[{\"@type\":\"WebPage\",\"@id\":\"https:\\\/\\\/boehme-kunststoff.de\\\/pl\\\/produkty\\\/czysty-folia-ptfe\\\/\",\"url\":\"https:\\\/\\\/boehme-kunststoff.de\\\/pl\\\/produkty\\\/czysty-folia-ptfe\\\/\",\"name\":\"PTFE-Folia - B\u00f6hme Kunststofftechnik\",\"isPartOf\":{\"@id\":\"https:\\\/\\\/boehme-kunststoff.de\\\/pl\\\/#website\"},\"datePublished\":\"2026-03-02T05:13:24+00:00\",\"dateModified\":\"2026-03-30T05:27:35+00:00\",\"description\":\"CZYSTY FOLIA PTFE, PEELED - DO WSZECHSTRONNYCH ZASTOSOWA\u0143\",\"breadcrumb\":{\"@id\":\"https:\\\/\\\/boehme-kunststoff.de\\\/pl\\\/produkty\\\/czysty-folia-ptfe\\\/#breadcrumb\"},\"inLanguage\":\"pl-PL\",\"potentialAction\":[{\"@type\":\"ReadAction\",\"target\":[\"https:\\\/\\\/boehme-kunststoff.de\\\/pl\\\/produkty\\\/czysty-folia-ptfe\\\/\"]}]},{\"@type\":\"BreadcrumbList\",\"@id\":\"https:\\\/\\\/boehme-kunststoff.de\\\/pl\\\/produkty\\\/czysty-folia-ptfe\\\/#breadcrumb\",\"itemListElement\":[{\"@type\":\"ListItem\",\"position\":1,\"name\":\"Startseite\",\"item\":\"https:\\\/\\\/boehme-kunststoff.de\\\/pl\\\/\"},{\"@type\":\"ListItem\",\"position\":2,\"name\":\"Produkty\",\"item\":\"https:\\\/\\\/boehme-kunststoff.de\\\/pl\\\/produkty\\\/\"},{\"@type\":\"ListItem\",\"position\":3,\"name\":\"Czysty Folia PTFE\"}]},{\"@type\":\"WebSite\",\"@id\":\"https:\\\/\\\/boehme-kunststoff.de\\\/pl\\\/#website\",\"url\":\"https:\\\/\\\/boehme-kunststoff.de\\\/pl\\\/\",\"name\":\"Transportb\u00e4nder vom Hersteller\",\"description\":\"Transportb\u00e4nder vom Hersteller\",\"potentialAction\":[{\"@type\":\"SearchAction\",\"target\":{\"@type\":\"EntryPoint\",\"urlTemplate\":\"https:\\\/\\\/boehme-kunststoff.de\\\/pl\\\/?s={search_term_string}\"},\"query-input\":{\"@type\":\"PropertyValueSpecification\",\"valueRequired\":true,\"valueName\":\"search_term_string\"}}],\"inLanguage\":\"pl-PL\"}]}<\/script>\n<!-- \/ Yoast SEO plugin. -->","yoast_head_json":{"title":"PTFE-Folia - B\u00f6hme Kunststofftechnik","description":"CZYSTY FOLIA PTFE, PEELED - DO WSZECHSTRONNYCH ZASTOSOWA\u0143","robots":{"index":"index","follow":"follow","max-snippet":"max-snippet:-1","max-image-preview":"max-image-preview:large","max-video-preview":"max-video-preview:-1"},"canonical":"https:\/\/boehme-kunststoff.de\/pl\/produkty\/czysty-folia-ptfe\/","og_locale":"pl_PL","og_type":"article","og_title":"PTFE-Folia - B\u00f6hme Kunststofftechnik","og_description":"CZYSTY FOLIA PTFE, PEELED - DO WSZECHSTRONNYCH ZASTOSOWA\u0143","og_url":"https:\/\/boehme-kunststoff.de\/pl\/produkty\/czysty-folia-ptfe\/","og_site_name":"Transportb\u00e4nder vom Hersteller","article_modified_time":"2026-03-30T05:27:35+00:00","twitter_card":"summary_large_image","twitter_misc":{"Szacowany czas czytania":"4 minuty"},"schema":{"@context":"https:\/\/schema.org","@graph":[{"@type":"WebPage","@id":"https:\/\/boehme-kunststoff.de\/pl\/produkty\/czysty-folia-ptfe\/","url":"https:\/\/boehme-kunststoff.de\/pl\/produkty\/czysty-folia-ptfe\/","name":"PTFE-Folia - B\u00f6hme Kunststofftechnik","isPartOf":{"@id":"https:\/\/boehme-kunststoff.de\/pl\/#website"},"datePublished":"2026-03-02T05:13:24+00:00","dateModified":"2026-03-30T05:27:35+00:00","description":"CZYSTY FOLIA PTFE, PEELED - DO WSZECHSTRONNYCH ZASTOSOWA\u0143","breadcrumb":{"@id":"https:\/\/boehme-kunststoff.de\/pl\/produkty\/czysty-folia-ptfe\/#breadcrumb"},"inLanguage":"pl-PL","potentialAction":[{"@type":"ReadAction","target":["https:\/\/boehme-kunststoff.de\/pl\/produkty\/czysty-folia-ptfe\/"]}]},{"@type":"BreadcrumbList","@id":"https:\/\/boehme-kunststoff.de\/pl\/produkty\/czysty-folia-ptfe\/#breadcrumb","itemListElement":[{"@type":"ListItem","position":1,"name":"Startseite","item":"https:\/\/boehme-kunststoff.de\/pl\/"},{"@type":"ListItem","position":2,"name":"Produkty","item":"https:\/\/boehme-kunststoff.de\/pl\/produkty\/"},{"@type":"ListItem","position":3,"name":"Czysty Folia PTFE"}]},{"@type":"WebSite","@id":"https:\/\/boehme-kunststoff.de\/pl\/#website","url":"https:\/\/boehme-kunststoff.de\/pl\/","name":"Transportb\u00e4nder vom Hersteller","description":"Transportb\u00e4nder vom Hersteller","potentialAction":[{"@type":"SearchAction","target":{"@type":"EntryPoint","urlTemplate":"https:\/\/boehme-kunststoff.de\/pl\/?s={search_term_string}"},"query-input":{"@type":"PropertyValueSpecification","valueRequired":true,"valueName":"search_term_string"}}],"inLanguage":"pl-PL"}]}},"_links":{"self":[{"href":"https:\/\/boehme-kunststoff.de\/pl\/wp-json\/wp\/v2\/pages\/56508","targetHints":{"allow":["GET"]}}],"collection":[{"href":"https:\/\/boehme-kunststoff.de\/pl\/wp-json\/wp\/v2\/pages"}],"about":[{"href":"https:\/\/boehme-kunststoff.de\/pl\/wp-json\/wp\/v2\/types\/page"}],"author":[{"embeddable":true,"href":"https:\/\/boehme-kunststoff.de\/pl\/wp-json\/wp\/v2\/users\/3"}],"replies":[{"embeddable":true,"href":"https:\/\/boehme-kunststoff.de\/pl\/wp-json\/wp\/v2\/comments?post=56508"}],"version-history":[{"count":9,"href":"https:\/\/boehme-kunststoff.de\/pl\/wp-json\/wp\/v2\/pages\/56508\/revisions"}],"predecessor-version":[{"id":57555,"href":"https:\/\/boehme-kunststoff.de\/pl\/wp-json\/wp\/v2\/pages\/56508\/revisions\/57555"}],"up":[{"embeddable":true,"href":"https:\/\/boehme-kunststoff.de\/pl\/wp-json\/wp\/v2\/pages\/56418"}],"wp:attachment":[{"href":"https:\/\/boehme-kunststoff.de\/pl\/wp-json\/wp\/v2\/media?parent=56508"}],"curies":[{"name":"wp","href":"https:\/\/api.w.org\/{rel}","templated":true}]}}