{"id":56536,"date":"2026-03-02T06:15:08","date_gmt":"2026-03-02T05:15:08","guid":{"rendered":"https:\/\/boehme-kunststoff.de\/produkty\/ptfe-schweissfolien\/"},"modified":"2026-03-30T07:36:09","modified_gmt":"2026-03-30T05:36:09","slug":"ptfe-folia-do-zgrzewania","status":"publish","type":"page","link":"https:\/\/boehme-kunststoff.de\/pl\/produkty\/ptfe-folia-do-zgrzewania\/","title":{"rendered":"PTFE-Folia Do Zgrzewania"},"content":{"rendered":"<p>[et_pb_section fb_built=&#8221;1&#8243; module_class=&#8221;main_secondary_section padding_top_bottom&#8221; _builder_version=&#8221;4.27.6&#8243; _module_preset=&#8221;default&#8221; locked=&#8221;off&#8221; global_colors_info=&#8221;{}&#8221;][et_pb_row _builder_version=&#8221;4.27.6&#8243; _module_preset=&#8221;default&#8221; background_image=&#8221;https:\/\/boehme-kunststoff.de\/wp-content\/uploads\/2026\/03\/teaser_ptfe_sfo-301a9685.webp&#8221; background_position=&#8221;center_right&#8221; custom_padding=&#8221;209px|||||&#8221; global_colors_info=&#8221;{}&#8221;][et_pb_column type=&#8221;4_4&#8243; _builder_version=&#8221;4.27.6&#8243; _module_preset=&#8221;default&#8221; global_colors_info=&#8221;{}&#8221;][\/et_pb_column][\/et_pb_row][\/et_pb_section][et_pb_section fb_built=&#8221;1&#8243; module_class=&#8221;padding_bottom&#8221; _builder_version=&#8221;4.27.6&#8243; _module_preset=&#8221;default&#8221; locked=&#8221;off&#8221; global_colors_info=&#8221;{}&#8221;][et_pb_row module_class=&#8221;rounded_top &#8221; _builder_version=&#8221;4.27.6&#8243; _module_preset=&#8221;default&#8221; global_colors_info=&#8221;{}&#8221;][et_pb_column type=&#8221;4_4&#8243; _builder_version=&#8221;4.27.6&#8243; _module_preset=&#8221;default&#8221; global_colors_info=&#8221;{}&#8221;][et_pb_heading title=&#8221;PTFE\u2013folia do zgrzewania w r\u00f3\u017cnych jako\u015bciach&#8221; module_class=&#8221;common_htags mb10&#8243; _builder_version=&#8221;4.27.6&#8243; _module_preset=&#8221;default&#8221; global_colors_info=&#8221;{}&#8221;][\/et_pb_heading][et_pb_heading title=&#8221;Wysokiej jako\u015bci folia do spawania od do\u015bwiadczonego producenta&#8221; module_class=&#8221;common_htags mb10 uppercase&#8221; _builder_version=&#8221;4.27.6&#8243; _module_preset=&#8221;default&#8221; title_level=&#8221;h2&#8243; global_colors_info=&#8221;{}&#8221;][\/et_pb_heading][\/et_pb_column][\/et_pb_row][et_pb_row column_structure=&#8221;2_3,1_3&#8243; use_custom_gutter=&#8221;on&#8221; gutter_width=&#8221;3&#8243; module_class=&#8221;rounded_bottom &#8221; _builder_version=&#8221;4.27.6&#8243; _module_preset=&#8221;default&#8221; global_colors_info=&#8221;{}&#8221;][et_pb_column type=&#8221;2_3&#8243; _builder_version=&#8221;4.27.6&#8243; _module_preset=&#8221;default&#8221; global_colors_info=&#8221;{}&#8221;][et_pb_text module_class=&#8221;fonts_20&#8243; _builder_version=&#8221;4.27.6&#8243; _module_preset=&#8221;default&#8221; global_colors_info=&#8221;{}&#8221;]<\/p>\n<p>PTFE-folie zapewni\u0105 Pa\u0144stwu idealne wsparcie podczas procesu zgrzewania profili PVC. Dzi\u0119ki doskona\u0142ym w\u0142a\u015bciwo\u015bciom i wysokiej stabilno\u015bci termicznej, PTFE-folia zapobiega przyklejaniu i topieniu si\u0119 profila w temperaturze ponad 260 stopni Celsjusza. Zaoferowa\u0107 mo\u017cemy Pa\u0144stwu foli\u0119 w czterech praktycznych wersjach, doskona\u0142ej jako\u015bci, w r\u00f3\u017cnym wykonaniu np: jako gotowe wykroje, r\u0119kawy, kieszenie albo jako jednostronne, samoprzylepne modele. Folie gotowe ju\u017c do monta\u017cu wykonujemy do wszystkich typ\u00f3w i rodzaji zgrzewarek a tak\u017ce wed\u0142ug ca\u0142kowicie indywidualnych wymiarach (np. ze s\u0142upkiem)<\/p>\n<p>[\/et_pb_text][\/et_pb_column][et_pb_column type=&#8221;1_3&#8243; _builder_version=&#8221;4.27.6&#8243; _module_preset=&#8221;default&#8221; global_colors_info=&#8221;{}&#8221;][et_pb_toggle title=&#8221;B\u00f6hme-PTFE-folia, zaleta dla Pa\u0144stwa: doskona\u0142e wyniki zgrzew\u00f3w i gospodarno\u015b\u0107&#8221; module_class=&#8221;produkt_toggle mb20&#8243; _builder_version=&#8221;4.27.6&#8243; _module_preset=&#8221;default&#8221; hover_enabled=&#8221;0&#8243; global_colors_info=&#8221;{}&#8221; title_level=&#8221;h3&#8243; sticky_enabled=&#8221;0&#8243;]<\/p>\n<p>Naszym celem jest Pa\u0144stwa zadowolenie! Dlatego opracowujemy i produkujemy wy\u0142\u0105cznie produkty wysokiej jako\u015bci, kt\u00f3re wyr\u00f3\u017cniaj\u0105 si\u0119 efektywno\u015bci\u0105, wydajno\u015bci\u0105 i oszcz\u0119dno\u015bci\u0105. W \u015bcis\u0142ej wsp\u00f3\u0142pracy i konsultacji z doradcami, producentami zgrzewarek, producentami profili mo\u017cemy dok\u0142adnie ustali\u0107 i okre\u015bli\u0107 Pa\u0144stwa potrzeby i wymagania. Na tej podstawie rozwijamy i opracowujemy wysokiej jako\u015bci odpowiednie materia\u0142y, kt\u00f3re dok\u0142adnie odpowiadaj\u0105 Pa\u0144stwa wymogom. Przy tym trzymamy si\u0119 i przestrzegamy wszystkie wymogi jako\u015bciowe jak r\u00f3wnie\u017c wymogi ustawowe i prawne. PTFE-folie gwarantuj\u0105 wysok\u0105 jako\u015b\u0107 Pa\u0144stwa produktu poprzez uzyskanie najlepszych wynik\u00f3w zgrzanego naro\u017cnika, zwi\u0119kszon\u0105 wydajno\u015b\u0107 i efektywno\u015b\u0107 dzi\u0119ki d\u0142ugiej \u017cywotno\u015bci folii.<\/p>\n<p>Maj\u0105 Pa\u0144stwo jakiekolwiek pytania lub chcieliby Pa\u0144stwo ca\u0142kowicie indywidualne rozwi\u0105zanie? Prosimy o kontakt z nami. Mo\u017cemy r\u00f3wnie\u017c przyjecha\u0107 do Pa\u0144stwa, om\u00f3wi\u0107 i przedyskutowa\u0107 Pa\u0144stwa pomys\u0142y i propozycje na miejscu w firmie.<\/p>\n<p>[\/et_pb_toggle][et_pb_toggle title=&#8221;B\u00f6hme-kunststofftechnik proponuje:&#8221; module_class=&#8221;produkt_toggle mb20 custom_listTrue&#8221; _builder_version=&#8221;4.27.6&#8243; _module_preset=&#8221;default&#8221; hover_enabled=&#8221;0&#8243; global_colors_info=&#8221;{}&#8221; title_level=&#8221;h3&#8243; sticky_enabled=&#8221;0&#8243;]<\/p>\n<ul>\n<li>4 doskona\u0142ych jako\u015bci<\/li>\n<li>zoptymalizowany i sw\u00f3j w\u0142asny opracowany rozw\u00f3j produktu<\/li>\n<li>szeroki asortyment folii<\/li>\n<li>kompetentn\u0105 i fachow\u0105 porad\u0119<\/li>\n<li>mi\u0119dzynarodow\u0105 wieloj\u0119zyczn\u0105 obs\u0142ug\u0119 klienta<\/li>\n<li>\u201eProdukcja w UE\u201c, wykonanie u B\u00f6hme<\/li>\n<li>QS-system ISO 9001:2015<\/li>\n<li>kompetencja poprzez znajomo\u015b\u0107 produktu<\/li>\n<\/ul>\n<p>[\/et_pb_toggle][et_pb_toggle title=&#8221;Zalety dla Pa\u0144stwa:&#8221; module_class=&#8221;produkt_toggle custom_listTrue mb20&#8243; _builder_version=&#8221;4.27.6&#8243; _module_preset=&#8221;default&#8221; hover_enabled=&#8221;0&#8243; global_colors_info=&#8221;{}&#8221; title_level=&#8221;h3&#8243; sticky_enabled=&#8221;0&#8243;]<\/p>\n<ul>\n<li>wysoka odporno\u015b\u0107 i trwa\u0142o\u015b\u0107 naro\u017cnik\u00f3w poprzez optymaln\u0105 jako\u015b\u0107 produktu<\/li>\n<li>doskona\u0142e wyniki zgrzew\u00f3w<\/li>\n<li>zwi\u0119kszona wydajno\u015b\u0107 ze wzgl\u0119du na wysok\u0105 trwa\u0142o\u015b\u0107 folii<\/li>\n<li>zadowolenie i satysfakcja poprzez indywidualne rozwi\u0105zania<\/li>\n<li>wsp\u00f3\u0142praca partnerska<\/li>\n<\/ul>\n<p>[\/et_pb_toggle][et_pb_toggle title=&#8221;Czyszczenie&#8221; module_class=&#8221;produkt_toggle mb20&#8243; _builder_version=&#8221;4.27.6&#8243; _module_preset=&#8221;default&#8221; custom_padding=&#8221;|2px||||&#8221; hover_enabled=&#8221;0&#8243; locked=&#8221;off&#8221; global_colors_info=&#8221;{}&#8221; title_level=&#8221;h3&#8243; sticky_enabled=&#8221;0&#8243;]<\/p>\n<p>Aby zwi\u0119kszy\u0107 \u017cywotno\u015b\u0107 tkaniny szklanej PTFE, zalecamy czyszczenie naszej raclette B\u00f6hme.<\/p>\n<div class=\"toggle_btn\"><a href=\"https:\/\/boehme-kunststoff.de\/pl\/produkty\/boehme-raclette\/\">Zur Produktinformation B\u00f6hme-Raclette\u00ae<\/a><\/div>\n<p>[\/et_pb_toggle][\/et_pb_column][\/et_pb_row][\/et_pb_section][et_pb_section fb_built=&#8221;1&#8243; module_class=&#8221;padding_bottom&#8221; _builder_version=&#8221;4.27.6&#8243; _module_preset=&#8221;default&#8221; locked=&#8221;off&#8221; global_colors_info=&#8221;{}&#8221;][et_pb_row make_equal=&#8221;on&#8221; module_class=&#8221;pt0 pb0&#8243; _builder_version=&#8221;4.27.6&#8243; _module_preset=&#8221;default&#8221; global_colors_info=&#8221;{}&#8221;][et_pb_column type=&#8221;4_4&#8243; module_class=&#8221;mb0&#8243; _builder_version=&#8221;4.27.6&#8243; _module_preset=&#8221;default&#8221; global_colors_info=&#8221;{}&#8221;][et_pb_heading title=&#8221;Tkanina szklana powlekana ptfe w r\u00f3\u017cnych jako\u015bciach&#8221; module_class=&#8221;common_htags mb0 bohme_heading right_border&#8221; _builder_version=&#8221;4.27.6&#8243; _module_preset=&#8221;default&#8221; title_level=&#8221;h2&#8243; global_colors_info=&#8221;{}&#8221;][\/et_pb_heading][\/et_pb_column][\/et_pb_row][\/et_pb_section][et_pb_section fb_built=&#8221;1&#8243; module_class=&#8221;padding_bottom&#8221; _builder_version=&#8221;4.27.6&#8243; _module_preset=&#8221;default&#8221; global_colors_info=&#8221;{}&#8221;][et_pb_row module_class=&#8221;ptfe_slider pt0 pb0&#8243; _builder_version=&#8221;4.27.6&#8243; _module_preset=&#8221;default&#8221; global_colors_info=&#8221;{}&#8221;][et_pb_column type=&#8221;4_4&#8243; module_class=&#8221;video_carsol_block&#8221; _builder_version=&#8221;4.27.6&#8243; _module_preset=&#8221;default&#8221; global_colors_info=&#8221;{}&#8221;][et_pb_blurb title=&#8221;Standardowa br\u0105zowa&#8221; image=&#8221;https:\/\/boehme-kunststoff.de\/wp-content\/uploads\/2026\/03\/slide2.png&#8221; module_class=&#8221;ptfe_blurb&#8221; _builder_version=&#8221;4.27.6&#8243; _module_preset=&#8221;default&#8221; hover_enabled=&#8221;0&#8243; global_colors_info=&#8221;{}&#8221; header_level=&#8221;h3&#8243; sticky_enabled=&#8221;0&#8243;]<\/p>\n<ul>\n<li>w\u0142\u00f3kno standardowe<\/li>\n<li>grubo\u015b\u0107 ok. 0,13 mm, 0,15 mm, 0,25 mm<\/li>\n<li>zawarto\u015b\u0107 PTFE zale\u017cnie od grubo\u015bci folii &lt; 65%<\/li>\n<li>odporno\u015b\u0107 temperatury do +260\u00b0C<\/li>\n<\/ul>\n<p>[\/et_pb_blurb][et_pb_blurb title=&#8221;Premium br\u0105zowa&#8221; image=&#8221;https:\/\/boehme-kunststoff.de\/wp-content\/uploads\/2026\/03\/slide1.png&#8221; module_class=&#8221;ptfe_blurb&#8221; _builder_version=&#8221;4.27.6&#8243; _module_preset=&#8221;default&#8221; hover_enabled=&#8221;0&#8243; global_colors_info=&#8221;{}&#8221; header_level=&#8221;h3&#8243; sticky_enabled=&#8221;0&#8243;]<\/p>\n<ul>\n<li>w\u0142\u00f3kno specjalne<\/li>\n<li>grubo\u015b\u0107 ok. 0,15 mm<\/li>\n<li>zawarto\u015b\u0107 PTFE zale\u017cnie od grubo\u015bci folii &gt;65%<\/li>\n<li>odporno\u015b\u0107 temperatury do +260\u00b0C<\/li>\n<\/ul>\n<p>[\/et_pb_blurb][et_pb_blurb title=&#8221;B\u00f6hme-Expert 2.0\u00ae&#8221; image=&#8221;https:\/\/boehme-kunststoff.de\/wp-content\/uploads\/2026\/03\/slide3.png&#8221; module_class=&#8221;ptfe_blurb&#8221; _builder_version=&#8221;4.27.6&#8243; _module_preset=&#8221;default&#8221; hover_enabled=&#8221;0&#8243; global_colors_info=&#8221;{}&#8221; header_level=&#8221;h3&#8243; sticky_enabled=&#8221;0&#8243;]<\/p>\n<ul>\n<li>Laminat + PTFE laminat<\/li>\n<li>grubo\u015b\u0107 ok. 0,17 mm<\/li>\n<li>zawarto\u015b\u0107 PTFE &gt;65%<\/li>\n<li>dodatkowa obr\u00f3bka powierzchni<\/li>\n<li>bardzo d\u0142uga \u017cywotno\u015b\u0107<\/li>\n<\/ul>\n<p>[\/et_pb_blurb][et_pb_blurb title=&#8221;B\u00f6hme-Superior 3.0\u00ae&#8221; image=&#8221;https:\/\/boehme-kunststoff.de\/wp-content\/uploads\/2026\/03\/slide4.png&#8221; module_class=&#8221;ptfe_blurb&#8221; _builder_version=&#8221;4.27.6&#8243; _module_preset=&#8221;default&#8221; hover_enabled=&#8221;0&#8243; global_colors_info=&#8221;{}&#8221; header_level=&#8221;h3&#8243; sticky_enabled=&#8221;0&#8243;]<\/p>\n<ul>\n<li>Film laminatu<\/li>\n<li>grubo\u015b\u0107 ok. 0,16 mm<\/li>\n<li>zawarto\u015b\u0107 PTFE w zale\u017cno\u015bci od grubo\u015bci&nbsp; &gt; 65%<\/li>\n<li>pow\u0142oka PTFE oraz specjalny laminat PTFE<\/li>\n<li>ekstremalna \u017cywotno\u015b\u0107 folii dzi\u0119ki powierzchni antyadhezyjnej<\/li>\n<\/ul>\n<p>[\/et_pb_blurb][\/et_pb_column][\/et_pb_row][\/et_pb_section][et_pb_section fb_built=&#8221;1&#8243; module_class=&#8221;padding_bottom&#8221; _builder_version=&#8221;4.27.6&#8243; _module_preset=&#8221;default&#8221; locked=&#8221;off&#8221; global_colors_info=&#8221;{}&#8221;][et_pb_row column_structure=&#8221;1_2,1_2&#8243; make_equal=&#8221;on&#8221; module_class=&#8221;bg_white kontaktie_sec_row&#8221; _builder_version=&#8221;4.27.6&#8243; _module_preset=&#8221;default&#8221; global_colors_info=&#8221;{}&#8221;][et_pb_column type=&#8221;1_2&#8243; _builder_version=&#8221;4.27.6&#8243; _module_preset=&#8221;default&#8221; global_colors_info=&#8221;{}&#8221;][et_pb_heading title=&#8221;Skontaktuj si\u0119 z nami!&#8221; module_class=&#8221;common_htags mb10&#8243; _builder_version=&#8221;4.27.6&#8243; _module_preset=&#8221;default&#8221; title_level=&#8221;h3&#8243; global_colors_info=&#8221;{}&#8221;][\/et_pb_heading][et_pb_text module_class=&#8221;fonts_20&#8243; _builder_version=&#8221;4.27.6&#8243; _module_preset=&#8221;default&#8221; global_colors_info=&#8221;{}&#8221;]<\/p>\n<p>Maj\u0105 Pa\u0144stwo dotycz\u0105ce naszych produkt\u00f3w, niestandardowych projekt\u00f3w, zapewnienia jako\u015bci lub chieliby Pa\u0144stwo uzyska\u0107 porad\u0119?<\/p>\n<p>[\/et_pb_text][et_pb_blurb title=&#8221;Antonina Kawanka&#8221; url=&#8221;\/kontakt\/&#8221; image=&#8221;https:\/\/boehme-kunststoff.de\/wp-content\/uploads\/2026\/03\/oaqdlhgeramm8r42e3-1.png&#8221; icon_placement=&#8221;left&#8221; module_class=&#8221;kontaktie_blurb kontakti_icon&#8221; _builder_version=&#8221;4.27.6&#8243; _module_preset=&#8221;default&#8221; hover_enabled=&#8221;0&#8243; global_colors_info=&#8221;{}&#8221; header_level=&#8221;h3&#8243; sticky_enabled=&#8221;0&#8243;][\/et_pb_blurb][\/et_pb_column][et_pb_column type=&#8221;1_2&#8243; _builder_version=&#8221;4.27.6&#8243; _module_preset=&#8221;default&#8221; global_colors_info=&#8221;{}&#8221;][et_pb_blurb title=&#8221;04151 \/ 88 00 -24&#8243; url=&#8221;tel:04151880024&#8243; image=&#8221;https:\/\/boehme-kunststoff.de\/wp-content\/uploads\/2026\/03\/vhyxiyhxr1gmm8qt0bg-1.png&#8221; icon_placement=&#8221;left&#8221; module_class=&#8221;kontaktie_blurb mb20&#8243; _builder_version=&#8221;4.27.6&#8243; _module_preset=&#8221;default&#8221; hover_enabled=&#8221;0&#8243; global_colors_info=&#8221;{}&#8221; header_level=&#8221;h3&#8243; sticky_enabled=&#8221;0&#8243;][\/et_pb_blurb][et_pb_blurb title=&#8221;A.Kawanka@boehme-kunststoff.de&#8221; url=&#8221;mailto:A.Kawanka@boehme-kunststoff.de&#8221; image=&#8221;https:\/\/boehme-kunststoff.de\/wp-content\/uploads\/2026\/03\/Vector.png&#8221; icon_placement=&#8221;left&#8221; module_class=&#8221;kontaktie_blurb &#8221; _builder_version=&#8221;4.27.6&#8243; _module_preset=&#8221;default&#8221; hover_enabled=&#8221;0&#8243; global_colors_info=&#8221;{}&#8221; header_level=&#8221;h3&#8243; sticky_enabled=&#8221;0&#8243;][\/et_pb_blurb][\/et_pb_column][\/et_pb_row][\/et_pb_section]<\/p>\n","protected":false},"excerpt":{"rendered":"<p>PTFE-folie zapewni\u0105 Pa\u0144stwu idealne wsparcie podczas procesu zgrzewania profili PVC. Dzi\u0119ki doskona\u0142ym w\u0142a\u015bciwo\u015bciom i wysokiej stabilno\u015bci termicznej, PTFE-folia zapobiega przyklejaniu i topieniu si\u0119 profila w temperaturze ponad 260 stopni Celsjusza. Zaoferowa\u0107 mo\u017cemy Pa\u0144stwu foli\u0119 w czterech praktycznych wersjach, doskona\u0142ej jako\u015bci, w r\u00f3\u017cnym wykonaniu np: jako gotowe wykroje, r\u0119kawy, kieszenie albo jako jednostronne, samoprzylepne modele. Folie [&hellip;]<\/p>\n","protected":false},"author":3,"featured_media":0,"parent":56418,"menu_order":0,"comment_status":"closed","ping_status":"closed","template":"","meta":{"_et_pb_use_builder":"on","_et_pb_old_content":"","_et_gb_content_width":"","footnotes":""},"class_list":["post-56536","page","type-page","status-publish","hentry"],"yoast_head":"<!-- This site is optimized with the Yoast SEO plugin v27.4 - https:\/\/yoast.com\/product\/yoast-seo-wordpress\/ -->\n<title>PTFE-Folia Do Zgrzewania - B\u00f6hme Kunststofftechnik<\/title>\n<meta name=\"description\" content=\"PTFE-Folia DO ZGRZEWANIA W R\u00d3\u017bNYCH JAKO\u015aCIACH\" \/>\n<meta name=\"robots\" content=\"index, follow, max-snippet:-1, max-image-preview:large, max-video-preview:-1\" \/>\n<link rel=\"canonical\" href=\"https:\/\/boehme-kunststoff.de\/pl\/produkty\/ptfe-folia-do-zgrzewania\/\" \/>\n<meta property=\"og:locale\" content=\"pl_PL\" \/>\n<meta property=\"og:type\" content=\"article\" \/>\n<meta property=\"og:title\" content=\"PTFE-Folia Do Zgrzewania - B\u00f6hme Kunststofftechnik\" \/>\n<meta property=\"og:description\" content=\"PTFE-Folia DO ZGRZEWANIA W R\u00d3\u017bNYCH JAKO\u015aCIACH\" \/>\n<meta property=\"og:url\" content=\"https:\/\/boehme-kunststoff.de\/pl\/produkty\/ptfe-folia-do-zgrzewania\/\" \/>\n<meta property=\"og:site_name\" content=\"Transportb\u00e4nder vom Hersteller\" \/>\n<meta property=\"article:modified_time\" content=\"2026-03-30T05:36:09+00:00\" \/>\n<meta name=\"twitter:card\" content=\"summary_large_image\" \/>\n<meta name=\"twitter:label1\" content=\"Szacowany czas czytania\" \/>\n\t<meta name=\"twitter:data1\" content=\"4 minuty\" \/>\n<script type=\"application\/ld+json\" class=\"yoast-schema-graph\">{\"@context\":\"https:\\\/\\\/schema.org\",\"@graph\":[{\"@type\":\"WebPage\",\"@id\":\"https:\\\/\\\/boehme-kunststoff.de\\\/pl\\\/produkty\\\/ptfe-folia-do-zgrzewania\\\/\",\"url\":\"https:\\\/\\\/boehme-kunststoff.de\\\/pl\\\/produkty\\\/ptfe-folia-do-zgrzewania\\\/\",\"name\":\"PTFE-Folia Do Zgrzewania - B\u00f6hme Kunststofftechnik\",\"isPartOf\":{\"@id\":\"https:\\\/\\\/boehme-kunststoff.de\\\/pl\\\/#website\"},\"datePublished\":\"2026-03-02T05:15:08+00:00\",\"dateModified\":\"2026-03-30T05:36:09+00:00\",\"description\":\"PTFE-Folia DO ZGRZEWANIA W R\u00d3\u017bNYCH JAKO\u015aCIACH\",\"breadcrumb\":{\"@id\":\"https:\\\/\\\/boehme-kunststoff.de\\\/pl\\\/produkty\\\/ptfe-folia-do-zgrzewania\\\/#breadcrumb\"},\"inLanguage\":\"pl-PL\",\"potentialAction\":[{\"@type\":\"ReadAction\",\"target\":[\"https:\\\/\\\/boehme-kunststoff.de\\\/pl\\\/produkty\\\/ptfe-folia-do-zgrzewania\\\/\"]}]},{\"@type\":\"BreadcrumbList\",\"@id\":\"https:\\\/\\\/boehme-kunststoff.de\\\/pl\\\/produkty\\\/ptfe-folia-do-zgrzewania\\\/#breadcrumb\",\"itemListElement\":[{\"@type\":\"ListItem\",\"position\":1,\"name\":\"Startseite\",\"item\":\"https:\\\/\\\/boehme-kunststoff.de\\\/pl\\\/\"},{\"@type\":\"ListItem\",\"position\":2,\"name\":\"Produkty\",\"item\":\"https:\\\/\\\/boehme-kunststoff.de\\\/pl\\\/produkty\\\/\"},{\"@type\":\"ListItem\",\"position\":3,\"name\":\"PTFE-Folia Do Zgrzewania\"}]},{\"@type\":\"WebSite\",\"@id\":\"https:\\\/\\\/boehme-kunststoff.de\\\/pl\\\/#website\",\"url\":\"https:\\\/\\\/boehme-kunststoff.de\\\/pl\\\/\",\"name\":\"Transportb\u00e4nder vom Hersteller\",\"description\":\"Transportb\u00e4nder vom Hersteller\",\"potentialAction\":[{\"@type\":\"SearchAction\",\"target\":{\"@type\":\"EntryPoint\",\"urlTemplate\":\"https:\\\/\\\/boehme-kunststoff.de\\\/pl\\\/?s={search_term_string}\"},\"query-input\":{\"@type\":\"PropertyValueSpecification\",\"valueRequired\":true,\"valueName\":\"search_term_string\"}}],\"inLanguage\":\"pl-PL\"}]}<\/script>\n<!-- \/ Yoast SEO plugin. -->","yoast_head_json":{"title":"PTFE-Folia Do Zgrzewania - B\u00f6hme Kunststofftechnik","description":"PTFE-Folia DO ZGRZEWANIA W R\u00d3\u017bNYCH JAKO\u015aCIACH","robots":{"index":"index","follow":"follow","max-snippet":"max-snippet:-1","max-image-preview":"max-image-preview:large","max-video-preview":"max-video-preview:-1"},"canonical":"https:\/\/boehme-kunststoff.de\/pl\/produkty\/ptfe-folia-do-zgrzewania\/","og_locale":"pl_PL","og_type":"article","og_title":"PTFE-Folia Do Zgrzewania - B\u00f6hme Kunststofftechnik","og_description":"PTFE-Folia DO ZGRZEWANIA W R\u00d3\u017bNYCH JAKO\u015aCIACH","og_url":"https:\/\/boehme-kunststoff.de\/pl\/produkty\/ptfe-folia-do-zgrzewania\/","og_site_name":"Transportb\u00e4nder vom Hersteller","article_modified_time":"2026-03-30T05:36:09+00:00","twitter_card":"summary_large_image","twitter_misc":{"Szacowany czas czytania":"4 minuty"},"schema":{"@context":"https:\/\/schema.org","@graph":[{"@type":"WebPage","@id":"https:\/\/boehme-kunststoff.de\/pl\/produkty\/ptfe-folia-do-zgrzewania\/","url":"https:\/\/boehme-kunststoff.de\/pl\/produkty\/ptfe-folia-do-zgrzewania\/","name":"PTFE-Folia Do Zgrzewania - B\u00f6hme Kunststofftechnik","isPartOf":{"@id":"https:\/\/boehme-kunststoff.de\/pl\/#website"},"datePublished":"2026-03-02T05:15:08+00:00","dateModified":"2026-03-30T05:36:09+00:00","description":"PTFE-Folia DO ZGRZEWANIA W R\u00d3\u017bNYCH JAKO\u015aCIACH","breadcrumb":{"@id":"https:\/\/boehme-kunststoff.de\/pl\/produkty\/ptfe-folia-do-zgrzewania\/#breadcrumb"},"inLanguage":"pl-PL","potentialAction":[{"@type":"ReadAction","target":["https:\/\/boehme-kunststoff.de\/pl\/produkty\/ptfe-folia-do-zgrzewania\/"]}]},{"@type":"BreadcrumbList","@id":"https:\/\/boehme-kunststoff.de\/pl\/produkty\/ptfe-folia-do-zgrzewania\/#breadcrumb","itemListElement":[{"@type":"ListItem","position":1,"name":"Startseite","item":"https:\/\/boehme-kunststoff.de\/pl\/"},{"@type":"ListItem","position":2,"name":"Produkty","item":"https:\/\/boehme-kunststoff.de\/pl\/produkty\/"},{"@type":"ListItem","position":3,"name":"PTFE-Folia Do Zgrzewania"}]},{"@type":"WebSite","@id":"https:\/\/boehme-kunststoff.de\/pl\/#website","url":"https:\/\/boehme-kunststoff.de\/pl\/","name":"Transportb\u00e4nder vom Hersteller","description":"Transportb\u00e4nder vom Hersteller","potentialAction":[{"@type":"SearchAction","target":{"@type":"EntryPoint","urlTemplate":"https:\/\/boehme-kunststoff.de\/pl\/?s={search_term_string}"},"query-input":{"@type":"PropertyValueSpecification","valueRequired":true,"valueName":"search_term_string"}}],"inLanguage":"pl-PL"}]}},"_links":{"self":[{"href":"https:\/\/boehme-kunststoff.de\/pl\/wp-json\/wp\/v2\/pages\/56536","targetHints":{"allow":["GET"]}}],"collection":[{"href":"https:\/\/boehme-kunststoff.de\/pl\/wp-json\/wp\/v2\/pages"}],"about":[{"href":"https:\/\/boehme-kunststoff.de\/pl\/wp-json\/wp\/v2\/types\/page"}],"author":[{"embeddable":true,"href":"https:\/\/boehme-kunststoff.de\/pl\/wp-json\/wp\/v2\/users\/3"}],"replies":[{"embeddable":true,"href":"https:\/\/boehme-kunststoff.de\/pl\/wp-json\/wp\/v2\/comments?post=56536"}],"version-history":[{"count":7,"href":"https:\/\/boehme-kunststoff.de\/pl\/wp-json\/wp\/v2\/pages\/56536\/revisions"}],"predecessor-version":[{"id":57566,"href":"https:\/\/boehme-kunststoff.de\/pl\/wp-json\/wp\/v2\/pages\/56536\/revisions\/57566"}],"up":[{"embeddable":true,"href":"https:\/\/boehme-kunststoff.de\/pl\/wp-json\/wp\/v2\/pages\/56418"}],"wp:attachment":[{"href":"https:\/\/boehme-kunststoff.de\/pl\/wp-json\/wp\/v2\/media?parent=56536"}],"curies":[{"name":"wp","href":"https:\/\/api.w.org\/{rel}","templated":true}]}}