{"id":56686,"date":"2026-03-02T06:10:10","date_gmt":"2026-03-02T05:10:10","guid":{"rendered":"https:\/\/boehme-kunststoff.de\/produkty\/ptfe-zone-tape-gewindedichtband\/"},"modified":"2026-04-10T15:28:05","modified_gmt":"2026-04-10T13:28:05","slug":"ptfe-zone-tape","status":"publish","type":"page","link":"https:\/\/boehme-kunststoff.de\/pl\/produkty\/ptfe-zone-tape\/","title":{"rendered":"PTFE-Zone-Tape"},"content":{"rendered":"<p>[et_pb_section fb_built=&#8221;1&#8243; module_class=&#8221;main_secondary_section padding_top_bottom&#8221; _builder_version=&#8221;4.27.6&#8243; _module_preset=&#8221;default&#8221; locked=&#8221;off&#8221; global_colors_info=&#8221;{}&#8221;][et_pb_row _builder_version=&#8221;4.27.6&#8243; _module_preset=&#8221;default&#8221; background_image=&#8221;https:\/\/boehme-kunststoff.de\/wp-content\/uploads\/2026\/03\/slider3.webp&#8221; background_position=&#8221;bottom_center&#8221; custom_padding=&#8221;209px|||||&#8221; global_colors_info=&#8221;{}&#8221;][et_pb_column type=&#8221;4_4&#8243; _builder_version=&#8221;4.27.6&#8243; _module_preset=&#8221;default&#8221; global_colors_info=&#8221;{}&#8221;][\/et_pb_column][\/et_pb_row][\/et_pb_section][et_pb_section fb_built=&#8221;1&#8243; module_class=&#8221;padding_bottom&#8221; _builder_version=&#8221;4.27.6&#8243; _module_preset=&#8221;default&#8221; locked=&#8221;off&#8221; global_colors_info=&#8221;{}&#8221;][et_pb_row make_equal=&#8221;on&#8221; module_class=&#8221;bg_white&#8221; _builder_version=&#8221;4.27.6&#8243; _module_preset=&#8221;default&#8221; global_colors_info=&#8221;{}&#8221;][et_pb_column type=&#8221;4_4&#8243; module_class=&#8221;mb0&#8243; _builder_version=&#8221;4.27.6&#8243; _module_preset=&#8221;default&#8221; global_colors_info=&#8221;{}&#8221;][et_pb_heading title=&#8221; PTFE-Zone-tape, ta\u015bma strefowa, ta\u015bma uszczelniaj\u0105ca gwint&#8221; module_class=&#8221;common_htags mb10&#8243; _builder_version=&#8221;4.27.6&#8243; _module_preset=&#8221;default&#8221; global_colors_info=&#8221;{}&#8221;][\/et_pb_heading][et_pb_text module_class=&#8221;fonts_20&#8243; _builder_version=&#8221;4.27.6&#8243; _module_preset=&#8221;default&#8221; global_colors_info=&#8221;{}&#8221;]<\/p>\n<p>B\u00f6hme-Kunststofftechnik oferuje ta\u015bmy strefowe PTFE oraz uniwersalny smar smaruj\u0105cy z drobnym proszkiem fluoropolimerowym. Ta\u015bmy strefowe PTFE s\u0105 specjalnie zaprojektowane do zakrywania lub przyklejania belek spawalniczych. Zalet\u0105 jest to, \u017ce drut spawalniczy mo\u017ce si\u0119 rozszerza\u0107. Nasz smar smaruj\u0105cy PTFE mo\u017ce by\u0107 stosowany uniwersalnie i jest dost\u0119pny w r\u00f3\u017cnych wersjach. Oferujemy r\u00f3wnie\u017c szeroki wyb\u00f3r folii z tkaniny szklanej PTFE i ta\u015bm przeno\u015bnikowych. Ze wzgl\u0119du na odporno\u015b\u0107 chemiczn\u0105 i wytrzyma\u0142o\u015b\u0107 mechaniczn\u0105 w wysokich temperaturach nasze produkty mog\u0105 by\u0107 stosowane w wielu r\u00f3\u017cnych zastosowaniach. Z przyjemno\u015bci\u0105 stworzymy i wyprodukujemy dla Ciebie indywidualne produkty z fluoroplast\u00f3w.<\/p>\n<p>[\/et_pb_text][et_pb_heading title=&#8221;Do\u015bwiadczony producent filmu PTFE z szerokim zakresem&#8221; module_class=&#8221;common_htags mb10 pt10&#8243; _builder_version=&#8221;4.27.6&#8243; _module_preset=&#8221;default&#8221; title_level=&#8221;h3&#8243; global_colors_info=&#8221;{}&#8221;][\/et_pb_heading][et_pb_text module_class=&#8221;fonts_20&#8243; _builder_version=&#8221;4.27.6&#8243; _module_preset=&#8221;default&#8221; global_colors_info=&#8221;{}&#8221;]<\/p>\n<p>Jako producent folii PTFE przywi\u0105zujemy du\u017c\u0105 wag\u0119 do jako\u015bci wszystkich naszych produkt\u00f3w: czy ta\u015bmy strefowe PTFE, folie z tkaniny szklanej z pow\u0142ok\u0105 PTFE, ta\u015bmy przeno\u015bnikowe PTFE lub inne produkty: Opracowujemy tylko trwa\u0142e materia\u0142y, bior\u0105c pod uwag\u0119 aspekt ekonomiczny. Mo\u017cesz polega\u0107 na naszej jako\u015bci \u2013 nasze obszary rozwoju, produkcji i sprzeda\u017cy s\u0105 regularnie certyfikowane zgodnie z norm\u0105 DIN EN ISO 9001: 2015. Oddani pracownicy z wieloletnim do\u015bwiadczeniem opracowuj\u0105 dla Ciebie indywidualne i jako\u015bciowe produkty, kt\u00f3re optymalizuj\u0105 Twoj\u0105 prac\u0119.<\/p>\n<p>Czy masz pytania dotycz\u0105ce naszych ta\u015bm strefowych PTFE lub certyfikowanych produkt\u00f3w PTFE? Skontaktuj si\u0119 z nami. Z przyjemno\u015bci\u0105 doradzimy \u2013 r\u00f3wnie\u017c na miejscu.<\/p>\n<p>[\/et_pb_text][\/et_pb_column][\/et_pb_row][\/et_pb_section][et_pb_section fb_built=&#8221;1&#8243; module_class=&#8221;padding_bottom&#8221; _builder_version=&#8221;4.27.6&#8243; _module_preset=&#8221;default&#8221; locked=&#8221;off&#8221; global_colors_info=&#8221;{}&#8221;][et_pb_row column_structure=&#8221;1_2,1_2&#8243; use_custom_gutter=&#8221;on&#8221; gutter_width=&#8221;1&#8243; make_equal=&#8221;on&#8221; module_class=&#8221;pt0 pb0 common_col_spacing_row&#8221; _builder_version=&#8221;4.27.6&#8243; _module_preset=&#8221;default&#8221; global_colors_info=&#8221;{}&#8221;][et_pb_column type=&#8221;1_2&#8243; _builder_version=&#8221;4.27.6&#8243; _module_preset=&#8221;default&#8221; global_colors_info=&#8221;{}&#8221;][et_pb_blurb title=&#8221;Ta\u015bmy strefowe ptfe&#8221; image=&#8221;https:\/\/boehme-kunststoff.de\/wp-content\/uploads\/2026\/03\/slider3-1.png&#8221; module_class=&#8221;zone_blurb custom_listTrue &#8221; _builder_version=&#8221;4.27.6&#8243; _module_preset=&#8221;default&#8221; header_level=&#8221;h3&#8243; global_colors_info=&#8221;{}&#8221;]<\/p>\n<ul>\n<li>Ta\u015bmy strefowe PTFE s\u0142u\u017c\u0105 do przykrycia \/ sklejenia belek spawalniczych.<\/li>\n<li>Zaleta: drut spawalniczy mo\u017ce si\u0119 rozszerza\u0107<\/li>\n<\/ul>\n<p>[\/et_pb_blurb][\/et_pb_column][et_pb_column type=&#8221;1_2&#8243; _builder_version=&#8221;4.27.6&#8243; _module_preset=&#8221;default&#8221; background_enable_image=&#8221;off&#8221; background_position=&#8221;bottom_left&#8221; global_colors_info=&#8221;{}&#8221;][et_pb_blurb title=&#8221;uniwersalny smar smarowy PTFE&#8221; image=&#8221;https:\/\/boehme-kunststoff.de\/wp-content\/uploads\/2026\/04\/PTFE-Universalgleitfett-img.jpg&#8221; module_class=&#8221;custom_listTrue zone_blurb&#8221; _builder_version=&#8221;4.27.6&#8243; _module_preset=&#8221;default&#8221; header_level=&#8221;h3&#8243; hover_enabled=&#8221;0&#8243; global_colors_info=&#8221;{}&#8221; alt=&#8221;PTFE Universalgleitfett&#8221; sticky_enabled=&#8221;0&#8243;]<\/p>\n<p>Uniwersalny smar w r\u00f3\u017cnych wersjach. Wszystkie smary zawieraj\u0105 drobny proszek fluoropolimerowy rozpuszczony w oleju mineralnym.<\/p>\n<p>Typowe cechy:<\/p>\n<ul>\n<li>Doskona\u0142e w\u0142a\u015bciwo\u015bci \u015blizgowe<\/li>\n<li>Wodoodporny<\/li>\n<li>Czysty<\/li>\n<li>Odporny na starzenie<\/li>\n<li>Nie wysycha<\/li>\n<li>Zakres zastosowania termicznego -50 \u00b0 do + 200 \u00b0 C<\/li>\n<\/ul>\n<p>[\/et_pb_blurb][\/et_pb_column][\/et_pb_row][\/et_pb_section][et_pb_section fb_built=&#8221;1&#8243; module_class=&#8221;padding_bottom&#8221; _builder_version=&#8221;4.27.6&#8243; _module_preset=&#8221;default&#8221; locked=&#8221;off&#8221; global_colors_info=&#8221;{}&#8221;][et_pb_row column_structure=&#8221;1_2,1_2&#8243; make_equal=&#8221;on&#8221; module_class=&#8221;bg_white kontaktie_sec_row&#8221; _builder_version=&#8221;4.27.6&#8243; _module_preset=&#8221;default&#8221; global_colors_info=&#8221;{}&#8221;][et_pb_column type=&#8221;1_2&#8243; _builder_version=&#8221;4.27.6&#8243; _module_preset=&#8221;default&#8221; global_colors_info=&#8221;{}&#8221;][et_pb_heading title=&#8221;Skontaktuj si\u0119 z nami!&#8221; module_class=&#8221;common_htags mb10&#8243; _builder_version=&#8221;4.27.6&#8243; _module_preset=&#8221;default&#8221; title_level=&#8221;h3&#8243; global_colors_info=&#8221;{}&#8221;][\/et_pb_heading][et_pb_text module_class=&#8221;fonts_20&#8243; _builder_version=&#8221;4.27.6&#8243; _module_preset=&#8221;default&#8221; global_colors_info=&#8221;{}&#8221;]<\/p>\n<p>Maj\u0105 Pa\u0144stwo dotycz\u0105ce naszych produkt\u00f3w, niestandardowych projekt\u00f3w, zapewnienia jako\u015bci lub chcieliby Pa\u0144stwo uzyska\u0107 porad\u0119?<\/p>\n<p>[\/et_pb_text][et_pb_blurb title=&#8221;Antonina Kawanka&#8221; url=&#8221;\/kontakt\/&#8221; image=&#8221;https:\/\/boehme-kunststoff.de\/wp-content\/uploads\/2026\/03\/oaqdlhgeramm8r42e3-1.png&#8221; icon_placement=&#8221;left&#8221; module_class=&#8221;kontaktie_blurb kontakti_icon&#8221; _builder_version=&#8221;4.27.6&#8243; _module_preset=&#8221;default&#8221; header_level=&#8221;h3&#8243; global_colors_info=&#8221;{}&#8221;][\/et_pb_blurb][\/et_pb_column][et_pb_column type=&#8221;1_2&#8243; _builder_version=&#8221;4.27.6&#8243; _module_preset=&#8221;default&#8221; global_colors_info=&#8221;{}&#8221;][et_pb_blurb title=&#8221;04151 \/ 88 00 -24&#8243; url=&#8221;tel:04151880024&#8243; image=&#8221;https:\/\/boehme-kunststoff.de\/wp-content\/uploads\/2026\/03\/vhyxiyhxr1gmm8qt0bg-1.png&#8221; icon_placement=&#8221;left&#8221; module_class=&#8221;kontaktie_blurb mb20&#8243; _builder_version=&#8221;4.27.6&#8243; _module_preset=&#8221;default&#8221; header_level=&#8221;h3&#8243; global_colors_info=&#8221;{}&#8221;][\/et_pb_blurb][et_pb_blurb title=&#8221;A.Kawanka@boehme-kunststoff.de&#8221; url=&#8221;mailto:A.Kawanka@boehme-kunststoff.de&#8221; image=&#8221;https:\/\/boehme-kunststoff.de\/wp-content\/uploads\/2026\/03\/Vector.png&#8221; icon_placement=&#8221;left&#8221; module_class=&#8221;kontaktie_blurb &#8221; _builder_version=&#8221;4.27.6&#8243; _module_preset=&#8221;default&#8221; header_level=&#8221;h3&#8243; global_colors_info=&#8221;{}&#8221;][\/et_pb_blurb][\/et_pb_column][\/et_pb_row][\/et_pb_section]<\/p>\n","protected":false},"excerpt":{"rendered":"<p>B\u00f6hme-Kunststofftechnik oferuje ta\u015bmy strefowe PTFE oraz uniwersalny smar smaruj\u0105cy z drobnym proszkiem fluoropolimerowym. Ta\u015bmy strefowe PTFE s\u0105 specjalnie zaprojektowane do zakrywania lub przyklejania belek spawalniczych. Zalet\u0105 jest to, \u017ce drut spawalniczy mo\u017ce si\u0119 rozszerza\u0107. Nasz smar smaruj\u0105cy PTFE mo\u017ce by\u0107 stosowany uniwersalnie i jest dost\u0119pny w r\u00f3\u017cnych wersjach. Oferujemy r\u00f3wnie\u017c szeroki wyb\u00f3r folii z tkaniny [&hellip;]<\/p>\n","protected":false},"author":3,"featured_media":0,"parent":56418,"menu_order":0,"comment_status":"closed","ping_status":"closed","template":"","meta":{"_et_pb_use_builder":"on","_et_pb_old_content":"","_et_gb_content_width":"","footnotes":""},"class_list":["post-56686","page","type-page","status-publish","hentry"],"yoast_head":"<!-- This site is optimized with the Yoast SEO plugin v27.3 - https:\/\/yoast.com\/product\/yoast-seo-wordpress\/ -->\n<title>PTFE-Zone-Tape - B\u00f6hme Kunststofftechnik<\/title>\n<meta name=\"description\" content=\"PTFE- ZONE-TAPE, TA\u015aMA STREFOWA, TA\u015aMA USZCZELNIAJ\u0104CA GWINT\" \/>\n<meta name=\"robots\" content=\"index, follow, max-snippet:-1, max-image-preview:large, max-video-preview:-1\" \/>\n<link rel=\"canonical\" href=\"https:\/\/boehme-kunststoff.de\/pl\/produkty\/ptfe-zone-tape\/\" \/>\n<meta property=\"og:locale\" content=\"pl_PL\" \/>\n<meta property=\"og:type\" content=\"article\" \/>\n<meta property=\"og:title\" content=\"PTFE-Zone-Tape - B\u00f6hme Kunststofftechnik\" \/>\n<meta property=\"og:description\" content=\"PTFE- ZONE-TAPE, TA\u015aMA STREFOWA, TA\u015aMA USZCZELNIAJ\u0104CA GWINT\" \/>\n<meta property=\"og:url\" content=\"https:\/\/boehme-kunststoff.de\/pl\/produkty\/ptfe-zone-tape\/\" \/>\n<meta property=\"og:site_name\" content=\"Transportb\u00e4nder vom Hersteller\" \/>\n<meta property=\"article:modified_time\" content=\"2026-04-10T13:28:05+00:00\" \/>\n<meta name=\"twitter:card\" content=\"summary_large_image\" \/>\n<meta name=\"twitter:label1\" content=\"Szacowany czas czytania\" \/>\n\t<meta name=\"twitter:data1\" content=\"3 minuty\" \/>\n<script type=\"application\/ld+json\" class=\"yoast-schema-graph\">{\"@context\":\"https:\\\/\\\/schema.org\",\"@graph\":[{\"@type\":\"WebPage\",\"@id\":\"https:\\\/\\\/boehme-kunststoff.de\\\/pl\\\/produkty\\\/ptfe-zone-tape\\\/\",\"url\":\"https:\\\/\\\/boehme-kunststoff.de\\\/pl\\\/produkty\\\/ptfe-zone-tape\\\/\",\"name\":\"PTFE-Zone-Tape - B\u00f6hme Kunststofftechnik\",\"isPartOf\":{\"@id\":\"https:\\\/\\\/boehme-kunststoff.de\\\/pl\\\/#website\"},\"datePublished\":\"2026-03-02T05:10:10+00:00\",\"dateModified\":\"2026-04-10T13:28:05+00:00\",\"description\":\"PTFE- ZONE-TAPE, TA\u015aMA STREFOWA, TA\u015aMA USZCZELNIAJ\u0104CA GWINT\",\"breadcrumb\":{\"@id\":\"https:\\\/\\\/boehme-kunststoff.de\\\/pl\\\/produkty\\\/ptfe-zone-tape\\\/#breadcrumb\"},\"inLanguage\":\"pl-PL\",\"potentialAction\":[{\"@type\":\"ReadAction\",\"target\":[\"https:\\\/\\\/boehme-kunststoff.de\\\/pl\\\/produkty\\\/ptfe-zone-tape\\\/\"]}]},{\"@type\":\"BreadcrumbList\",\"@id\":\"https:\\\/\\\/boehme-kunststoff.de\\\/pl\\\/produkty\\\/ptfe-zone-tape\\\/#breadcrumb\",\"itemListElement\":[{\"@type\":\"ListItem\",\"position\":1,\"name\":\"Startseite\",\"item\":\"https:\\\/\\\/boehme-kunststoff.de\\\/pl\\\/\"},{\"@type\":\"ListItem\",\"position\":2,\"name\":\"Produkty\",\"item\":\"https:\\\/\\\/boehme-kunststoff.de\\\/pl\\\/produkty\\\/\"},{\"@type\":\"ListItem\",\"position\":3,\"name\":\"PTFE-Zone-Tape\"}]},{\"@type\":\"WebSite\",\"@id\":\"https:\\\/\\\/boehme-kunststoff.de\\\/pl\\\/#website\",\"url\":\"https:\\\/\\\/boehme-kunststoff.de\\\/pl\\\/\",\"name\":\"Transportb\u00e4nder vom Hersteller\",\"description\":\"Transportb\u00e4nder vom Hersteller\",\"potentialAction\":[{\"@type\":\"SearchAction\",\"target\":{\"@type\":\"EntryPoint\",\"urlTemplate\":\"https:\\\/\\\/boehme-kunststoff.de\\\/pl\\\/?s={search_term_string}\"},\"query-input\":{\"@type\":\"PropertyValueSpecification\",\"valueRequired\":true,\"valueName\":\"search_term_string\"}}],\"inLanguage\":\"pl-PL\"}]}<\/script>\n<!-- \/ Yoast SEO plugin. -->","yoast_head_json":{"title":"PTFE-Zone-Tape - B\u00f6hme Kunststofftechnik","description":"PTFE- ZONE-TAPE, TA\u015aMA STREFOWA, TA\u015aMA USZCZELNIAJ\u0104CA GWINT","robots":{"index":"index","follow":"follow","max-snippet":"max-snippet:-1","max-image-preview":"max-image-preview:large","max-video-preview":"max-video-preview:-1"},"canonical":"https:\/\/boehme-kunststoff.de\/pl\/produkty\/ptfe-zone-tape\/","og_locale":"pl_PL","og_type":"article","og_title":"PTFE-Zone-Tape - B\u00f6hme Kunststofftechnik","og_description":"PTFE- ZONE-TAPE, TA\u015aMA STREFOWA, TA\u015aMA USZCZELNIAJ\u0104CA GWINT","og_url":"https:\/\/boehme-kunststoff.de\/pl\/produkty\/ptfe-zone-tape\/","og_site_name":"Transportb\u00e4nder vom Hersteller","article_modified_time":"2026-04-10T13:28:05+00:00","twitter_card":"summary_large_image","twitter_misc":{"Szacowany czas czytania":"3 minuty"},"schema":{"@context":"https:\/\/schema.org","@graph":[{"@type":"WebPage","@id":"https:\/\/boehme-kunststoff.de\/pl\/produkty\/ptfe-zone-tape\/","url":"https:\/\/boehme-kunststoff.de\/pl\/produkty\/ptfe-zone-tape\/","name":"PTFE-Zone-Tape - B\u00f6hme Kunststofftechnik","isPartOf":{"@id":"https:\/\/boehme-kunststoff.de\/pl\/#website"},"datePublished":"2026-03-02T05:10:10+00:00","dateModified":"2026-04-10T13:28:05+00:00","description":"PTFE- ZONE-TAPE, TA\u015aMA STREFOWA, TA\u015aMA USZCZELNIAJ\u0104CA GWINT","breadcrumb":{"@id":"https:\/\/boehme-kunststoff.de\/pl\/produkty\/ptfe-zone-tape\/#breadcrumb"},"inLanguage":"pl-PL","potentialAction":[{"@type":"ReadAction","target":["https:\/\/boehme-kunststoff.de\/pl\/produkty\/ptfe-zone-tape\/"]}]},{"@type":"BreadcrumbList","@id":"https:\/\/boehme-kunststoff.de\/pl\/produkty\/ptfe-zone-tape\/#breadcrumb","itemListElement":[{"@type":"ListItem","position":1,"name":"Startseite","item":"https:\/\/boehme-kunststoff.de\/pl\/"},{"@type":"ListItem","position":2,"name":"Produkty","item":"https:\/\/boehme-kunststoff.de\/pl\/produkty\/"},{"@type":"ListItem","position":3,"name":"PTFE-Zone-Tape"}]},{"@type":"WebSite","@id":"https:\/\/boehme-kunststoff.de\/pl\/#website","url":"https:\/\/boehme-kunststoff.de\/pl\/","name":"Transportb\u00e4nder vom Hersteller","description":"Transportb\u00e4nder vom Hersteller","potentialAction":[{"@type":"SearchAction","target":{"@type":"EntryPoint","urlTemplate":"https:\/\/boehme-kunststoff.de\/pl\/?s={search_term_string}"},"query-input":{"@type":"PropertyValueSpecification","valueRequired":true,"valueName":"search_term_string"}}],"inLanguage":"pl-PL"}]}},"_links":{"self":[{"href":"https:\/\/boehme-kunststoff.de\/pl\/wp-json\/wp\/v2\/pages\/56686","targetHints":{"allow":["GET"]}}],"collection":[{"href":"https:\/\/boehme-kunststoff.de\/pl\/wp-json\/wp\/v2\/pages"}],"about":[{"href":"https:\/\/boehme-kunststoff.de\/pl\/wp-json\/wp\/v2\/types\/page"}],"author":[{"embeddable":true,"href":"https:\/\/boehme-kunststoff.de\/pl\/wp-json\/wp\/v2\/users\/3"}],"replies":[{"embeddable":true,"href":"https:\/\/boehme-kunststoff.de\/pl\/wp-json\/wp\/v2\/comments?post=56686"}],"version-history":[{"count":11,"href":"https:\/\/boehme-kunststoff.de\/pl\/wp-json\/wp\/v2\/pages\/56686\/revisions"}],"predecessor-version":[{"id":57945,"href":"https:\/\/boehme-kunststoff.de\/pl\/wp-json\/wp\/v2\/pages\/56686\/revisions\/57945"}],"up":[{"embeddable":true,"href":"https:\/\/boehme-kunststoff.de\/pl\/wp-json\/wp\/v2\/pages\/56418"}],"wp:attachment":[{"href":"https:\/\/boehme-kunststoff.de\/pl\/wp-json\/wp\/v2\/media?parent=56686"}],"curies":[{"name":"wp","href":"https:\/\/api.w.org\/{rel}","templated":true}]}}