{"id":56794,"date":"2026-03-02T06:09:16","date_gmt":"2026-03-02T05:09:16","guid":{"rendered":"https:\/\/boehme-kunststoff.de\/produkty\/ptfe-beschichtung-antihaftbeschichtung-korrosionsschutz\/"},"modified":"2026-03-30T08:44:10","modified_gmt":"2026-03-30T06:44:10","slug":"powloki-wykonane","status":"publish","type":"page","link":"https:\/\/boehme-kunststoff.de\/pl\/produkty\/powloki-wykonane\/","title":{"rendered":"Pow\u0142oki Wykonane"},"content":{"rendered":"<p>[et_pb_section fb_built=&#8221;1&#8243; module_class=&#8221;main_secondary_section padding_top_bottom&#8221; _builder_version=&#8221;4.27.6&#8243; _module_preset=&#8221;default&#8221; locked=&#8221;off&#8221; global_colors_info=&#8221;{}&#8221;][et_pb_row _builder_version=&#8221;4.27.6&#8243; _module_preset=&#8221;default&#8221; background_image=&#8221;https:\/\/boehme-kunststoff.de\/wp-content\/uploads\/2026\/03\/teaser_ptfe-beschichtungen-5782ed00.webp&#8221; background_position=&#8221;bottom_center&#8221; custom_padding=&#8221;209px|||||&#8221; global_colors_info=&#8221;{}&#8221;][et_pb_column type=&#8221;4_4&#8243; _builder_version=&#8221;4.27.6&#8243; _module_preset=&#8221;default&#8221; global_colors_info=&#8221;{}&#8221;][\/et_pb_column][\/et_pb_row][\/et_pb_section][et_pb_section fb_built=&#8221;1&#8243; module_class=&#8221;padding_bottom&#8221; _builder_version=&#8221;4.27.6&#8243; _module_preset=&#8221;default&#8221; locked=&#8221;off&#8221; global_colors_info=&#8221;{}&#8221;][et_pb_row column_structure=&#8221;3_4,1_4&#8243; make_equal=&#8221;on&#8221; module_class=&#8221;bg_white antih_sec_row&#8221; _builder_version=&#8221;4.27.6&#8243; _module_preset=&#8221;default&#8221; global_colors_info=&#8221;{}&#8221;][et_pb_column type=&#8221;3_4&#8243; _builder_version=&#8221;4.27.6&#8243; _module_preset=&#8221;default&#8221; global_colors_info=&#8221;{}&#8221;][et_pb_heading title=&#8221;Pow\u0142oka PTFE, antyathezyjna&#8221; module_class=&#8221;common_htags mb10&#8243; _builder_version=&#8221;4.27.6&#8243; _module_preset=&#8221;default&#8221; global_colors_info=&#8221;{}&#8221;][\/et_pb_heading][et_pb_heading title=&#8221;Pow\u0142oki nieklejowe, ochrona przed korozj\u0105&#8221; module_class=&#8221;common_htags mb10 uppercase&#8221; _builder_version=&#8221;4.27.6&#8243; _module_preset=&#8221;default&#8221; title_level=&#8221;h2&#8243; global_colors_info=&#8221;{}&#8221;][\/et_pb_heading][et_pb_text module_class=&#8221;fonts_20&#8243; _builder_version=&#8221;4.27.6&#8243; _module_preset=&#8221;default&#8221; global_colors_info=&#8221;{}&#8221;]<\/p>\n<p>Skuteczna ochrona powierzchni zaczyna si\u0119 od pokrycia pow\u0142oki obrabianego przedmiotu i dlatego ju\u017c wcze\u015bniej, aby unikn\u0105\u0107 ewntualnie mo\u017cliwych b\u0142\u0119d\u00f3w, wspieramy naszym wieloletnim do\u015bwiadczeniem, zgodnie z norm\u0105 DIN EN 14897-1, w projektowaniu obrabianych przedmiot\u00f3w jak r\u00f3wnie\u017c w wyborze odpowiedniej pow\u0142oki materia\u0142u z uwzgl\u0119dnieniem chemicznych, fizycznych i mechanicznych napr\u0119\u017ce\u0144 z punktu widzenia gospodarki.<\/p>\n<p>Prosimy skorzysta\u0107 z naszego wieloletniego do\u015bwiadczenia w dziedzinie odporno\u015bci chemicznej z r\u00f3\u017cnych materia\u0142\u00f3w pow\u0142okowych. Udost\u0119niamy obszerny opis danych technicznych. Nasz klient stoi zawsze w centrum uwagi i dlatego dla zadowolenia klienta, jako\u015bci i dostawy produktu wspieraj\u0105 i udzielaj\u0105 informacji nasi wykwalifikowanani i do\u015bwiadczeni pracownicy.<\/p>\n<p>[\/et_pb_text][\/et_pb_column][et_pb_column type=&#8221;1_4&#8243; _builder_version=&#8221;4.27.6&#8243; _module_preset=&#8221;default&#8221; global_colors_info=&#8221;{}&#8221;][et_pb_image src=&#8221;https:\/\/boehme-kunststoff.de\/wp-content\/uploads\/2026\/03\/hueni-logo-1-b0d8f2b6.webp&#8221; title_text=&#8221;hueni-logo-1-b0d8f2b6&#8243; _builder_version=&#8221;4.27.6&#8243; _module_preset=&#8221;default&#8221; global_colors_info=&#8221;{}&#8221;][\/et_pb_image][\/et_pb_column][\/et_pb_row][\/et_pb_section][et_pb_section fb_built=&#8221;1&#8243; module_class=&#8221;padding_bottom&#8221; _builder_version=&#8221;4.27.6&#8243; _module_preset=&#8221;default&#8221; global_colors_info=&#8221;{}&#8221;][et_pb_row column_structure=&#8221;1_3,1_3,1_3&#8243; module_class=&#8221;pt0 pb0 common_3_col_margin&#8221; _builder_version=&#8221;4.27.6&#8243; _module_preset=&#8221;default&#8221; global_colors_info=&#8221;{}&#8221;][et_pb_column type=&#8221;1_3&#8243; _builder_version=&#8221;4.27.6&#8243; _module_preset=&#8221;default&#8221; global_colors_info=&#8221;{}&#8221;][et_pb_blurb title=&#8221;Zastosowane materia\u0142y&#8221; module_class=&#8221;custom_listTrue antih_blurb &#8221; _builder_version=&#8221;4.27.6&#8243; _module_preset=&#8221;default&#8221; hover_enabled=&#8221;0&#8243; global_colors_info=&#8221;{}&#8221; header_level=&#8221;h3&#8243; sticky_enabled=&#8221;0&#8243;]<\/p>\n<ul>\n<li>E-CTFE-(Halar\u00ae)<\/li>\n<li>ETFE<\/li>\n<li>PFA<\/li>\n<li>PFA RUBY RED\u00ae<\/li>\n<li>\u017cywice fenolowe<\/li>\n<li>PROCO EMAIL czarny\u00ae m.in.<\/li>\n<li>\u017cywice epoksydowe<\/li>\n<li>Chemline 784\u00ae<\/li>\n<li>mi\u0119dzy innymi<\/li>\n<li>\u017cywice poliestrowe<\/li>\n<li>PA 11(Rilsan\u00ae)<\/li>\n<li>PTFE-(Teflon, GREBLON\u00ae, Xylan\u00ae, Ilaflon \u00ae)<\/li>\n<li>FEP-(Teflon)<\/li>\n<li>PFA (Teflon)<\/li>\n<li>MOS2<\/li>\n<li>PEEK<\/li>\n<li>Nanotechnologia<\/li>\n<\/ul>\n<p>[\/et_pb_blurb][\/et_pb_column][et_pb_column type=&#8221;1_3&#8243; _builder_version=&#8221;4.27.6&#8243; _module_preset=&#8221;default&#8221; global_colors_info=&#8221;{}&#8221;][et_pb_blurb title=&#8221;Pokrycia antykorozyjne&#8221; module_class=&#8221;custom_listTrue antih_blurb &#8221; _builder_version=&#8221;4.27.6&#8243; _module_preset=&#8221;default&#8221; hover_enabled=&#8221;0&#8243; locked=&#8221;off&#8221; global_colors_info=&#8221;{}&#8221; header_level=&#8221;h3&#8243; sticky_enabled=&#8221;0&#8243;]<\/p>\n<ul>\n<li>Fluor pow\u0142oka z tworzyw sztucznych<\/li>\n<li>pow\u0142oka termoplastyczna<\/li>\n<li>termoutwardzacze<\/li>\n<li>pow\u0142oka farb proszkowych<\/li>\n<\/ul>\n<p>[\/et_pb_blurb][et_pb_blurb title=&#8221;Cechy szczeg\u00f3lne&#8221; module_class=&#8221;custom_listTrue antih_blurb &#8221; _builder_version=&#8221;4.27.6&#8243; _module_preset=&#8221;default&#8221; hover_enabled=&#8221;0&#8243; locked=&#8221;off&#8221; global_colors_info=&#8221;{}&#8221; header_level=&#8221;h3&#8243; sticky_enabled=&#8221;0&#8243;]<\/p>\n<ul>\n<li>cz\u0119\u015bciowa zgodno\u015b\u0107 z \u017cywno\u015bci\u0105<\/li>\n<li>cz\u0119\u015bciowo dopuszczona z FDA<\/li>\n<li>mo\u017cliwo\u015b\u0107 tak\u017ce na materia\u0142y elastomerowe<\/li>\n<li>dobra przewodno\u015b\u0107 elektryczna<\/li>\n<\/ul>\n<p>[\/et_pb_blurb][et_pb_blurb title=&#8221;Obr\u00f3bka wst\u0119pna&#8221; module_class=&#8221;custom_listTrue antih_blurb &#8221; _builder_version=&#8221;4.27.6&#8243; _module_preset=&#8221;default&#8221; hover_enabled=&#8221;0&#8243; locked=&#8221;off&#8221; global_colors_info=&#8221;{}&#8221; header_level=&#8221;h3&#8243; sticky_enabled=&#8221;0&#8243;]<\/p>\n<ul>\n<li>maszyny o d\u0142ugo\u015bci do 10 metr\u00f3w dla korundu i szklanych pere\u0142ek o r\u00f3\u017cnej wielko\u015bci granulat\u00f3w<\/li>\n<li>promieniowanie z korundu, zgodnie z norm\u0105 DIN EN 12944-4<\/li>\n<li>usuwanie w procesie pirolizy<\/li>\n<li>proces termiczny odt\u0142uszczenia pirolizy<\/li>\n<li>wst\u0119pne obr\u00f3bki chemiczne\n<li>\n<\/ul>\n<p>[\/et_pb_blurb][\/et_pb_column][et_pb_column type=&#8221;1_3&#8243; _builder_version=&#8221;4.27.6&#8243; _module_preset=&#8221;default&#8221; global_colors_info=&#8221;{}&#8221;][et_pb_blurb title=&#8221;Pow\u0142oka antyathezyjna i po\u015blizgowa&#8221; module_class=&#8221;custom_listTrue antih_blurb&#8221; _builder_version=&#8221;4.27.6&#8243; _module_preset=&#8221;default&#8221; hover_enabled=&#8221;0&#8243; locked=&#8221;off&#8221; global_colors_info=&#8221;{}&#8221; header_level=&#8221;h3&#8243; sticky_enabled=&#8221;0&#8243;]<\/p>\n<ul>\n<li>Pow\u0142oki dyspersyjne<\/li>\n<li>farby proszkowe<\/li>\n<\/ul>\n<p>[\/et_pb_blurb][et_pb_blurb title=&#8221;Bardzo ch\u0119tnie wykonamy&#8221; module_class=&#8221;custom_listTrue antih_blurb&#8221; _builder_version=&#8221;4.27.6&#8243; _module_preset=&#8221;default&#8221; hover_enabled=&#8221;0&#8243; locked=&#8221;off&#8221; global_colors_info=&#8221;{}&#8221; header_level=&#8221;h3&#8243; sticky_enabled=&#8221;0&#8243;]<\/p>\n<ul>\n<li>Pr\u00f3bki pow\u0142oki do bada\u0144 odporno\u015bci<\/li>\n<li>Wzory pokrycia pow\u0142ok\u0105<\/li>\n<li>Podk\u0142ady zewn\u0119trzne i farby podk\u0142adowe<\/li>\n<li>Obr\u00f3bk\u0119 mechaniczn\u0105<\/li>\n<li>Certyfikaty fabryczne zgodne z DIN EN 1487 \u2013 2<\/li>\n<\/ul>\n<p>[\/et_pb_blurb][et_pb_blurb title=&#8221;Mo\u017cliwe kombinacje dla lepszej odporno\u015bci na \u015bcieranie i zu\u017cycie&#8221; module_class=&#8221;custom_listTrue antih_blurb&#8221; _builder_version=&#8221;4.27.6&#8243; _module_preset=&#8221;default&#8221; hover_enabled=&#8221;0&#8243; locked=&#8221;off&#8221; global_colors_info=&#8221;{}&#8221; header_level=&#8221;h3&#8243; sticky_enabled=&#8221;0&#8243;]<\/p>\n<ul>\n<li>Plazma \/ ceramika (Al2O3) z PTFE<\/li>\n<li>Chrom z PTFE<\/li>\n<\/ul>\n<p>[\/et_pb_blurb][et_pb_blurb title=&#8221;Pojemno\u015b\u0107&#8221; module_class=&#8221;custom_listTrue antih_blurb&#8221; _builder_version=&#8221;4.27.6&#8243; _module_preset=&#8221;default&#8221; hover_enabled=&#8221;0&#8243; locked=&#8221;off&#8221; global_colors_info=&#8221;{}&#8221; header_level=&#8221;h3&#8243; sticky_enabled=&#8221;0&#8243;]<\/p>\n<ul>\n<li>10 spala\u0144 i spieka\u0144 w piecu<\/li>\n<li>zakres temperatury do 500\u00b0 C<\/li>\n<li>wagowo do 8 ton<\/li>\n<li>maksymalne wymiary do 3,10 m x 3,10 m x 10 m<\/li>\n<\/ul>\n<p>[\/et_pb_blurb][\/et_pb_column][\/et_pb_row][\/et_pb_section][et_pb_section fb_built=&#8221;1&#8243; module_class=&#8221;padding_bottom &#8221; _builder_version=&#8221;4.27.6&#8243; _module_preset=&#8221;default&#8221; global_colors_info=&#8221;{}&#8221;][et_pb_row column_structure=&#8221;1_2,1_2&#8243; use_custom_gutter=&#8221;on&#8221; gutter_width=&#8221;1&#8243; make_equal=&#8221;on&#8221; module_class=&#8221;blue_col_row common_col_spacing_row pt0 pb0&#8243; _builder_version=&#8221;4.27.6&#8243; _module_preset=&#8221;default&#8221; global_colors_info=&#8221;{}&#8221;][et_pb_column type=&#8221;1_2&#8243; _builder_version=&#8221;4.27.6&#8243; _module_preset=&#8221;default&#8221; global_colors_info=&#8221;{}&#8221;][et_pb_blurb title=&#8221;Ponadto udost\u0119pniamy do wgl\u0105du:&#8221; module_class=&#8221;aub_blurb custom_listTrue  &#8221; _builder_version=&#8221;4.27.6&#8243; _module_preset=&#8221;default&#8221; hover_enabled=&#8221;0&#8243; global_colors_info=&#8221;{}&#8221; header_level=&#8221;h3&#8243; sticky_enabled=&#8221;0&#8243;]<\/p>\n<ul>\n<li>Wszystkie dane techniczne naszych procedur (patrz<br \/>\n<a href=\"https:\/\/www.hueni.de\/\">www.hueni.de<\/a>)<\/li>\n<li>Obszerne dane odporno\u015bci<\/li>\n<\/ul>\n<p>[\/et_pb_blurb][\/et_pb_column][et_pb_column type=&#8221;1_2&#8243; _builder_version=&#8221;4.27.6&#8243; _module_preset=&#8221;default&#8221; global_colors_info=&#8221;{}&#8221;][et_pb_blurb title=&#8221;Dalsze us\u0142ugi&#8221; module_class=&#8221;custom_listTrue  aub_blurb&#8221; _builder_version=&#8221;4.27.6&#8243; _module_preset=&#8221;default&#8221; hover_enabled=&#8221;0&#8243; locked=&#8221;off&#8221; global_colors_info=&#8221;{}&#8221; header_level=&#8221;h3&#8243; sticky_enabled=&#8221;0&#8243;]<\/p>\n<ul>\n<li>akceptacja przez T\u00dcV i inne firmy audytorskie<\/li>\n<li>szkolenia<\/li>\n<li>naprawy<\/li>\n<li>logistyka<\/li>\n<\/ul>\n<p>[\/et_pb_blurb][\/et_pb_column][\/et_pb_row][\/et_pb_section][et_pb_section fb_built=&#8221;1&#8243; module_class=&#8221;padding_bottom&#8221; _builder_version=&#8221;4.27.6&#8243; _module_preset=&#8221;default&#8221; locked=&#8221;off&#8221; global_colors_info=&#8221;{}&#8221;][et_pb_row column_structure=&#8221;1_2,1_2&#8243; make_equal=&#8221;on&#8221; module_class=&#8221;bg_white kontaktie_sec_row&#8221; _builder_version=&#8221;4.27.6&#8243; _module_preset=&#8221;default&#8221; global_colors_info=&#8221;{}&#8221;][et_pb_column type=&#8221;1_2&#8243; _builder_version=&#8221;4.27.6&#8243; _module_preset=&#8221;default&#8221; global_colors_info=&#8221;{}&#8221;][et_pb_heading title=&#8221;Skontaktuj si\u0119 z nami!&#8221; module_class=&#8221;common_htags mb10&#8243; _builder_version=&#8221;4.27.6&#8243; _module_preset=&#8221;default&#8221; title_level=&#8221;h3&#8243; global_colors_info=&#8221;{}&#8221;][\/et_pb_heading][et_pb_text module_class=&#8221;fonts_20&#8243; _builder_version=&#8221;4.27.6&#8243; _module_preset=&#8221;default&#8221; global_colors_info=&#8221;{}&#8221;]<\/p>\n<p>Maj\u0105 Pa\u0144stwo dotycz\u0105ce naszych produkt\u00f3w, niestandardowych projekt\u00f3w, zapewnienia jako\u015bci lub chcia\u0142by\u015b uzyska\u0107 porad\u0119?<\/p>\n<p>[\/et_pb_text][et_pb_blurb title=&#8221;Antonina Kawanka&#8221; url=&#8221;\/kontakt\/&#8221; image=&#8221;https:\/\/boehme-kunststoff.de\/wp-content\/uploads\/2026\/03\/oaqdlhgeramm8r42e3-1.png&#8221; icon_placement=&#8221;left&#8221; module_class=&#8221;kontaktie_blurb kontakti_icon&#8221; _builder_version=&#8221;4.27.6&#8243; _module_preset=&#8221;default&#8221; hover_enabled=&#8221;0&#8243; global_colors_info=&#8221;{}&#8221; header_level=&#8221;h3&#8243; sticky_enabled=&#8221;0&#8243;][\/et_pb_blurb][\/et_pb_column][et_pb_column type=&#8221;1_2&#8243; _builder_version=&#8221;4.27.6&#8243; _module_preset=&#8221;default&#8221; global_colors_info=&#8221;{}&#8221;][et_pb_blurb title=&#8221;04151 \/ 88 00 -24&#8243; url=&#8221;tel:04151880024&#8243; image=&#8221;https:\/\/boehme-kunststoff.de\/wp-content\/uploads\/2026\/03\/vhyxiyhxr1gmm8qt0bg-1.png&#8221; icon_placement=&#8221;left&#8221; module_class=&#8221;kontaktie_blurb mb20&#8243; _builder_version=&#8221;4.27.6&#8243; _module_preset=&#8221;default&#8221; hover_enabled=&#8221;0&#8243; global_colors_info=&#8221;{}&#8221; header_level=&#8221;h3&#8243; sticky_enabled=&#8221;0&#8243;][\/et_pb_blurb][et_pb_blurb title=&#8221;A.Kawanka@boehme-kunststoff.de&#8221; url=&#8221;mailto:A.Kawanka@boehme-kunststoff.de&#8221; image=&#8221;https:\/\/boehme-kunststoff.de\/wp-content\/uploads\/2026\/03\/Vector.png&#8221; icon_placement=&#8221;left&#8221; module_class=&#8221;kontaktie_blurb &#8221; _builder_version=&#8221;4.27.6&#8243; _module_preset=&#8221;default&#8221; hover_enabled=&#8221;0&#8243; global_colors_info=&#8221;{}&#8221; header_level=&#8221;h3&#8243; sticky_enabled=&#8221;0&#8243;][\/et_pb_blurb][\/et_pb_column][\/et_pb_row][\/et_pb_section]<\/p>\n","protected":false},"excerpt":{"rendered":"<p>Skuteczna ochrona powierzchni zaczyna si\u0119 od pokrycia pow\u0142oki obrabianego przedmiotu i dlatego ju\u017c wcze\u015bniej, aby unikn\u0105\u0107 ewntualnie mo\u017cliwych b\u0142\u0119d\u00f3w, wspieramy naszym wieloletnim do\u015bwiadczeniem, zgodnie z norm\u0105 DIN EN 14897-1, w projektowaniu obrabianych przedmiot\u00f3w jak r\u00f3wnie\u017c w wyborze odpowiedniej pow\u0142oki materia\u0142u z uwzgl\u0119dnieniem chemicznych, fizycznych i mechanicznych napr\u0119\u017ce\u0144 z punktu widzenia gospodarki. Prosimy skorzysta\u0107 z naszego [&hellip;]<\/p>\n","protected":false},"author":3,"featured_media":0,"parent":56418,"menu_order":0,"comment_status":"closed","ping_status":"closed","template":"","meta":{"_et_pb_use_builder":"on","_et_pb_old_content":"","_et_gb_content_width":"","footnotes":""},"class_list":["post-56794","page","type-page","status-publish","hentry"],"yoast_head":"<!-- This site is optimized with the Yoast SEO plugin v27.3 - https:\/\/yoast.com\/product\/yoast-seo-wordpress\/ -->\n<title>Pow\u0142oki Wykonane - B\u00f6hme Kunststofftechnik<\/title>\n<meta name=\"description\" content=\"POW\u0141OKA PTFE, ANTYATHEZYJNA\" \/>\n<meta name=\"robots\" content=\"index, follow, max-snippet:-1, max-image-preview:large, max-video-preview:-1\" \/>\n<link rel=\"canonical\" href=\"https:\/\/boehme-kunststoff.de\/pl\/produkty\/powloki-wykonane\/\" \/>\n<meta property=\"og:locale\" content=\"pl_PL\" \/>\n<meta property=\"og:type\" content=\"article\" \/>\n<meta property=\"og:title\" content=\"Pow\u0142oki Wykonane - B\u00f6hme Kunststofftechnik\" \/>\n<meta property=\"og:description\" content=\"POW\u0141OKA PTFE, ANTYATHEZYJNA\" \/>\n<meta property=\"og:url\" content=\"https:\/\/boehme-kunststoff.de\/pl\/produkty\/powloki-wykonane\/\" \/>\n<meta property=\"og:site_name\" content=\"Transportb\u00e4nder vom Hersteller\" \/>\n<meta property=\"article:modified_time\" content=\"2026-03-30T06:44:10+00:00\" \/>\n<meta name=\"twitter:card\" content=\"summary_large_image\" \/>\n<meta name=\"twitter:label1\" content=\"Szacowany czas czytania\" \/>\n\t<meta name=\"twitter:data1\" content=\"3 minuty\" \/>\n<script type=\"application\/ld+json\" class=\"yoast-schema-graph\">{\"@context\":\"https:\\\/\\\/schema.org\",\"@graph\":[{\"@type\":\"WebPage\",\"@id\":\"https:\\\/\\\/boehme-kunststoff.de\\\/pl\\\/produkty\\\/powloki-wykonane\\\/\",\"url\":\"https:\\\/\\\/boehme-kunststoff.de\\\/pl\\\/produkty\\\/powloki-wykonane\\\/\",\"name\":\"Pow\u0142oki Wykonane - B\u00f6hme Kunststofftechnik\",\"isPartOf\":{\"@id\":\"https:\\\/\\\/boehme-kunststoff.de\\\/pl\\\/#website\"},\"datePublished\":\"2026-03-02T05:09:16+00:00\",\"dateModified\":\"2026-03-30T06:44:10+00:00\",\"description\":\"POW\u0141OKA PTFE, ANTYATHEZYJNA\",\"breadcrumb\":{\"@id\":\"https:\\\/\\\/boehme-kunststoff.de\\\/pl\\\/produkty\\\/powloki-wykonane\\\/#breadcrumb\"},\"inLanguage\":\"pl-PL\",\"potentialAction\":[{\"@type\":\"ReadAction\",\"target\":[\"https:\\\/\\\/boehme-kunststoff.de\\\/pl\\\/produkty\\\/powloki-wykonane\\\/\"]}]},{\"@type\":\"BreadcrumbList\",\"@id\":\"https:\\\/\\\/boehme-kunststoff.de\\\/pl\\\/produkty\\\/powloki-wykonane\\\/#breadcrumb\",\"itemListElement\":[{\"@type\":\"ListItem\",\"position\":1,\"name\":\"Startseite\",\"item\":\"https:\\\/\\\/boehme-kunststoff.de\\\/pl\\\/\"},{\"@type\":\"ListItem\",\"position\":2,\"name\":\"Produkty\",\"item\":\"https:\\\/\\\/boehme-kunststoff.de\\\/pl\\\/produkty\\\/\"},{\"@type\":\"ListItem\",\"position\":3,\"name\":\"Pow\u0142oki Wykonane\"}]},{\"@type\":\"WebSite\",\"@id\":\"https:\\\/\\\/boehme-kunststoff.de\\\/pl\\\/#website\",\"url\":\"https:\\\/\\\/boehme-kunststoff.de\\\/pl\\\/\",\"name\":\"Transportb\u00e4nder vom Hersteller\",\"description\":\"Transportb\u00e4nder vom Hersteller\",\"potentialAction\":[{\"@type\":\"SearchAction\",\"target\":{\"@type\":\"EntryPoint\",\"urlTemplate\":\"https:\\\/\\\/boehme-kunststoff.de\\\/pl\\\/?s={search_term_string}\"},\"query-input\":{\"@type\":\"PropertyValueSpecification\",\"valueRequired\":true,\"valueName\":\"search_term_string\"}}],\"inLanguage\":\"pl-PL\"}]}<\/script>\n<!-- \/ Yoast SEO plugin. -->","yoast_head_json":{"title":"Pow\u0142oki Wykonane - B\u00f6hme Kunststofftechnik","description":"POW\u0141OKA PTFE, ANTYATHEZYJNA","robots":{"index":"index","follow":"follow","max-snippet":"max-snippet:-1","max-image-preview":"max-image-preview:large","max-video-preview":"max-video-preview:-1"},"canonical":"https:\/\/boehme-kunststoff.de\/pl\/produkty\/powloki-wykonane\/","og_locale":"pl_PL","og_type":"article","og_title":"Pow\u0142oki Wykonane - B\u00f6hme Kunststofftechnik","og_description":"POW\u0141OKA PTFE, ANTYATHEZYJNA","og_url":"https:\/\/boehme-kunststoff.de\/pl\/produkty\/powloki-wykonane\/","og_site_name":"Transportb\u00e4nder vom Hersteller","article_modified_time":"2026-03-30T06:44:10+00:00","twitter_card":"summary_large_image","twitter_misc":{"Szacowany czas czytania":"3 minuty"},"schema":{"@context":"https:\/\/schema.org","@graph":[{"@type":"WebPage","@id":"https:\/\/boehme-kunststoff.de\/pl\/produkty\/powloki-wykonane\/","url":"https:\/\/boehme-kunststoff.de\/pl\/produkty\/powloki-wykonane\/","name":"Pow\u0142oki Wykonane - B\u00f6hme Kunststofftechnik","isPartOf":{"@id":"https:\/\/boehme-kunststoff.de\/pl\/#website"},"datePublished":"2026-03-02T05:09:16+00:00","dateModified":"2026-03-30T06:44:10+00:00","description":"POW\u0141OKA PTFE, ANTYATHEZYJNA","breadcrumb":{"@id":"https:\/\/boehme-kunststoff.de\/pl\/produkty\/powloki-wykonane\/#breadcrumb"},"inLanguage":"pl-PL","potentialAction":[{"@type":"ReadAction","target":["https:\/\/boehme-kunststoff.de\/pl\/produkty\/powloki-wykonane\/"]}]},{"@type":"BreadcrumbList","@id":"https:\/\/boehme-kunststoff.de\/pl\/produkty\/powloki-wykonane\/#breadcrumb","itemListElement":[{"@type":"ListItem","position":1,"name":"Startseite","item":"https:\/\/boehme-kunststoff.de\/pl\/"},{"@type":"ListItem","position":2,"name":"Produkty","item":"https:\/\/boehme-kunststoff.de\/pl\/produkty\/"},{"@type":"ListItem","position":3,"name":"Pow\u0142oki Wykonane"}]},{"@type":"WebSite","@id":"https:\/\/boehme-kunststoff.de\/pl\/#website","url":"https:\/\/boehme-kunststoff.de\/pl\/","name":"Transportb\u00e4nder vom Hersteller","description":"Transportb\u00e4nder vom Hersteller","potentialAction":[{"@type":"SearchAction","target":{"@type":"EntryPoint","urlTemplate":"https:\/\/boehme-kunststoff.de\/pl\/?s={search_term_string}"},"query-input":{"@type":"PropertyValueSpecification","valueRequired":true,"valueName":"search_term_string"}}],"inLanguage":"pl-PL"}]}},"_links":{"self":[{"href":"https:\/\/boehme-kunststoff.de\/pl\/wp-json\/wp\/v2\/pages\/56794","targetHints":{"allow":["GET"]}}],"collection":[{"href":"https:\/\/boehme-kunststoff.de\/pl\/wp-json\/wp\/v2\/pages"}],"about":[{"href":"https:\/\/boehme-kunststoff.de\/pl\/wp-json\/wp\/v2\/types\/page"}],"author":[{"embeddable":true,"href":"https:\/\/boehme-kunststoff.de\/pl\/wp-json\/wp\/v2\/users\/3"}],"replies":[{"embeddable":true,"href":"https:\/\/boehme-kunststoff.de\/pl\/wp-json\/wp\/v2\/comments?post=56794"}],"version-history":[{"count":7,"href":"https:\/\/boehme-kunststoff.de\/pl\/wp-json\/wp\/v2\/pages\/56794\/revisions"}],"predecessor-version":[{"id":57652,"href":"https:\/\/boehme-kunststoff.de\/pl\/wp-json\/wp\/v2\/pages\/56794\/revisions\/57652"}],"up":[{"embeddable":true,"href":"https:\/\/boehme-kunststoff.de\/pl\/wp-json\/wp\/v2\/pages\/56418"}],"wp:attachment":[{"href":"https:\/\/boehme-kunststoff.de\/pl\/wp-json\/wp\/v2\/media?parent=56794"}],"curies":[{"name":"wp","href":"https:\/\/api.w.org\/{rel}","templated":true}]}}