{"id":57080,"date":"2026-03-02T05:46:43","date_gmt":"2026-03-02T04:46:43","guid":{"rendered":"https:\/\/boehme-kunststoff.de\/aktuelles\/"},"modified":"2026-04-10T14:54:24","modified_gmt":"2026-04-10T12:54:24","slug":"aktuelles","status":"publish","type":"page","link":"https:\/\/boehme-kunststoff.de\/pl\/aktuelles\/","title":{"rendered":"Aktuelles"},"content":{"rendered":"<p>[et_pb_section fb_built=&#8221;1&#8243; module_class=&#8221;main_secondary_section padding_top_bottom&#8221; _builder_version=&#8221;4.27.6&#8243; _module_preset=&#8221;default&#8221; locked=&#8221;off&#8221; global_colors_info=&#8221;{}&#8221;][et_pb_row _builder_version=&#8221;4.27.6&#8243; _module_preset=&#8221;default&#8221; background_image=&#8221;https:\/\/boehme-kunststoff.de\/wp-content\/uploads\/2026\/03\/slider5.webp&#8221; background_position=&#8221;top_center&#8221; custom_padding=&#8221;209px|||||&#8221; global_colors_info=&#8221;{}&#8221;][et_pb_column type=&#8221;4_4&#8243; _builder_version=&#8221;4.27.6&#8243; _module_preset=&#8221;default&#8221; global_colors_info=&#8221;{}&#8221;][\/et_pb_column][\/et_pb_row][\/et_pb_section][et_pb_section fb_built=&#8221;1&#8243; module_class=&#8221;padding_bottom&#8221; _builder_version=&#8221;4.27.6&#8243; _module_preset=&#8221;default&#8221; locked=&#8221;off&#8221; global_colors_info=&#8221;{}&#8221;][et_pb_row module_class=&#8221;pb0 pt0&#8243; _builder_version=&#8221;4.27.6&#8243; _module_preset=&#8221;default&#8221; background_enable_image=&#8221;off&#8221; background_position=&#8221;top_center&#8221; custom_padding=&#8221;||||false|false&#8221; global_colors_info=&#8221;{}&#8221;][et_pb_column type=&#8221;4_4&#8243; _builder_version=&#8221;4.27.6&#8243; _module_preset=&#8221;default&#8221; global_colors_info=&#8221;{}&#8221;][et_pb_heading title=&#8221;Wiadomo\u015bci o B\u00f6hme&#8221; module_class=&#8221;border_h1 mb0 bohme_heading right_border&#8221; _builder_version=&#8221;4.27.6&#8243; _module_preset=&#8221;default&#8221; global_colors_info=&#8221;{}&#8221;][\/et_pb_heading][\/et_pb_column][\/et_pb_row][\/et_pb_section][et_pb_section fb_built=&#8221;1&#8243; module_class=&#8221;padding_bottom&#8221; _builder_version=&#8221;4.27.6&#8243; _module_preset=&#8221;default&#8221; locked=&#8221;off&#8221; global_colors_info=&#8221;{}&#8221;][et_pb_row column_structure=&#8221;1_2,1_2&#8243; make_equal=&#8221;on&#8221; module_class=&#8221;rounded_top actulles_sec_row&#8221; _builder_version=&#8221;4.27.6&#8243; _module_preset=&#8221;default&#8221; global_colors_info=&#8221;{}&#8221;][et_pb_column type=&#8221;1_2&#8243; module_class=&#8221;actulles_img_col&#8221; _builder_version=&#8221;4.27.6&#8243; _module_preset=&#8221;default&#8221; global_colors_info=&#8221;{}&#8221;][et_pb_image src=&#8221;https:\/\/boehme-kunststoff.de\/wp-content\/uploads\/2026\/03\/Zertifikat-DE015541-1_BOeHME-Kunststofftechnik_ISO-9001_RA-2024_DE-7974954a.webp&#8221; _builder_version=&#8221;4.27.6&#8243; _module_preset=&#8221;default&#8221; global_colors_info=&#8221;{}&#8221; alt=&#8221;Po raz kolejny pomy\u015blnie przeszli\u015bmy recertyfikacj\u0119 zgodnie z norm\u0105 DIN ISO 9001:2015&#8243;][\/et_pb_image][\/et_pb_column][et_pb_column type=&#8221;1_2&#8243; module_class=&#8221;actulles_text_col&#8221; _builder_version=&#8221;4.27.6&#8243; _module_preset=&#8221;default&#8221; global_colors_info=&#8221;{}&#8221;][et_pb_text module_class=&#8221;text_date mb10&#8243; _builder_version=&#8221;4.27.6&#8243; _module_preset=&#8221;default&#8221; global_colors_info=&#8221;{}&#8221;]<\/p>\n<p>16. Dezember 2024<\/p>\n<p>[\/et_pb_text][et_pb_heading title=&#8221;Po raz kolejny pomy\u015blnie przeszli\u015bmy recertyfikacj\u0119 zgodnie z norm\u0105 DIN ISO 9001:2015&#8243; module_class=&#8221;aktulles_heading mb10&#8243; _builder_version=&#8221;4.27.6&#8243; _module_preset=&#8221;default&#8221; title_level=&#8221;h3&#8243; global_colors_info=&#8221;{}&#8221;][\/et_pb_heading][\/et_pb_column][\/et_pb_row][et_pb_row column_structure=&#8221;1_2,1_2&#8243; make_equal=&#8221;on&#8221; module_class=&#8221;not_rounded actulles_sec_row &#8221; _builder_version=&#8221;4.27.6&#8243; _module_preset=&#8221;default&#8221; global_colors_info=&#8221;{}&#8221;][et_pb_column type=&#8221;1_2&#8243; module_class=&#8221;actulles_img_col&#8221; _builder_version=&#8221;4.27.6&#8243; _module_preset=&#8221;default&#8221; global_colors_info=&#8221;{}&#8221;][et_pb_image src=&#8221;https:\/\/boehme-kunststoff.de\/wp-content\/uploads\/2026\/03\/post4.webp&#8221; _builder_version=&#8221;4.27.6&#8243; _module_preset=&#8221;default&#8221; global_colors_info=&#8221;{}&#8221; alt=&#8221;See you in Orlando November 4-6, 2025&#8243;][\/et_pb_image][et_pb_code module_class=&#8221;actulles_btn&#8221; _builder_version=&#8221;4.27.6&#8243; _module_preset=&#8221;default&#8221; global_colors_info=&#8221;{}&#8221;]<\/p>\n<div class=\"event-btn\"><a href=\"https:\/\/www.glassbuildamerica.com\/\" target=\"_blank\">Glassbuild America Webseite<\/a><\/div>\n<p>[\/et_pb_code][\/et_pb_column][et_pb_column type=&#8221;1_2&#8243; module_class=&#8221;actulles_text_col&#8221; _builder_version=&#8221;4.27.6&#8243; _module_preset=&#8221;default&#8221; global_colors_info=&#8221;{}&#8221;][et_pb_text module_class=&#8221;text_date mb10&#8243; _builder_version=&#8221;4.27.6&#8243; _module_preset=&#8221;default&#8221; global_colors_info=&#8221;{}&#8221;]<\/p>\n<p>02. Oktober 2024<\/p>\n<p>[\/et_pb_text][et_pb_heading title=&#8221;See you in Orlando November 4-6, 2025&#8243; module_class=&#8221;aktulles_heading mb10&#8243; _builder_version=&#8221;4.27.6&#8243; _module_preset=&#8221;default&#8221; title_level=&#8221;h3&#8243; global_colors_info=&#8221;{}&#8221;][\/et_pb_heading][\/et_pb_column][\/et_pb_row][et_pb_row column_structure=&#8221;1_2,1_2&#8243; make_equal=&#8221;on&#8221; module_class=&#8221;not_rounded actulles_sec_row &#8221; _builder_version=&#8221;4.27.6&#8243; _module_preset=&#8221;default&#8221; locked=&#8221;off&#8221; global_colors_info=&#8221;{}&#8221;][et_pb_column type=&#8221;1_2&#8243; module_class=&#8221;actulles_img_col&#8221; _builder_version=&#8221;4.27.6&#8243; _module_preset=&#8221;default&#8221; global_colors_info=&#8221;{}&#8221;][et_pb_image src=&#8221;https:\/\/boehme-kunststoff.de\/wp-content\/uploads\/2026\/03\/post3.webp&#8221; _builder_version=&#8221;4.27.6&#8243; _module_preset=&#8221;default&#8221; global_colors_info=&#8221;{}&#8221; alt=&#8221;Besuchen Sie uns auf der GlassBuild 2024 in Dallas, Texas&#8221;][\/et_pb_image][et_pb_code module_class=&#8221;actulles_btn&#8221; _builder_version=&#8221;4.27.6&#8243; _module_preset=&#8221;default&#8221; locked=&#8221;off&#8221; global_colors_info=&#8221;{}&#8221;]<\/p>\n<div class=\"event-btn\"><a href=\"https:\/\/www.glassbuildamerica.com\/\" target=\"_blank\">Glassbuild America Webseite<\/a><\/div>\n<p>[\/et_pb_code][\/et_pb_column][et_pb_column type=&#8221;1_2&#8243; module_class=&#8221;actulles_text_col&#8221; _builder_version=&#8221;4.27.6&#8243; _module_preset=&#8221;default&#8221; global_colors_info=&#8221;{}&#8221;][et_pb_text module_class=&#8221;text_date mb10&#8243; _builder_version=&#8221;4.27.6&#8243; _module_preset=&#8221;default&#8221; global_colors_info=&#8221;{}&#8221;]<\/p>\n<p>22. August 2024<\/p>\n<p>[\/et_pb_text][et_pb_heading title=&#8221;Besuchen Sie uns auf der GlassBuild 2024 in Dallas, Texas&#8221; module_class=&#8221;aktulles_heading mb10&#8243; _builder_version=&#8221;4.27.6&#8243; _module_preset=&#8221;default&#8221; title_level=&#8221;h3&#8243; global_colors_info=&#8221;{}&#8221;][\/et_pb_heading][et_pb_text module_class=&#8221;fonts_20&#8243; _builder_version=&#8221;4.27.6&#8243; _module_preset=&#8221;default&#8221; global_colors_info=&#8221;{}&#8221;]<\/p>\n<p>Vom 30. September bis 2. Oktober findet im Kay Bailey Hutchison Convention Center in Dallas, Texas, die Glassbuild 2024 statt. Die GlassBuild America ist die gr\u00f6\u00dfte Glas- und Fensterbaumesse des Jahres, und wir freuen uns, erstmals als Aussteller mit dabei zu sein. Besuchen Sie uns auf unserem Stand 13055 und informieren Sie sich \u00fcber unser breitgef\u00e4chertes PTFE-Schweissfoliensortiment.<br \/>\nRegistrieren Sie sich noch heute auf <a href=\"https:\/\/www.glassbuildamerica.com\/registration\" target=\"blank\">https:\/\/www.glassbuildamerica.com\/registration<\/a> mit diesem Promo code, um freien Eintritt zu erhalten: ITSDLS.<br \/>\nSee you!<\/p>\n<p>[\/et_pb_text][\/et_pb_column][\/et_pb_row][et_pb_row column_structure=&#8221;1_2,1_2&#8243; make_equal=&#8221;on&#8221; module_class=&#8221;not_rounded actulles_sec_row &#8221; _builder_version=&#8221;4.27.6&#8243; _module_preset=&#8221;default&#8221; locked=&#8221;off&#8221; global_colors_info=&#8221;{}&#8221;][et_pb_column type=&#8221;1_2&#8243; module_class=&#8221;actulles_img_col&#8221; _builder_version=&#8221;4.27.6&#8243; _module_preset=&#8221;default&#8221; global_colors_info=&#8221;{}&#8221;][et_pb_image src=&#8221;https:\/\/boehme-kunststoff.de\/wp-content\/uploads\/2026\/03\/post5.webp&#8221; _builder_version=&#8221;4.27.6&#8243; _module_preset=&#8221;default&#8221; global_colors_info=&#8221;{}&#8221; alt=&#8221;Fensterbau Frontale 2024 \u2013 sehr international&#8221;][\/et_pb_image][\/et_pb_column][et_pb_column type=&#8221;1_2&#8243; module_class=&#8221;actulles_text_col&#8221; _builder_version=&#8221;4.27.6&#8243; _module_preset=&#8221;default&#8221; global_colors_info=&#8221;{}&#8221;][et_pb_text module_class=&#8221;text_date mb10&#8243; _builder_version=&#8221;4.27.6&#8243; _module_preset=&#8221;default&#8221; global_colors_info=&#8221;{}&#8221;]<\/p>\n<p>22. August 2024<\/p>\n<p>[\/et_pb_text][et_pb_heading title=&#8221;Fensterbau Frontale 2024 \u2013 sehr international&#8221; module_class=&#8221;aktulles_heading mb10&#8243; _builder_version=&#8221;4.27.6&#8243; _module_preset=&#8221;default&#8221; title_level=&#8221;h3&#8243; global_colors_info=&#8221;{}&#8221;][\/et_pb_heading][et_pb_text module_class=&#8221;fonts_20&#8243; _builder_version=&#8221;4.27.6&#8243; _module_preset=&#8221;default&#8221; global_colors_info=&#8221;{}&#8221;]<\/p>\n<p>Auf der Fensterbau Frontale 2024, die wieder im \u0084gewohnten\u0093 Umfang stattfinden konnte, durften wir zahlreiche Besucher:innen auf unserem Stand begr\u00fc\u00dfen. Insbesondere die vielen verschiedenen Nationalit\u00e4ten haben uns \u00fcberrascht und erfreut. Wir haben viel \u0084gefachsimpelt\u0093 und konnten ein deutlich vermehrtes Interesse an unseren h\u00f6herwertigen Produkten (Expert- und Superior-Qualit\u00e4t) verzeichnen.<\/p>\n<p>Wir bedanken uns f\u00fcr die angenehmen Gespr\u00e4che und freuen uns, Sie zur n\u00e4chsten Messe vom 24.03. bis 26.03.2026 in N\u00fcrnberg wieder pers\u00f6nlich an unserem Stand begr\u00fc\u00dfen zu d\u00fcrfen!<\/p>\n<p>[\/et_pb_text][\/et_pb_column][\/et_pb_row][et_pb_row column_structure=&#8221;1_2,1_2&#8243; make_equal=&#8221;on&#8221; module_class=&#8221;not_rounded actulles_sec_row &#8221; _builder_version=&#8221;4.27.6&#8243; _module_preset=&#8221;default&#8221; locked=&#8221;off&#8221; global_colors_info=&#8221;{}&#8221;][et_pb_column type=&#8221;1_2&#8243; module_class=&#8221;actulles_img_col&#8221; _builder_version=&#8221;4.27.6&#8243; _module_preset=&#8221;default&#8221; global_colors_info=&#8221;{}&#8221;][et_pb_image src=&#8221;https:\/\/boehme-kunststoff.de\/wp-content\/uploads\/2026\/03\/post6.webp&#8221; _builder_version=&#8221;4.27.6&#8243; _module_preset=&#8221;default&#8221; global_colors_info=&#8221;{}&#8221; alt=&#8221;Fensterbau Frontale 2022&#8243;][\/et_pb_image][\/et_pb_column][et_pb_column type=&#8221;1_2&#8243; module_class=&#8221;actulles_text_col&#8221; _builder_version=&#8221;4.27.6&#8243; _module_preset=&#8221;default&#8221; global_colors_info=&#8221;{}&#8221;][et_pb_text module_class=&#8221;text_date mb10&#8243; _builder_version=&#8221;4.27.6&#8243; _module_preset=&#8221;default&#8221; global_colors_info=&#8221;{}&#8221;]<\/p>\n<p>17. August 2022<\/p>\n<p>[\/et_pb_text][et_pb_heading title=&#8221;Fensterbau Frontale 2022&#8243; module_class=&#8221;aktulles_heading mb10&#8243; _builder_version=&#8221;4.27.6&#8243; _module_preset=&#8221;default&#8221; title_level=&#8221;h3&#8243; global_colors_info=&#8221;{}&#8221;][\/et_pb_heading][et_pb_text module_class=&#8221;fonts_20&#8243; _builder_version=&#8221;4.27.6&#8243; _module_preset=&#8221;default&#8221; global_colors_info=&#8221;{}&#8221;]<\/p>\n<p>Eine ungew\u00f6hnliche, aber durchaus interessante Messe liegt hinter uns. Nach 4 Jahren fand die \u0084FENSTERBAU FRONTALE\u0093 vom 12.07. bis 15.07.2022 in N\u00fcrnberg in deutlich kleinerem Format als gewohnt statt.<br \/>\nDaher freuen wir uns umso mehr, dass wir zahlreiche Besucher:innen auf unserem Stand begr\u00fc\u00dfen konnten. Danke!<br \/>\nAuf ein Neues in 2024 in hoffentlich wieder \u0084normaler\u0093 Gr\u00f6\u00dfe!<\/p>\n<p>[\/et_pb_text][\/et_pb_column][\/et_pb_row][et_pb_row column_structure=&#8221;1_2,1_2&#8243; make_equal=&#8221;on&#8221; module_class=&#8221;not_rounded actulles_sec_row &#8221; _builder_version=&#8221;4.27.6&#8243; _module_preset=&#8221;default&#8221; locked=&#8221;off&#8221; global_colors_info=&#8221;{}&#8221;][et_pb_column type=&#8221;1_2&#8243; module_class=&#8221;actulles_img_col&#8221; _builder_version=&#8221;4.27.6&#8243; _module_preset=&#8221;default&#8221; global_colors_info=&#8221;{}&#8221;][et_pb_image src=&#8221;https:\/\/boehme-kunststoff.de\/wp-content\/uploads\/2026\/03\/post7.webp&#8221; _builder_version=&#8221;4.27.6&#8243; _module_preset=&#8221;default&#8221; global_colors_info=&#8221;{}&#8221; alt=&#8221;Besucher auf Fensterbau Frontale&#8221;][\/et_pb_image][\/et_pb_column][et_pb_column type=&#8221;1_2&#8243; module_class=&#8221;actulles_text_col&#8221; _builder_version=&#8221;4.27.6&#8243; _module_preset=&#8221;default&#8221; global_colors_info=&#8221;{}&#8221;][et_pb_text module_class=&#8221;text_date mb10&#8243; _builder_version=&#8221;4.27.6&#8243; _module_preset=&#8221;default&#8221; global_colors_info=&#8221;{}&#8221;]<\/p>\n<p>27. M\u00e4rz 2018<\/p>\n<p>[\/et_pb_text][et_pb_heading title=&#8221;Besucher auf Fensterbau Frontale&#8221; module_class=&#8221;aktulles_heading mb10&#8243; _builder_version=&#8221;4.27.6&#8243; _module_preset=&#8221;default&#8221; title_level=&#8221;h3&#8243; global_colors_info=&#8221;{}&#8221;][\/et_pb_heading][et_pb_text module_class=&#8221;fonts_20&#8243; _builder_version=&#8221;4.27.6&#8243; _module_preset=&#8221;default&#8221; global_colors_info=&#8221;{}&#8221;]<\/p>\n<p>Wir freuen uns, dass wir in diesem Jahr wiederholt zahlreiche Besucher an unserem Stand begr\u00fc\u00dfen durften. Es gab viele interessante Gespr\u00e4che und ein gro\u00dfes Interesse an unseren Produkten. Die nebenstehende Grafik zeigt, dass Produkte von <a href=\"https:\/\/boehme-kunststoff.de\/pl\/\">B\u00f6hme Kunststofftechnik<\/a> in der Fensterbaubranche nicht nur in Deutschland sondern weltweit bekannt sind.<\/p>\n<p>Wir danken unseren Kunden und Interessenten f\u00fcr eine angenehme Messezeit und freuen uns Sie zur n\u00e4chsten Messe vom 18. \u2013 21.03.2020 in N\u00fcrnberg wieder pers\u00f6nlich an unserem Stand begr\u00fc\u00dfen zu d\u00fcrfen!<\/p>\n<p>[\/et_pb_text][\/et_pb_column][\/et_pb_row][et_pb_row column_structure=&#8221;1_2,1_2&#8243; make_equal=&#8221;on&#8221; module_class=&#8221;not_rounded actulles_sec_row last_actulles_row&#8221; _builder_version=&#8221;4.27.6&#8243; _module_preset=&#8221;default&#8221; locked=&#8221;off&#8221; global_colors_info=&#8221;{}&#8221;][et_pb_column type=&#8221;1_2&#8243; module_class=&#8221;actulles_img_col&#8221; _builder_version=&#8221;4.27.6&#8243; _module_preset=&#8221;default&#8221; global_colors_info=&#8221;{}&#8221;][et_pb_image src=&#8221;https:\/\/boehme-kunststoff.de\/wp-content\/uploads\/2026\/03\/boehme-buechen-kunststoff-11e1b9e6-1.webp&#8221; _builder_version=&#8221;4.27.6&#8243; _module_preset=&#8221;default&#8221; hover_enabled=&#8221;0&#8243; global_colors_info=&#8221;{}&#8221; alt=&#8221;Neuer Firmensitz in B\u00fcchen&#8221; sticky_enabled=&#8221;0&#8243;][\/et_pb_image][\/et_pb_column][et_pb_column type=&#8221;1_2&#8243; module_class=&#8221;actulles_text_col&#8221; _builder_version=&#8221;4.27.6&#8243; _module_preset=&#8221;default&#8221; global_colors_info=&#8221;{}&#8221;][et_pb_text module_class=&#8221;text_date mb10&#8243; _builder_version=&#8221;4.27.6&#8243; _module_preset=&#8221;default&#8221; global_colors_info=&#8221;{}&#8221;]<\/p>\n<p>15. Oktober 2019<\/p>\n<p>[\/et_pb_text][et_pb_heading title=&#8221;Neuer Firmensitz in B\u00fcchen&#8221; module_class=&#8221;aktulles_heading mb10&#8243; _builder_version=&#8221;4.27.6&#8243; _module_preset=&#8221;default&#8221; title_level=&#8221;h3&#8243; global_colors_info=&#8221;{}&#8221;][\/et_pb_heading][et_pb_text module_class=&#8221;fonts_20&#8243; _builder_version=&#8221;4.27.6&#8243; _module_preset=&#8221;default&#8221; global_colors_info=&#8221;{}&#8221;]<\/p>\n<p>Die B\u00f6hme-Kunststofftechnik GmbH &#038; Co. KG ist von Schwarzenbek in ein neues Firmendomizil im Gewerbegebiet \u201eAm Hesterkamp\u201c nach B\u00fcchen gezogen. Dort stehen dem Betrieb nun knapp 1000 Quadratmeter Produktions- und fast 600 Quadratmeter B\u00fcrofl\u00e4che zur Verf\u00fcgung.<\/p>\n<p><a href=\"https:\/\/boehme-kunststoff.de\/pl\/\">B\u00f6hme-Kunststofftechnik<\/a> steht f\u00fcr hochwertigste Spezialit\u00e4ten im Bereich der Fluorkunststoffe (Polytetrafluorethylen = <a href=\"https:\/\/www.boehme-kunststoff.de\/produkte\/ptfe-schweissfolien\/\">PTFE<\/a>). In den vergangenen Jahren wurden kontinuierlich eigene Produkte und Produktverfahren entwickelt. Am neuen Standort sind die Bereiche Produktion und Anwendung getrennt. Im eigenen Labor k\u00f6nnen nun auch Folienoberfl\u00e4chen auf feinste Schmutzpartikel (nach festen Vorgaben) \u00fcberpr\u00fcft werden. \u201eDamit konnten wir Auftr\u00e4ge aus der Automotive-Industrie generieren, die ausschlie\u00dflich mit zertifizierten Produkten arbeitet\u201c, erkl\u00e4rt Philippe-Louis B\u00f6hme.<\/p>\n<p>[\/et_pb_text][\/et_pb_column][\/et_pb_row][\/et_pb_section]<\/p>\n","protected":false},"excerpt":{"rendered":"<p>16. Dezember 202402. Oktober 202422. August 2024Vom 30. September bis 2. Oktober findet im Kay Bailey Hutchison Convention Center in Dallas, Texas, die Glassbuild 2024 statt. Die GlassBuild America ist die gr\u00f6\u00dfte Glas- und Fensterbaumesse des Jahres, und wir freuen uns, erstmals als Aussteller mit dabei zu sein. Besuchen Sie uns auf unserem Stand 13055 [&hellip;]<\/p>\n","protected":false},"author":3,"featured_media":0,"parent":0,"menu_order":0,"comment_status":"closed","ping_status":"closed","template":"","meta":{"_et_pb_use_builder":"on","_et_pb_old_content":"","_et_gb_content_width":"","footnotes":""},"class_list":["post-57080","page","type-page","status-publish","hentry"],"yoast_head":"<!-- This site is optimized with the Yoast SEO plugin v27.4 - https:\/\/yoast.com\/product\/yoast-seo-wordpress\/ -->\n<title>Najnowsze informacje - B\u00f6hme-Kunststofftechnik GmbH &amp; Co.KG<\/title>\n<meta name=\"description\" content=\"Wiadomo\u015bci o B\u00f6hme Po raz kolejny pomy\u015blnie przeszli\u015bmy recertyfikacj\u0119 zgodnie z norm\u0105 DIN ISO 9001:2015 16. Dezember 2024 Glassbuild America Webseite See you in Orlando November 4-6, 2025 02. Oktober 2024 Glassbuild America Webseite Besuchen Sie uns auf der GlassBuild 2024 in Dallas, Texas 22. August 2024 Vom 30. September bis 2. Oktober findet im [\u2026]\" \/>\n<meta name=\"robots\" content=\"index, follow, max-snippet:-1, max-image-preview:large, max-video-preview:-1\" \/>\n<link rel=\"canonical\" href=\"https:\/\/boehme-kunststoff.de\/pl\/aktuelles\/\" \/>\n<meta property=\"og:locale\" content=\"pl_PL\" \/>\n<meta property=\"og:type\" content=\"article\" \/>\n<meta property=\"og:title\" content=\"Najnowsze informacje - B\u00f6hme-Kunststofftechnik GmbH &amp; Co.KG\" \/>\n<meta property=\"og:description\" content=\"Wiadomo\u015bci o B\u00f6hme Po raz kolejny pomy\u015blnie przeszli\u015bmy recertyfikacj\u0119 zgodnie z norm\u0105 DIN ISO 9001:2015 16. Dezember 2024 Glassbuild America Webseite See you in Orlando November 4-6, 2025 02. Oktober 2024 Glassbuild America Webseite Besuchen Sie uns auf der GlassBuild 2024 in Dallas, Texas 22. August 2024 Vom 30. September bis 2. Oktober findet im [\u2026]\" \/>\n<meta property=\"og:url\" content=\"https:\/\/boehme-kunststoff.de\/pl\/aktuelles\/\" \/>\n<meta property=\"og:site_name\" content=\"Transportb\u00e4nder vom Hersteller\" \/>\n<meta property=\"article:modified_time\" content=\"2026-04-10T12:54:24+00:00\" \/>\n<meta name=\"twitter:card\" content=\"summary_large_image\" \/>\n<meta name=\"twitter:label1\" content=\"Szacowany czas czytania\" \/>\n\t<meta name=\"twitter:data1\" content=\"4 minuty\" \/>\n<script type=\"application\/ld+json\" class=\"yoast-schema-graph\">{\"@context\":\"https:\\\/\\\/schema.org\",\"@graph\":[{\"@type\":\"WebPage\",\"@id\":\"https:\\\/\\\/boehme-kunststoff.de\\\/pl\\\/aktuelles\\\/\",\"url\":\"https:\\\/\\\/boehme-kunststoff.de\\\/pl\\\/aktuelles\\\/\",\"name\":\"Najnowsze informacje - B\u00f6hme-Kunststofftechnik GmbH & Co.KG\",\"isPartOf\":{\"@id\":\"https:\\\/\\\/boehme-kunststoff.de\\\/pl\\\/#website\"},\"datePublished\":\"2026-03-02T04:46:43+00:00\",\"dateModified\":\"2026-04-10T12:54:24+00:00\",\"description\":\"Wiadomo\u015bci o B\u00f6hme Po raz kolejny pomy\u015blnie przeszli\u015bmy recertyfikacj\u0119 zgodnie z norm\u0105 DIN ISO 9001:2015 16. Dezember 2024 Glassbuild America Webseite See you in Orlando November 4-6, 2025 02. Oktober 2024 Glassbuild America Webseite Besuchen Sie uns auf der GlassBuild 2024 in Dallas, Texas 22. August 2024 Vom 30. September bis 2. Oktober findet im [\u2026]\",\"breadcrumb\":{\"@id\":\"https:\\\/\\\/boehme-kunststoff.de\\\/pl\\\/aktuelles\\\/#breadcrumb\"},\"inLanguage\":\"pl-PL\",\"potentialAction\":[{\"@type\":\"ReadAction\",\"target\":[\"https:\\\/\\\/boehme-kunststoff.de\\\/pl\\\/aktuelles\\\/\"]}]},{\"@type\":\"BreadcrumbList\",\"@id\":\"https:\\\/\\\/boehme-kunststoff.de\\\/pl\\\/aktuelles\\\/#breadcrumb\",\"itemListElement\":[{\"@type\":\"ListItem\",\"position\":1,\"name\":\"Startseite\",\"item\":\"https:\\\/\\\/boehme-kunststoff.de\\\/pl\\\/\"},{\"@type\":\"ListItem\",\"position\":2,\"name\":\"Aktuelles\"}]},{\"@type\":\"WebSite\",\"@id\":\"https:\\\/\\\/boehme-kunststoff.de\\\/pl\\\/#website\",\"url\":\"https:\\\/\\\/boehme-kunststoff.de\\\/pl\\\/\",\"name\":\"Transportb\u00e4nder vom Hersteller\",\"description\":\"Transportb\u00e4nder vom Hersteller\",\"potentialAction\":[{\"@type\":\"SearchAction\",\"target\":{\"@type\":\"EntryPoint\",\"urlTemplate\":\"https:\\\/\\\/boehme-kunststoff.de\\\/pl\\\/?s={search_term_string}\"},\"query-input\":{\"@type\":\"PropertyValueSpecification\",\"valueRequired\":true,\"valueName\":\"search_term_string\"}}],\"inLanguage\":\"pl-PL\"}]}<\/script>\n<!-- \/ Yoast SEO plugin. -->","yoast_head_json":{"title":"Najnowsze informacje - B\u00f6hme-Kunststofftechnik GmbH & Co.KG","description":"Wiadomo\u015bci o B\u00f6hme Po raz kolejny pomy\u015blnie przeszli\u015bmy recertyfikacj\u0119 zgodnie z norm\u0105 DIN ISO 9001:2015 16. Dezember 2024 Glassbuild America Webseite See you in Orlando November 4-6, 2025 02. Oktober 2024 Glassbuild America Webseite Besuchen Sie uns auf der GlassBuild 2024 in Dallas, Texas 22. August 2024 Vom 30. September bis 2. Oktober findet im [\u2026]","robots":{"index":"index","follow":"follow","max-snippet":"max-snippet:-1","max-image-preview":"max-image-preview:large","max-video-preview":"max-video-preview:-1"},"canonical":"https:\/\/boehme-kunststoff.de\/pl\/aktuelles\/","og_locale":"pl_PL","og_type":"article","og_title":"Najnowsze informacje - B\u00f6hme-Kunststofftechnik GmbH & Co.KG","og_description":"Wiadomo\u015bci o B\u00f6hme Po raz kolejny pomy\u015blnie przeszli\u015bmy recertyfikacj\u0119 zgodnie z norm\u0105 DIN ISO 9001:2015 16. Dezember 2024 Glassbuild America Webseite See you in Orlando November 4-6, 2025 02. Oktober 2024 Glassbuild America Webseite Besuchen Sie uns auf der GlassBuild 2024 in Dallas, Texas 22. August 2024 Vom 30. September bis 2. Oktober findet im [\u2026]","og_url":"https:\/\/boehme-kunststoff.de\/pl\/aktuelles\/","og_site_name":"Transportb\u00e4nder vom Hersteller","article_modified_time":"2026-04-10T12:54:24+00:00","twitter_card":"summary_large_image","twitter_misc":{"Szacowany czas czytania":"4 minuty"},"schema":{"@context":"https:\/\/schema.org","@graph":[{"@type":"WebPage","@id":"https:\/\/boehme-kunststoff.de\/pl\/aktuelles\/","url":"https:\/\/boehme-kunststoff.de\/pl\/aktuelles\/","name":"Najnowsze informacje - B\u00f6hme-Kunststofftechnik GmbH & Co.KG","isPartOf":{"@id":"https:\/\/boehme-kunststoff.de\/pl\/#website"},"datePublished":"2026-03-02T04:46:43+00:00","dateModified":"2026-04-10T12:54:24+00:00","description":"Wiadomo\u015bci o B\u00f6hme Po raz kolejny pomy\u015blnie przeszli\u015bmy recertyfikacj\u0119 zgodnie z norm\u0105 DIN ISO 9001:2015 16. Dezember 2024 Glassbuild America Webseite See you in Orlando November 4-6, 2025 02. Oktober 2024 Glassbuild America Webseite Besuchen Sie uns auf der GlassBuild 2024 in Dallas, Texas 22. August 2024 Vom 30. September bis 2. Oktober findet im [\u2026]","breadcrumb":{"@id":"https:\/\/boehme-kunststoff.de\/pl\/aktuelles\/#breadcrumb"},"inLanguage":"pl-PL","potentialAction":[{"@type":"ReadAction","target":["https:\/\/boehme-kunststoff.de\/pl\/aktuelles\/"]}]},{"@type":"BreadcrumbList","@id":"https:\/\/boehme-kunststoff.de\/pl\/aktuelles\/#breadcrumb","itemListElement":[{"@type":"ListItem","position":1,"name":"Startseite","item":"https:\/\/boehme-kunststoff.de\/pl\/"},{"@type":"ListItem","position":2,"name":"Aktuelles"}]},{"@type":"WebSite","@id":"https:\/\/boehme-kunststoff.de\/pl\/#website","url":"https:\/\/boehme-kunststoff.de\/pl\/","name":"Transportb\u00e4nder vom Hersteller","description":"Transportb\u00e4nder vom Hersteller","potentialAction":[{"@type":"SearchAction","target":{"@type":"EntryPoint","urlTemplate":"https:\/\/boehme-kunststoff.de\/pl\/?s={search_term_string}"},"query-input":{"@type":"PropertyValueSpecification","valueRequired":true,"valueName":"search_term_string"}}],"inLanguage":"pl-PL"}]}},"_links":{"self":[{"href":"https:\/\/boehme-kunststoff.de\/pl\/wp-json\/wp\/v2\/pages\/57080","targetHints":{"allow":["GET"]}}],"collection":[{"href":"https:\/\/boehme-kunststoff.de\/pl\/wp-json\/wp\/v2\/pages"}],"about":[{"href":"https:\/\/boehme-kunststoff.de\/pl\/wp-json\/wp\/v2\/types\/page"}],"author":[{"embeddable":true,"href":"https:\/\/boehme-kunststoff.de\/pl\/wp-json\/wp\/v2\/users\/3"}],"replies":[{"embeddable":true,"href":"https:\/\/boehme-kunststoff.de\/pl\/wp-json\/wp\/v2\/comments?post=57080"}],"version-history":[{"count":9,"href":"https:\/\/boehme-kunststoff.de\/pl\/wp-json\/wp\/v2\/pages\/57080\/revisions"}],"predecessor-version":[{"id":57897,"href":"https:\/\/boehme-kunststoff.de\/pl\/wp-json\/wp\/v2\/pages\/57080\/revisions\/57897"}],"wp:attachment":[{"href":"https:\/\/boehme-kunststoff.de\/pl\/wp-json\/wp\/v2\/media?parent=57080"}],"curies":[{"name":"wp","href":"https:\/\/api.w.org\/{rel}","templated":true}]}}