{"id":57416,"date":"2019-07-23T21:13:50","date_gmt":"2019-07-23T19:13:50","guid":{"rendered":"https:\/\/boehme-kunststoff.de\/datenschutz\/"},"modified":"2026-04-07T12:20:47","modified_gmt":"2026-04-07T10:20:47","slug":"polityka-prywatnosci","status":"publish","type":"page","link":"https:\/\/boehme-kunststoff.de\/pl\/polityka-prywatnosci\/","title":{"rendered":"Polityka prywatno\u015bci"},"content":{"rendered":"<p>[et_pb_section fb_built=&#8221;1&#8243; module_class=&#8221;main_secondary_section padding_top_bottom&#8221; _builder_version=&#8221;4.27.6&#8243; _module_preset=&#8221;default&#8221; locked=&#8221;off&#8221; global_colors_info=&#8221;{}&#8221;][et_pb_row _builder_version=&#8221;4.27.6&#8243; _module_preset=&#8221;default&#8221; background_image=&#8221;https:\/\/boehme-kunststoff.de\/wp-content\/uploads\/2026\/03\/slider5.webp&#8221; background_position=&#8221;top_center&#8221; global_colors_info=&#8221;{}&#8221;][et_pb_column type=&#8221;4_4&#8243; _builder_version=&#8221;4.27.6&#8243; _module_preset=&#8221;default&#8221; global_colors_info=&#8221;{}&#8221;][\/et_pb_column][\/et_pb_row][\/et_pb_section][et_pb_section fb_built=&#8221;1&#8243; module_class=&#8221;padding_bottom&#8221; _builder_version=&#8221;4.27.6&#8243; _module_preset=&#8221;default&#8221; locked=&#8221;off&#8221; global_colors_info=&#8221;{}&#8221;][et_pb_row module_class=&#8221;bg_white margin_bottom&#8221; _builder_version=&#8221;4.27.6&#8243; _module_preset=&#8221;default&#8221; global_colors_info=&#8221;{}&#8221;][et_pb_column type=&#8221;4_4&#8243; _builder_version=&#8221;4.27.6&#8243; _module_preset=&#8221;default&#8221; global_colors_info=&#8221;{}&#8221;][et_pb_heading title=&#8221;Polityka prywatno\u015bci&#8221; module_class=&#8221;common_htags mb10&#8243; _builder_version=&#8221;4.27.6&#8243; _module_preset=&#8221;default&#8221; global_colors_info=&#8221;{}&#8221;][\/et_pb_heading][et_pb_code _builder_version=&#8221;4.27.6&#8243; _module_preset=&#8221;default&#8221; global_colors_info=&#8221;{}&#8221;]<\/p>\n<div data-alfidcl-type=\"dps\" data-alfidcl-tenant=\"hanseatic_scan\" data-alfidcllang=\"de-de\" data-alfidcl-key=\"14994d70458846648a10985b12f87b6e\"><\/div>\n<p>[\/et_pb_code][\/et_pb_column][\/et_pb_row][\/et_pb_section]<\/p>\n","protected":false},"excerpt":{"rendered":"","protected":false},"author":3,"featured_media":0,"parent":0,"menu_order":0,"comment_status":"closed","ping_status":"closed","template":"","meta":{"_et_pb_use_builder":"on","_et_pb_old_content":"","_et_gb_content_width":"","footnotes":""},"class_list":["post-57416","page","type-page","status-publish","hentry"],"yoast_head":"<!-- This site is optimized with the Yoast SEO plugin v27.3 - https:\/\/yoast.com\/product\/yoast-seo-wordpress\/ -->\n<title>B\u00f6hme-Kunststofftechnik GmbH &amp; Co.KG B\u00fcchen | Polityka prywatno\u015bci<\/title>\n<meta name=\"description\" content=\"Hier finden Sie alle rechtlichen Informationen zum Betrieb dieser Webseite der Firma B\u00f6hme-Kunststofftechnik GmbH &amp; Co.KG in B\u00fcchen.\" \/>\n<meta name=\"robots\" content=\"index, follow, max-snippet:-1, max-image-preview:large, max-video-preview:-1\" \/>\n<link rel=\"canonical\" href=\"https:\/\/boehme-kunststoff.de\/pl\/polityka-prywatnosci\/\" \/>\n<meta property=\"og:locale\" content=\"pl_PL\" \/>\n<meta property=\"og:type\" content=\"article\" \/>\n<meta property=\"og:title\" content=\"B\u00f6hme-Kunststofftechnik GmbH &amp; Co.KG B\u00fcchen | Polityka prywatno\u015bci\" \/>\n<meta property=\"og:description\" content=\"Hier finden Sie alle rechtlichen Informationen zum Betrieb dieser Webseite der Firma B\u00f6hme-Kunststofftechnik GmbH &amp; Co.KG in B\u00fcchen.\" \/>\n<meta property=\"og:url\" content=\"https:\/\/boehme-kunststoff.de\/pl\/polityka-prywatnosci\/\" \/>\n<meta property=\"og:site_name\" content=\"Transportb\u00e4nder vom Hersteller\" \/>\n<meta property=\"article:modified_time\" content=\"2026-04-07T10:20:47+00:00\" \/>\n<meta name=\"twitter:card\" content=\"summary_large_image\" \/>\n<meta name=\"twitter:label1\" content=\"Szacowany czas czytania\" \/>\n\t<meta name=\"twitter:data1\" content=\"1 minuta\" \/>\n<script type=\"application\/ld+json\" class=\"yoast-schema-graph\">{\"@context\":\"https:\\\/\\\/schema.org\",\"@graph\":[{\"@type\":\"WebPage\",\"@id\":\"https:\\\/\\\/boehme-kunststoff.de\\\/pl\\\/polityka-prywatnosci\\\/\",\"url\":\"https:\\\/\\\/boehme-kunststoff.de\\\/pl\\\/polityka-prywatnosci\\\/\",\"name\":\"B\u00f6hme-Kunststofftechnik GmbH & Co.KG B\u00fcchen | Polityka prywatno\u015bci\",\"isPartOf\":{\"@id\":\"https:\\\/\\\/boehme-kunststoff.de\\\/pl\\\/#website\"},\"datePublished\":\"2019-07-23T19:13:50+00:00\",\"dateModified\":\"2026-04-07T10:20:47+00:00\",\"description\":\"Hier finden Sie alle rechtlichen Informationen zum Betrieb dieser Webseite der Firma B\u00f6hme-Kunststofftechnik GmbH & Co.KG in B\u00fcchen.\",\"breadcrumb\":{\"@id\":\"https:\\\/\\\/boehme-kunststoff.de\\\/pl\\\/polityka-prywatnosci\\\/#breadcrumb\"},\"inLanguage\":\"pl-PL\",\"potentialAction\":[{\"@type\":\"ReadAction\",\"target\":[\"https:\\\/\\\/boehme-kunststoff.de\\\/pl\\\/polityka-prywatnosci\\\/\"]}]},{\"@type\":\"BreadcrumbList\",\"@id\":\"https:\\\/\\\/boehme-kunststoff.de\\\/pl\\\/polityka-prywatnosci\\\/#breadcrumb\",\"itemListElement\":[{\"@type\":\"ListItem\",\"position\":1,\"name\":\"Startseite\",\"item\":\"https:\\\/\\\/boehme-kunststoff.de\\\/pl\\\/\"},{\"@type\":\"ListItem\",\"position\":2,\"name\":\"Polityka prywatno\u015bci\"}]},{\"@type\":\"WebSite\",\"@id\":\"https:\\\/\\\/boehme-kunststoff.de\\\/pl\\\/#website\",\"url\":\"https:\\\/\\\/boehme-kunststoff.de\\\/pl\\\/\",\"name\":\"Transportb\u00e4nder vom Hersteller\",\"description\":\"Transportb\u00e4nder vom Hersteller\",\"potentialAction\":[{\"@type\":\"SearchAction\",\"target\":{\"@type\":\"EntryPoint\",\"urlTemplate\":\"https:\\\/\\\/boehme-kunststoff.de\\\/pl\\\/?s={search_term_string}\"},\"query-input\":{\"@type\":\"PropertyValueSpecification\",\"valueRequired\":true,\"valueName\":\"search_term_string\"}}],\"inLanguage\":\"pl-PL\"}]}<\/script>\n<!-- \/ Yoast SEO plugin. -->","yoast_head_json":{"title":"B\u00f6hme-Kunststofftechnik GmbH & Co.KG B\u00fcchen | Polityka prywatno\u015bci","description":"Hier finden Sie alle rechtlichen Informationen zum Betrieb dieser Webseite der Firma B\u00f6hme-Kunststofftechnik GmbH & Co.KG in B\u00fcchen.","robots":{"index":"index","follow":"follow","max-snippet":"max-snippet:-1","max-image-preview":"max-image-preview:large","max-video-preview":"max-video-preview:-1"},"canonical":"https:\/\/boehme-kunststoff.de\/pl\/polityka-prywatnosci\/","og_locale":"pl_PL","og_type":"article","og_title":"B\u00f6hme-Kunststofftechnik GmbH & Co.KG B\u00fcchen | Polityka prywatno\u015bci","og_description":"Hier finden Sie alle rechtlichen Informationen zum Betrieb dieser Webseite der Firma B\u00f6hme-Kunststofftechnik GmbH & Co.KG in B\u00fcchen.","og_url":"https:\/\/boehme-kunststoff.de\/pl\/polityka-prywatnosci\/","og_site_name":"Transportb\u00e4nder vom Hersteller","article_modified_time":"2026-04-07T10:20:47+00:00","twitter_card":"summary_large_image","twitter_misc":{"Szacowany czas czytania":"1 minuta"},"schema":{"@context":"https:\/\/schema.org","@graph":[{"@type":"WebPage","@id":"https:\/\/boehme-kunststoff.de\/pl\/polityka-prywatnosci\/","url":"https:\/\/boehme-kunststoff.de\/pl\/polityka-prywatnosci\/","name":"B\u00f6hme-Kunststofftechnik GmbH & Co.KG B\u00fcchen | Polityka prywatno\u015bci","isPartOf":{"@id":"https:\/\/boehme-kunststoff.de\/pl\/#website"},"datePublished":"2019-07-23T19:13:50+00:00","dateModified":"2026-04-07T10:20:47+00:00","description":"Hier finden Sie alle rechtlichen Informationen zum Betrieb dieser Webseite der Firma B\u00f6hme-Kunststofftechnik GmbH & Co.KG in B\u00fcchen.","breadcrumb":{"@id":"https:\/\/boehme-kunststoff.de\/pl\/polityka-prywatnosci\/#breadcrumb"},"inLanguage":"pl-PL","potentialAction":[{"@type":"ReadAction","target":["https:\/\/boehme-kunststoff.de\/pl\/polityka-prywatnosci\/"]}]},{"@type":"BreadcrumbList","@id":"https:\/\/boehme-kunststoff.de\/pl\/polityka-prywatnosci\/#breadcrumb","itemListElement":[{"@type":"ListItem","position":1,"name":"Startseite","item":"https:\/\/boehme-kunststoff.de\/pl\/"},{"@type":"ListItem","position":2,"name":"Polityka prywatno\u015bci"}]},{"@type":"WebSite","@id":"https:\/\/boehme-kunststoff.de\/pl\/#website","url":"https:\/\/boehme-kunststoff.de\/pl\/","name":"Transportb\u00e4nder vom Hersteller","description":"Transportb\u00e4nder vom Hersteller","potentialAction":[{"@type":"SearchAction","target":{"@type":"EntryPoint","urlTemplate":"https:\/\/boehme-kunststoff.de\/pl\/?s={search_term_string}"},"query-input":{"@type":"PropertyValueSpecification","valueRequired":true,"valueName":"search_term_string"}}],"inLanguage":"pl-PL"}]}},"_links":{"self":[{"href":"https:\/\/boehme-kunststoff.de\/pl\/wp-json\/wp\/v2\/pages\/57416","targetHints":{"allow":["GET"]}}],"collection":[{"href":"https:\/\/boehme-kunststoff.de\/pl\/wp-json\/wp\/v2\/pages"}],"about":[{"href":"https:\/\/boehme-kunststoff.de\/pl\/wp-json\/wp\/v2\/types\/page"}],"author":[{"embeddable":true,"href":"https:\/\/boehme-kunststoff.de\/pl\/wp-json\/wp\/v2\/users\/3"}],"replies":[{"embeddable":true,"href":"https:\/\/boehme-kunststoff.de\/pl\/wp-json\/wp\/v2\/comments?post=57416"}],"version-history":[{"count":6,"href":"https:\/\/boehme-kunststoff.de\/pl\/wp-json\/wp\/v2\/pages\/57416\/revisions"}],"predecessor-version":[{"id":57836,"href":"https:\/\/boehme-kunststoff.de\/pl\/wp-json\/wp\/v2\/pages\/57416\/revisions\/57836"}],"wp:attachment":[{"href":"https:\/\/boehme-kunststoff.de\/pl\/wp-json\/wp\/v2\/media?parent=57416"}],"curies":[{"name":"wp","href":"https:\/\/api.w.org\/{rel}","templated":true}]}}